{"id":7,"date":"2020-05-19T10:25:47","date_gmt":"2020-05-19T08:25:47","guid":{"rendered":"https:\/\/jut.sk\/jut-service\/?page_id=7"},"modified":"2020-06-04T11:55:35","modified_gmt":"2020-06-04T09:55:35","slug":"o-nas","status":"publish","type":"page","link":"https:\/\/jut.sk\/jut-service\/o-nas\/","title":{"rendered":"O N\u00e1s"},"content":{"rendered":"<h1 class=\"h1-jut h-jut-horizontal-line\">O Spolo\u010dnosti<\/h1>\r\n<div class=\"uk-grid\">\r\n<div class=\"uk-width-large-1-1 uk-width-medium-1-1 uk-container-center jut-windows-o-spolocnosti\">\r\n<p class=\"p1\" style=\"text-align: justify;\">JUT \u2013 SERVICE s.r.o. je firma s\u00a0rodinn\u00fdm z\u00e1zem\u00edm, p\u00f4vodne zalo\u017een\u00e1 ako autoservis s\u00a0n\u00e1zvom PROFI \u2013 AUTOSERVIS, s.r.o. p\u00f4sobiaca na trhu od roku 2012. Od po\u010diatku je firma orientovan\u00e1 pre oby\u010dajn\u00fdch \u013eud\u00ed a\u00a0rodiny. Tieto princ\u00edpy ostali zachovan\u00e9 a\u00a0pokra\u010dujeme v\u00a0zau\u017e\u00edvan\u00fdch a\u00a0overen\u00fdch trad\u00edci\u00e1ch. Neust\u00e1le trv\u00e1me na zachovan\u00ed individu\u00e1lnych pr\u00edstupov a\u00a0v\u017edy si v\u00e1\u017eime na\u0161ich st\u00e1lych ale i\u00a0nov\u00fdch z\u00e1kazn\u00edkov.<\/p>\r\n<p class=\"p1\" style=\"text-align: justify;\">\r\nPri samotn\u00fdch slu\u017eb\u00e1ch db\u00e1me s\u00fa\u010dasne na pou\u017e\u00edvanie kvalitn\u00fdch materi\u00e1lov. Pr\u00edjemn\u00e9 prostredie, \u010distotu a\u00a0dobr\u00fa priate\u013esk\u00fa a\u00a0s\u00fa\u010dasne pracovn\u00fa atmosf\u00e9ru. Sme presved\u010den\u00fd, \u017ee i\u00a0autoservis m\u00f4\u017ee by\u0165 \u010dist\u00fdm a\u00a0pr\u00edjemn\u00fdm miestom. Neust\u00e1le sa sna\u017e\u00edme o\u00a0skvalitnenie a\u00a0teda tzv. \u201ezelen\u00fa cestu\u201c. V\u0161etky pou\u017eit\u00e9 materi\u00e1ly, pneumatiky, olej i\u00a0ostatn\u00e9 sa ekologicky likviduje sami, pr\u00edpadne v\u00a0kooper\u00e1cii s \u00a0na\u0161imi partnermi. Triedime papier a\u00a0plasty. Kovov\u00e9 \u010dasti odv\u00e1\u017eame do zbern\u00fdch surov\u00edn, kde sa materi\u00e1l op\u00e4tovne recykluje.<\/p>\r\n<\/div>\r\n\r\n\r\n<div class=\"uk-width-medium-1-1 uk-width-small-1-1 uk-container-center uk-margin-large jut-obory-posobnosti-items\">\r\n<div class=\"uk-grid obory-posobnosti-wrap\">\r\n<div class=\"uk-width-medium-1-2\" data-uk-scrollspy=\"{cls:'uk-animation-fade', delay:100}\">\r\n<div class=\"jut-li-item\">pre n\u00e1s je ka\u017ed\u00e1 z\u00e1kazka rovnako d\u00f4le\u017eit\u00e1\r\n<\/div>\r\n<\/div>\r\n<div class=\"uk-width-medium-1-2\" data-uk-scrollspy=\"{cls:'uk-animation-fade', delay:200}\">\r\n<div class=\"jut-li-item\">trv\u00e1me na individu\u00e1lnom, profesion\u00e1lnom a\u00a0priate\u013eskom pr\u00edstupe z\u00e1rove\u0148\r\n<\/div>\r\n<\/div>\r\n<div class=\"uk-width-medium-1-2\" data-uk-scrollspy=\"{cls:'uk-animation-fade', delay:400}\">\r\n<div class=\"jut-li-item\">na\u0161a pr\u00e1ca je prvotriedna a\u00a0vykon\u00e1van\u00e1 pod\u013ea najvy\u0161\u0161\u00edch \u0161tandardov\r\n<\/div>\r\n<\/div>\r\n<div class=\"uk-width-medium-1-2\" data-uk-scrollspy=\"{cls:'uk-animation-fade', delay:600}\">\r\n<div class=\"jut-li-item\">v\u0161etky s\u00fa\u010diastky vo Va\u0161om vozidle v\u00a0pr\u00edpade potreby v\u00fdmeny s\u00fa prvotriedne, zaklad\u00e1me si na kvalitn\u00fdch n\u00e1hradn\u00fdch dielov preva\u017ene nemeck\u00fdch v\u00fdrobcov\r\n<\/div>\r\n<\/div>\r\n<div class=\"uk-width-medium-1-2\" data-uk-scrollspy=\"{cls:'uk-animation-fade', delay:800}\">\r\n<div class=\"jut-li-item\">m\u00e1me za sebou pomerne dlh\u00fa hist\u00f3riu a\u00a0stoj\u00ed za nami ve\u013ek\u00e9 mno\u017estvo spokojn\u00fdch z\u00e1kazn\u00edkov\r\n<\/div>\r\n<\/div>\r\n\r\n\r\n<\/div>\r\n<\/div>\r\n<\/div>\r\n<div class=\"uk-width-large-2-3 uk-width-medium-1-1 uk-width-small-1-1 uk-grid-margin uk-container-center jut-quotes-grid\">\r\n<p class=\"p-jut-quotes\">Cie\u013eom spolo\u010dnosti nie je maximaliz\u00e1cia zisku, ale individu\u00e1lny pr\u00edstup a\u00a0nad\u0161tandardne pon\u00fakan\u00e9 slu\u017eby spojen\u00e9 s\u00a0vysokou kvalitou<\/p>\r\n<\/div>\r\n\r\n\r\n\r\n\r\n<div class=\"uk-grid uk-margin-large uk-grid-large tm-margin-xlarge\" data-uk-grid-match=\"\">\r\n<div class=\"uk-width-large-6-10 uk-width-medium-6-10 jut-kvality-icons-wrapper\">\r\n<div class=\"uk-grid jut-kvality\">\r\n<div class=\"uk-width-small-1-3\">\r\n<div class=\"jut-tooltip\" title=\"Sme spolo\u010dnos\u0165, ktor\u00e1 dr\u017e\u00ed slovo!\" data-uk-tooltip=\"{pos:'top',animation:true}\"><img loading=\"lazy\" decoding=\"async\" class=\"wp-image-129 aligncenter\" src=\"https:\/\/jut.sk\/jut-el\/wp-content\/uploads\/sites\/2\/2019\/10\/jut-ferovost-1.svg\" alt=\"\" width=\"93\" height=\"112\" \/>\r\n<h4>F\u00e9rovos\u0165<\/h4>\r\n<\/div>\r\n<\/div>\r\n<div class=\"uk-width-small-1-3\">\r\n<div class=\"jut-tooltip\" title=\"O\u010dak\u00e1vajte profesion\u00e1lny a individu\u00e1lny pr\u00edstup!\" data-uk-tooltip=\"{pos:'top',animation:true}\"><img loading=\"lazy\" decoding=\"async\" class=\"wp-image-130 aligncenter\" src=\"https:\/\/jut.sk\/jut-el\/wp-content\/uploads\/sites\/2\/2019\/10\/jut-profesionalita-1.svg\" alt=\"\" width=\"54\" height=\"113\" \/>\r\n<h4>Profesionalita<\/h4>\r\n<\/div>\r\n<\/div>\r\n<div class=\"uk-width-small-1-3\">\r\n<div class=\"jut-tooltip\" title=\"S nami budete ma\u0165 v\u017edy pocit istoty!\" data-uk-tooltip=\"{pos:'top',animation:true}\"><img loading=\"lazy\" decoding=\"async\" class=\"wp-image-128 aligncenter\" src=\"https:\/\/jut.sk\/jut-el\/wp-content\/uploads\/sites\/2\/2019\/10\/jut-stabilita-1.svg\" alt=\"\" width=\"93\" height=\"112\" \/>\r\n<h4>Stabilita<\/h4>\r\n<\/div>\r\n<\/div>\r\n<\/div>\r\n<\/div>\r\n<div class=\"uk-width-large-4-10 uk-width-medium-4-10 uk-vertical-align jut-kvality-header-wrapper\">\r\n<div class=\"jut-kvality-border uk-vertical-align-top uk-visible-small\">Hodnoty na ktor\u00fdch si zaklad\u00e1me<\/div>\r\n<div class=\"jut-kvality-header uk-vertical-align-middle uk-hidden-small\">Hodnoty na ktor\u00fdch si zaklad\u00e1me<\/div>\r\n<\/div>\r\n<\/div>","protected":false},"excerpt":{"rendered":"<p>O Spolo\u010dnosti JUT \u2013 SERVICE s.r.o. je firma s\u00a0rodinn\u00fdm z\u00e1zem\u00edm, p\u00f4vodne zalo\u017een\u00e1 ako autoservis s\u00a0n\u00e1zvom PROFI \u2013 AUTOSERVIS, s.r.o. p\u00f4sobiaca na trhu od roku 2012. Od po\u010diatku je firma orientovan\u00e1 pre oby\u010dajn\u00fdch \u013eud\u00ed a\u00a0rodiny. Tieto princ\u00edpy ostali zachovan\u00e9 a\u00a0pokra\u010dujeme v\u00a0zau\u017e\u00edvan\u00fdch a\u00a0overen\u00fdch trad\u00edci\u00e1ch. Neust\u00e1le trv\u00e1me na zachovan\u00ed individu\u00e1lnych pr\u00edstupov a\u00a0v\u017edy si v\u00e1\u017eime na\u0161ich st\u00e1lych ale i\u00a0nov\u00fdch [&hellip;]<\/p>\n","protected":false},"author":1,"featured_media":0,"parent":0,"menu_order":0,"comment_status":"closed","ping_status":"closed","template":"","meta":{"inline_featured_image":false,"mrp_rating_form_position":"","mrp_rating_results_position":"","mrp_structured_data_type":"","mrp_allow_anonymous":"","mrp_rating_form_id":"","footnotes":""},"multi-rating-pro":{"mrp_rating_result_1":[],"rating_form":1},"_links":{"self":[{"href":"https:\/\/jut.sk\/jut-service\/wp-json\/wp\/v2\/pages\/7"}],"collection":[{"href":"https:\/\/jut.sk\/jut-service\/wp-json\/wp\/v2\/pages"}],"about":[{"href":"https:\/\/jut.sk\/jut-service\/wp-json\/wp\/v2\/types\/page"}],"author":[{"embeddable":true,"href":"https:\/\/jut.sk\/jut-service\/wp-json\/wp\/v2\/users\/1"}],"replies":[{"embeddable":true,"href":"https:\/\/jut.sk\/jut-service\/wp-json\/wp\/v2\/comments?post=7"}],"version-history":[{"count":12,"href":"https:\/\/jut.sk\/jut-service\/wp-json\/wp\/v2\/pages\/7\/revisions"}],"predecessor-version":[{"id":418,"href":"https:\/\/jut.sk\/jut-service\/wp-json\/wp\/v2\/pages\/7\/revisions\/418"}],"wp:attachment":[{"href":"https:\/\/jut.sk\/jut-service\/wp-json\/wp\/v2\/media?parent=7"}],"curies":[{"name":"wp","href":"https:\/\/api.w.org\/{rel}","templated":true}]}}