{"id":16,"date":"2020-05-19T10:30:26","date_gmt":"2020-05-19T08:30:26","guid":{"rendered":"https:\/\/jut.sk\/jut-service\/?page_id=16"},"modified":"2025-11-03T10:39:36","modified_gmt":"2025-11-03T09:39:36","slug":"kontakty","status":"publish","type":"page","link":"https:\/\/jut.sk\/jut-service\/kontakty\/","title":{"rendered":"Kontakty"},"content":{"rendered":"<h1 class=\"h2-red-left-line\">Kontakty<\/h1>\r\n<div class=\"uk-grid uk-grid-large uk-margin-large\">\r\n<div class=\"uk-width-large-1-3 uk-width-medium-1-3 uk-width-small-1-1\">\r\n<h4>Autoservis<\/h4>\r\n<div class=\"jut-kontakty-item\">\r\n<p class=\"jut-kontakty-position\">Pon &#8211; Pia: 7:30 &#8211; 17:00<\/p>\r\n<\/div>\r\n<div class=\"jut-kontakty-left-border\">\r\n<div class=\"uk-grid uk-grid-medium-width-1-1 uk-margin-large-bottom\">\r\n<div class=\"jut-kontakty-item\">\r\n<p class=\"jut-kontakty-name\">Franti\u0161ek \u0160angala<\/p>\r\n<p class=\"jut-kontakty-position\">PRIJ\u00cdMAC\u00cd TECHNIK<\/p>\r\n<p><span class=\"jut-kontakty-link jut-kontakty-tel\">+ 421 948 063 707<\/span> <a class=\"jut-kontakty-link jut-kontakty-e-mail\" href=\"mailto:frantisek.sangala@jut.sk\">frantisek.sangala@jut.sk<\/a><\/p>\r\n<\/div>\r\n<\/div>\r\n<\/div>\r\n<\/div>\r\n<div class=\"uk-width-large-1-3 uk-width-medium-1-3 uk-width-small-1-1\">\r\n<h4>Ekonomick\u00e9 oddelenie<\/h4>\r\n<div class=\"jut-kontakty-left-border\">\r\n<div class=\"uk-grid uk-grid-medium-width-1-1 uk-margin-large-bottom\">\r\n<div class=\"jut-kontakty-item\">\r\n<p class=\"jut-kontakty-name\">Jozef Okoli\u010dany<\/p>\r\n<p class=\"jut-kontakty-position\">PREV\u00c1DZKOV\u00dd MANA\u017d\u00c9R<\/p>\r\n<p><span class=\"jut-kontakty-link jut-kontakty-tel\">+ 421 949 001 501<\/span> <a class=\"jut-kontakty-link jut-kontakty-e-mail\" href=\"mailto:jozef.okolicany@jut.sk\">jozef.okolicany@jut.sk<\/a><\/p>\r\n<\/div>\r\n<div class=\"jut-kontakty-item\">\r\n<p class=\"jut-kontakty-name\">Ren\u00e1ta Okoli\u010danyov\u00e1<\/p>\r\n<p class=\"jut-kontakty-position\">EKON\u00d3M<\/p>\r\n<p><span class=\"jut-kontakty-link jut-kontakty-tel\">+ 421 948 482 793<\/span> <a class=\"jut-kontakty-link jut-kontakty-e-mail\" href=\"mailto:renata.okolicanyova@jut.sk\">renata.okolicanyova@jut.sk<\/a><\/p>\r\n<\/div>\r\n<\/div>\r\n<\/div>\r\n<\/div>\r\n<div class=\"uk-width-large-1-3 uk-width-medium-1-3 uk-width-small-1-1\">\r\n<h4>Od\u0165ahov\u00e1 slu\u017eba NON STOP (24\/7)<\/h4>\r\n<div class=\"jut-kontakty-left-border\">\r\n<div class=\"uk-grid uk-grid-medium-width-1-1 uk-margin-large-bottom\">\r\n<div class=\"jut-kontakty-item\">\r\n<p class=\"jut-kontakty-name\">Franti\u0161ek \u0160angala<\/p>\r\n<p class=\"jut-kontakty-position\">od\u0165ahov\u00e1 slu\u017eba<\/p>\r\n<p><span class=\"jut-kontakty-link jut-kontakty-tel\">+421 948 063 707<\/span><\/p>\r\n<\/div>\r\n<\/div>\r\n<\/div>\r\n<\/div>\r\n<\/div>\r\n<div class=\"uk-grid uk-grid-large uk-margin-large uk-margin-large-bottom\">\r\n<div class=\"uk-width-large-1-4 uk-width-medium-1-3 uk-width-small-1-1 uk-margin-large-bottom\">\r\n<h4>Faktura\u010dn\u00e1 adresa<\/h4>\r\n<div class=\"jut-kontakty-left-border\">\r\n<div class=\"jut-kontakty-item\">\r\n<p class=\"jut-kontakty-name\">JUT-SERVICE s.r.o.<\/p>\r\n<p>N\u00e1mestovo 1364 <br \/>\r\nN\u00e1mestovo 029 01 <br \/>\r\nSlovensk\u00e1 Republika<\/p>\r\n<\/div>\r\n<div class=\"jut-kontakty-item\">I\u010cO: 46853774<br \/>\r\nDI\u010c: 2023604319<br \/>\r\nI\u010c DPH: SK2023604319 pod\u013ea \u00a74\r\n\r\n<p class=\"jut-p-small\">Spolo\u010dnos\u0165 JUT-SERVICE s.r.o. je zap\u00edsan\u00e1 v obchodnom registri Okresn\u00e9ho s\u00fadu \u017dilina, oddiel Sro, vlo\u017eka \u010d\u00edslo 57444\/L<\/p>\r\n<\/div>\r\n<\/div>\r\n<h4 class=\"uk-margin-large-top\">Adresa prev\u00e1dzky<\/h4>\r\n<div class=\"jut-kontakty-left-border\">\r\n<div class=\"jut-kontakty-item\">\r\n<p>Kli\u0148ansk\u00e1 cesta 970<br \/>\r\nN\u00e1mestovo 029 01<br \/>\r\nSlovensk\u00e1 republika<\/p>\r\n<\/div>\r\n<\/div>\r\n<\/div>\r\n<div class=\"uk-width-large-3-4 uk-width-medium-2-3 uk-width-small-1-1\"><div class=\"uk-hidden widgetkit-map-ex\" id=\"wk-map-ex69f4622e58a59-d\" data-uk-check-display><\/div>\n<div class=\"uk-hidden\" id=\"wk-map-ex69f4622e58a59-marker-1\">\n<div class=\"uk-text-left\">\n\n    \n    \n        <h3 class=\"uk-h3 uk-margin-top-remove\">Adresa prev\u00e1dzky<\/h3>\n    \n    \n        <div class=\"uk-margin\"><strong>JUT-SERVICE s.r.o.<\/strong><br \/>\nKli\u0148ansk\u00e1 cesta 970<br \/>\nN\u00e1mestovo 029 01<br \/>\nSlovensk\u00e1 republika<\/div>\n    \n    \n    \n    \n<\/div><\/div>\n<script type=\"widgetkit\/mapex\" data-id=\"wk-map-ex69f4622e58a59\" data-class=\" uk-img-preserve\" data-style=\"width:auto;height:520px;\">\n    {\"width\":\"auto\",\"height\":\"520\",\"maptypeid\":\"styled\",\"maptypecontrol\":false,\"global\":{\"apikey\":\"\"},\"mapctrl\":true,\"zoom\":9,\"marker\":2,\"markercluster\":\"\",\"popup_max_width\":300,\"zoomwheel\":true,\"draggable\":true,\"directions\":false,\"disabledefaultui\":false,\"autohide\":true,\"zoom_phone_h\":\"\",\"zoom_tablet\":\"\",\"zoom_desktop\":\"\",\"zoom_large\":\"\",\"maptypecontrol_style\":\"dropdown_menu\",\"maptype_name\":\"JUT red\",\"show_styled\":true,\"show_roadmap\":true,\"show_satellite\":true,\"show_hybrid\":false,\"show_terrain\":false,\"styling_mode\":\"\",\"styling_json\":\"\",\"tiles_color\":\"\",\"zoomcontrol\":true,\"zoom_style\":\"\",\"streetviewcontrol\":false,\"rotatecontrol\":true,\"directionstext\":\"Get directions\",\"scalecontrol\":false,\"scale_units\":\"\",\"pin_type\":\"\",\"custom_pin_path\":\"https:\\\/\\\/jut.sk\\\/web\\\/wp-content\\\/themes\\\/yoo_luna_wp\\\/styles\\\/jut\\\/images\\\/jut-map-pim.svg\",\"custom_pin_anchor_x\":\"\",\"custom_pin_anchor_y\":\"\",\"map_center\":\"49.420985, 19.119088\",\"debug_output\":false,\"cluster_gridSize\":60,\"cluster_maxZoom\":0,\"cluster_minimumClusterSize\":2,\"clusters\":[],\"styler_invert_lightness\":false,\"styler_hue\":\"#E73E3D\",\"styler_saturation\":\"-15\",\"styler_lightness\":0,\"styler_gamma\":0,\"media\":true,\"image_width\":\"auto\",\"image_height\":\"auto\",\"media_align\":\"top\",\"media_width\":\"1-2\",\"media_breakpoint\":\"medium\",\"media_border\":\"none\",\"media_overlay\":\"icon\",\"overlay_animation\":\"fade\",\"media_animation\":\"scale\",\"title\":true,\"content\":true,\"social_buttons\":true,\"title_size\":\"h3\",\"text_align\":\"left\",\"link\":true,\"link_style\":\"button\",\"link_text\":\"Read more\",\"link_target\":false,\"class\":\"\",\"map_id\":\"wk-map-ex69f4622e58a59\",\"map_id2\":\"69f4622e58a59\",\"center_lat\":\"49.420985\",\"center_lng\":\" 19.119088\",\"clusterstyles\":[],\"markers\":[{\"lat\":49.41931809999999103411028045229613780975341796875,\"lng\":19.489919300000000390582499676384031772613525390625,\"title\":\"Adresa prev\\u00e1dzky\",\"id\":\"wk-map-ex69f4622e58a59-marker-1\",\"pin\":\"https:\\\/\\\/jut.sk\\\/web\\\/wp-content\\\/themes\\\/yoo_luna_wp\\\/styles\\\/jut\\\/images\\\/jut-map-pim.svg\",\"anchor_x\":\"\",\"anchor_y\":\"\"}]}<\/script>\n\n<!--suppress Annotator, JSUnresolvedFunction, UnnecessaryReturnStatementJS -->\n<script>\nfunction getMapZoom69f4622e58a59(){\n\tif (window.outerWidth<=767) {\n        var orientation = screen.orientation || screen.mozOrientation || screen.msOrientation || null;\n        var landscape = false;\n        if (typeof orientation === 'object' && orientation && typeof orientation.type === 'string') {\n            landscape = (orientation.type.indexOf(\"landscape\") >= 0);\n        }\n        else {\n            if (typeof window.orientation !== \"undefined\") {\n                landscape = (Math.abs(Number(window.orientation)) === 90);\n            }\n            else\n                landscape = (window.innerWidth > window.innerHeight);\n        }\n        if (landscape) {\n                        return 9;\n        }\n        else {\n                        return 9;\n        }\n    }\n\telse\n\t\tif (window.outerWidth<=959){\n\t\t\t\t\t\treturn 9;\n\t\t}\n\t\telse{\n\t\t\t\t\t\treturn 9;\n\t\t}\n}\n\nfunction updateMap69f4622e58a59(item){\n\t\titem.panTo(new google.maps.LatLng(49.420985, 19.119088));\n\t\t\n\titem.setZoom(getMapZoom69f4622e58a59());\n\t}\n\njQuery(function(){\n\tfunction checkWidgetkitMap69f4622e58a59() {\n\t\tvar item=getWidgetkitMap(\"wk-map-ex69f4622e58a59\");\n\t\tif (item) {\n\t\t\tgoogle.maps.event.addDomListener(window, 'resize', function(){\n\t\t\t\t\t\t\t\tupdateMap69f4622e58a59(item);\n\t\t\t});\n\t\t\twindow.addEventListener(\"orientationchange\", function () {\n\t\t\t\t\t\t\t\tupdateMap69f4622e58a59(item);\n\t\t\t});\n\t\t\t\t\t\t\n\t\t\t\t\t\tjQuery('#wk-map-ex69f4622e58a59-d').on(\n\t\t\t\t\"display.uk.check\",\n\t\t\t\tfunction() {\n\t\t\t\t\tvar self = jQuery(document);\n\t\t\t\t\tvar map = self.find('#wk-map-ex69f4622e58a59');\n\t\t\t\t\tif (!map.length){\n\t\t\t\t\t\t\t\t\t\t\t\treturn;\n\t\t\t\t\t}\n\n\t\t\t\t\tif(map.is(':visible')) {\n\t\t\t\t\t\tmap.each(\n\t\t\t\t\t\t\tfunction() {\n\t\t\t\t\t\t\t\tvar id = jQuery(this).attr('id');\n\t\t\t\t\t\t\t\tvar item = getWidgetkitMap(id);\n\t\t\t\t\t\t\t\tif(item) {\n\t\t\t\t\t\t\t\t\tgoogle.maps.event.trigger(item, \"resize\");\n\t\t\t\t\t\t\t\t\tvar sub_id = id.substring(9);\n\t\t\t\t\t\t\t\t\tif(typeof window['updateMap' + sub_id] === 'function') {\n\t\t\t\t\t\t\t\t\t\twindow['updateMap' + sub_id](item);\n\t\t\t\t\t\t\t\t\t\t\t\t\t\t\t\t\t\t\t}\n\t\t\t\t\t\t\t\t\t\t\t\t\t\t\t\t\t}\n\t\t\t\t\t\t\t\t\t\t\t\t\t\t\t}\n\t\t\t\t\t\t);\n\t\t\t\t\t}\n\t\t\t\t\t\t\t\t\t}\n\t\t\t);\n\t\t\t\t\t}\n\t\telse\n\t\t   setTimeout(checkWidgetkitMap69f4622e58a59,1000);\n\t}\n\tsetTimeout(checkWidgetkitMap69f4622e58a59,1000);\n});\n\n<\/script><\/div>\r\n<\/div>","protected":false},"excerpt":{"rendered":"<p>Kontakty Autoservis Pon &#8211; Pia: 7:30 &#8211; 17:00 Franti\u0161ek \u0160angala PRIJ\u00cdMAC\u00cd TECHNIK + 421 948 063 707 frantisek.sangala@jut.sk Ekonomick\u00e9 oddelenie Jozef Okoli\u010dany PREV\u00c1DZKOV\u00dd MANA\u017d\u00c9R + 421 949 001 501 jozef.okolicany@jut.sk Ren\u00e1ta Okoli\u010danyov\u00e1 EKON\u00d3M + 421 948 482 793 renata.okolicanyova@jut.sk Od\u0165ahov\u00e1 slu\u017eba NON STOP (24\/7) Franti\u0161ek \u0160angala od\u0165ahov\u00e1 slu\u017eba +421 948 063 707 Faktura\u010dn\u00e1 adresa JUT-SERVICE [&hellip;]<\/p>\n","protected":false},"author":1,"featured_media":0,"parent":0,"menu_order":0,"comment_status":"closed","ping_status":"closed","template":"","meta":{"inline_featured_image":false,"mrp_rating_form_position":"","mrp_rating_results_position":"","mrp_structured_data_type":"","mrp_allow_anonymous":"","mrp_rating_form_id":"","footnotes":""},"multi-rating-pro":{"mrp_rating_result_1":[],"rating_form":1},"_links":{"self":[{"href":"https:\/\/jut.sk\/jut-service\/wp-json\/wp\/v2\/pages\/16"}],"collection":[{"href":"https:\/\/jut.sk\/jut-service\/wp-json\/wp\/v2\/pages"}],"about":[{"href":"https:\/\/jut.sk\/jut-service\/wp-json\/wp\/v2\/types\/page"}],"author":[{"embeddable":true,"href":"https:\/\/jut.sk\/jut-service\/wp-json\/wp\/v2\/users\/1"}],"replies":[{"embeddable":true,"href":"https:\/\/jut.sk\/jut-service\/wp-json\/wp\/v2\/comments?post=16"}],"version-history":[{"count":27,"href":"https:\/\/jut.sk\/jut-service\/wp-json\/wp\/v2\/pages\/16\/revisions"}],"predecessor-version":[{"id":483,"href":"https:\/\/jut.sk\/jut-service\/wp-json\/wp\/v2\/pages\/16\/revisions\/483"}],"wp:attachment":[{"href":"https:\/\/jut.sk\/jut-service\/wp-json\/wp\/v2\/media?parent=16"}],"curies":[{"name":"wp","href":"https:\/\/api.w.org\/{rel}","templated":true}]}}