{"id":5,"date":"2024-02-07T08:23:33","date_gmt":"2024-02-07T07:23:33","guid":{"rendered":"https:\/\/jut.sk\/jut-pozicovna\/?page_id=5"},"modified":"2024-06-10T09:37:10","modified_gmt":"2024-06-10T07:37:10","slug":"uvodna-strana","status":"publish","type":"page","link":"https:\/\/jut.sk\/jut-pozicovna\/","title":{"rendered":"\u00davodn\u00e1 strana"},"content":{"rendered":"<div id=\"ponuka-pozicovna\">\r\n\n\n<div id=\"wk-grid9b3\" class=\"uk-grid-width-1-1 uk-grid-width-small-1-1 uk-grid-width-medium-1-1 uk-grid-width-large-1-3 uk-grid uk-grid-match uk-text-left jut-pozicovna-grid-uvod\" data-uk-grid-match=\"{target:'> div > .uk-panel', row:true}\" data-uk-grid-margin  data-uk-scrollspy=\"{cls:'uk-animation-scale-up uk-invisible', target:'> div > .uk-panel', delay:300}\">\n\n\n    <div>\n        <div class=\"uk-panel uk-panel-box uk-panel-box-hover uk-overlay-hover uk-invisible\">\n\n                        <a class=\"uk-position-cover uk-position-z-index\" href=\"https:\/\/jut.sk\/jut-pozicovna\/pozicovna-naradia\/\" title=\"Po\u017ei\u010dov\u0148a n\u00e1radia\"><\/a>\n            \n            \n            \n            \n                        <h3 class=\"uk-panel-title\">\n\n                                    <a class=\"uk-link-reset\" href=\"https:\/\/jut.sk\/jut-pozicovna\/pozicovna-naradia\/\">Po\u017ei\u010dov\u0148a n\u00e1radia<\/a>\n                \n                \n            <\/h3>\n            \n            \n                        <div class=\"uk-margin uk-text-center\"><div class=\"uk-overlay \"><img loading=\"lazy\" decoding=\"async\" src=\"\/jut-pozicovna\/wp-content\/uploads\/sites\/8\/2024\/06\/1-naradie.jpg\" class=\" uk-overlay-scale\" alt=\"Po\u017ei\u010dov\u0148a n\u00e1radia\" width=\"802\" height=\"802\"><div class=\"uk-overlay-panel uk-overlay-background uk-overlay-icon uk-overlay-fade\"><\/div><\/div><\/div>\n            \n            \n            \n            \n            \n        <\/div>\n    <\/div>\n\n\n    <div>\n        <div class=\"uk-panel uk-panel-box uk-panel-box-hover uk-overlay-hover uk-invisible\">\n\n                        <a class=\"uk-position-cover uk-position-z-index\" href=\"https:\/\/jut.sk\/jut-pozicovna\/debnenie-peri\/\" title=\"Pren\u00e1jom a predaj stropn\u00e9ho , stenov\u00e9ho debnenia PERI\"><\/a>\n            \n            \n            \n            \n                        <h3 class=\"uk-panel-title\">\n\n                                    <a class=\"uk-link-reset\" href=\"https:\/\/jut.sk\/jut-pozicovna\/debnenie-peri\/\">Pren\u00e1jom a predaj stropn\u00e9ho , stenov\u00e9ho debnenia PERI<\/a>\n                \n                \n            <\/h3>\n            \n            \n                        <div class=\"uk-margin uk-text-center\"><div class=\"uk-overlay \"><img loading=\"lazy\" decoding=\"async\" src=\"\/jut-pozicovna\/wp-content\/uploads\/sites\/8\/2024\/06\/2-debnenie-peri.jpg\" class=\" uk-overlay-scale\" alt=\"Pren\u00e1jom a predaj stropn\u00e9ho , stenov\u00e9ho debnenia PERI\" width=\"802\" height=\"802\"><div class=\"uk-overlay-panel uk-overlay-background uk-overlay-icon uk-overlay-fade\"><\/div><\/div><\/div>\n            \n            \n            \n            \n            \n        <\/div>\n    <\/div>\n\n\n    <div>\n        <div class=\"uk-panel uk-panel-box uk-panel-box-hover uk-overlay-hover uk-invisible\">\n\n                        <a class=\"uk-position-cover uk-position-z-index\" href=\"https:\/\/jut.sk\/jut-pozicovna\/pozicovna-privesnych-vozikov\/\" title=\"Po\u017ei\u010dov\u0148a pr\u00edvesn\u00fdch voz\u00edkov\"><\/a>\n            \n            \n            \n            \n                        <h3 class=\"uk-panel-title\">\n\n                                    <a class=\"uk-link-reset\" href=\"https:\/\/jut.sk\/jut-pozicovna\/pozicovna-privesnych-vozikov\/\">Po\u017ei\u010dov\u0148a pr\u00edvesn\u00fdch voz\u00edkov<\/a>\n                \n                \n            <\/h3>\n            \n            \n                        <div class=\"uk-margin uk-text-center\"><div class=\"uk-overlay \"><img loading=\"lazy\" decoding=\"async\" src=\"\/jut-pozicovna\/wp-content\/uploads\/sites\/8\/2024\/06\/1-pozicovna-vozikov.jpg\" class=\" uk-overlay-scale\" alt=\"Po\u017ei\u010dov\u0148a pr\u00edvesn\u00fdch voz\u00edkov\" width=\"802\" height=\"802\"><div class=\"uk-overlay-panel uk-overlay-background uk-overlay-icon uk-overlay-fade\"><\/div><\/div><\/div>\n            \n            \n            \n            \n            \n        <\/div>\n    <\/div>\n\n\n<\/div>\n\n<script>\n(function($){\n\n    \/\/ get the images of the gallery and replace it by a canvas of the same size to fix the problem with overlapping images on load.\n    $('img[width][height]:not(.uk-overlay-panel)', $('#wk-grid9b3')).each(function() {\n\n        var $img = $(this);\n\n        if (this.width == 'auto' || this.height == 'auto' || !$img.is(':visible')) {\n            return;\n        }\n\n        var $canvas = $('<canvas class=\"uk-responsive-width\"><\/canvas>').attr({width:$img.attr('width'), height:$img.attr('height')}),\n            img = new Image,\n            release = function() {\n                $canvas.remove();\n                $img.css('display', '');\n                release = function(){};\n            };\n\n        $img.css('display', 'none').after($canvas);\n\n        $(img).on('load', function(){ release(); });\n        setTimeout(function(){ release(); }, 1000);\n\n        img.src = this.src;\n\n    });\n\n})(jQuery);\n<\/script>\n\t\r\n<\/div>\r\n<\/br><\/br><\/br>\r\n<div id=\"podmienky-najmu\" class=\"jut-pozicovna-podmienky-wrapper uk-margin-large\">\r\n<h2 class=\"h-jut-horizontal-line\" style=\"text-align: center;\">Podmienky pren\u00e1jmu strojov<\/h2>\r\n<\/br><\/br>\r\n\n\n<div id=\"wk-gridc5d\" class=\"uk-grid-width-1-1 uk-grid-width-small-1-2 uk-grid-width-large-1-5 uk-grid uk-grid-match uk-text-center jut-podmienky-najmu-widgetkit\" data-uk-grid-match=\"{target:'> div > .uk-panel', row:true}\" data-uk-grid-margin >\n\n\n    <div>\n        <div class=\"uk-panel\">\n\n            \n            \n                        <div class=\"uk-text-center uk-margin uk-margin-top-remove\"><img decoding=\"async\" src=\"\/jut-pozicovna\/wp-content\/uploads\/sites\/8\/2024\/03\/icon-jut-1-zaloha.svg\" class=\" uk-overlay-scale\" alt=\"Zaplatenie z\u00e1lohy 50 \u20ac pri preberan\u00ed stroja\"><\/div>\n            \n            \n                        <h3 class=\"uk-panel-title uk-margin-bottom-remove\">\n\n                                    Zaplatenie z\u00e1lohy 50 \u20ac pri preberan\u00ed stroja                \n                \n            <\/h3>\n            \n            \n            \n            \n            \n            \n            \n        <\/div>\n    <\/div>\n\n\n    <div>\n        <div class=\"uk-panel\">\n\n            \n            \n                        <div class=\"uk-text-center uk-margin uk-margin-top-remove\"><img decoding=\"async\" src=\"\/jut-pozicovna\/wp-content\/uploads\/sites\/8\/2024\/03\/icon-jut-2-uctovanie.svg\" class=\" uk-overlay-scale\" alt=\"\u00da\u010dtovany\u0301 je ka\u017edy\u0301 de\u0148 pren\u00e1jmu, okrem nedele\"><\/div>\n            \n            \n                        <h3 class=\"uk-panel-title uk-margin-bottom-remove uk-margin-bottom-remove\">\n\n                                    \u00da\u010dtovany\u0301 je ka\u017edy\u0301 de\u0148 pren\u00e1jmu, okrem nedele                \n                \n            <\/h3>\n            \n            \n            \n            \n            \n            \n            \n        <\/div>\n    <\/div>\n\n\n    <div>\n        <div class=\"uk-panel\">\n\n            \n            \n                        <div class=\"uk-text-center uk-margin uk-margin-top-remove\"><img decoding=\"async\" src=\"\/jut-pozicovna\/wp-content\/uploads\/sites\/8\/2024\/03\/icon-jut-3-prenajom.svg\" class=\" uk-overlay-scale\" alt=\"Pren\u00e1jom do 4 hod\u00edn = \u00fa\u010dtovanie 50% z ceny pren\u00e1jmu\"><\/div>\n            \n            \n                        <h3 class=\"uk-panel-title uk-margin-bottom-remove uk-margin-bottom-remove uk-margin-bottom-remove\">\n\n                                    Pren\u00e1jom do 4 hod\u00edn = \u00fa\u010dtovanie 50% z ceny pren\u00e1jmu                \n                \n            <\/h3>\n            \n            \n            \n            \n            \n            \n            \n        <\/div>\n    <\/div>\n\n\n    <div>\n        <div class=\"uk-panel\">\n\n            \n            \n                        <div class=\"uk-text-center uk-margin uk-margin-top-remove\"><img decoding=\"async\" src=\"\/jut-pozicovna\/wp-content\/uploads\/sites\/8\/2024\/03\/icon-jut-4-nadrz.svg\" class=\" uk-overlay-scale\" alt=\"Benz\u00ednovy\u0301 stroj sa vracia s plnou n\u00e1dr\u017eou\"><\/div>\n            \n            \n                        <h3 class=\"uk-panel-title uk-margin-bottom-remove uk-margin-bottom-remove uk-margin-bottom-remove uk-margin-bottom-remove\">\n\n                                    Benz\u00ednovy\u0301 stroj sa vracia s plnou n\u00e1dr\u017eou                \n                \n            <\/h3>\n            \n            \n            \n            \n            \n            \n            \n        <\/div>\n    <\/div>\n\n\n    <div>\n        <div class=\"uk-panel\">\n\n            \n            \n                        <div class=\"uk-text-center uk-margin uk-margin-top-remove\"><img decoding=\"async\" src=\"\/jut-pozicovna\/wp-content\/uploads\/sites\/8\/2024\/03\/icon-jut-5-cistenie.svg\" class=\" uk-overlay-scale\" alt=\"Nevy\u010disteny\u0301 stroj = pri vr\u00e1ten\u00ed sa \u00fa\u010dtuje 15 \u20ac\"><\/div>\n            \n            \n                        <h3 class=\"uk-panel-title uk-margin-bottom-remove uk-margin-bottom-remove uk-margin-bottom-remove uk-margin-bottom-remove uk-margin-bottom-remove\">\n\n                                    Nevy\u010disteny\u0301 stroj = pri vr\u00e1ten\u00ed sa \u00fa\u010dtuje 15 \u20ac                \n                \n            <\/h3>\n            \n            \n            \n            \n            \n            \n            \n        <\/div>\n    <\/div>\n\n\n<\/div>\n\n<script>\n(function($){\n\n    \/\/ get the images of the gallery and replace it by a canvas of the same size to fix the problem with overlapping images on load.\n    $('img[width][height]:not(.uk-overlay-panel)', $('#wk-gridc5d')).each(function() {\n\n        var $img = $(this);\n\n        if (this.width == 'auto' || this.height == 'auto' || !$img.is(':visible')) {\n            return;\n        }\n\n        var $canvas = $('<canvas class=\"uk-responsive-width\"><\/canvas>').attr({width:$img.attr('width'), height:$img.attr('height')}),\n            img = new Image,\n            release = function() {\n                $canvas.remove();\n                $img.css('display', '');\n                release = function(){};\n            };\n\n        $img.css('display', 'none').after($canvas);\n\n        $(img).on('load', function(){ release(); });\n        setTimeout(function(){ release(); }, 1000);\n\n        img.src = this.src;\n\n    });\n\n})(jQuery);\n<\/script>\n\r\n\r\n<\/div>\r\n<\/br><\/br>","protected":false},"excerpt":{"rendered":"<p>Podmienky pren\u00e1jmu strojov<\/p>\n","protected":false},"author":1,"featured_media":0,"parent":0,"menu_order":0,"comment_status":"closed","ping_status":"closed","template":"","meta":{"inline_featured_image":false,"mrp_rating_form_position":"","mrp_rating_results_position":"","mrp_structured_data_type":"","mrp_allow_anonymous":"","mrp_rating_form_id":"","footnotes":""},"multi-rating-pro":{"rating_form":0},"_links":{"self":[{"href":"https:\/\/jut.sk\/jut-pozicovna\/wp-json\/wp\/v2\/pages\/5"}],"collection":[{"href":"https:\/\/jut.sk\/jut-pozicovna\/wp-json\/wp\/v2\/pages"}],"about":[{"href":"https:\/\/jut.sk\/jut-pozicovna\/wp-json\/wp\/v2\/types\/page"}],"author":[{"embeddable":true,"href":"https:\/\/jut.sk\/jut-pozicovna\/wp-json\/wp\/v2\/users\/1"}],"replies":[{"embeddable":true,"href":"https:\/\/jut.sk\/jut-pozicovna\/wp-json\/wp\/v2\/comments?post=5"}],"version-history":[{"count":14,"href":"https:\/\/jut.sk\/jut-pozicovna\/wp-json\/wp\/v2\/pages\/5\/revisions"}],"predecessor-version":[{"id":111,"href":"https:\/\/jut.sk\/jut-pozicovna\/wp-json\/wp\/v2\/pages\/5\/revisions\/111"}],"wp:attachment":[{"href":"https:\/\/jut.sk\/jut-pozicovna\/wp-json\/wp\/v2\/media?parent=5"}],"curies":[{"name":"wp","href":"https:\/\/api.w.org\/{rel}","templated":true}]}}