{"id":99,"date":"2023-05-06T16:36:56","date_gmt":"2023-05-06T14:36:56","guid":{"rendered":"https:\/\/jut.sk\/jut-energie\/?page_id=99"},"modified":"2023-05-18T11:59:54","modified_gmt":"2023-05-18T09:59:54","slug":"off-grid-fotovolticka-elektraren","status":"publish","type":"page","link":"https:\/\/jut.sk\/jut-energie\/fotovoltika-pre-domacnosti\/off-grid-fotovolticka-elektraren\/","title":{"rendered":"OFF-GRID fotovoltick\u00e1 elektr\u00e1re\u0148"},"content":{"rendered":"<img loading=\"lazy\" decoding=\"async\" src=\"https:\/\/jut.sk\/jut-energie\/wp-content\/uploads\/sites\/7\/2023\/05\/icon-jut-ostrov.svg\" alt=\"\" width=\"164\" height=\"56\" class=\"aligncenter size-full wp-image-123\" \/>\r\n<\/br>\r\n<h2 class=\"h-jut-horizontal-line\" style=\"text-align: center;\">OFF-GRID FOTOVOLTICK\u00c1 ELEKTR\u00c1RE\u0147<\/h2>\r\n<\/br>\r\n<div class=\"uk-grid \">\r\n<div class=\"jut-energie-content-blog uk-container-center uk-width-large-6-10 uk-width-medium-1-1 uk-width-small-1-1 uk-margin-large\">\r\n\r\n<p style=\"text-align: justify;\">\r\n<strong>Ostrovn\u00e9 sol\u00e1rne elektr\u00e1rne <\/strong>(OFF GRID) uplat\u0148uj\u00fa svoje vyu\u017eitie najm\u00e4 v miestach kde <strong>nie je mo\u017enos\u0165 pripojenia<\/strong> sa do rozvodnej siete alebo je potreba <strong>by\u0165 \u00faplne nez\u00e1visl\u00fd <\/strong>od centr\u00e1lnej elektrickej energie Tak\u00fdmito miestami s\u00fa najme <strong>chaty a karavany<\/strong> a miesta kde po\u017eadujeme pr\u00edstup k elektrickej energii.\r\n<\/p>\r\n\r\n<p style=\"text-align: justify;\">\r\n<strong>Fotovoltick\u00e9 panely<\/strong> s\u00fa na streche domu alebo na pozemku umiestnen\u00e9 a orientovan\u00e9 tak, aby z\u00edskavali \u010do najviac slne\u010dn\u00e9ho svetla. Elektrick\u00e1 energia, ktor\u00fa vyrobia, sa potom pren\u00e1\u0161a do meni\u010da, ktor\u00fd ju prev\u00e1dza na striedav\u00fd pr\u00fad pre vlastn\u00fa spotrebu, pri\u010dom prebyto\u010dn\u00e1 energia sa uklad\u00e1 do bat\u00e9ri\u00ed.\r\n<\/p>\r\n\r\n<p style=\"text-align: justify;\">\r\nOff-grid fotovoltick\u00fd syst\u00e9m je najviac cenovo dostupn\u00fdm rie\u0161en\u00edm pre \u013eud\u00ed, ktor\u00ed chc\u00fa by\u0165 nez\u00e1visl\u00ed na verejnej elektrickej sieti.\r\n<\/p>\r\n<p style=\"text-align: justify;\">\r\nSyst\u00e9m vieme nakonfigurova\u0165, tak aby <strong>spolupracoval aj s z\u00e1lo\u017en\u00fdm energetick\u00fdm zdrojom &#8211; elektrocentr\u00e1lou<\/strong>, ktor\u00fd vie suplova\u0165 pr\u00edsun energie do objektu z fotovoltick\u00fdch panelov\r\n<\/p>\r\n<strong>Hlavn\u00e9 v\u00fdhody OFF-GRID ostrovnej  elektr\u00e1rne s bat\u00e9riami:<\/strong>\r\n\r\n<ul class=\"dodavatel-poziadavky-ul\">\r\n\t<li style=\"text-align: justify;\">najlep\u0161ie (jedin\u00e9) rie\u0161enie pre odbern\u00e9 miesta bez mo\u017enosti pripojenia do elektrickej siete\r\n\r\n<\/li>\r\n\t<li style=\"text-align: justify;\">sebesta\u010dnos\u0165 pri v\u00fdrobe elektriny &#8211; syst\u00e9m je funk\u010dn\u00fd aj pri v\u00fdpadku pr\u00fadu (blackout)\r\n\r\n\r\n<\/li>\r\n<li style=\"text-align: justify;\">mo\u017enos\u0165 vzdialenej spr\u00e1vy syst\u00e9mu\r\n\r\n\r\n<\/li>\r\n<li style=\"text-align: justify;\">vhodn\u00e1 pre extenz\u00edvne vyu\u017e\u00edvan\u00e9 domy, chaty\r\n\r\n<\/li>\r\n\r\n\r\n<\/ul>\r\n\r\n\r\n<\/div>\r\n<\/div>","protected":false},"excerpt":{"rendered":"<p>OFF-GRID FOTOVOLTICK\u00c1 ELEKTR\u00c1RE\u0147 Ostrovn\u00e9 sol\u00e1rne elektr\u00e1rne (OFF GRID) uplat\u0148uj\u00fa svoje vyu\u017eitie najm\u00e4 v miestach kde nie je mo\u017enos\u0165 pripojenia sa do rozvodnej siete alebo je potreba by\u0165 \u00faplne nez\u00e1visl\u00fd od centr\u00e1lnej elektrickej energie Tak\u00fdmito miestami s\u00fa najme chaty a karavany a miesta kde po\u017eadujeme pr\u00edstup k elektrickej energii. Fotovoltick\u00e9 panely s\u00fa na streche domu alebo [&hellip;]<\/p>\n","protected":false},"author":1,"featured_media":0,"parent":6,"menu_order":0,"comment_status":"closed","ping_status":"closed","template":"","meta":{"inline_featured_image":false,"mrp_rating_form_position":"","mrp_rating_results_position":"","mrp_structured_data_type":"","mrp_allow_anonymous":"","mrp_rating_form_id":"","footnotes":""},"multi-rating-pro":{"rating_form":0},"_links":{"self":[{"href":"https:\/\/jut.sk\/jut-energie\/wp-json\/wp\/v2\/pages\/99"}],"collection":[{"href":"https:\/\/jut.sk\/jut-energie\/wp-json\/wp\/v2\/pages"}],"about":[{"href":"https:\/\/jut.sk\/jut-energie\/wp-json\/wp\/v2\/types\/page"}],"author":[{"embeddable":true,"href":"https:\/\/jut.sk\/jut-energie\/wp-json\/wp\/v2\/users\/1"}],"replies":[{"embeddable":true,"href":"https:\/\/jut.sk\/jut-energie\/wp-json\/wp\/v2\/comments?post=99"}],"version-history":[{"count":4,"href":"https:\/\/jut.sk\/jut-energie\/wp-json\/wp\/v2\/pages\/99\/revisions"}],"predecessor-version":[{"id":208,"href":"https:\/\/jut.sk\/jut-energie\/wp-json\/wp\/v2\/pages\/99\/revisions\/208"}],"up":[{"embeddable":true,"href":"https:\/\/jut.sk\/jut-energie\/wp-json\/wp\/v2\/pages\/6"}],"wp:attachment":[{"href":"https:\/\/jut.sk\/jut-energie\/wp-json\/wp\/v2\/media?parent=99"}],"curies":[{"name":"wp","href":"https:\/\/api.w.org\/{rel}","templated":true}]}}