{"id":8,"date":"2023-04-14T11:16:18","date_gmt":"2023-04-14T09:16:18","guid":{"rendered":"https:\/\/jut.sk\/jut-energie\/?page_id=8"},"modified":"2023-05-18T11:17:56","modified_gmt":"2023-05-18T09:17:56","slug":"fotovoltika-pre-firmy","status":"publish","type":"page","link":"https:\/\/jut.sk\/jut-energie\/fotovoltika-pre-firmy\/","title":{"rendered":"Fotovoltika pre firmy"},"content":{"rendered":"<h2 class=\"h-jut-horizontal-line\" style=\"text-align: center;\">Ak\u00e9 s\u00fa v\u00fdhody in\u0161tal\u00e1cie fotovoltiky do Va\u0161ej firmy od JUT ?<\/h2>\r\n\r\n<div id=\"jut-fotovoltika-pre-firmy\" class=\"uk-grid\">\r\n\r\n<div class=\"uk-width-large-1-2 uk-width-medium-1-2 uk-width-small-1-1\">\r\n<ul class=\"dodavatel-poziadavky-ul\">\r\n\t<li style=\"text-align: justify;\">Zn\u00ed\u017eenia prev\u00e1dzkov\u00fdch n\u00e1kladov<\/li>\r\n\t<li style=\"text-align: justify;\">Zn\u00ed\u017eenie da\u0148ov\u00e9ho za\u0165a\u017eenia prev\u00e1dzkovate\u013ea odpisovan\u00edm zariadenia<\/li>\r\n<\/ul>\r\n<\/div>\r\n\r\n<div class=\"uk-width-large-1-2 uk-width-medium-1-2 uk-width-small-1-1\">\r\n<ul class=\"dodavatel-poziadavky-ul\">\r\n\t<li style=\"text-align: justify;\">Zv\u00fd\u0161enie hodnoty Va\u0161ej firmy<\/li>\r\n\t<li style=\"text-align: justify;\">ECO-friendly imid\u017e spolo\u010dnosti<\/li>\r\n<\/ul>\r\n<\/div>\r\n<\/div>\r\n\r\n\r\n<\/br><\/br>\r\n<\/br>\r\n\r\n\r\n<h2 class=\"h-jut-horizontal-line\" style=\"text-align: center; text-transform: uppercase;\">fotovoltika pre firmy<\/h2>\r\n<\/br>\r\n<div class=\"uk-grid \">\r\n<div class=\"jut-energie-content-blog uk-container-center uk-width-large-6-10 uk-width-medium-1-1 uk-width-small-1-1 uk-margin-large\">\r\n\r\n<p style=\"text-align: justify;\">\r\n<strong>Zameriavame<\/strong> sa na <strong>rie\u0161enia<\/strong> sol\u00e1rnych syst\u00e9mov <strong>pre firmy<\/strong>, ktor\u00e9 maj\u00fa vysok\u00fa energetick\u00fa n\u00e1ro\u010dnos\u0165 hlavne po\u010das d\u0148a, kedy vieme dosiahnu\u0165 maxim\u00e1lnu efektivitu vynalo\u017een\u00fdch prostriedkov do fotovoltaiky.\r\n<\/p>\r\n\r\n<p style=\"text-align: justify;\">\r\nFotolvoltiku si mohli posledn\u00fa dobu <strong>dovoli\u0165 len ve\u013ek\u00e9 firmy<\/strong> a organiz\u00e1cie ktor\u00e9 vedeli efekt\u00edvne vyu\u017e\u00edva\u0165 dot\u00e1cie z Eur\u00f3pskych fondov. No v\u010faka \u013eah\u0161ej dostupnosti a v\u00fdvoji fotovoltick\u00fdch technol\u00f3gi\u00ed a <strong>novej legislat\u00edve<\/strong> je teraz fotovoltika dostupn\u00e1 aj pre men\u0161ie firmy:\r\n<\/p>\r\n\r\n<ul>\r\n\t<li>firma alebo organiz\u00e1cia si m\u00f4\u017ee in\u0161talova\u0165 fotovoltiku s v\u00fdkonom a\u017e do v\u00fd\u0161ky maxim\u00e1lnej rezervovanej kapacity svojich odbern\u00fdch miest (nebude plati\u0165 limit 500 kWp)<\/li>\r\n<li>podnik m\u00f4\u017ee dod\u00e1va\u0165 prebyto\u010dn\u00fa nespotrebovan\u00fa elektrinu aj do distribu\u010dnej siete a\u017e do objemu 1000 MWh<\/li>\r\n<li>objem 1000 MWh vyrobenej a z\u00e1rove\u0148 spotrebovanej elektriny bude osloboden\u00fd od \u00fahrady tarify za prev\u00e1dzkovanie syst\u00e9mu<\/li>\r\n<\/ul>\r\n\r\n\r\n\r\n\r\n\r\n<p style=\"text-align: justify;\">\r\nFotovoltick\u00e1 elektr\u00e1re\u0148 je vhodn\u00e1 pre ak\u00fako\u013evek firmu &#8211; \u010di ve\u013ekos\u0165ou alebo zameran\u00edm. <strong>Najlep\u0161ie sk\u00fasenosti s fotovoltikou<\/strong> maj\u00fa tieto podniky:\r\n<\/p>\r\n<div class=\"uk-grid\">\r\n\r\n<div class=\"uk-width-large-1-2 uk-width-medium-1-2 uk-width-small-1-1\">\r\n\r\n<ul class=\"dodavatel-poziadavky-ul\">\r\n\t<li style=\"text-align: justify;\">Priemyseln\u00e9 are\u00e1ly\r\n\r\n\r\n<\/li>\r\n\t<li style=\"text-align: justify;\">Po\u013enohospod\u00e1rske are\u00e1ly\r\n\r\n\r\n<\/li>\r\n<li style=\"text-align: justify;\">Hotely a stravovacie zariadenia\r\n\r\n\r\n\r\n<\/li>\r\n<li style=\"text-align: justify;\">Ve\u013ekoobchod a maloobchod\r\n\r\n\r\n<\/li>\r\n\r\n<li style=\"text-align: justify;\">Administrat\u00edvne budovy\r\n\r\n\r\n\r\n<\/li><li style=\"text-align: justify;\">Skladovacie priestory\r\n\r\n\r\n\r\n<\/li><li style=\"text-align: justify;\">Banky a pois\u0165ovne\r\n\r\n\r\n\r\n<\/li>\r\n\r\n\r\n<\/ul>\r\n\r\n<\/div>\r\n\r\n<div class=\"uk-width-large-1-2 uk-width-medium-1-2 uk-width-small-1-1\">\r\n\r\n<ul class=\"dodavatel-poziadavky-ul\">\r\n\t<li style=\"text-align: justify;\">Budovy verejnej spr\u00e1vy\r\n\r\n\r\n<\/li>\r\n\t<li style=\"text-align: justify;\">Nemocnice a zdravotn\u00edcke zariadenia\r\n\r\n\r\n<\/li>\r\n<li style=\"text-align: justify;\">Kult\u00farne, z\u00e1bavn\u00e9 a \u0161portov\u00e9 centr\u00e1\r\n\r\n\r\n\r\n<\/li>\r\n<li style=\"text-align: justify;\">Kongresov\u00e9 a v\u00fdstavn\u00e9 are\u00e1ly\r\n\r\n\r\n<\/li>\r\n<li style=\"text-align: justify;\">\u0160koly a \u0161koliace stredisk\u00e1\r\n\r\n\r\n<\/li>\r\n\r\n\r\n<\/ul>\r\n\r\n<\/div>\r\n<\/div>\r\n\r\n\r\n<p style=\"text-align: justify;\">\r\nRadi V\u00e1m priprav\u00edme n\u00e1vrh u\u0161it\u00fd na mieru Va\u0161im potreb\u00e1m alebo n\u00e1m pop\u00ed\u0161te va\u0161u energetick\u00fa spotrebu v <a href=\"https:\/\/jut.sk\/jut-energie\/dopytovy-formular\/\">Dopytovom formul\u00e1ri<\/a> a my v\u00e1s u\u017e kontaktujeme.\r\n<\/p>\r\n\r\n\r\n<\/div>\r\n<\/div>\r\n\r\n\r\n<div class=\"uk-grid uk-margin-large uk-grid-large\">\r\n<div class=\"uk-width-large-1-2 uk-width-medium-1-1 tm-padding-large uk-padding-top-remove\">\r\n<h2 class=\"h2-red-left-line\">N\u00e1vrh, mont\u00e1\u017e a servis fotovoltiky<\/h2>\r\n<p style=\"text-align: justify;\">Pre ak\u00fdko\u013evek syst\u00e9m fotovoltiky sa rozhodnete &#8211; <strong>Zabezpe\u010d\u00edme V\u00e1m realiz\u00e1ciu fotovoltiky na k\u013e\u00fa\u010d.<\/strong>\r\n Od n\u00e1vrhu vhodn\u00e9ho rie\u0161enia, cez mont\u00e1\u017e a rev\u00edziu, a\u017e po n\u00e1sledn\u00fd servis a \u00fadr\u017ebu. <\/p>\r\n<p style=\"text-align: justify;\">Sme spolo\u010dnos\u0165, ktor\u00e1 dr\u017e\u00ed slovo !<\/p>\r\n<div class=\"jut-cta-button\"><a class=\"uk-button uk-button-primary\" href=\"https:\/\/jut.sk\/jut-energie\/dopytovy-formular\/\">Chcem cenov\u00fa ponuku<\/a><\/div>\r\n<\/div>\r\n\r\n<div class=\"uk-width-large-1-2 uk-width-medium-1-1 tm-padding-large\">\r\n<div class=\"uk-grid jut-windows\">\r\n<div class=\"uk-width-large-1-2 uk-width-medium-1-2 uk-width-small-1-2 uk-grid-margin\">\r\n<div class=\"uk-panel jut-window-energie-referencie\">\r\n<div class=\"jut-window-image\">\u00a0<\/div>\r\n<div class=\"jut-window-gradient\">\u00a0<\/div>\r\n<div class=\"jut-window-caption\">\r\n<h3 class=\"jut-window-title\">Referencie<\/h3>\r\n<\/div>\r\n<p>Viac inform\u00e1ci\u00ed <img decoding=\"async\" class=\"jut-sipka-window-right\" src=\"https:\/\/jut.sk\/wp-content\/uploads\/2019\/10\/arrow-right-white.svg\" \/><\/p>\r\n<a href=\"https:\/\/jut.sk\/jut-energie\/referencie\/\">Viac inform\u00e1ci\u00ed<\/a><\/div>\r\n<\/div>\r\n<div class=\"uk-width-large-1-2 uk-width-medium-1-2 uk-width-small-1-2 uk-grid-margin\">\r\n<div class=\"uk-panel jut-window-dodavatel-2\">\r\n<div class=\"jut-window-image\">\u00a0<\/div>\r\n<div class=\"jut-window-gradient\">\u00a0<\/div>\r\n<div class=\"jut-window-caption\">\r\n<h3 class=\"jut-window-title\">Dopytov\u00fd formul\u00e1r<\/h3>\r\n<\/div>\r\n<p>Viac inform\u00e1ci\u00ed <img decoding=\"async\" class=\"jut-sipka-window-right\" src=\"https:\/\/jut.sk\/wp-content\/uploads\/2019\/10\/arrow-right-white.svg\" \/><\/p>\r\n<a href=\"https:\/\/jut.sk\/jut-energie\/dopytovy-formular\/\">Viac inform\u00e1ci\u00ed<\/a><\/div>\r\n<\/div>\r\n<\/div>\r\n\r\n<\/div>\r\n<\/div>\r\n","protected":false},"excerpt":{"rendered":"<p>Ak\u00e9 s\u00fa v\u00fdhody in\u0161tal\u00e1cie fotovoltiky do Va\u0161ej firmy od JUT ? Zn\u00ed\u017eenia prev\u00e1dzkov\u00fdch n\u00e1kladov Zn\u00ed\u017eenie da\u0148ov\u00e9ho za\u0165a\u017eenia prev\u00e1dzkovate\u013ea odpisovan\u00edm zariadenia Zv\u00fd\u0161enie hodnoty Va\u0161ej firmy ECO-friendly imid\u017e spolo\u010dnosti fotovoltika pre firmy Zameriavame sa na rie\u0161enia sol\u00e1rnych syst\u00e9mov pre firmy, ktor\u00e9 maj\u00fa vysok\u00fa energetick\u00fa n\u00e1ro\u010dnos\u0165 hlavne po\u010das d\u0148a, kedy vieme dosiahnu\u0165 maxim\u00e1lnu efektivitu vynalo\u017een\u00fdch prostriedkov do fotovoltaiky. [&hellip;]<\/p>\n","protected":false},"author":1,"featured_media":0,"parent":0,"menu_order":0,"comment_status":"closed","ping_status":"closed","template":"","meta":{"inline_featured_image":false,"mrp_rating_form_position":"","mrp_rating_results_position":"","mrp_structured_data_type":"","mrp_allow_anonymous":"","mrp_rating_form_id":"","footnotes":""},"multi-rating-pro":{"rating_form":0},"_links":{"self":[{"href":"https:\/\/jut.sk\/jut-energie\/wp-json\/wp\/v2\/pages\/8"}],"collection":[{"href":"https:\/\/jut.sk\/jut-energie\/wp-json\/wp\/v2\/pages"}],"about":[{"href":"https:\/\/jut.sk\/jut-energie\/wp-json\/wp\/v2\/types\/page"}],"author":[{"embeddable":true,"href":"https:\/\/jut.sk\/jut-energie\/wp-json\/wp\/v2\/users\/1"}],"replies":[{"embeddable":true,"href":"https:\/\/jut.sk\/jut-energie\/wp-json\/wp\/v2\/comments?post=8"}],"version-history":[{"count":10,"href":"https:\/\/jut.sk\/jut-energie\/wp-json\/wp\/v2\/pages\/8\/revisions"}],"predecessor-version":[{"id":203,"href":"https:\/\/jut.sk\/jut-energie\/wp-json\/wp\/v2\/pages\/8\/revisions\/203"}],"wp:attachment":[{"href":"https:\/\/jut.sk\/jut-energie\/wp-json\/wp\/v2\/media?parent=8"}],"curies":[{"name":"wp","href":"https:\/\/api.w.org\/{rel}","templated":true}]}}