{"id":14,"date":"2023-04-14T11:16:53","date_gmt":"2023-04-14T09:16:53","guid":{"rendered":"https:\/\/jut.sk\/jut-energie\/?page_id=14"},"modified":"2023-05-03T12:11:33","modified_gmt":"2023-05-03T10:11:33","slug":"caste-otazky","status":"publish","type":"page","link":"https:\/\/jut.sk\/jut-energie\/caste-otazky\/","title":{"rendered":"\u010cast\u00e9 ot\u00e1zky"},"content":{"rendered":"<h1 class=\"h1-jut h-jut-horizontal-line\">\u010cast\u00e9 ot\u00e1zky a odpovede &#8211; fotovoltika<\/h1>\r\n\r\n<\/br><\/br>\r\n<h3 class=\"\">\r\nPre\u010do by som mal vyu\u017e\u00edva\u0165 sol\u00e1rnu energiu ?<\/h3>\r\n\n<div class=\"uk-accordion uk-text-left jut-faq\" data-uk-accordion=\"{}\">\n\n\n    <h3 class=\"uk-accordion-title\">Ak\u00e9 s\u00fa finan\u010dn\u00e9 v\u00fdhody slne\u010dnej energie?<\/h3>\n\n    <div class=\"uk-accordion-content\">\n\n        \n        \n        \n                <div class=\"uk-margin\">Ke\u010f na svoju nehnute\u013enos\u0165 nain\u0161talujete sol\u00e1rny syst\u00e9m, <strong>u\u0161etr\u00edte peniaze za \u00fa\u010dty za elektrinu<\/strong> a budete sa chr\u00e1ni\u0165 pred zvy\u0161ovan\u00edm cien elektriny v bud\u00facnosti. To, ko\u013eko m\u00f4\u017eete u\u0161etri\u0165, z\u00e1vis\u00ed od sadzieb za energie a sol\u00e1rnej produkcie vo va\u0161ej oblasti, ale sol\u00e1rna energia je m\u00fadra invest\u00edcia bez oh\u013eadu na to, kde \u017eijete.<\/div>\n        \n        \n        \n        \n    <\/div>\n\n\n    <h3 class=\"uk-accordion-title\">Ak\u00e9 s\u00fa environment\u00e1lne v\u00fdhody slne\u010dnej energie?<\/h3>\n\n    <div class=\"uk-accordion-content\">\n\n        \n        \n        \n                <div class=\"uk-margin\">Sol\u00e1rna energia alebo slne\u010dn\u00e1 energia rovnako ako ostatn\u00e9 obnovite\u013en\u00e9 zdroje energie , m\u00e1 mnoho priazniv\u00fdch \u00fa\u010dinkov na \u017eivotn\u00e9 prostredie a zdravie . Slne\u010dn\u00e1 energia zni\u017euje emisie sklen\u00edkov\u00fdch plynov , ktor\u00e9 prispievaj\u00fa k zmene kl\u00edmy, a taktie\u017e m\u00e1 za n\u00e1sledok menej zne\u010dis\u0165uj\u00facich l\u00e1tok v ovzdu\u0161\u00ed, ako je oxid siri\u010dit\u00fd a pevn\u00e9 \u010dastice, ktor\u00e9 m\u00f4\u017eu sp\u00f4sobi\u0165 zdravotn\u00e9 probl\u00e9my.<\/div>\n        \n        \n        \n        \n    <\/div>\n\n\n    <h3 class=\"uk-accordion-title\">Ako zist\u00edm, ko\u013eko plat\u00edm za elektrinu?<\/h3>\n\n    <div class=\"uk-accordion-content\">\n\n        \n        \n        \n                <div class=\"uk-margin\">Naj\u013eah\u0161\u00ed sp\u00f4sob, ako zisti\u0165, ko\u013eko plat\u00edte za elektrinu (a ko\u013eko elektriny mesa\u010dne spotrebujete), je pozrie\u0165 sa na svoj \u00fa\u010det za elektrick\u00fa energiu. \u00da\u010det n\u00e1m tak isto m\u00f4\u017eete zasla\u0165 prostredn\u00edctvom dopytov\u00e9ho formul\u00e1ra alebo mailovej adresy a prepo\u010det spotreby na zostavenie sol\u00e1rneho syst\u00e9mu samozrejme zabezpe\u010d\u00edme.<\/div>\n        \n        \n        \n        \n    <\/div>\n\n\n    <h3 class=\"uk-accordion-title\">Ako ovplyvn\u00ed in\u0161tal\u00e1cia fotovoltaickej elektr\u00e1rne hodnotu mojej nehnute\u013enosti?<\/h3>\n\n    <div class=\"uk-accordion-content\">\n\n        \n        \n        \n                <div class=\"uk-margin\">\u0160t\u00fadie uk\u00e1zali, \u017ee domy so sol\u00e1rnymi syst\u00e9mami sa pred\u00e1vaj\u00fa viac ako dom\u00e1cnosti bez nich. Sol\u00e1rne panely v skuto\u010dnosti zv\u00fd\u0161ia hodnotu v\u00e1\u0161ho majetku viac ako rekon\u0161trukcia kuchyne. Pri k\u00fape nehnute\u013enosti sa ka\u017ed\u00fd z\u00e1ujemca p\u00fdta: Ak\u00e9 s\u00fa mesa\u010dn\u00e9 n\u00e1klady nehnute\u013enosti? My v\u00e1m na t\u00fato ot\u00e1zku dok\u00e1\u017eeme jednoducho odpoveda\u0165.\n\n<\/div>\n        \n        \n        \n        \n    <\/div>\n\n\n<\/div>\n\r\n\r\n<\/br><\/br>\r\n<h3 class=\"\">Ako funguj\u00fa sol\u00e1rne panely ?<\/h3>\r\n\n<div class=\"uk-accordion uk-text-left jut-faq\" data-uk-accordion=\"{showfirst: false}\">\n\n\n    <h3 class=\"uk-accordion-title\">Ako funguj\u00fa sol\u00e1rne fotovoltaick\u00e9 panely?<\/h3>\n\n    <div class=\"uk-accordion-content\">\n\n        \n        \n        \n                <div class=\"uk-margin\">Sol\u00e1rne panely absorbuj\u00fa slne\u010dn\u00fa energiu po cel\u00fd de\u0148 a premie\u0148aj\u00fa ju na jednosmern\u00fd pr\u00fad (DC). V\u00e4\u010d\u0161ina domov a firiem pracuje na striedavom pr\u00fade (AC), tak\u017ee jednosmern\u00e1 energia je potom veden\u00e1 cez meni\u010d, aby sa premenila na pou\u017eite\u013en\u00fd striedav\u00fd pr\u00fad, ktor\u00fd pou\u017eijete vo svojom dome alebo ho uskladn\u00edte do bat\u00e9ri\u00ed, do ohrevu vody alebo inej formy vyu\u017eitia prebytkov.\n\n<\/div>\n        \n        \n        \n        \n    <\/div>\n\n\n    <h3 class=\"uk-accordion-title\">Produkuj\u00fa moje sol\u00e1rne panely energiu, ke\u010f nesvieti slnko?<\/h3>\n\n    <div class=\"uk-accordion-content\">\n\n        \n        \n        \n                <div class=\"uk-margin\">Mno\u017estvo energie, ktor\u00fa m\u00f4\u017ee v\u00e1\u0161 sol\u00e1rny syst\u00e9m generova\u0165, z\u00e1vis\u00ed od slne\u010dn\u00e9ho \u017eiarenia. V\u00fdsledkom je, \u017ee va\u0161e sol\u00e1rne panely bud\u00fa produkova\u0165 o nie\u010do menej energie, ke\u010f je po\u010dasie zamra\u010den\u00e9 , a v noci \u017eiadnu energiu. Av\u0161ak treba bra\u0165 do \u00favahy aj panely, ktor\u00e9 s\u00fa vo va\u0161ej fotovoltaickej elektr\u00e1rni z\u00e1kladom. Na\u0161a firma vyu\u017e\u00edva najefekt\u00edvnej\u0161ie sol\u00e1rne panely, ktor\u00e9 maj\u00fa vysok\u00fa produkciu energie aj v zamra\u010denom po\u010das\u00ed, tieto panely s\u00fa od spolo\u010dnosti Q-CELLS, kde treba na t\u00fato skuto\u010dnos\u0165 myslie\u0165, preto\u017ee mnoho mont\u00e1\u017enych firiem sa sna\u017e\u00ed zn\u00ed\u017ei\u0165 cenu ich sol\u00e1rnych zost\u00e1v pou\u017eit\u00edm lacn\u00fdch panelov ako napr\u00edklad panelov zna\u010dky Amerisolar. Vo v\u0161eobecnosti plat\u00ed, \u017ee vzh\u013eadom na vysok\u00e9 n\u00e1klady na elektrick\u00fa energiu a finan\u010dn\u00e9 podpory je v\u0161ak sol\u00e1rna energia m\u00fadrym rozhodnut\u00edm, aj ke\u010f \u017eijete v menej slne\u010dnej oblasti.<\/div>\n        \n        \n        \n        \n    <\/div>\n\n\n    <h3 class=\"uk-accordion-title\">\u010co sa stane, ak je na sol\u00e1rnych paneloch sneh?<\/h3>\n\n    <div class=\"uk-accordion-content\">\n\n        \n        \n        \n                <div class=\"uk-margin\">Sol\u00e1rne panely premie\u0148aj\u00fa slne\u010dn\u00e9 \u017eiarenie na energiu, tak\u017ee ak s\u00fa va\u0161e panely pokryt\u00e9 snehom, nedok\u00e1\u017eu vyr\u00e1ba\u0165 elektrick\u00fa energiu . Sneh spravidla nie je dostato\u010dne \u0165a\u017ek\u00fd, aby sp\u00f4sobil \u0161truktur\u00e1lne probl\u00e9my s va\u0161imi panelmi, a preto\u017ee v\u00e4\u010d\u0161ina panelov je naklonen\u00e1 pod ur\u010dit\u00fdm uhlom, sneh sa zosunie.\n\n<\/div>\n        \n        \n        \n        \n    <\/div>\n\n\n    <h3 class=\"uk-accordion-title\">M\u00f4\u017eem sa s in\u0161tal\u00e1ciou sol\u00e1rnych panelov odpoji\u0165 od siete ?<\/h3>\n\n    <div class=\"uk-accordion-content\">\n\n        \n        \n        \n                <div class=\"uk-margin\">Ke\u010f na svoju nehnute\u013enos\u0165 nain\u0161talujete sol\u00e1rne panely, budete st\u00e1le pripojen\u00ed k sieti. To v\u00e1m umo\u017en\u00ed \u010derpa\u0165 zo siete, ke\u010f v\u00e1\u0161 syst\u00e9m nevyr\u00e1ba v\u0161etku potrebn\u00fa energiu, a odosiela\u0165 energiu sp\u00e4\u0165 do siete, ke\u010f vyr\u00e1bate viac, ako spotrebujete. Od\u00eds\u0165 zo siete je mo\u017en\u00e9 pomocou sol\u00e1rneho syst\u00e9mu, ktor\u00fd zah\u0155\u0148a skladovanie bat\u00e9ri\u00ed, tzv. ostrovn\u00fd syst\u00e9m (OFF GRID), ale bude to st\u00e1\u0165 ove\u013ea viac a pre v\u00e4\u010d\u0161inu majite\u013eov domov je to zbyto\u010dn\u00e9.\n\n<\/div>\n        \n        \n        \n        \n    <\/div>\n\n\n    <h3 class=\"uk-accordion-title\">Dostanem st\u00e1le \u00fa\u010det za elektrinu, ak m\u00e1m fotovoltaick\u00fa elektr\u00e1re\u0148 ?<\/h3>\n\n    <div class=\"uk-accordion-content\">\n\n        \n        \n        \n                <div class=\"uk-margin\">Pokia\u013e je v\u00e1\u0161 sol\u00e1rny syst\u00e9m pripojen\u00fd k distribu\u010dnej sieti st\u00e1le v\u00e1m bude doru\u010den\u00fd \u00fa\u010det od v\u00e1\u0161ho dod\u00e1vate\u013ea energie. S fotovoltaickou elektr\u00e1r\u0148ou (FVE) , ktor\u00e1 zodpoved\u00e1 va\u0161ej spotrebe energie, v\u0161ak m\u00f4\u017eete v\u00fdrazne zn\u00ed\u017ei\u0165 svoj \u00fa\u010det alebo dokonca v niektor\u00fdch pr\u00edpadoch plati\u0165 iba fixn\u00fa \u010diastku za elektromer.\n\n<\/div>\n        \n        \n        \n        \n    <\/div>\n\n\n    <h3 class=\"uk-accordion-title\">Funguj\u00fa sol\u00e1rne panely pri v\u00fdpadku pr\u00fadu?<\/h3>\n\n    <div class=\"uk-accordion-content\">\n\n        \n        \n        \n                <div class=\"uk-margin\">Ak je v\u00e1\u0161 sol\u00e1rny panel pripojen\u00fd k sieti v pr\u00edpade v\u00fdpadku pr\u00fadu, sa vypne. Toto m\u00e1 zabr\u00e1ni\u0165 tomu, aby va\u0161e panely odosielali energiu sp\u00e4\u0165 do siete, a teda aby reagovali na n\u00fadzov\u00e9 situ\u00e1cie a osoby vykon\u00e1vaj\u00face opravu elektriza\u010dnej s\u00fastavy. Pon\u00fakame v\u0161ak hybridn\u00e9 meni\u010de, ktor\u00e9 poskytuj\u00fa z\u00e1lo\u017en\u00e9 nap\u00e1janie pri v\u00fdpadku pr\u00fadu pri sp\u00e1rovan\u00ed s bat\u00e9riou, v tomto pr\u00edpade prejde va\u0161a fotovoltaick\u00e1 elektr\u00e1re\u0148 do re\u017eimu black out.\n\n<\/div>\n        \n        \n        \n        \n    <\/div>\n\n\n    <h3 class=\"uk-accordion-title\">Ko\u013eko bude st\u00e1\u0165 \u00fadr\u017eba sol\u00e1rnych panelov?<\/h3>\n\n    <div class=\"uk-accordion-content\">\n\n        \n        \n        \n                <div class=\"uk-margin\">Sol\u00e1rne panely alebo fotovoltaick\u00e9 moduly s\u00fa vyroben\u00e9 z odoln\u00fdch, tvrden\u00fdch materi\u00e1lov so \u017eivotnos\u0165ou 25 a viac rokov, pokia\u013e bud\u00fa generova\u0165 energiu, kde vy\u017eaduj\u00fa mal\u00fa a\u017e \u017eiadnu \u00fadr\u017ebu . Vo v\u00e4\u010d\u0161ine pr\u00edpadov ani nepotrebujete sol\u00e1rne panely pravidelne \u010disti\u0165. Ak sa v\u0161ak nie\u010do stane, sme tu pre v\u00e1s a nev\u00e1hajte n\u00e1s kontaktova\u0165.\n\n<\/div>\n        \n        \n        \n        \n    <\/div>\n\n\n    <h3 class=\"uk-accordion-title\">Ak\u00e1 je ro\u010dn\u00e1 produkcia fotovoltaick\u00fdch panelov ?<\/h3>\n\n    <div class=\"uk-accordion-content\">\n\n        \n        \n        \n                <div class=\"uk-margin\">V\u00fdkon panelov ud\u00e1vame v jednotk\u00e1ch Wp (watt peak), tento v\u00fdkon ozna\u010dujeme aj ako \u0161pi\u010dkov\u00fd v\u00fdkon. Parameter je z\u00edskan\u00fd meran\u00edm v ide\u00e1lnom testovacom prostred\u00ed, ktor\u00e9 je pri intenzite dopadaj\u00faceho \u017eiarenia 1000 W\/m\u00b2 a teplote okolia 25 \u00b0C. Sol\u00e1rne panely na \u00fazem\u00ed Slovenskej republiky vyrobia v priemere na 1 kWp v\u00fdkonu za rok 1200 a\u017e 1300 kWh, inak povedan\u00e9 v\u00fdkon elektr\u00e1rne vyn\u00e1sob\u00edme koeficientom 1,2 \u2013 1,3 a dostaneme ro\u010dn\u00fa produkciu. Je dobr\u00e9 poveda\u0165, \u017ee v\u00fdkon fotovoltaick\u00fdch panelov na na\u0161om \u00fazem\u00ed z roka na rok rastie a to v d\u00f4sledku rast\u00facej slne\u010dnej intenzity na na\u0161om \u00fazem\u00ed.\n\n<\/div>\n        \n        \n        \n        \n    <\/div>\n\n\n    <h3 class=\"uk-accordion-title\">Ko\u013eko vyrobia fotovoltaick\u00e9 panely v mojej lokalite ?<\/h3>\n\n    <div class=\"uk-accordion-content\">\n\n        \n        \n        \n                <div class=\"uk-margin\">Najpou\u017e\u00edvanej\u0161\u00ed n\u00e1stroj na meranie v\u00fdkonu fotovoltaickej elektr\u00e1rne je prostredn\u00edctvom webov\u00e9ho port\u00e1lu PVGIS. N\u00e1stroj umo\u017e\u0148uje navoli\u0165 konkr\u00e9tnu adresu miesta in\u0161tal\u00e1cie, kde pod\u013ea prepo\u010dtov intenzity slne\u010dn\u00e9ho \u017eiarenia a vplyvov teploty vyhodnot\u00ed ro\u010dn\u00fa produkciu fotovoltaickej elektr\u00e1rne aj s grafick\u00fdm zobrazen\u00edm produkcie v jednotliv\u00fdch mesiacoch.\n\n<\/div>\n        \n        \n        \n        \n    <\/div>\n\n\n<\/div>\n\r\n\r\n<\/br><\/br>\r\n<h3 class=\"\">Je pre m\u0148a fotovoltaick\u00e1 elektr\u00e1re\u0148 vhodn\u00e1 ?<\/h3>\r\n\n<div class=\"uk-accordion uk-text-left jut-faq\" data-uk-accordion=\"{showfirst: false}\">\n\n\n    <h3 class=\"uk-accordion-title\">M\u00f4\u017eem si fotovoltaick\u00fa elektr\u00e1re\u0148 dovoli\u0165 ?<\/h3>\n\n    <div class=\"uk-accordion-content\">\n\n        \n        \n        \n                <div class=\"uk-margin\">Ak si m\u00f4\u017eete dovoli\u0165 zaplati\u0165 svoj \u00fa\u010det za elektrinu, m\u00f4\u017eete si dovoli\u0165 aj in\u0161tal\u00e1ciu slne\u010dnej fotovoltaickej elektr\u00e1rne. V s\u00fa\u010dasnosti existuj\u00fa formy bankov\u00e9ho financovania, ktor\u00e9 umo\u017e\u0148uj\u00fa refinancova\u0165 zriadenie celej sol\u00e1rnej elektr\u00e1rne a to s minim\u00e1lnym nav\u00fd\u0161en\u00edm. Okrem toho, ako je dobre zn\u00e1me, s\u00fa k dispoz\u00edcii \u0161t\u00e1tne formy podpory, <strong>dot\u00e1cie<\/strong>, ktor\u00e9 V\u00e1m so zak\u00fapen\u00edm syst\u00e9mu u n\u00e1s z\u00edskame a vybav\u00edme cel\u00fa administrat\u00edvu. Dot\u00e1cie na Slovensku nie s\u00fa vyspel\u00e9 v takej miere ako v susednom \u010cesku, kde na sol\u00e1rny syst\u00e9m dok\u00e1\u017eete z\u00edska\u0165 a\u017e 8000 \u20ac, ale predsa dok\u00e1\u017eu obstar\u00e1vaciu cenu sol\u00e1rnej elektr\u00e1rne zn\u00ed\u017ei\u0165. <strong>Na\u0161a firma pon\u00faka unik\u00e1tnu mo\u017enos\u0165 z\u00edskania z\u013eavy<\/strong> na  fotovoltaick\u00fa elektr\u00e1re\u0148 aj v \u010dase ak dot\u00e1cie u\u017e nie s\u00fa vo\u013en\u00e9, ak sa chcete o tejto mo\u017enosti dozvedie\u0165 viac, nev\u00e1hajte n\u00e1s kontaktova\u0165.<\/div>\n        \n        \n        \n        \n    <\/div>\n\n\n    <h3 class=\"uk-accordion-title\">Je moja strecha vhodn\u00e1 pre sol\u00e1rne panely ?<\/h3>\n\n    <div class=\"uk-accordion-content\">\n\n        \n        \n        \n                <div class=\"uk-margin\">Ju\u017ene orientovan\u00e9 strechy s mal\u00fdm a\u017e \u017eiadnym tie\u0148om a dostato\u010dn\u00fdm priestorom na umiestnenie sol\u00e1rneho panelov\u00e9ho syst\u00e9mu s\u00fa ide\u00e1lne na in\u0161tal\u00e1ciu sol\u00e1rnej elektr\u00e1rne . V mnoh\u00fdch pr\u00edpadoch v\u0161ak vieme zrealizova\u0165 rie\u0161enia, ak v\u00e1\u0161 rodinn\u00fd dom nem\u00e1 ide\u00e1lnu orient\u00e1ciu strechy.\n\n<\/div>\n        \n        \n        \n        \n    <\/div>\n\n\n    <h3 class=\"uk-accordion-title\">Ak\u00fa ve\u013ekos\u0165 fotovoltaickej elektr\u00e1rne potrebujem ?<\/h3>\n\n    <div class=\"uk-accordion-content\">\n\n        \n        \n        \n                <div class=\"uk-margin\">Ve\u013ekos\u0165 v\u00e1\u0161ho sol\u00e1rneho syst\u00e9mu bude z\u00e1visie\u0165 na tom, ko\u013eko elektrickej energie treba pou\u017ei\u0165 na mesa\u010dnej b\u00e1ze, ako aj slne\u010dnej intenzite v lokalite kde \u017eijete. Pozrite sa na svoje predch\u00e1dzaj\u00face \u00fa\u010dty za elektrinu a pod\u013ea nich si vyberte z na\u0161ich sol\u00e1rnych zost\u00e1v, ktor\u00e9 s\u00fa prisp\u00f4soben\u00e9 pod\u013ea va\u0161ej ro\u010dnej spotreby elektrickej energie. Fotovoltaick\u00fd syst\u00e9m by mal by\u0165 dimenzovan\u00fd a rie\u0161en\u00fd tak, aby sa maximum vyprodukovanej elektrickej energie spotrebovalo na mieste, za pr\u00edpadn\u00e9 sp\u00e4tn\u00e9 dod\u00e1vky do siete rozumne ni\u010d nez\u00edskate. Vo v\u0161eobecnosti sa odpor\u00fa\u010da, aby bola ro\u010dn\u00e1 produkcia fotovoltaiky pod\u013ea charakteru spotreby elektrickej energie a pr\u00edpadnej akumul\u00e1cie v bat\u00e9ri\u00e1ch na \u00farovni 1\/2 a\u017e 2\/3 celoro\u010dnej spotreby. Takto je mo\u017en\u00e9 dosiahnu\u0165 rozumn\u00fa \u00farove\u0148 vyu\u017eitia elektriny vygenerovanej panelmi a minimalizova\u0165 nevyu\u017eit\u00e9 prebytky.\n\nPri dimenzovan\u00ed kapacity bat\u00e9ri\u00ed sa vych\u00e1dza z dennej priemernej produkcie fotovoltaiky. Kapacita bat\u00e9ri\u00ed by mala by\u0165 orienta\u010dne v rozsahu 25 \u2013 40 % dennej produkcie. V pr\u00edpade fotovoltaiky s v\u00fdkonom 3 kWp teda optim\u00e1lne v rozmedz\u00ed 5 \u2013 7 kWh kapacity bat\u00e9ri\u00ed.\n\nTieto odpor\u00fa\u010dania s\u00fa orienta\u010dn\u00e9, optim\u00e1lny v\u00fdkon z\u00e1vis\u00ed od toho, na \u010do v\u0161etko budete fotovoltaiku pou\u017e\u00edva\u0165 alebo viete pou\u017ei\u0165. V pr\u00edpade rie\u0161enia s vyu\u017eit\u00edm prebytkov na ohrev vody je mo\u017en\u00e9 zvoli\u0165 aj vy\u0161\u0161\u00ed v\u00fdkon.<\/div>\n        \n        \n        \n        \n    <\/div>\n\n\n    <h3 class=\"uk-accordion-title\">Je mo\u017en\u00e9 po in\u0161tal\u00e1cii sol\u00e1rnych panelov rekon\u0161truova\u0165 strechu ?<\/h3>\n\n    <div class=\"uk-accordion-content\">\n\n        \n        \n        \n                <div class=\"uk-margin\">Svojim z\u00e1kazn\u00edkom odpor\u00fa\u010dame potrebn\u00fa rekon\u0161trukciu strechy zrealizova\u0165 pred in\u0161tal\u00e1ciou fotovoltaick\u00e9ho syst\u00e9mu. Stabilita a stav strechy sa konzultuje aj v de\u0148 obhliadky na\u0161im technikom, ak vznikne situ\u00e1cia kedy technik in\u0161tal\u00e1ciu neodporu\u010d\u00ed navrhn\u00fa sa \u010fal\u0161ie rie\u0161enia. Ak na strane z\u00e1kazn\u00edka vznikne situ\u00e1cia, \u017ee rekon\u0161trukcia strechy je nutn\u00e1 v \u010dase, kedy je fotovoltaick\u00fd syst\u00e9m u\u017e nain\u0161talovan\u00fd nev\u00e1hajte n\u00e1s kontaktova\u0165 a na\u0161i technici zariadenie odpoja z prev\u00e1dzky a syst\u00e9m nain\u0161taluj\u00fa hne\u010f ako to bude z va\u0161ej strany mo\u017en\u00e9, t\u00e1to slu\u017eba je spoplatnen\u00e1 pod\u013ea n\u00e1ro\u010dnosti \u00fakonov potrebn\u00fdch na odin\u0161talovanie a op\u00e4tovn\u00e9 nain\u0161talovanie syst\u00e9mu.\n\n<\/div>\n        \n        \n        \n        \n    <\/div>\n\n\n    <h3 class=\"uk-accordion-title\">Ako dlho vydr\u017e\u00ed sol\u00e1rny syst\u00e9m ?<\/h3>\n\n    <div class=\"uk-accordion-content\">\n\n        \n        \n        \n                <div class=\"uk-margin\">Sol\u00e1rne panely s\u00fa vo v\u0161eobecnosti ve\u013emi odoln\u00e9 a odol\u00e1vaj\u00fa snehu, vetru a krupobitiu, z\u00e1ruka na 80% v\u00fdkonu je 25 rokov av\u0161ak ich produkcia prevy\u0161uje hranicu 30 rokov. Ostatn\u00e9 komponenty elektr\u00e1rne maj\u00fa ni\u017e\u0161iu z\u00e1ru\u010dn\u00fa dobu, ich \u017eivotnos\u0165 z\u00e1vis\u00ed od ich celkov\u00e9ho vy\u0165a\u017eenia v syst\u00e9me, av\u0161ak st\u00e1le sa bav\u00edme o \u017eivotnosti minim\u00e1lne 15 rokov. Ak nastane situ\u00e1cia, ke\u010f zariadenie strat\u00ed funk\u010dnos\u0165 v jeho z\u00e1ru\u010dnej dobe, sme tu pre v\u00e1s a dan\u00fd komponent vyreklamujeme pod\u013ea platn\u00e9ho reklama\u010dn\u00e9ho poriadku. Na z\u00e1ver je nutn\u00e9 poveda\u0165, \u017ee komponenty, ktor\u00e9 pou\u017e\u00edvame pri stavbe na\u0161ich fotovoltaick\u00fdch elektr\u00e1rn\u00ed sa vyzna\u010duj\u00fa vysok\u00fdmi kvalitat\u00edvnymi \u0161tandardmi a potreba ich servisu je minim\u00e1lna, a\u017e miziv\u00e1.\n\n<\/div>\n        \n        \n        \n        \n    <\/div>\n\n\n    <h3 class=\"uk-accordion-title\">Ako si vybra\u0165 zhotovite\u013ea fotovoltaickej elektr\u00e1rne ?<\/h3>\n\n    <div class=\"uk-accordion-content\">\n\n        \n        \n        \n                <div class=\"uk-margin\">Tento krok je pri rozhodnut\u00ed sa pre in\u0161tal\u00e1ciu sol\u00e1rneho syst\u00e9mu najd\u00f4le\u017eitej\u0161\u00ed. Situ\u00e1cia na Slovensku je pri v\u00fdbere zhotovite\u013ea zlo\u017eitej\u0161ia ako v na\u0161ich susedn\u00fdch krajin\u00e1ch. Na na\u0161om trhu p\u00f4sob\u00ed mal\u00e9 mno\u017estvo zhotovite\u013eov a preto svoje cenov\u00e9 ponuky za sol\u00e1rne syst\u00e9my v\u00fdrazne navy\u0161uj\u00fa vzh\u013eadom na kvalitu pon\u00fakan\u00fdch komponentov. A \u010do viac realiz\u00e1cia in\u0161tal\u00e1cie fotovoltaickej elektr\u00e1rne na va\u0161ej nehnute\u013enosti m\u00f4\u017ee by\u0165 a\u017e o nieko\u013eko t\u00fd\u017ed\u0148ov, \u010di mesiacov od zaplatenia, z d\u00f4vodu mno\u017estva objedn\u00e1vok. Ideou na\u0161ej firmy je poskytova\u0165 najnov\u0161ie technol\u00f3gie za priate\u013esk\u00e9 ceny, kde in\u0161tal\u00e1cia na\u0161ich pon\u00fakan\u00fdch syst\u00e9mov je preveden\u00e1 s najvy\u0161\u0161ou mo\u017enou prec\u00edznos\u0165ou a d\u00f4razom na detaily. Okrem overen\u00fdch komponentov a produktov, ktor\u00e9 zodpovedne do na\u0161ich syst\u00e9mov vyber\u00e1me, pon\u00fakame slu\u017eby, ako monitoring na\u0161ich nain\u0161talovan\u00fdch syst\u00e9mov po\u010das doby z\u00e1ruky na dielo, \u010falej predpr\u00edprava na sol\u00e1rny syst\u00e9m v novostavbe alebo z\u00e1ru\u010dn\u00e9 a poz\u00e1ru\u010dn\u00e9 servisy.\n\n<\/div>\n        \n        \n        \n        \n    <\/div>\n\n\n    <h3 class=\"uk-accordion-title\">Je potrebn\u00e9 na umiestnenie fotovoltick\u00fdch panelov na strechu stavebn\u00e9 povolenie alebo ohl\u00e1senie?<\/h3>\n\n    <div class=\"uk-accordion-content\">\n\n        \n        \n        \n                <div class=\"uk-margin\">Stavebn\u00e1 povolenie nie je potrebn\u00e9. Teda v drvivej v\u00e4\u010d\u0161ine pr\u00edpadov, ke\u010f\u017ee sa umiestnen\u00edm panelov na strechu \u201epodstatne nemen\u00ed vzh\u013ead stavby, nezasahuje sa do nosn\u00fdch kon\u0161trukci\u00ed stavby, nemen\u00ed sa sp\u00f4sob u\u017e\u00edvania stavby oproti \u00fa\u010delu, na ktor\u00fd bola p\u00f4vodn\u00e1 stavba povolen\u00e1 a neohrozuj\u00fa sa z\u00e1ujmy spolo\u010dnosti\u201c. Pri umiestnen\u00ed fotovoltaick\u00fdch panelov na strechu domu sa (\u0161tandardne) ni\u010d z toho nedeje.\n\nStavebn\u00e9 ohl\u00e1senie tie\u017e nie je potrebn\u00e9. S\u00edce to nie je jednozna\u010dne uveden\u00e9 v z\u00e1kone, najbli\u017e\u0161ie s\u00fa ustanovenia, \u017ee stavebn\u00e9 ohl\u00e1senie sa nevy\u017eaduje pri udr\u017eiavac\u00edch pr\u00e1cach, ako (okrem in\u00e9ho) opravy a v\u00fdmena stre\u0161nej krytiny alebo povrchu ploch\u00fdch striech, \u00fadr\u017eba a opravy technick\u00e9ho, energetick\u00e9ho alebo technologick\u00e9ho vybavenia stavby, ako aj v\u00fdmena jeho s\u00fa\u010dast\u00ed, ak sa t\u00fdm z\u00e1sadne nemen\u00ed jeho napojenie na verejn\u00e9 vybavenie \u00fazemia ani nezhor\u0161\u00ed vplyv stavby na okolie alebo na \u017eivotn\u00e9 prostredie.<\/div>\n        \n        \n        \n        \n    <\/div>\n\n\n<\/div>\n","protected":false},"excerpt":{"rendered":"<p>\u010cast\u00e9 ot\u00e1zky a odpovede &#8211; fotovoltika Pre\u010do by som mal vyu\u017e\u00edva\u0165 sol\u00e1rnu energiu ? Ako funguj\u00fa sol\u00e1rne panely ? Je pre m\u0148a fotovoltaick\u00e1 elektr\u00e1re\u0148 vhodn\u00e1 ?<\/p>\n","protected":false},"author":1,"featured_media":0,"parent":0,"menu_order":0,"comment_status":"closed","ping_status":"closed","template":"","meta":{"inline_featured_image":false,"mrp_rating_form_position":"","mrp_rating_results_position":"","mrp_structured_data_type":"","mrp_allow_anonymous":"","mrp_rating_form_id":"","footnotes":""},"multi-rating-pro":{"rating_form":0},"_links":{"self":[{"href":"https:\/\/jut.sk\/jut-energie\/wp-json\/wp\/v2\/pages\/14"}],"collection":[{"href":"https:\/\/jut.sk\/jut-energie\/wp-json\/wp\/v2\/pages"}],"about":[{"href":"https:\/\/jut.sk\/jut-energie\/wp-json\/wp\/v2\/types\/page"}],"author":[{"embeddable":true,"href":"https:\/\/jut.sk\/jut-energie\/wp-json\/wp\/v2\/users\/1"}],"replies":[{"embeddable":true,"href":"https:\/\/jut.sk\/jut-energie\/wp-json\/wp\/v2\/comments?post=14"}],"version-history":[{"count":13,"href":"https:\/\/jut.sk\/jut-energie\/wp-json\/wp\/v2\/pages\/14\/revisions"}],"predecessor-version":[{"id":58,"href":"https:\/\/jut.sk\/jut-energie\/wp-json\/wp\/v2\/pages\/14\/revisions\/58"}],"wp:attachment":[{"href":"https:\/\/jut.sk\/jut-energie\/wp-json\/wp\/v2\/media?parent=14"}],"curies":[{"name":"wp","href":"https:\/\/api.w.org\/{rel}","templated":true}]}}