{"id":10,"date":"2023-04-14T11:16:32","date_gmt":"2023-04-14T09:16:32","guid":{"rendered":"https:\/\/jut.sk\/jut-energie\/?page_id=10"},"modified":"2023-05-18T11:28:38","modified_gmt":"2023-05-18T09:28:38","slug":"dopytovy-formular","status":"publish","type":"page","link":"https:\/\/jut.sk\/jut-energie\/dopytovy-formular\/","title":{"rendered":"Dopytov\u00fd formul\u00e1r"},"content":{"rendered":"<div id=\"jut-fotovoltika-formular\">\r\n<p style=\"text-align: center;\"><strong>Vypl\u0148te<\/strong> nasleduj\u00faci <strong>formul\u00e1r<\/strong> v <strong>5 krokoch<\/strong> a my sa V\u00e1m sp\u00e4tne ozveme.<\/p>\r\n<\/br><\/br>\r\n\r\n\n<div class=\"wpcf7 no-js\" id=\"wpcf7-f189-o1\" lang=\"sk-SK\" dir=\"ltr\">\n<div class=\"screen-reader-response\"><p role=\"status\" aria-live=\"polite\" aria-atomic=\"true\"><\/p> <ul><\/ul><\/div>\n<form action=\"\/jut-energie\/wp-json\/wp\/v2\/pages\/10#wpcf7-f189-o1\" method=\"post\" class=\"wpcf7-form init\" aria-label=\"Kontaktn\u00fd formul\u00e1r\" novalidate=\"novalidate\" data-status=\"init\">\n<div style=\"display: none;\">\n<input type=\"hidden\" name=\"_wpcf7\" value=\"189\" \/>\n<input type=\"hidden\" name=\"_wpcf7_version\" value=\"5.9.3\" \/>\n<input type=\"hidden\" name=\"_wpcf7_locale\" value=\"sk_SK\" \/>\n<input type=\"hidden\" name=\"_wpcf7_unit_tag\" value=\"wpcf7-f189-o1\" \/>\n<input type=\"hidden\" name=\"_wpcf7_container_post\" value=\"0\" \/>\n<input type=\"hidden\" name=\"_wpcf7_posted_data_hash\" value=\"\" \/>\n<input type=\"hidden\" name=\"_wpcf7_recaptcha_response\" value=\"\" \/>\n<\/div>\n<div class=\"uk-grid uk-grid-divider uk-margin-top jut-energie-rfq-form\">\n\n<div class=\"uk-width-medium-1-2 uk-width-small-1-1\">\t\n\n<h3><span class=\"jut-form-title-number\">1<\/span> \u00dadaje \u017eiadate\u013ea<\/h3>\n\n<div class=\"uk-grid uk-margin-small\">\n\n<div class=\"uk-width-medium-1-1\">\n    <span class=\"wpcf7-form-control-wrap\" data-name=\"jut-name\"><input size=\"40\" class=\"wpcf7-form-control wpcf7-text wpcf7-validates-as-required\" aria-required=\"true\" aria-invalid=\"false\" placeholder=\"Meno a priezvisko\" value=\"\" type=\"text\" name=\"jut-name\" \/><\/span> \n<\/div>\n\n<div class=\"uk-width-medium-1-2 uk-width-small-1-1\">\n    <span class=\"wpcf7-form-control-wrap\" data-name=\"jut-tel\"><input size=\"40\" class=\"wpcf7-form-control wpcf7-tel wpcf7-validates-as-required wpcf7-text wpcf7-validates-as-tel\" aria-required=\"true\" aria-invalid=\"false\" placeholder=\"Tel. kontakt\" value=\"\" type=\"tel\" name=\"jut-tel\" \/><\/span> \n<\/div>\n\n<div class=\"uk-width-medium-1-2 uk-width-small-1-1 \">\n    <span class=\"wpcf7-form-control-wrap\" data-name=\"jut-email\"><input size=\"40\" class=\"wpcf7-form-control wpcf7-email wpcf7-validates-as-required wpcf7-text wpcf7-validates-as-email\" aria-required=\"true\" aria-invalid=\"false\" placeholder=\"E-mail\" value=\"\" type=\"email\" name=\"jut-email\" \/><\/span> \n<\/div>\n\n<div class=\"uk-width-medium-1-1\">\n    <span class=\"wpcf7-form-control-wrap\" data-name=\"jut-place\"><input size=\"40\" class=\"wpcf7-form-control wpcf7-text wpcf7-validates-as-required\" aria-required=\"true\" aria-invalid=\"false\" placeholder=\"Lokalita \/ miesto realiz\u00e1cie\" value=\"\" type=\"text\" name=\"jut-place\" \/><\/span> \n<\/div>\n<\/div>\n\n<hr>\n\n<h3><span class=\"jut-form-title-number\">2<\/span> Identifik\u00e1cia objektu<\/h3>\n\n<p class=\"jut-form-p-title\">Typ objektu pre in\u0161tal\u00e1ciu FVE panelov<\/p>\n<span class=\"wpcf7-form-control-wrap\" data-name=\"jut-typ-objektu\"><select class=\"wpcf7-form-control wpcf7-select wpcf7-validates-as-required\" aria-required=\"true\" aria-invalid=\"false\" name=\"jut-typ-objektu\"><option value=\"Rodinn\u00fd dom\">Rodinn\u00fd dom<\/option><option value=\"Bytov\u00fd dom\">Bytov\u00fd dom<\/option><option value=\"Chata\">Chata<\/option><option value=\"Firemn\u00fd objekt\">Firemn\u00fd objekt<\/option><option value=\"In\u00fd typ budovy\">In\u00fd typ budovy<\/option><\/select><\/span>\n\n<p class=\"jut-form-p-title\">Je na miesto priveden\u00e1 verejn\u00e1 elektrick\u00e1 sie\u0165 ? <\/p>\n<span class=\"wpcf7-form-control-wrap\" data-name=\"jut-ves-radio\"><span class=\"wpcf7-form-control wpcf7-radio\"><span class=\"wpcf7-list-item first\"><label><input type=\"radio\" name=\"jut-ves-radio\" value=\"\u00c1no\" checked=\"checked\" \/><span class=\"wpcf7-list-item-label\">\u00c1no<\/span><\/label><\/span><span class=\"wpcf7-list-item last\"><label><input type=\"radio\" name=\"jut-ves-radio\" value=\"Nie\" \/><span class=\"wpcf7-list-item-label\">Nie<\/span><\/label><\/span><\/span><\/span>\n\n<p class=\"jut-form-p-title\">Typ strechy \/ budovy<\/p>\n<span class=\"wpcf7-form-control-wrap\" data-name=\"jut-strecha-radio\"><span class=\"wpcf7-form-control wpcf7-radio\"><span class=\"wpcf7-list-item first\"><label><input type=\"radio\" name=\"jut-strecha-radio\" value=\"\u0160ikm\u00e1 strecha\" checked=\"checked\" \/><span class=\"wpcf7-list-item-label\">\u0160ikm\u00e1 strecha<\/span><\/label><\/span><span class=\"wpcf7-list-item last\"><label><input type=\"radio\" name=\"jut-strecha-radio\" value=\"Rovn\u00e1 strecha\" \/><span class=\"wpcf7-list-item-label\">Rovn\u00e1 strecha<\/span><\/label><\/span><\/span><\/span>\n\n<p class=\"jut-form-p-title\">\n<span class=\"wpcf7-form-control-wrap\" data-name=\"jut-krytina-text\"><input size=\"40\" class=\"wpcf7-form-control wpcf7-text wpcf7-validates-as-required\" aria-required=\"true\" aria-invalid=\"false\" placeholder=\"Typ Va\u0161ej stre\u0161nej krytiny (\u0161krid\u013ea, plech, fatrafol\u2026)\" value=\"\" type=\"text\" name=\"jut-krytina-text\" \/><\/span>\n\n<\/p>\n\n<hr>\n\n\n\n\n<\/div>\n\n<div class=\"uk-width-medium-1-2 uk-width-small-1-1\">\t\n\n<h3><span class=\"jut-form-title-number\">3<\/span> Opis fotovoltickej elektr\u00e1rne<\/h3>\n\n<p class=\"jut-form-p-title\">O ak\u00fd typ fotovoltaickej elektr\u00e1rne m\u00e1te z\u00e1ujem ?<\/p>\n\n<span class=\"wpcf7-form-control-wrap\" data-name=\"jut-typ-fve\"><select class=\"wpcf7-form-control wpcf7-select wpcf7-validates-as-required\" aria-required=\"true\" aria-invalid=\"false\" name=\"jut-typ-fve\"><option value=\"Sie\u0165ov\u00e1 ON-GRID elektr\u00e1re\u0148\">Sie\u0165ov\u00e1 ON-GRID elektr\u00e1re\u0148<\/option><option value=\"Hybridn\u00e1 elektr\u00e1re\u0148 s bat\u00e9riami\">Hybridn\u00e1 elektr\u00e1re\u0148 s bat\u00e9riami<\/option><option value=\"OFF-GRID elektr\u00e1re\u0148\">OFF-GRID elektr\u00e1re\u0148<\/option><option value=\"Doplnenie komponentov pre existuj\u00facu elektr\u00e1re\u0148\">Doplnenie komponentov pre existuj\u00facu elektr\u00e1re\u0148<\/option><option value=\"Potrebujem poradi\u0165 s v\u00fdberom\">Potrebujem poradi\u0165 s v\u00fdberom<\/option><option value=\"In\u00fd typ\">In\u00fd typ<\/option><\/select><\/span>\n<\/br><\/br>\n<hr>\n<h3><span class=\"jut-form-title-number\">4<\/span> \u010eal\u0161ie inform\u00e1cie<\/h3>\n<p class=\"jut-form-p-title\">\n<span class=\"wpcf7-form-control-wrap\" data-name=\"jut-odhad-text\"><input size=\"40\" class=\"wpcf7-form-control wpcf7-text wpcf7-validates-as-required\" aria-required=\"true\" aria-invalid=\"false\" placeholder=\"Odhad Va\u0161ej celkovej ro\u010dnej spotreby elektriny\" value=\"\" type=\"text\" name=\"jut-odhad-text\" \/><\/span><\/p>\n\n<p class=\"jut-form-p-title\">Ako pl\u00e1nujete FVE vyu\u017e\u00edva\u0165 ?<\/p>\n<span class=\"wpcf7-form-control-wrap\" data-name=\"jut-plan-vyuzitia\"><select class=\"wpcf7-form-control wpcf7-select wpcf7-validates-as-required\" aria-required=\"true\" aria-invalid=\"false\" name=\"jut-plan-vyuzitia\"><option value=\"Pokrytie spotreby bez prebytkov do siete\">Pokrytie spotreby bez prebytkov do siete<\/option><option value=\"Pokrytie spotreby s mo\u017enos\u0165ou vyu\u017e\u00edva\u0165 virtu\u00e1lnu bat\u00e9riu\">Pokrytie spotreby s mo\u017enos\u0165ou vyu\u017e\u00edva\u0165 virtu\u00e1lnu bat\u00e9riu<\/option><option value=\"Pokrytie spotreby s v\u00fdkupom prebytkov distribu\u010dnou sie\u0165ou\">Pokrytie spotreby s v\u00fdkupom prebytkov distribu\u010dnou sie\u0165ou<\/option><option value=\"Spotrebi\u010de + akumul\u00e1cia v bat\u00e9ri\u00e1ch\">Spotrebi\u010de + akumul\u00e1cia v bat\u00e9ri\u00e1ch<\/option><option value=\"Spotrebi\u010de + ohrev vody\">Spotrebi\u010de + ohrev vody<\/option><\/select><\/span>\n\n<p class=\"jut-form-p-title\">Pozn\u00e1mka k dopytu<\/p>\n<span class=\"wpcf7-form-control-wrap\" data-name=\"jut-poznamka\"><textarea cols=\"40\" rows=\"10\" class=\"wpcf7-form-control wpcf7-textarea\" aria-invalid=\"false\" placeholder=\"Va\u0161a \u0161peci\u00e1lna po\u017eiadavka\" name=\"jut-poznamka\"><\/textarea><\/span>\n<hr>\n<h3><span class=\"jut-form-title-number\">5<\/span> Odoslanie formul\u00e1ra<\/h3>\n<div class=\"uk-width-medium-1-1\">\n<p class=\"cf-p-meta\">Odoslan\u00edm spr\u00e1vy s\u00fahlas\u00edte so <a href=\"#jut-gdpr\" data-uk-modal=\"{center:true}\" >spracovan\u00edm osobn\u00fdch \u00fadajov<\/a>, ktor\u00e9 bud\u00fa pou\u017eit\u00e9 na kontaktovanie s Vami.<\/p>\n\n<div class=\"uk-button-wrap\">\n<input class=\"wpcf7-form-control wpcf7-submit has-spinner uk-button uk-button-primary\" type=\"submit\" value=\"Odosla\u0165 formul\u00e1r\" \/><\/div>\n<\/div>\n\n\n<\/div>\n<\/div><div class=\"wpcf7-response-output\" aria-hidden=\"true\"><\/div>\n<\/form>\n<\/div>\n\r\n\r\n\r\n<div id=\"jut-gdpr\" class=\"uk-modal\">\r\n    <div class=\"uk-modal-dialog\">\r\n        <a class=\"uk-modal-close uk-close\"><\/a>\r\n\r\n        <h3 class=\"h-jut-horizontal-line\" style=\"text-align: center;\"> \r\nS\u00fahlas so spracovan\u00edm osobn\u00fdch \u00fadajov<\/h3>\r\n\r\n<p style=\"text-align: justify;\">\r\nT\u00fdmto dobrovo\u013ene ude\u013eujete svoj s\u00fahlas so spracovan\u00edm Va\u0161ich osobn\u00fdch \u00fadajov spolo\u010dnosti JUT-AEL s.r.o., I\u010cO: 51068630, Oravsk\u00e1 Jasenica 627, Oravsk\u00e1 Jasenica 029 64 (\u010falej len &#8222;Spr\u00e1vca&#8220;), a to v s\u00falade s Nariaden\u00edm Eur\u00f3pskeho parlamentu a Rady (E\u00da) 2016\/679 z 27. apr\u00edla 2016 o ochrane fyzick\u00fdch os\u00f4b pri spracovan\u00ed osobn\u00fdch \u00fadajov a vo\u013enom pohybe t\u00fdchto \u00fadajov a o zru\u0161en\u00ed smernice 95\/46 \/ ES (v\u0161eobecn\u00e9 nariadenie o ochrane osobn\u00fdch \u00fadajov) (GDPR) a z\u00e1konom \u010d. 18\/2018 Z. z. o ochrane osobn\u00fdch \u00fadajov<\/p>\r\n<p style=\"text-align: justify;\">\r\nSvoj s\u00fahlas poskytujete pre \u00fa\u010dely elektronickej komunik\u00e1cie, tj. Poskytovanie inform\u00e1ci\u00ed elektronickou po\u0161tou \u010di telefonicky.<\/p>\r\n<p style=\"text-align: justify;\">\r\nRozsah spracovanie Va\u0161ich osobn\u00fdch \u00fadajov je toto\u017en\u00fd s rozsahom \u00fadajov obsiahnut\u00fdch v tomto formul\u00e1ri, tj. Meno, priezvisko, e-mailov\u00fa adresu a telef\u00f3nne \u010d\u00edslo, pr\u00edpadne \u010fal\u0161ie osobn\u00e9 \u00fadaje, ktor\u00e9 n\u00e1m ozn\u00e1mite.<\/p>\r\n<p style=\"text-align: justify;\">\r\nTento s\u00fahlas so spracovan\u00edm osobn\u00fdch \u00fadajov ude\u013eujete na dobu 36 mesiacov od jeho udelenia.<\/p>\r\n<p style=\"text-align: justify;\">\r\nSvoj s\u00fahlas m\u00f4\u017eete kedyko\u013evek odvola\u0165, a to v p\u00edsomnej podobe doru\u010den\u00edm na adresu pre doru\u010dovanie spolo\u010dnosti JUT-AEL, s.r.o., alebo elektronicky na e-mailovej adrese info@jut.sk<\/p>\r\n<p style=\"text-align: justify;\">\r\nSpr\u00e1vca bude s Va\u0161imi osobn\u00fdmi \u00fadajmi naklada\u0165 zodpovedne v s\u00falade s platn\u00fdmi pr\u00e1vnymi predpismi. Na webov\u00fdch str\u00e1nkach Spr\u00e1vca s\u00fa dostupn\u00e9 podrobn\u00e9 inform\u00e1cie o spracovan\u00ed osobn\u00fdch \u00fadajov dotknut\u00fdch os\u00f4b, vr\u00e1tane uvedenia \u010fal\u0161\u00edch pr\u00e1v s t\u00fdmto spracovan\u00edm spojen\u00fdch.<\/p>\r\n<p style=\"text-align: justify;\">\r\nAk m\u00e1te za to, \u017ee s Va\u0161imi osobn\u00fdmi \u00fadajmi naklad\u00e1 Spr\u00e1vca v rozpore so z\u00e1konom, m\u00f4\u017eete ho kedyko\u013evek po\u017eiada\u0165 o n\u00e1pravu, a to na e-mailovej adrese info@jut.sk.<\/p>\r\n\r\n\r\n    <\/div>\r\n<\/div>\r\n<\/div>","protected":false},"excerpt":{"rendered":"<p>Vypl\u0148te nasleduj\u00faci formul\u00e1r v 5 krokoch a my sa V\u00e1m sp\u00e4tne ozveme. S\u00fahlas so spracovan\u00edm osobn\u00fdch \u00fadajov T\u00fdmto dobrovo\u013ene ude\u013eujete svoj s\u00fahlas so spracovan\u00edm Va\u0161ich osobn\u00fdch \u00fadajov spolo\u010dnosti JUT-AEL s.r.o., I\u010cO: 51068630, Oravsk\u00e1 Jasenica 627, Oravsk\u00e1 Jasenica 029 64 (\u010falej len &#8222;Spr\u00e1vca&#8220;), a to v s\u00falade s Nariaden\u00edm Eur\u00f3pskeho parlamentu a Rady (E\u00da) 2016\/679 z [&hellip;]<\/p>\n","protected":false},"author":1,"featured_media":0,"parent":0,"menu_order":0,"comment_status":"closed","ping_status":"closed","template":"","meta":{"inline_featured_image":false,"mrp_rating_form_position":"","mrp_rating_results_position":"","mrp_structured_data_type":"","mrp_allow_anonymous":"","mrp_rating_form_id":"","footnotes":""},"multi-rating-pro":{"rating_form":0},"_links":{"self":[{"href":"https:\/\/jut.sk\/jut-energie\/wp-json\/wp\/v2\/pages\/10"}],"collection":[{"href":"https:\/\/jut.sk\/jut-energie\/wp-json\/wp\/v2\/pages"}],"about":[{"href":"https:\/\/jut.sk\/jut-energie\/wp-json\/wp\/v2\/types\/page"}],"author":[{"embeddable":true,"href":"https:\/\/jut.sk\/jut-energie\/wp-json\/wp\/v2\/users\/1"}],"replies":[{"embeddable":true,"href":"https:\/\/jut.sk\/jut-energie\/wp-json\/wp\/v2\/comments?post=10"}],"version-history":[{"count":9,"href":"https:\/\/jut.sk\/jut-energie\/wp-json\/wp\/v2\/pages\/10\/revisions"}],"predecessor-version":[{"id":204,"href":"https:\/\/jut.sk\/jut-energie\/wp-json\/wp\/v2\/pages\/10\/revisions\/204"}],"wp:attachment":[{"href":"https:\/\/jut.sk\/jut-energie\/wp-json\/wp\/v2\/media?parent=10"}],"curies":[{"name":"wp","href":"https:\/\/api.w.org\/{rel}","templated":true}]}}