{"id":6,"date":"2019-10-17T10:43:27","date_gmt":"2019-10-17T08:43:27","guid":{"rendered":"http:\/\/jut.sk\/jut-elstav\/?page_id=6"},"modified":"2021-04-30T10:26:28","modified_gmt":"2021-04-30T08:26:28","slug":"uvod","status":"publish","type":"page","link":"https:\/\/jut.sk\/jut-elstav\/","title":{"rendered":"\u00davod"},"content":{"rendered":"<div class=\"uk-grid uk-margin-large uk-grid-large tm-margin-xlarge\">\r\n<div class=\"uk-width-large-4-10 uk-width-medium-1-1 tm-padding-large\">\r\n<h2 class=\"h2-red-left-line\">O spolo\u010dnosti<\/h2>\r\n<p style=\"text-align: justify;\">\r\nJUT \u2013 ELSTAV s.r.o. poskytuje svoje slu\u017eby a pr\u00e1ce od roku 2010 na tuzemskom i Eur\u00f3pskom trhu v oblasti komplexn\u00fdch slu\u017eieb <b>cestnej i \u017eelezni\u010dnej v\u00fdstavby, stavebnej \u010dinnosti zameranej na v\u00fdstavbu mostn\u00fdch kon\u0161trukci\u00ed, tunelov a oporn\u00fdch stien.<\/b><\/p>\r\n<p style=\"text-align: justify;\">Za dobu p\u00f4sobnosti sme roz\u0161\u00edrili svoje \u010dinnosti i na Eur\u00f3pskom trhu a potvrdili sme status \u00faspe\u0161nej a finan\u010dne stabilnej spolo\u010dnosti.<\/p>\r\n<p style=\"text-align: justify;\">JUT &#8211; ELSTAV s.r.o. je spolo\u010dnos\u0165, ktor\u00e1 systematicky rozv\u00edja svoje kapacity a trvale zlep\u0161uje schopnosti poskytovania slu\u017eieb v oblasti v\u00fdstavby a budovania cestn\u00fdch kon\u0161trukci\u00ed.<\/p>\r\n<\/div>\r\n<div class=\"uk-width-large-6-10 uk-width-medium-1-1 tm-padding-large\">\r\n<div class=\"uk-grid jut-windows\">\r\n<div class=\"uk-width-large-1-3 uk-width-medium-1-3 uk-width-small-1-2 uk-grid-margin\">\r\n<div class=\"uk-panel jut-window-elstav-o-spolocnosti\">\r\n<div class=\"jut-window-image\">\u00a0<\/div>\r\n<div class=\"jut-window-gradient\">\u00a0<\/div>\r\n<div class=\"jut-window-caption\">\r\n<h3 class=\"jut-window-title\">O Spolo\u010dnosti<\/h3>\r\n<\/div>\r\n<p>Viac inform\u00e1ci\u00ed <img decoding=\"async\" class=\"jut-sipka-window-right\" src=\"https:\/\/jut.sk\/wp-content\/uploads\/2019\/10\/arrow-right-white.svg\" \/><\/p>\r\n<a href=\"https:\/\/jut.sk\/jut-elstav\/o-spolocnosti\/\">Viac inform\u00e1ci\u00ed<\/a><\/div>\r\n<\/div>\r\n<div class=\"uk-width-large-1-3 uk-width-medium-1-3 uk-width-small-1-2 uk-grid-margin\">\r\n<div class=\"uk-panel jut-window-elstav-obory\">\r\n<div class=\"jut-window-image\">\u00a0<\/div>\r\n<div class=\"jut-window-gradient\">\u00a0<\/div>\r\n<div class=\"jut-window-caption\">\r\n<h3 class=\"jut-window-title\">Obory p\u00f4sobnosti<\/h3>\r\n<\/div>\r\n<p>Viac inform\u00e1ci\u00ed <img decoding=\"async\" class=\"jut-sipka-window-right\" src=\"https:\/\/jut.sk\/wp-content\/uploads\/2019\/10\/arrow-right-white.svg\" \/><\/p>\r\n<a href=\"https:\/\/jut.sk\/jut-elstav\/obory-posobnosti\/\">Viac inform\u00e1ci\u00ed<\/a><\/div>\r\n<\/div>\r\n<div class=\"uk-width-large-1-3 uk-width-medium-1-3 uk-width-small-1-1 uk-grid-margin\">\r\n<div class=\"uk-panel jut-window-elstav-kariera\">\r\n<div class=\"jut-window-image\">\u00a0<\/div>\r\n<div class=\"jut-window-gradient\">\u00a0<\/div>\r\n<div class=\"jut-window-caption\">\r\n<h3 class=\"jut-window-title\">Kari\u00e9ra<\/h3>\r\n<\/div>\r\n<p>Viac inform\u00e1ci\u00ed <img decoding=\"async\" class=\"jut-sipka-window-right\" src=\"https:\/\/jut.sk\/wp-content\/uploads\/2019\/10\/arrow-right-white.svg\" \/><\/p>\r\n<a href=\"https:\/\/jut.sk\/jut-elstav\/kariera\/\">Viac inform\u00e1ci\u00ed<\/a><\/div>\r\n<\/div>\r\n<\/div>\r\n<\/div>\r\n<\/div>\r\n<div class=\"uk-width-large-2-3 uk-width-medium-1-1 uk-width-small-1-1 uk-grid-margin uk-container-center jut-quotes-grid\">\r\n<p class=\"p-jut-quotes\">Patr\u00edme k stabiln\u00fdm partnerom v dopravnej v\u00fdstavbe a stavebnej mechaniz\u00e1cii.<\/p>\r\n<\/div>\r\n<div id=\"jut-mapa-kde-posobime\" class=\"uk-grid uk-margin-large uk-grid-large tm-margin-xlarge\">\r\n<div class=\"uk-width-large-6-10 uk-width-medium-1-1 tm-padding-large\"><div id=\"chartdiv\"><\/div><\/div>\r\n<div class=\"uk-width-large-4-10 uk-width-medium-1-1 tm-padding-large\">\r\n<h2 class=\"h2-red-left-line\">Kde p\u00f4sob\u00edme<\/h2>\r\n<p style=\"text-align: justify;\">Sme hrd\u00fdm a spo\u013eahliv\u00fdm dod\u00e1vate\u013eom investorov a na\u0161ich partnerov na Eur\u00f3pskom trhu.<\/p>\r\n<p style=\"text-align: justify;\">V\u00fdsledky na\u0161ich pr\u00e1c u\u017e m\u00f4\u017eete vidie\u0165 skrz viac ako <b><span class=\"count1\">100<\/span> realizovan\u00fdch projektov v Eur\u00f3pe.<\/b><\/p>\r\n<p style=\"text-align: justify;\">Zabezpe\u010dujeme a prin\u00e1\u0161ame komplexn\u00e9 rie\u0161enia v dopravnej v\u00fdstavbe a stavebnej mechaniz\u00e1cii.<\/p>\r\n<div class=\"jut-cta-button\"><a class=\"uk-button uk-button-primary\" href=\"https:\/\/jut.sk\/jut-elstav\/kontakt\/\">Prejs\u0165 na kontakty<\/a><\/div>\r\n<\/div>\r\n<\/div>","protected":false},"excerpt":{"rendered":"<p>O spolo\u010dnosti JUT \u2013 ELSTAV s.r.o. poskytuje svoje slu\u017eby a pr\u00e1ce od roku 2010 na tuzemskom i Eur\u00f3pskom trhu v oblasti komplexn\u00fdch slu\u017eieb cestnej i \u017eelezni\u010dnej v\u00fdstavby, stavebnej \u010dinnosti zameranej na v\u00fdstavbu mostn\u00fdch kon\u0161trukci\u00ed, tunelov a oporn\u00fdch stien. Za dobu p\u00f4sobnosti sme roz\u0161\u00edrili svoje \u010dinnosti i na Eur\u00f3pskom trhu a potvrdili sme status \u00faspe\u0161nej a [&hellip;]<\/p>\n","protected":false},"author":1,"featured_media":0,"parent":0,"menu_order":0,"comment_status":"closed","ping_status":"closed","template":"","meta":{"inline_featured_image":false,"mrp_rating_form_position":"","mrp_rating_results_position":"","mrp_structured_data_type":"","mrp_allow_anonymous":"","mrp_rating_form_id":"","footnotes":""},"multi-rating-pro":{"mrp_rating_result_1":[],"rating_form":1},"_links":{"self":[{"href":"https:\/\/jut.sk\/jut-elstav\/wp-json\/wp\/v2\/pages\/6"}],"collection":[{"href":"https:\/\/jut.sk\/jut-elstav\/wp-json\/wp\/v2\/pages"}],"about":[{"href":"https:\/\/jut.sk\/jut-elstav\/wp-json\/wp\/v2\/types\/page"}],"author":[{"embeddable":true,"href":"https:\/\/jut.sk\/jut-elstav\/wp-json\/wp\/v2\/users\/1"}],"replies":[{"embeddable":true,"href":"https:\/\/jut.sk\/jut-elstav\/wp-json\/wp\/v2\/comments?post=6"}],"version-history":[{"count":74,"href":"https:\/\/jut.sk\/jut-elstav\/wp-json\/wp\/v2\/pages\/6\/revisions"}],"predecessor-version":[{"id":3250,"href":"https:\/\/jut.sk\/jut-elstav\/wp-json\/wp\/v2\/pages\/6\/revisions\/3250"}],"wp:attachment":[{"href":"https:\/\/jut.sk\/jut-elstav\/wp-json\/wp\/v2\/media?parent=6"}],"curies":[{"name":"wp","href":"https:\/\/api.w.org\/{rel}","templated":true}]}}