{"id":3572,"date":"2024-02-06T10:14:35","date_gmt":"2024-02-06T09:14:35","guid":{"rendered":"https:\/\/jut.sk\/jut-elstav\/?page_id=3572"},"modified":"2024-02-06T10:22:47","modified_gmt":"2024-02-06T09:22:47","slug":"mrozek-sk","status":"publish","type":"page","link":"https:\/\/jut.sk\/jut-elstav\/de\/referenzen\/mrozek-sk\/","title":{"rendered":"MROZEK SK"},"content":{"rendered":"<div class=\"uk-grid uk-grid-large\">\r\n<div class=\"uk-width-large-2-10 jut-elstav-klient-logo\"><img loading=\"lazy\" decoding=\"async\" src=\"https:\/\/jut.sk\/jut-elstav\/wp-content\/uploads\/sites\/5\/2024\/02\/mrozek.jpg\" alt=\"\" width=\"400\" height=\"400\" class=\"aligncenter size-full wp-image-3542\" srcset=\"https:\/\/jut.sk\/jut-elstav\/wp-content\/uploads\/sites\/5\/2024\/02\/mrozek.jpg 400w, https:\/\/jut.sk\/jut-elstav\/wp-content\/uploads\/sites\/5\/2024\/02\/mrozek-300x300.jpg 300w, https:\/\/jut.sk\/jut-elstav\/wp-content\/uploads\/sites\/5\/2024\/02\/mrozek-150x150.jpg 150w, https:\/\/jut.sk\/jut-elstav\/wp-content\/uploads\/sites\/5\/2024\/02\/mrozek-100x100.jpg 100w\" sizes=\"(max-width: 400px) 100vw, 400px\" \/><\/div>\r\n<div class=\"uk-width-large-8-10 uk-margin jut-elstav-klient-content\">\r\n<h1 class=\"h2-red-left-line\">MROZEK SK<\/h1>\r\n<p class=\"uk-text-justify\">\r\nDas Unternehmen MROZEK ist den Kunden seit vielen Jahren bekannt. Unser Motto \u201eUnm\u00f6glich ist nur ein Wort\u201c setzen wir bei vielen Investments erfolgreich um.\r\nIhre Antwort auf immer neue Herausforderungen war die Gr\u00fcndung von MROZEK SK, s.r.o. im Jahr 2021, die auf mehr als drei\u00dfig Jahren Erfahrung, dem reichen Wissen und Potenzial der Mitarbeiter, der technischen Ausr\u00fcstung und dem Maschinenpark von MROZEK a.s. basiert.<\/p>\r\n<p><a class=\"uk-link jut-elstav-ref-page-link\" href=\"https:\/\/www.mrozek.cz\/mrozek-sk-s-r-o\/\" target=\"_blank\" rel=\"noopener noreferrer\"><br \/>\r\nwww.mrozek.cz\/mrozek-sk-s-r-o<img decoding=\"async\" src=\"https:\/\/jut.sk\/jut-elstav\/wp-content\/themes\/yoo_luna_wp\/styles\/jut\/images\/icon-arrow-right.svg\" alt=\"\" \/><br \/>\r\n<\/a><\/p>\r\n<h3 class=\"h3-red-left-line uk-margin-large-top\">Schauen Sie die Referenzprojekte unserer Gesellschaft realisiert an:<\/h3>\r\n\r\n\r\n\n\n<div id=\"wk-gridb7b\" class=\"uk-grid-width-1-1 uk-grid-width-small-1-2 uk-grid-width-large-1-4 uk-grid uk-grid-match jutelstav-galeria\" data-uk-grid-match=\"{target:'> div > .uk-panel', row:true}\" data-uk-grid-margin  data-uk-scrollspy=\"{cls:'uk-animation-scale-up uk-invisible', target:'> div > .uk-panel', delay:300}\">\n\n    \n    <div>\n    \n<div class=\"uk-panel uk-invisible\">\n\n    <div class=\"uk-panel-teaser\">\n\n        <figure class=\"uk-overlay uk-overlay-hover \">\n\n            <img loading=\"lazy\" decoding=\"async\" src=\"\/jut-elstav\/wp-content\/uploads\/sites\/5\/2024\/02\/jut-elstav-copy-119.jpg\" class=\"uk-overlay-fade\" alt=\"VW Slovakia a.s. (SK)\" width=\"1000\" height=\"750\">\n            \n                        <div class=\"uk-overlay-panel uk-overlay-background uk-overlay-fade\"><\/div>\n            \n                            <div class=\"uk-overlay-panel uk-overlay-icon uk-overlay-fade\"><\/div>\n            \n                                                                        <a class=\"uk-position-cover\" href=\"#wk-3b7b\" data-index=\"0\" data-uk-modal title=\"5-7\/2022 VW a.s. Bratislava\"><\/a>\n                                                \n        <\/figure>\n\n    <\/div>\n\n    \n                <h3 class=\"uk-h5 uk-margin-bottom-remove\">VW Slovakia a.s. (SK)<\/h3>\n        \n        \n    \n<\/div>\n    <\/div>\n\n    \n<\/div>\n\n<div id=\"wk-3b7b\" class=\"uk-modal\">\n    <div class=\"uk-modal-dialog uk-modal-dialog-blank\">\n\n        <button class=\"uk-modal-close uk-close\" type=\"button\"><\/button>\n\n        <div class=\"uk-grid\" data-uk-grid-margin>\n            <div class=\"uk-width-large-1-2 uk-text-center\">\n\n                <div class=\"uk-slidenav-position\" data-uk-slideshow data-uk-check-display>\n                    <ul class=\"uk-slideshow uk-slideshow-fullscreen\">\n                        \n                            <li>\n                                <img decoding=\"async\" src=\"\/jut-elstav\/wp-content\/plugins\/widgetkit\/cache\/jut-elstav-copy-119-e9659c1209e7909ee821a036dad42e47.jpg\" alt=\"VW Slovakia a.s. (SK)\">                            <\/li>\n\n                                            <\/ul>\n\n                    <a href=\"#\" class=\"uk-slidenav uk-slidenav-contrast uk-slidenav-previous uk-hidden-touch\" data-uk-slideshow-item=\"previous\"><\/a>\n                    <a href=\"#\" class=\"uk-slidenav uk-slidenav-contrast uk-slidenav-next uk-hidden-touch\" data-uk-slideshow-item=\"next\"><\/a>\n\n                <\/div>\n            <\/div>\n            <div class=\"uk-width-large-1-2 test-class uk-flex uk-flex-middle uk-flex-center\">\n\n                <div class=\"uk-panel-body uk-width-1-1 \" data-uk-slideshow data-uk-check-display>\n                    <ul class=\"uk-slideshow\">\n                                                <li>\n\n                                                        <h3 class=\"uk-h2\">VW Slovakia a.s. (SK)<\/h3>\n                            \n                                                        <div class=\"uk-margin-top \">5-7\/2022 VW a.s. Bratislava<\/div>\n                            \n                            \n                        <\/li>\n                                        <\/ul>\n\n                    <div class=\"uk-margin-top\">\n                        <ul class=\"uk-thumbnav uk-margin-bottom-remove\">\n                                                    <li data-uk-slideshow-item=\"0\"><a href=\"#\"><img loading=\"lazy\" decoding=\"async\" src=\"\/jut-elstav\/wp-content\/plugins\/widgetkit\/cache\/jut-elstav-copy-119-7b7b132be385027707b479910d204793.jpg\" alt=\"VW Slovakia a.s. (SK)\" width=\"160\" height=\"120\"><\/a><\/li>\n                                                <\/ul>\n                    <\/div>\n                <\/div>\n\n            <\/div>\n        <\/div>\n\n    <\/div>\n<\/div>\n\n<script>\n    (function($){\n\n        var modal      = $('#wk-3b7b'),\n            container  = modal.prev(),\n            slideshows = modal.find('[data-uk-slideshow]'),\n            slideshow;\n\n        container.on('click', '[href^=\"#wk-\"][data-uk-modal]', function(e) {\n            slideshows.each(function(){\n\n                slideshow = $(this).data('slideshow');\n                slideshow.show(parseInt(e.target.getAttribute('data-index'), 10));\n            });\n        });\n\n        modal.on('beforeshow.uk.slideshow', function(e, next) {\n            slideshows.not(next.closest('[data-uk-slideshow]')[0]).data('slideshow').show(next.index());\n        });\n\n    })(jQuery);\n<\/script>\n\n<script>\n(function($){\n\n    \/\/ get the images of the gallery and replace it by a canvas of the same size to fix the problem with overlapping images on load.\n    $('img[width][height]:not(.uk-overlay-panel)', $('#wk-gridb7b')).each(function() {\n\n        var $img = $(this);\n\n        if (this.width == 'auto' || this.height == 'auto' || !$img.is(':visible')) {\n            return;\n        }\n\n        var $canvas = $('<canvas class=\"uk-responsive-width\"><\/canvas>').attr({width:$img.attr('width'), height:$img.attr('height')}),\n            img = new Image,\n            release = function() {\n                $canvas.remove();\n                $img.css('display', '');\n                release = function(){};\n            };\n\n        $img.css('display', 'none').after($canvas);\n\n        $(img).on('load', function(){ release(); });\n        setTimeout(function(){ release(); }, 1000);\n\n        img.src = this.src;\n\n    });\n\n})(jQuery);\n<\/script>\n\r\n<\/div>\r\n<\/div>\r\n<p>&nbsp;<\/p>\r\n<p>&nbsp;<\/p>","protected":false},"excerpt":{"rendered":"<p>MROZEK SK Das Unternehmen MROZEK ist den Kunden seit vielen Jahren bekannt. Unser Motto \u201eUnm\u00f6glich ist nur ein Wort\u201c setzen wir bei vielen Investments erfolgreich um. Ihre Antwort auf immer neue Herausforderungen war die Gr\u00fcndung von MROZEK SK, s.r.o. im Jahr 2021, die auf mehr als drei\u00dfig Jahren Erfahrung, dem reichen Wissen und Potenzial der [&hellip;]<\/p>\n","protected":false},"author":1,"featured_media":0,"parent":3002,"menu_order":0,"comment_status":"closed","ping_status":"closed","template":"","meta":{"inline_featured_image":false,"mrp_rating_form_position":"","mrp_rating_results_position":"","mrp_structured_data_type":"","mrp_allow_anonymous":"","mrp_rating_form_id":"","footnotes":""},"multi-rating-pro":{"mrp_rating_result_1":[],"rating_form":1},"_links":{"self":[{"href":"https:\/\/jut.sk\/jut-elstav\/wp-json\/wp\/v2\/pages\/3572"}],"collection":[{"href":"https:\/\/jut.sk\/jut-elstav\/wp-json\/wp\/v2\/pages"}],"about":[{"href":"https:\/\/jut.sk\/jut-elstav\/wp-json\/wp\/v2\/types\/page"}],"author":[{"embeddable":true,"href":"https:\/\/jut.sk\/jut-elstav\/wp-json\/wp\/v2\/users\/1"}],"replies":[{"embeddable":true,"href":"https:\/\/jut.sk\/jut-elstav\/wp-json\/wp\/v2\/comments?post=3572"}],"version-history":[{"count":2,"href":"https:\/\/jut.sk\/jut-elstav\/wp-json\/wp\/v2\/pages\/3572\/revisions"}],"predecessor-version":[{"id":3574,"href":"https:\/\/jut.sk\/jut-elstav\/wp-json\/wp\/v2\/pages\/3572\/revisions\/3574"}],"up":[{"embeddable":true,"href":"https:\/\/jut.sk\/jut-elstav\/wp-json\/wp\/v2\/pages\/3002"}],"wp:attachment":[{"href":"https:\/\/jut.sk\/jut-elstav\/wp-json\/wp\/v2\/media?parent=3572"}],"curies":[{"name":"wp","href":"https:\/\/api.w.org\/{rel}","templated":true}]}}