{"id":3554,"date":"2024-02-06T10:03:57","date_gmt":"2024-02-06T09:03:57","guid":{"rendered":"https:\/\/jut.sk\/jut-elstav\/?page_id=3554"},"modified":"2024-02-06T10:23:20","modified_gmt":"2024-02-06T09:23:20","slug":"porr","status":"publish","type":"page","link":"https:\/\/jut.sk\/jut-elstav\/referencie\/porr\/","title":{"rendered":"PORR"},"content":{"rendered":"<div class=\"uk-grid uk-grid-large\">\r\n<div class=\"uk-width-large-2-10 jut-elstav-klient-logo\"><img loading=\"lazy\" decoding=\"async\" src=\"https:\/\/jut.sk\/jut-elstav\/wp-content\/uploads\/sites\/5\/2024\/02\/porr.jpg\" alt=\"\" width=\"400\" height=\"400\" class=\"aligncenter size-full wp-image-3545\" srcset=\"https:\/\/jut.sk\/jut-elstav\/wp-content\/uploads\/sites\/5\/2024\/02\/porr.jpg 400w, https:\/\/jut.sk\/jut-elstav\/wp-content\/uploads\/sites\/5\/2024\/02\/porr-300x300.jpg 300w, https:\/\/jut.sk\/jut-elstav\/wp-content\/uploads\/sites\/5\/2024\/02\/porr-150x150.jpg 150w, https:\/\/jut.sk\/jut-elstav\/wp-content\/uploads\/sites\/5\/2024\/02\/porr-100x100.jpg 100w\" sizes=\"(max-width: 400px) 100vw, 400px\" \/><\/div>\r\n<div class=\"uk-width-large-8-10 uk-margin jut-elstav-klient-content\">\r\n<h1 class=\"h2-red-left-line\">PORR<\/h1>\r\n<p class=\"uk-text-justify\">\r\nPORR je Full-Service-Provider &#8211; gener\u00e1lny dod\u00e1vate\u013e, s rozsiahlym know-how vo v\u0161etk\u00fdch odvetviach stavebn\u00edctva. Ich portf\u00f3lio zah\u0155\u0148a oblas\u0165 pozemn\u00fdch, dopravn\u00fdch, vodohospod\u00e1rskych i in\u017einierskych stavieb, \u010falej potom projek\u010dn\u00e9, in\u017einierske, laborat\u00f3rne i poradensk\u00e9 \u010dinnosti.\r\n<\/p>\r\n<p><a class=\"uk-link jut-elstav-ref-page-link\" href=\"https:\/\/porr.cz\" target=\"_blank\" rel=\"noopener noreferrer\"><br \/>\r\nwww.porr.cz<img decoding=\"async\" src=\"https:\/\/jut.sk\/jut-elstav\/wp-content\/themes\/yoo_luna_wp\/styles\/jut\/images\/icon-arrow-right.svg\" alt=\"\" \/><br \/>\r\n<\/a><\/p>\r\n<h3 class=\"h3-red-left-line uk-margin-large-top\">Pozrite si referen\u010dn\u00e9 projekty realizovan\u00e9 na\u0161ou spolo\u010dnos\u0165ou<\/h3>\r\n\n\n<div id=\"wk-grid5a4\" class=\"uk-grid-width-1-1 uk-grid-width-small-1-2 uk-grid-width-large-1-4 uk-grid uk-grid-match jutelstav-galeria\" data-uk-grid-match=\"{target:'> div > .uk-panel', row:true}\" data-uk-grid-margin  data-uk-scrollspy=\"{cls:'uk-animation-scale-up uk-invisible', target:'> div > .uk-panel', delay:300}\">\n\n    \n    <div>\n    \n<div class=\"uk-panel uk-invisible\">\n\n    <div class=\"uk-panel-teaser\">\n\n        <figure class=\"uk-overlay uk-overlay-hover \">\n\n            <img loading=\"lazy\" decoding=\"async\" src=\"\/jut-elstav\/wp-content\/uploads\/sites\/5\/2024\/02\/jut-elstav-copy-113.jpg\" class=\"uk-overlay-fade\" alt=\"elektrifik\u00e1cia \u0160umperk-Lubina (CZ)\" width=\"1000\" height=\"750\">\n            \n                        <div class=\"uk-overlay-panel uk-overlay-background uk-overlay-fade\"><\/div>\n            \n                            <div class=\"uk-overlay-panel uk-overlay-icon uk-overlay-fade\"><\/div>\n            \n                                                                        <a class=\"uk-position-cover\" href=\"#wk-35a4\" data-index=\"0\" data-uk-modal title=\"3-5\/2022, 7-8\/2022 Elektriz\u00e1cia a zkapacitnenie trati \u2013 \u0160umperk \u2013 Libina\"><\/a>\n                                                \n        <\/figure>\n\n    <\/div>\n\n    \n                <h3 class=\"uk-h5 uk-margin-bottom-remove\">elektrifik\u00e1cia \u0160umperk-Lubina (CZ)<\/h3>\n        \n        \n    \n<\/div>\n    <\/div>\n\n        \n    <div>\n    \n<div class=\"uk-panel uk-invisible\">\n\n    <div class=\"uk-panel-teaser\">\n\n        <figure class=\"uk-overlay uk-overlay-hover \">\n\n            <img loading=\"lazy\" decoding=\"async\" src=\"\/jut-elstav\/wp-content\/uploads\/sites\/5\/2024\/02\/jut-elstav-copy-114.jpg\" class=\"uk-overlay-fade\" alt=\"Barrandovsk\u00fd most (CZ)\" width=\"1000\" height=\"750\">\n            \n                        <div class=\"uk-overlay-panel uk-overlay-background uk-overlay-fade\"><\/div>\n            \n                            <div class=\"uk-overlay-panel uk-overlay-icon uk-overlay-fade\"><\/div>\n            \n                                                                        <a class=\"uk-position-cover\" href=\"#wk-35a4\" data-index=\"1\" data-uk-modal title=\"5-11\/2022 Barrandovsk\u00fd most, Praha 4, rekon\u0161trukcia, \u00fasek: 105002135\"><\/a>\n                                                \n        <\/figure>\n\n    <\/div>\n\n    \n                <h3 class=\"uk-h5 uk-margin-bottom-remove\">Barrandovsk\u00fd most (CZ)<\/h3>\n        \n        \n    \n<\/div>\n    <\/div>\n\n    \n<\/div>\n\n<div id=\"wk-35a4\" class=\"uk-modal\">\n    <div class=\"uk-modal-dialog uk-modal-dialog-blank\">\n\n        <button class=\"uk-modal-close uk-close\" type=\"button\"><\/button>\n\n        <div class=\"uk-grid\" data-uk-grid-margin>\n            <div class=\"uk-width-large-1-2 uk-text-center\">\n\n                <div class=\"uk-slidenav-position\" data-uk-slideshow data-uk-check-display>\n                    <ul class=\"uk-slideshow uk-slideshow-fullscreen\">\n                        \n                            <li>\n                                <img decoding=\"async\" src=\"\/jut-elstav\/wp-content\/plugins\/widgetkit\/cache\/jut-elstav-copy-113-f23ebacac2d76dee5182ca70174b2b59.jpg\" alt=\"elektrifik\u00e1cia \u0160umperk-Lubina (CZ)\">                            <\/li>\n\n                        \n                            <li>\n                                <img decoding=\"async\" src=\"\/jut-elstav\/wp-content\/plugins\/widgetkit\/cache\/jut-elstav-copy-114-9d46917fa09a08b9197443249a0618e9.jpg\" alt=\"Barrandovsk\u00fd most (CZ)\">                            <\/li>\n\n                                            <\/ul>\n\n                    <a href=\"#\" class=\"uk-slidenav uk-slidenav-contrast uk-slidenav-previous uk-hidden-touch\" data-uk-slideshow-item=\"previous\"><\/a>\n                    <a href=\"#\" class=\"uk-slidenav uk-slidenav-contrast uk-slidenav-next uk-hidden-touch\" data-uk-slideshow-item=\"next\"><\/a>\n\n                <\/div>\n            <\/div>\n            <div class=\"uk-width-large-1-2 test-class uk-flex uk-flex-middle uk-flex-center\">\n\n                <div class=\"uk-panel-body uk-width-1-1 \" data-uk-slideshow data-uk-check-display>\n                    <ul class=\"uk-slideshow\">\n                                                <li>\n\n                                                        <h3 class=\"uk-h2\">elektrifik\u00e1cia \u0160umperk-Lubina (CZ)<\/h3>\n                            \n                                                        <div class=\"uk-margin-top \">3-5\/2022, 7-8\/2022 Elektriz\u00e1cia a zkapacitnenie trati \u2013 \u0160umperk \u2013 Libina<\/div>\n                            \n                            \n                        <\/li>\n                                            <li>\n\n                                                        <h3 class=\"uk-h2\">Barrandovsk\u00fd most (CZ)<\/h3>\n                            \n                                                        <div class=\"uk-margin-top \">5-11\/2022 Barrandovsk\u00fd most, Praha 4, rekon\u0161trukcia, \u00fasek: 105002135<\/div>\n                            \n                            \n                        <\/li>\n                                        <\/ul>\n\n                    <div class=\"uk-margin-top\">\n                        <ul class=\"uk-thumbnav uk-margin-bottom-remove\">\n                                                    <li data-uk-slideshow-item=\"0\"><a href=\"#\"><img loading=\"lazy\" decoding=\"async\" src=\"\/jut-elstav\/wp-content\/plugins\/widgetkit\/cache\/jut-elstav-copy-113-cb2283c69e2a44ce6533bc4872923d6e.jpg\" alt=\"elektrifik\u00e1cia \u0160umperk-Lubina (CZ)\" width=\"160\" height=\"120\"><\/a><\/li>\n                                                    <li data-uk-slideshow-item=\"1\"><a href=\"#\"><img loading=\"lazy\" decoding=\"async\" src=\"\/jut-elstav\/wp-content\/plugins\/widgetkit\/cache\/jut-elstav-copy-114-a74044de0cbdcbab1dab9a02de301190.jpg\" alt=\"Barrandovsk\u00fd most (CZ)\" width=\"160\" height=\"120\"><\/a><\/li>\n                                                <\/ul>\n                    <\/div>\n                <\/div>\n\n            <\/div>\n        <\/div>\n\n    <\/div>\n<\/div>\n\n<script>\n    (function($){\n\n        var modal      = $('#wk-35a4'),\n            container  = modal.prev(),\n            slideshows = modal.find('[data-uk-slideshow]'),\n            slideshow;\n\n        container.on('click', '[href^=\"#wk-\"][data-uk-modal]', function(e) {\n            slideshows.each(function(){\n\n                slideshow = $(this).data('slideshow');\n                slideshow.show(parseInt(e.target.getAttribute('data-index'), 10));\n            });\n        });\n\n        modal.on('beforeshow.uk.slideshow', function(e, next) {\n            slideshows.not(next.closest('[data-uk-slideshow]')[0]).data('slideshow').show(next.index());\n        });\n\n    })(jQuery);\n<\/script>\n\n<script>\n(function($){\n\n    \/\/ get the images of the gallery and replace it by a canvas of the same size to fix the problem with overlapping images on load.\n    $('img[width][height]:not(.uk-overlay-panel)', $('#wk-grid5a4')).each(function() {\n\n        var $img = $(this);\n\n        if (this.width == 'auto' || this.height == 'auto' || !$img.is(':visible')) {\n            return;\n        }\n\n        var $canvas = $('<canvas class=\"uk-responsive-width\"><\/canvas>').attr({width:$img.attr('width'), height:$img.attr('height')}),\n            img = new Image,\n            release = function() {\n                $canvas.remove();\n                $img.css('display', '');\n                release = function(){};\n            };\n\n        $img.css('display', 'none').after($canvas);\n\n        $(img).on('load', function(){ release(); });\n        setTimeout(function(){ release(); }, 1000);\n\n        img.src = this.src;\n\n    });\n\n})(jQuery);\n<\/script>\n\r\n\r\n<\/div>\r\n<\/div>\r\n<p>&nbsp;<\/p>\r\n<p>&nbsp;<\/p>","protected":false},"excerpt":{"rendered":"<p>PORR PORR je Full-Service-Provider &#8211; gener\u00e1lny dod\u00e1vate\u013e, s rozsiahlym know-how vo v\u0161etk\u00fdch odvetviach stavebn\u00edctva. Ich portf\u00f3lio zah\u0155\u0148a oblas\u0165 pozemn\u00fdch, dopravn\u00fdch, vodohospod\u00e1rskych i in\u017einierskych stavieb, \u010falej potom projek\u010dn\u00e9, in\u017einierske, laborat\u00f3rne i poradensk\u00e9 \u010dinnosti. www.porr.cz Pozrite si referen\u010dn\u00e9 projekty realizovan\u00e9 na\u0161ou spolo\u010dnos\u0165ou &nbsp; &nbsp;<\/p>\n","protected":false},"author":1,"featured_media":0,"parent":14,"menu_order":0,"comment_status":"closed","ping_status":"closed","template":"","meta":{"inline_featured_image":false,"mrp_rating_form_position":"","mrp_rating_results_position":"","mrp_structured_data_type":"","mrp_allow_anonymous":"","mrp_rating_form_id":"","footnotes":""},"multi-rating-pro":{"mrp_rating_result_1":[],"rating_form":1},"_links":{"self":[{"href":"https:\/\/jut.sk\/jut-elstav\/wp-json\/wp\/v2\/pages\/3554"}],"collection":[{"href":"https:\/\/jut.sk\/jut-elstav\/wp-json\/wp\/v2\/pages"}],"about":[{"href":"https:\/\/jut.sk\/jut-elstav\/wp-json\/wp\/v2\/types\/page"}],"author":[{"embeddable":true,"href":"https:\/\/jut.sk\/jut-elstav\/wp-json\/wp\/v2\/users\/1"}],"replies":[{"embeddable":true,"href":"https:\/\/jut.sk\/jut-elstav\/wp-json\/wp\/v2\/comments?post=3554"}],"version-history":[{"count":1,"href":"https:\/\/jut.sk\/jut-elstav\/wp-json\/wp\/v2\/pages\/3554\/revisions"}],"predecessor-version":[{"id":3555,"href":"https:\/\/jut.sk\/jut-elstav\/wp-json\/wp\/v2\/pages\/3554\/revisions\/3555"}],"up":[{"embeddable":true,"href":"https:\/\/jut.sk\/jut-elstav\/wp-json\/wp\/v2\/pages\/14"}],"wp:attachment":[{"href":"https:\/\/jut.sk\/jut-elstav\/wp-json\/wp\/v2\/media?parent=3554"}],"curies":[{"name":"wp","href":"https:\/\/api.w.org\/{rel}","templated":true}]}}