{"id":3461,"date":"2022-03-09T17:06:13","date_gmt":"2022-03-09T16:06:13","guid":{"rendered":"https:\/\/jut.sk\/jut-elstav\/?page_id=3461"},"modified":"2022-03-09T17:06:59","modified_gmt":"2022-03-09T16:06:59","slug":"bes","status":"publish","type":"page","link":"https:\/\/jut.sk\/jut-elstav\/referencie\/bes\/","title":{"rendered":"BES"},"content":{"rendered":"<div class=\"uk-grid uk-grid-large\">\r\n<div class=\"uk-width-large-2-10 jut-elstav-klient-logo\"><img loading=\"lazy\" decoding=\"async\" src=\"https:\/\/jut.sk\/jut-elstav\/wp-content\/uploads\/sites\/5\/2022\/03\/bes.jpg\" alt=\"\" width=\"400\" height=\"400\" class=\"alignnone size-full wp-image-3373\" srcset=\"https:\/\/jut.sk\/jut-elstav\/wp-content\/uploads\/sites\/5\/2022\/03\/bes.jpg 400w, https:\/\/jut.sk\/jut-elstav\/wp-content\/uploads\/sites\/5\/2022\/03\/bes-300x300.jpg 300w, https:\/\/jut.sk\/jut-elstav\/wp-content\/uploads\/sites\/5\/2022\/03\/bes-150x150.jpg 150w, https:\/\/jut.sk\/jut-elstav\/wp-content\/uploads\/sites\/5\/2022\/03\/bes-100x100.jpg 100w\" sizes=\"(max-width: 400px) 100vw, 400px\" \/><\/div>\r\n<div class=\"uk-width-large-8-10 uk-margin jut-elstav-klient-content\">\r\n<h1 class=\"h2-red-left-line\">BES, s.r.o.<\/h1>\r\n<p class=\"uk-text-justify\">\r\nJe to tradi\u010dn\u00e1 a siln\u00e1 spolo\u010dnos\u0165 p\u00f4sobiaca v Stredo\u010deskom kraji na Bene\u0161ovsku a P\u0159\u00edbramsku v odbore silni\u010dn\u00edho stavite\u013estva. Mezi ich hlavn\u00e9 \u010dinnosti patr\u00ed najm\u00e4 v\u00fdstavby a rekon\u0161trukcie pozemn\u00fdch komunik\u00e1ci\u00ed a mostov. <\/p>\r\n<p><a class=\"uk-link jut-elstav-ref-page-link\" href=\"https:\/\/www.besbn.cz\/\" target=\"_blank\" rel=\"noopener noreferrer\"><br \/>\r\nwww.besbn.cz<img decoding=\"async\" src=\"https:\/\/jut.sk\/jut-elstav\/wp-content\/themes\/yoo_luna_wp\/styles\/jut\/images\/icon-arrow-right.svg\" alt=\"\" \/><br \/>\r\n<\/a><\/p>\r\n<h3 class=\"h3-red-left-line uk-margin-large-top\">Pozrite si referen\u010dn\u00e9 projekty realizovan\u00e9 na\u0161ou spolo\u010dnos\u0165ou<\/h3>\r\n\r\n\r\n\n\n<div id=\"wk-gridbb5\" class=\"uk-grid-width-1-1 uk-grid-width-small-1-2 uk-grid-width-large-1-4 uk-grid uk-grid-match jutelstav-galeria\" data-uk-grid-match=\"{target:'> div > .uk-panel', row:true}\" data-uk-grid-margin  data-uk-scrollspy=\"{cls:'uk-animation-scale-up uk-invisible', target:'> div > .uk-panel', delay:300}\">\n\n    \n    <div>\n    \n<div class=\"uk-panel uk-invisible\">\n\n    <div class=\"uk-panel-teaser\">\n\n        <figure class=\"uk-overlay uk-overlay-hover \">\n\n            <img loading=\"lazy\" decoding=\"async\" src=\"\/jut-elstav\/wp-content\/uploads\/sites\/5\/2022\/03\/jut-elstav-copy-100.jpg\" class=\"uk-overlay-fade\" alt=\"I\/27, Jesenice u Rakovn\u00edka (CZ)\" width=\"1000\" height=\"750\">\n            \n                        <div class=\"uk-overlay-panel uk-overlay-background uk-overlay-fade\"><\/div>\n            \n                            <div class=\"uk-overlay-panel uk-overlay-icon uk-overlay-fade\"><\/div>\n            \n                                                                        <a class=\"uk-position-cover\" href=\"\/jut-elstav\/wp-content\/plugins\/widgetkit\/cache\/jut-elstav-copy-100-e5a9ab4298f2d636619ef273f0281635.jpg\" data-lightbox-type=\"image\" data-uk-lightbox=\"{group:'.wk-1bb5'}\" title=\"7-10\/2021, 12\/2021 &#8211; I\/27 Jesenice pr\u016ftah II. a III. etapa &#8211; oprava komunikace, Jesenice u Rakovn\u00edka\"><\/a>\n                                                \n        <\/figure>\n\n    <\/div>\n\n    \n                <h3 class=\"uk-h5 uk-margin-bottom-remove\">I\/27, Jesenice u Rakovn\u00edka (CZ)<\/h3>\n        \n        \n    \n<\/div>\n    <\/div>\n\n    \n<\/div>\n\n\n<script>\n(function($){\n\n    \/\/ get the images of the gallery and replace it by a canvas of the same size to fix the problem with overlapping images on load.\n    $('img[width][height]:not(.uk-overlay-panel)', $('#wk-gridbb5')).each(function() {\n\n        var $img = $(this);\n\n        if (this.width == 'auto' || this.height == 'auto' || !$img.is(':visible')) {\n            return;\n        }\n\n        var $canvas = $('<canvas class=\"uk-responsive-width\"><\/canvas>').attr({width:$img.attr('width'), height:$img.attr('height')}),\n            img = new Image,\n            release = function() {\n                $canvas.remove();\n                $img.css('display', '');\n                release = function(){};\n            };\n\n        $img.css('display', 'none').after($canvas);\n\n        $(img).on('load', function(){ release(); });\n        setTimeout(function(){ release(); }, 1000);\n\n        img.src = this.src;\n\n    });\n\n})(jQuery);\n<\/script>\n\r\n<\/div>\r\n<\/div>\r\n<p>&nbsp;<\/p>\r\n<p>&nbsp;<\/p>","protected":false},"excerpt":{"rendered":"<p>BES, s.r.o. Je to tradi\u010dn\u00e1 a siln\u00e1 spolo\u010dnos\u0165 p\u00f4sobiaca v Stredo\u010deskom kraji na Bene\u0161ovsku a P\u0159\u00edbramsku v odbore silni\u010dn\u00edho stavite\u013estva. Mezi ich hlavn\u00e9 \u010dinnosti patr\u00ed najm\u00e4 v\u00fdstavby a rekon\u0161trukcie pozemn\u00fdch komunik\u00e1ci\u00ed a mostov. www.besbn.cz Pozrite si referen\u010dn\u00e9 projekty realizovan\u00e9 na\u0161ou spolo\u010dnos\u0165ou &nbsp; &nbsp;<\/p>\n","protected":false},"author":1,"featured_media":0,"parent":14,"menu_order":0,"comment_status":"closed","ping_status":"closed","template":"","meta":{"inline_featured_image":false,"mrp_rating_form_position":"","mrp_rating_results_position":"","mrp_structured_data_type":"","mrp_allow_anonymous":"","mrp_rating_form_id":"","footnotes":""},"multi-rating-pro":{"mrp_rating_result_1":[],"rating_form":1},"_links":{"self":[{"href":"https:\/\/jut.sk\/jut-elstav\/wp-json\/wp\/v2\/pages\/3461"}],"collection":[{"href":"https:\/\/jut.sk\/jut-elstav\/wp-json\/wp\/v2\/pages"}],"about":[{"href":"https:\/\/jut.sk\/jut-elstav\/wp-json\/wp\/v2\/types\/page"}],"author":[{"embeddable":true,"href":"https:\/\/jut.sk\/jut-elstav\/wp-json\/wp\/v2\/users\/1"}],"replies":[{"embeddable":true,"href":"https:\/\/jut.sk\/jut-elstav\/wp-json\/wp\/v2\/comments?post=3461"}],"version-history":[{"count":3,"href":"https:\/\/jut.sk\/jut-elstav\/wp-json\/wp\/v2\/pages\/3461\/revisions"}],"predecessor-version":[{"id":3464,"href":"https:\/\/jut.sk\/jut-elstav\/wp-json\/wp\/v2\/pages\/3461\/revisions\/3464"}],"up":[{"embeddable":true,"href":"https:\/\/jut.sk\/jut-elstav\/wp-json\/wp\/v2\/pages\/14"}],"wp:attachment":[{"href":"https:\/\/jut.sk\/jut-elstav\/wp-json\/wp\/v2\/media?parent=3461"}],"curies":[{"name":"wp","href":"https:\/\/api.w.org\/{rel}","templated":true}]}}