{"id":3279,"date":"2021-05-03T05:31:28","date_gmt":"2021-05-03T03:31:28","guid":{"rendered":"https:\/\/jut.sk\/jut-elstav\/?page_id=3279"},"modified":"2021-05-03T05:33:47","modified_gmt":"2021-05-03T03:33:47","slug":"metrostav-slovakia","status":"publish","type":"page","link":"https:\/\/jut.sk\/jut-elstav\/referencie\/metrostav-slovakia\/","title":{"rendered":"Metrostav Slovakia"},"content":{"rendered":"<div class=\"uk-grid uk-grid-large\">\r\n<div class=\"uk-width-large-2-10 jut-elstav-klient-logo\"><img loading=\"lazy\" decoding=\"async\" src=\"https:\/\/jut.sk\/jut-elstav\/wp-content\/uploads\/sites\/5\/2021\/05\/metrostav-slovakia.jpg\" alt=\"\" width=\"400\" height=\"400\" class=\"alignnone size-full\" \/><\/div>\r\n<div class=\"uk-width-large-8-10 uk-margin jut-elstav-klient-content\">\r\n<h1 class=\"h2-red-left-line\">Metrostav Slovakia<\/h1>\r\n<p class=\"uk-text-justify\">\r\nMetrostav Slovakia je dc\u00e9rskou spolo\u010dnos\u0165ou \u010desk\u00e9ho Metrostavu a \u010dlenom Skupiny Metrostav so zameran\u00edm na pozemn\u00e9 stavite\u013estvo a development na slovenskom trhu, na ktorom p\u00f4sob\u00edme od roku 1997. Je to stabiln\u00e1 a univerz\u00e1lna stavebn\u00e1 spolo\u010dnos\u0165 so schopnos\u0165ou realizova\u0165 ve\u013ek\u00e9 a zlo\u017eit\u00e9 projekty.\r\n<\/p>\r\n<p><a class=\"uk-link jut-elstav-ref-page-link\" href=\"https:\/\/www.metrostav.sk\/index.php\" target=\"_blank\" rel=\"noopener noreferrer\">\r\nwww.metrostav.sk<img decoding=\"async\" src=\"https:\/\/jut.sk\/jut-elstav\/wp-content\/themes\/yoo_luna_wp\/styles\/jut\/images\/icon-arrow-right.svg\" alt=\"\" \/><br \/>\r\n<\/a><\/p>\r\n<h3 class=\"h3-red-left-line uk-margin-large-top\">Pozrite si referen\u010dn\u00e9 projekty realizovan\u00e9 na\u0161ou spolo\u010dnos\u0165ou<\/h3>\r\n\n\n<div id=\"wk-gridb34\" class=\"uk-grid-width-1-1 uk-grid-width-small-1-2 uk-grid-width-large-1-4 uk-grid uk-grid-match jutelstav-galeria\" data-uk-grid-match=\"{target:'> div > .uk-panel', row:true}\" data-uk-grid-margin  data-uk-scrollspy=\"{cls:'uk-animation-scale-up uk-invisible', target:'> div > .uk-panel', delay:300}\">\n\n    \n    <div>\n    \n<div class=\"uk-panel uk-invisible\">\n\n    <div class=\"uk-panel-teaser\">\n\n        <figure class=\"uk-overlay uk-overlay-hover \">\n\n            <img loading=\"lazy\" decoding=\"async\" src=\"\/jut-elstav\/wp-content\/uploads\/sites\/5\/2024\/02\/jut-elstav-copy-116.jpg\" class=\"uk-overlay-fade\" alt=\"viac\u00fa\u010delov\u00fd \u0161portov\u00fd are\u00e1 Bansk\u00e1 \u0160tiavnica (SK)\" width=\"1000\" height=\"750\">\n            \n                        <div class=\"uk-overlay-panel uk-overlay-background uk-overlay-fade\"><\/div>\n            \n                            <div class=\"uk-overlay-panel uk-overlay-icon uk-overlay-fade\"><\/div>\n            \n                                                                        <a class=\"uk-position-cover\" href=\"\/jut-elstav\/wp-content\/plugins\/widgetkit\/cache\/jut-elstav-copy-116-6782c3aafb02e6c1f6682fa4dc61b861.jpg\" data-lightbox-type=\"image\" data-uk-lightbox=\"{group:'.wk-1b34'}\" title=\"1-5\/2022 Viac\u00fa\u010delov\u00fd \u0161portov\u00fd are\u00e1l ZSG DO2 B. \u0160tiavnica\"><\/a>\n                                                \n        <\/figure>\n\n    <\/div>\n\n    \n                <h3 class=\"uk-h5 uk-margin-bottom-remove\">viac\u00fa\u010delov\u00fd \u0161portov\u00fd are\u00e1 Bansk\u00e1 \u0160tiavnica (SK)<\/h3>\n        \n        \n    \n<\/div>\n    <\/div>\n\n        \n    <div>\n    \n<div class=\"uk-panel uk-invisible\">\n\n    <div class=\"uk-panel-teaser\">\n\n        <figure class=\"uk-overlay uk-overlay-hover \">\n\n            <img loading=\"lazy\" decoding=\"async\" src=\"\/jut-elstav\/wp-content\/uploads\/sites\/5\/2021\/05\/jut-elstav-copy-93.jpg\" class=\"uk-overlay-fade\" alt=\"Moderniz\u00e1cia Vodn\u00e9 dielo Gab\u010d\u00edkovo\" width=\"1000\" height=\"750\">\n            \n                        <div class=\"uk-overlay-panel uk-overlay-background uk-overlay-fade\"><\/div>\n            \n                            <div class=\"uk-overlay-panel uk-overlay-icon uk-overlay-fade\"><\/div>\n            \n                                                                        <a class=\"uk-position-cover\" href=\"\/jut-elstav\/wp-content\/plugins\/widgetkit\/cache\/jut-elstav-copy-93-ba8a6543312fbd35ba39b8add57c1145.jpg\" data-lightbox-type=\"image\" data-uk-lightbox=\"{group:'.wk-1b34'}\" title=\"12\/2020, 1-3\/2021, 4-12\/2022 Inov\u00e1cia a moderniz\u00e1cia plavebn\u00fdch kom\u00f4r pre zv\u00fd\u0161enie bezpe\u010dnosti a intenzity vodnej dopravy na vodnom diele Gab\u010d\u00edkovo\n\"><\/a>\n                                                \n        <\/figure>\n\n    <\/div>\n\n    \n                <h3 class=\"uk-h5 uk-margin-bottom-remove\">Moderniz\u00e1cia Vodn\u00e9 dielo Gab\u010d\u00edkovo<\/h3>\n        \n        \n    \n<\/div>\n    <\/div>\n\n        \n    <div>\n    \n<div class=\"uk-panel uk-invisible\">\n\n    <div class=\"uk-panel-teaser\">\n\n        <figure class=\"uk-overlay uk-overlay-hover \">\n\n            <img loading=\"lazy\" decoding=\"async\" src=\"\/jut-elstav\/wp-content\/uploads\/sites\/5\/2024\/02\/jut-elstav-copy-115.jpg\" class=\"uk-overlay-fade\" alt=\"OVO Bory SZP a IS, Bratislava (SK)\" width=\"1000\" height=\"750\">\n            \n                        <div class=\"uk-overlay-panel uk-overlay-background uk-overlay-fade\"><\/div>\n            \n                            <div class=\"uk-overlay-panel uk-overlay-icon uk-overlay-fade\"><\/div>\n            \n                                                                        <a class=\"uk-position-cover\" href=\"\/jut-elstav\/wp-content\/plugins\/widgetkit\/cache\/jut-elstav-copy-115-414bb015db4c156b808d3766e244828d.jpg\" data-lightbox-type=\"image\" data-uk-lightbox=\"{group:'.wk-1b34'}\" title=\"3-5\/2022 OVO Bory SZP a IS, Bratislava\"><\/a>\n                                                \n        <\/figure>\n\n    <\/div>\n\n    \n                <h3 class=\"uk-h5 uk-margin-bottom-remove\">OVO Bory SZP a IS, Bratislava (SK)<\/h3>\n        \n        \n    \n<\/div>\n    <\/div>\n\n    \n<\/div>\n\n\n<script>\n(function($){\n\n    \/\/ get the images of the gallery and replace it by a canvas of the same size to fix the problem with overlapping images on load.\n    $('img[width][height]:not(.uk-overlay-panel)', $('#wk-gridb34')).each(function() {\n\n        var $img = $(this);\n\n        if (this.width == 'auto' || this.height == 'auto' || !$img.is(':visible')) {\n            return;\n        }\n\n        var $canvas = $('<canvas class=\"uk-responsive-width\"><\/canvas>').attr({width:$img.attr('width'), height:$img.attr('height')}),\n            img = new Image,\n            release = function() {\n                $canvas.remove();\n                $img.css('display', '');\n                release = function(){};\n            };\n\n        $img.css('display', 'none').after($canvas);\n\n        $(img).on('load', function(){ release(); });\n        setTimeout(function(){ release(); }, 1000);\n\n        img.src = this.src;\n\n    });\n\n})(jQuery);\n<\/script>\n\r\n\r\n<\/div>\r\n<\/div>\r\n<p>&nbsp;<\/p>\r\n<p>&nbsp;<\/p>\r\n\r\n\r\n","protected":false},"excerpt":{"rendered":"<p>Metrostav Slovakia Metrostav Slovakia je dc\u00e9rskou spolo\u010dnos\u0165ou \u010desk\u00e9ho Metrostavu a \u010dlenom Skupiny Metrostav so zameran\u00edm na pozemn\u00e9 stavite\u013estvo a development na slovenskom trhu, na ktorom p\u00f4sob\u00edme od roku 1997. Je to stabiln\u00e1 a univerz\u00e1lna stavebn\u00e1 spolo\u010dnos\u0165 so schopnos\u0165ou realizova\u0165 ve\u013ek\u00e9 a zlo\u017eit\u00e9 projekty. www.metrostav.sk Pozrite si referen\u010dn\u00e9 projekty realizovan\u00e9 na\u0161ou spolo\u010dnos\u0165ou &nbsp; &nbsp;<\/p>\n","protected":false},"author":1,"featured_media":0,"parent":14,"menu_order":0,"comment_status":"closed","ping_status":"closed","template":"","meta":{"inline_featured_image":false,"mrp_rating_form_position":"","mrp_rating_results_position":"","mrp_structured_data_type":"","mrp_allow_anonymous":"","mrp_rating_form_id":"","footnotes":""},"multi-rating-pro":{"mrp_rating_result_1":[],"rating_form":1},"_links":{"self":[{"href":"https:\/\/jut.sk\/jut-elstav\/wp-json\/wp\/v2\/pages\/3279"}],"collection":[{"href":"https:\/\/jut.sk\/jut-elstav\/wp-json\/wp\/v2\/pages"}],"about":[{"href":"https:\/\/jut.sk\/jut-elstav\/wp-json\/wp\/v2\/types\/page"}],"author":[{"embeddable":true,"href":"https:\/\/jut.sk\/jut-elstav\/wp-json\/wp\/v2\/users\/1"}],"replies":[{"embeddable":true,"href":"https:\/\/jut.sk\/jut-elstav\/wp-json\/wp\/v2\/comments?post=3279"}],"version-history":[{"count":3,"href":"https:\/\/jut.sk\/jut-elstav\/wp-json\/wp\/v2\/pages\/3279\/revisions"}],"predecessor-version":[{"id":3285,"href":"https:\/\/jut.sk\/jut-elstav\/wp-json\/wp\/v2\/pages\/3279\/revisions\/3285"}],"up":[{"embeddable":true,"href":"https:\/\/jut.sk\/jut-elstav\/wp-json\/wp\/v2\/pages\/14"}],"wp:attachment":[{"href":"https:\/\/jut.sk\/jut-elstav\/wp-json\/wp\/v2\/media?parent=3279"}],"curies":[{"name":"wp","href":"https:\/\/api.w.org\/{rel}","templated":true}]}}