{"id":3220,"date":"2020-10-28T22:51:06","date_gmt":"2020-10-28T21:51:06","guid":{"rendered":"https:\/\/jut.sk\/jut-elstav\/?page_id=3220"},"modified":"2020-10-28T22:57:12","modified_gmt":"2020-10-28T21:57:12","slug":"sam-ceska-lipa","status":"publish","type":"page","link":"https:\/\/jut.sk\/jut-elstav\/referencie\/sam-ceska-lipa\/","title":{"rendered":"SAM \u010cesk\u00e1 L\u00edpa"},"content":{"rendered":"<div class=\"uk-grid uk-grid-large\">\r\n<div class=\"uk-width-large-2-10 jut-elstav-klient-logo\">\r\n<img loading=\"lazy\" decoding=\"async\" src=\"https:\/\/jut.sk\/jut-elstav\/wp-content\/uploads\/sites\/5\/2020\/10\/sam.jpg\" alt=\"\" width=\"400\" height=\"400\" class=\"alignnone size-full wp-image-3202\" srcset=\"https:\/\/jut.sk\/jut-elstav\/wp-content\/uploads\/sites\/5\/2020\/10\/sam.jpg 400w, https:\/\/jut.sk\/jut-elstav\/wp-content\/uploads\/sites\/5\/2020\/10\/sam-300x300.jpg 300w, https:\/\/jut.sk\/jut-elstav\/wp-content\/uploads\/sites\/5\/2020\/10\/sam-150x150.jpg 150w, https:\/\/jut.sk\/jut-elstav\/wp-content\/uploads\/sites\/5\/2020\/10\/sam-100x100.jpg 100w\" sizes=\"(max-width: 400px) 100vw, 400px\" \/>\r\n<\/div>\r\n<div class=\"uk-width-large-8-10 uk-margin jut-elstav-klient-content\">\r\n<h1 class=\"h2-red-left-line\">SAM \u010cesk\u00e1 L\u00edpa<\/h1>\r\n<p class=\"uk-text-justify\">\r\n\r\nNosn\u00fdm programom spolo\u010dnosti s\u00fa rekon\u0161trukcie a opravy ch\u00e1traj\u00facich mostov, v\u00fdstavba a opravy po\u0161koden\u00fdch cestn\u00fdch povrchov a komunik\u00e1ci\u00ed, vykon\u00e1vanie pozemn\u00fdch a priemyseln\u00fdch stavieb, \u010falej v\u00fdroba asfaltov\u00fdch zmes\u00ed, v\u00fdroba \u010derstv\u00e9ho bet\u00f3nu a oce\u013eov\u00fdch kon\u0161trukci\u00ed, dopravn\u00e9 zna\u010denie a \u010fal\u0161ie sprievodn\u00e9 aktivity.\r\n\r\n<\/p>\r\n<p><a class=\"uk-link jut-elstav-ref-page-link\" href=\"http:\/\/www.skupinasam.cz\/o-spolecnosti\/sam-ceska-lipa\/\" target=\"_blank\" rel=\"noopener noreferrer\"><br \/>\r\nwww.skupinasam.cz<img decoding=\"async\" src=\"https:\/\/jut.sk\/jut-elstav\/wp-content\/themes\/yoo_luna_wp\/styles\/jut\/images\/icon-arrow-right.svg\" alt=\"\" \/><br \/>\r\n<\/a><\/p>\r\n<h3 class=\"h3-red-left-line uk-margin-large-top\">Pozrite si referen\u010dn\u00e9 projekty realizovan\u00e9 na\u0161ou spolo\u010dnos\u0165ou<\/h3>\r\n\r\n\n\n<div id=\"wk-grid8a2\" class=\"uk-grid-width-1-1 uk-grid-width-small-1-2 uk-grid-width-large-1-4 uk-grid uk-grid-match jutelstav-galeria\" data-uk-grid-match=\"{target:'> div > .uk-panel', row:true}\" data-uk-grid-margin  data-uk-scrollspy=\"{cls:'uk-animation-scale-up uk-invisible', target:'> div > .uk-panel', delay:300}\">\n\n    \n    <div>\n    \n<div class=\"uk-panel uk-invisible\">\n\n    <div class=\"uk-panel-teaser\">\n\n        <figure class=\"uk-overlay uk-overlay-hover \">\n\n            <img loading=\"lazy\" decoding=\"async\" src=\"\/jut-elstav\/wp-content\/uploads\/sites\/5\/2022\/03\/jut-elstav-copy-106.jpg\" class=\"uk-overlay-fade\" alt=\"III\/14539, Jaronice (CZ)\" width=\"1000\" height=\"750\">\n            \n                        <div class=\"uk-overlay-panel uk-overlay-background uk-overlay-fade\"><\/div>\n            \n                            <div class=\"uk-overlay-panel uk-overlay-icon uk-overlay-fade\"><\/div>\n            \n                                                                        <a class=\"uk-position-cover\" href=\"#wk-38a2\" data-index=\"0\" data-uk-modal title=\"11\/2021 III\/14539, v\u00fdstavba opernej steny, Jaronice\"><\/a>\n                                                \n        <\/figure>\n\n    <\/div>\n\n    \n                <h3 class=\"uk-h5 uk-margin-bottom-remove\">III\/14539, Jaronice (CZ)<\/h3>\n        \n        \n    \n<\/div>\n    <\/div>\n\n        \n    <div>\n    \n<div class=\"uk-panel uk-invisible\">\n\n    <div class=\"uk-panel-teaser\">\n\n        <figure class=\"uk-overlay uk-overlay-hover \">\n\n            <img loading=\"lazy\" decoding=\"async\" src=\"\/jut-elstav\/wp-content\/uploads\/sites\/5\/2022\/03\/jut-elstav-copy-97.jpg\" class=\"uk-overlay-fade\" alt=\"III\/2624, \u010cesk\u00e1 L\u00edpa \u2013 Kozly (CZ)\" width=\"1000\" height=\"750\">\n            \n                        <div class=\"uk-overlay-panel uk-overlay-background uk-overlay-fade\"><\/div>\n            \n                            <div class=\"uk-overlay-panel uk-overlay-icon uk-overlay-fade\"><\/div>\n            \n                                                                        <a class=\"uk-position-cover\" href=\"#wk-38a2\" data-index=\"1\" data-uk-modal title=\"5-6\/2021 III\/2624, \u010cesk\u00e1 L\u00edpa \u2013 Kozly\"><\/a>\n                                                \n        <\/figure>\n\n    <\/div>\n\n    \n                <h3 class=\"uk-h5 uk-margin-bottom-remove\">III\/2624, \u010cesk\u00e1 L\u00edpa \u2013 Kozly (CZ)<\/h3>\n        \n        \n    \n<\/div>\n    <\/div>\n\n        \n    <div>\n    \n<div class=\"uk-panel uk-invisible\">\n\n    <div class=\"uk-panel-teaser\">\n\n        <figure class=\"uk-overlay uk-overlay-hover \">\n\n            <img loading=\"lazy\" decoding=\"async\" src=\"\/jut-elstav\/wp-content\/uploads\/sites\/5\/2020\/10\/jut-elstav-copy-84.jpg\" class=\"uk-overlay-fade\" alt=\"I\/35 + I\/65 Rychnov u Jablonce nad Nisou (CZ)\" width=\"1000\" height=\"750\">\n            \n                        <div class=\"uk-overlay-panel uk-overlay-background uk-overlay-fade\"><\/div>\n            \n                            <div class=\"uk-overlay-panel uk-overlay-icon uk-overlay-fade\"><\/div>\n            \n                                                                        <a class=\"uk-position-cover\" href=\"#wk-38a2\" data-index=\"2\" data-uk-modal title=\"6-10\/2020, 4-11\/2021 E442 I\/35 + I\/65  R\u00e1delsk\u00fd ml\u00fdn, SO 2020 Rychnov u Jablonce nad Nisou\"><\/a>\n                                                \n        <\/figure>\n\n    <\/div>\n\n    \n                <h3 class=\"uk-h5 uk-margin-bottom-remove\">I\/35 + I\/65 Rychnov u Jablonce nad Nisou (CZ)<\/h3>\n        \n        \n    \n<\/div>\n    <\/div>\n\n        \n    <div>\n    \n<div class=\"uk-panel uk-invisible\">\n\n    <div class=\"uk-panel-teaser\">\n\n        <figure class=\"uk-overlay uk-overlay-hover \">\n\n            <img loading=\"lazy\" decoding=\"async\" src=\"\/jut-elstav\/wp-content\/uploads\/sites\/5\/2022\/03\/jut-elstav-copy-96.jpg\" class=\"uk-overlay-fade\" alt=\"III\/24088 Dubi\u010dn\u00e1 \/ Li\u010denice (CZ)\" width=\"1000\" height=\"750\">\n            \n                        <div class=\"uk-overlay-panel uk-overlay-background uk-overlay-fade\"><\/div>\n            \n                            <div class=\"uk-overlay-panel uk-overlay-icon uk-overlay-fade\"><\/div>\n            \n                                                                        <a class=\"uk-position-cover\" href=\"#wk-38a2\" data-index=\"3\" data-uk-modal title=\"5-6\/2021 III\/24088 &#8211; Most ev.\u010d. 24088-1 Dubi\u010dn\u00e1\"><\/a>\n                                                \n        <\/figure>\n\n    <\/div>\n\n    \n                <h3 class=\"uk-h5 uk-margin-bottom-remove\">III\/24088 Dubi\u010dn\u00e1 \/ Li\u010denice (CZ)<\/h3>\n        \n        \n    \n<\/div>\n    <\/div>\n\n        \n    <div>\n    \n<div class=\"uk-panel uk-invisible\">\n\n    <div class=\"uk-panel-teaser\">\n\n        <figure class=\"uk-overlay uk-overlay-hover \">\n\n            <img loading=\"lazy\" decoding=\"async\" src=\"\/jut-elstav\/wp-content\/uploads\/sites\/5\/2022\/03\/jut-elstav-copy-102.jpg\" class=\"uk-overlay-fade\" alt=\"I\/9, \u010cesk\u00e1 L\u00edpa (CZ)\" width=\"1000\" height=\"750\">\n            \n                        <div class=\"uk-overlay-panel uk-overlay-background uk-overlay-fade\"><\/div>\n            \n                            <div class=\"uk-overlay-panel uk-overlay-icon uk-overlay-fade\"><\/div>\n            \n                                                                        <a class=\"uk-position-cover\" href=\"#wk-38a2\" data-index=\"4\" data-uk-modal title=\"10\/2021 I\/9, most \u010d. 9-047, \u010cesk\u00e1 L\u00edpa\"><\/a>\n                                                \n        <\/figure>\n\n    <\/div>\n\n    \n                <h3 class=\"uk-h5 uk-margin-bottom-remove\">I\/9, \u010cesk\u00e1 L\u00edpa (CZ)<\/h3>\n        \n        \n    \n<\/div>\n    <\/div>\n\n    \n<\/div>\n\n<div id=\"wk-38a2\" class=\"uk-modal\">\n    <div class=\"uk-modal-dialog uk-modal-dialog-blank\">\n\n        <button class=\"uk-modal-close uk-close\" type=\"button\"><\/button>\n\n        <div class=\"uk-grid\" data-uk-grid-margin>\n            <div class=\"uk-width-large-1-2 uk-text-center\">\n\n                <div class=\"uk-slidenav-position\" data-uk-slideshow data-uk-check-display>\n                    <ul class=\"uk-slideshow uk-slideshow-fullscreen\">\n                        \n                            <li>\n                                <img decoding=\"async\" src=\"\/jut-elstav\/wp-content\/plugins\/widgetkit\/cache\/jut-elstav-copy-106-3b8c973f2d0e4781a3aeae4ea4d29000.jpg\" alt=\"III\/14539, Jaronice (CZ)\">                            <\/li>\n\n                        \n                            <li>\n                                <img decoding=\"async\" src=\"\/jut-elstav\/wp-content\/plugins\/widgetkit\/cache\/jut-elstav-copy-97-8fcf4e840c6d98721a71f16814fb4f53.jpg\" alt=\"III\/2624, \u010cesk\u00e1 L\u00edpa \u2013 Kozly (CZ)\">                            <\/li>\n\n                        \n                            <li>\n                                <img decoding=\"async\" src=\"\/jut-elstav\/wp-content\/plugins\/widgetkit\/cache\/jut-elstav-copy-84-52bb856e21955709bf6190e2855902dd.jpg\" alt=\"I\/35 + I\/65 Rychnov u Jablonce nad Nisou (CZ)\">                            <\/li>\n\n                        \n                            <li>\n                                <img decoding=\"async\" src=\"\/jut-elstav\/wp-content\/plugins\/widgetkit\/cache\/jut-elstav-copy-96-b54e0f1757472734309915205536977a.jpg\" alt=\"III\/24088 Dubi\u010dn\u00e1 \/ Li\u010denice (CZ)\">                            <\/li>\n\n                        \n                            <li>\n                                <img decoding=\"async\" src=\"\/jut-elstav\/wp-content\/plugins\/widgetkit\/cache\/jut-elstav-copy-102-731d6bee0f7d072974d00a982cadeac1.jpg\" alt=\"I\/9, \u010cesk\u00e1 L\u00edpa (CZ)\">                            <\/li>\n\n                                            <\/ul>\n\n                    <a href=\"#\" class=\"uk-slidenav uk-slidenav-contrast uk-slidenav-previous uk-hidden-touch\" data-uk-slideshow-item=\"previous\"><\/a>\n                    <a href=\"#\" class=\"uk-slidenav uk-slidenav-contrast uk-slidenav-next uk-hidden-touch\" data-uk-slideshow-item=\"next\"><\/a>\n\n                <\/div>\n            <\/div>\n            <div class=\"uk-width-large-1-2 test-class uk-flex uk-flex-middle uk-flex-center\">\n\n                <div class=\"uk-panel-body uk-width-1-1 \" data-uk-slideshow data-uk-check-display>\n                    <ul class=\"uk-slideshow\">\n                                                <li>\n\n                                                        <h3 class=\"uk-h2\">III\/14539, Jaronice (CZ)<\/h3>\n                            \n                                                        <div class=\"uk-margin-top \">11\/2021 III\/14539, v\u00fdstavba opernej steny, Jaronice<\/div>\n                            \n                            \n                        <\/li>\n                                            <li>\n\n                                                        <h3 class=\"uk-h2\">III\/2624, \u010cesk\u00e1 L\u00edpa \u2013 Kozly (CZ)<\/h3>\n                            \n                                                        <div class=\"uk-margin-top \">5-6\/2021 III\/2624, \u010cesk\u00e1 L\u00edpa \u2013 Kozly<\/div>\n                            \n                            \n                        <\/li>\n                                            <li>\n\n                                                        <h3 class=\"uk-h2\">I\/35 + I\/65 Rychnov u Jablonce nad Nisou (CZ)<\/h3>\n                            \n                                                        <div class=\"uk-margin-top \">6-10\/2020, 4-11\/2021 E442 I\/35 + I\/65  R\u00e1delsk\u00fd ml\u00fdn, SO 2020 Rychnov u Jablonce nad Nisou<\/div>\n                            \n                            \n                        <\/li>\n                                            <li>\n\n                                                        <h3 class=\"uk-h2\">III\/24088 Dubi\u010dn\u00e1 \/ Li\u010denice (CZ)<\/h3>\n                            \n                                                        <div class=\"uk-margin-top \">5-6\/2021 III\/24088 &#8211; Most ev.\u010d. 24088-1 Dubi\u010dn\u00e1<\/div>\n                            \n                            \n                        <\/li>\n                                            <li>\n\n                                                        <h3 class=\"uk-h2\">I\/9, \u010cesk\u00e1 L\u00edpa (CZ)<\/h3>\n                            \n                                                        <div class=\"uk-margin-top \">10\/2021 I\/9, most \u010d. 9-047, \u010cesk\u00e1 L\u00edpa<\/div>\n                            \n                            \n                        <\/li>\n                                        <\/ul>\n\n                    <div class=\"uk-margin-top\">\n                        <ul class=\"uk-thumbnav uk-margin-bottom-remove\">\n                                                    <li data-uk-slideshow-item=\"0\"><a href=\"#\"><img loading=\"lazy\" decoding=\"async\" src=\"\/jut-elstav\/wp-content\/plugins\/widgetkit\/cache\/jut-elstav-copy-106-440c790cd6bb952b3619b4953cefeb16.jpg\" alt=\"III\/14539, Jaronice (CZ)\" width=\"160\" height=\"120\"><\/a><\/li>\n                                                    <li data-uk-slideshow-item=\"1\"><a href=\"#\"><img loading=\"lazy\" decoding=\"async\" src=\"\/jut-elstav\/wp-content\/plugins\/widgetkit\/cache\/jut-elstav-copy-97-05fb4208ec6dfeecc59c96648f22a934.jpg\" alt=\"III\/2624, \u010cesk\u00e1 L\u00edpa \u2013 Kozly (CZ)\" width=\"160\" height=\"120\"><\/a><\/li>\n                                                    <li data-uk-slideshow-item=\"2\"><a href=\"#\"><img loading=\"lazy\" decoding=\"async\" src=\"\/jut-elstav\/wp-content\/plugins\/widgetkit\/cache\/jut-elstav-copy-84-7a6218517b0e86832484ed11e2e2381d.jpg\" alt=\"I\/35 + I\/65 Rychnov u Jablonce nad Nisou (CZ)\" width=\"160\" height=\"120\"><\/a><\/li>\n                                                    <li data-uk-slideshow-item=\"3\"><a href=\"#\"><img loading=\"lazy\" decoding=\"async\" src=\"\/jut-elstav\/wp-content\/plugins\/widgetkit\/cache\/jut-elstav-copy-96-1f92b3e025c22c9808f6e4faa70fe2d2.jpg\" alt=\"III\/24088 Dubi\u010dn\u00e1 \/ Li\u010denice (CZ)\" width=\"160\" height=\"120\"><\/a><\/li>\n                                                    <li data-uk-slideshow-item=\"4\"><a href=\"#\"><img loading=\"lazy\" decoding=\"async\" src=\"\/jut-elstav\/wp-content\/plugins\/widgetkit\/cache\/jut-elstav-copy-102-bf3eb9265a593fca98b2b5cbef87961d.jpg\" alt=\"I\/9, \u010cesk\u00e1 L\u00edpa (CZ)\" width=\"160\" height=\"120\"><\/a><\/li>\n                                                <\/ul>\n                    <\/div>\n                <\/div>\n\n            <\/div>\n        <\/div>\n\n    <\/div>\n<\/div>\n\n<script>\n    (function($){\n\n        var modal      = $('#wk-38a2'),\n            container  = modal.prev(),\n            slideshows = modal.find('[data-uk-slideshow]'),\n            slideshow;\n\n        container.on('click', '[href^=\"#wk-\"][data-uk-modal]', function(e) {\n            slideshows.each(function(){\n\n                slideshow = $(this).data('slideshow');\n                slideshow.show(parseInt(e.target.getAttribute('data-index'), 10));\n            });\n        });\n\n        modal.on('beforeshow.uk.slideshow', function(e, next) {\n            slideshows.not(next.closest('[data-uk-slideshow]')[0]).data('slideshow').show(next.index());\n        });\n\n    })(jQuery);\n<\/script>\n\n<script>\n(function($){\n\n    \/\/ get the images of the gallery and replace it by a canvas of the same size to fix the problem with overlapping images on load.\n    $('img[width][height]:not(.uk-overlay-panel)', $('#wk-grid8a2')).each(function() {\n\n        var $img = $(this);\n\n        if (this.width == 'auto' || this.height == 'auto' || !$img.is(':visible')) {\n            return;\n        }\n\n        var $canvas = $('<canvas class=\"uk-responsive-width\"><\/canvas>').attr({width:$img.attr('width'), height:$img.attr('height')}),\n            img = new Image,\n            release = function() {\n                $canvas.remove();\n                $img.css('display', '');\n                release = function(){};\n            };\n\n        $img.css('display', 'none').after($canvas);\n\n        $(img).on('load', function(){ release(); });\n        setTimeout(function(){ release(); }, 1000);\n\n        img.src = this.src;\n\n    });\n\n})(jQuery);\n<\/script>\n\r\n<\/div>\r\n<\/div>\r\n<p>&nbsp;<\/p>\r\n<p>&nbsp;<\/p>","protected":false},"excerpt":{"rendered":"<p>SAM \u010cesk\u00e1 L\u00edpa Nosn\u00fdm programom spolo\u010dnosti s\u00fa rekon\u0161trukcie a opravy ch\u00e1traj\u00facich mostov, v\u00fdstavba a opravy po\u0161koden\u00fdch cestn\u00fdch povrchov a komunik\u00e1ci\u00ed, vykon\u00e1vanie pozemn\u00fdch a priemyseln\u00fdch stavieb, \u010falej v\u00fdroba asfaltov\u00fdch zmes\u00ed, v\u00fdroba \u010derstv\u00e9ho bet\u00f3nu a oce\u013eov\u00fdch kon\u0161trukci\u00ed, dopravn\u00e9 zna\u010denie a \u010fal\u0161ie sprievodn\u00e9 aktivity. www.skupinasam.cz Pozrite si referen\u010dn\u00e9 projekty realizovan\u00e9 na\u0161ou spolo\u010dnos\u0165ou &nbsp; &nbsp;<\/p>\n","protected":false},"author":1,"featured_media":0,"parent":14,"menu_order":0,"comment_status":"closed","ping_status":"closed","template":"","meta":{"inline_featured_image":false,"mrp_rating_form_position":"","mrp_rating_results_position":"","mrp_structured_data_type":"","mrp_allow_anonymous":"","mrp_rating_form_id":"","footnotes":""},"multi-rating-pro":{"mrp_rating_result_1":[],"rating_form":1},"_links":{"self":[{"href":"https:\/\/jut.sk\/jut-elstav\/wp-json\/wp\/v2\/pages\/3220"}],"collection":[{"href":"https:\/\/jut.sk\/jut-elstav\/wp-json\/wp\/v2\/pages"}],"about":[{"href":"https:\/\/jut.sk\/jut-elstav\/wp-json\/wp\/v2\/types\/page"}],"author":[{"embeddable":true,"href":"https:\/\/jut.sk\/jut-elstav\/wp-json\/wp\/v2\/users\/1"}],"replies":[{"embeddable":true,"href":"https:\/\/jut.sk\/jut-elstav\/wp-json\/wp\/v2\/comments?post=3220"}],"version-history":[{"count":2,"href":"https:\/\/jut.sk\/jut-elstav\/wp-json\/wp\/v2\/pages\/3220\/revisions"}],"predecessor-version":[{"id":3222,"href":"https:\/\/jut.sk\/jut-elstav\/wp-json\/wp\/v2\/pages\/3220\/revisions\/3222"}],"up":[{"embeddable":true,"href":"https:\/\/jut.sk\/jut-elstav\/wp-json\/wp\/v2\/pages\/14"}],"wp:attachment":[{"href":"https:\/\/jut.sk\/jut-elstav\/wp-json\/wp\/v2\/media?parent=3220"}],"curies":[{"name":"wp","href":"https:\/\/api.w.org\/{rel}","templated":true}]}}