{"id":3040,"date":"2020-04-27T12:44:10","date_gmt":"2020-04-27T10:44:10","guid":{"rendered":"http:\/\/jut.sk\/jut-elstav\/?page_id=3040"},"modified":"2020-04-29T09:15:53","modified_gmt":"2020-04-29T07:15:53","slug":"karriere","status":"publish","type":"page","link":"https:\/\/jut.sk\/jut-elstav\/de\/karriere\/","title":{"rendered":"Karriere"},"content":{"rendered":"<h1 class=\"h1-jut h-jut-horizontal-line\">Bei JUT-ELSTAV arbeiten<\/h1>\r\n<div id=\"jut-jobs\" class=\"uk-grid\">\r\n<div class=\"uk-width-large-8-10 uk-width-medium-1-1 uk-container-center jut-windows-o-spolocnosti\">\r\n<p class=\"p1\" style=\"text-align: center;\">JUT-AEL GmbH ist dynamisch entwickelte Gesellschaft mit Wirkungsbereich in Verkehr-, Bahn- und Baut\u00e4tigkeiten, mit Richtung an Br\u00fcckenkonstruktionen und St\u00fctzmauer orientiert. <\/p>\r\n<p style=\"text-align: center;\">Wir sind Gesellschaft, die das Wort h\u00e4lt!<\/p>\r\n<div class=\"uk-grid jut-windows\">\r\n<div class=\"uk-width-large-1-4 uk-width-medium-1-4 uk-width-small-1-2 uk-grid-margin uk-row-first\">\r\n<div class=\"uk-panel jut-window-13-elstav\">\r\n<div class=\"jut-window-image\">\u00a0<\/div>\r\n<div class=\"jut-window-gradient\">\u00a0<\/div>\r\n<div class=\"jut-window-caption\">\r\n<h3 class=\"jut-window-title\">Zimmerer \/ Schalunger<\/h3>\r\n<\/div>\r\n<p>Mehr info <img decoding=\"async\" class=\"jut-sipka-window-right\" src=\"https:\/\/jut.sk\/wp-content\/uploads\/2019\/10\/arrow-right-white.svg\" \/><\/p>\r\n<a href=\"#jut-elstav-tesar\" data-uk-modal=\"\">Mehr info<\/a><\/div>\r\n<\/div>\r\n<div class=\"uk-width-large-1-4 uk-width-medium-1-4 uk-width-small-1-2 uk-grid-margin\">\r\n<div class=\"uk-panel jut-window-14-elstav\">\r\n<div class=\"jut-window-image\">\u00a0<\/div>\r\n<div class=\"jut-window-gradient\">\u00a0<\/div>\r\n<div class=\"jut-window-caption\">\r\n<h3 class=\"jut-window-title\">Hilfsbauarbeiter<\/h3>\r\n<\/div>\r\n<p>Mehr info <img decoding=\"async\" class=\"jut-sipka-window-right\" src=\"https:\/\/jut.sk\/wp-content\/uploads\/2019\/10\/arrow-right-white.svg\" \/><\/p>\r\n<a href=\"#jut-elstav-pomocny\" data-uk-modal=\"\">Mehr info<\/a><\/div>\r\n<\/div>\r\n<div class=\"uk-width-large-1-4 uk-width-medium-1-4 uk-width-small-1-2 uk-grid-margin\">\r\n<div class=\"uk-panel jut-window-15-elstav\">\r\n<div class=\"jut-window-image\">\u00a0<\/div>\r\n<div class=\"jut-window-gradient\">\u00a0<\/div>\r\n<div class=\"jut-window-caption\">\r\n<h3 class=\"jut-window-title\">Fahrer \/ Maschinist<\/h3>\r\n<\/div>\r\n<p>Mehr info <img decoding=\"async\" class=\"jut-sipka-window-right\" src=\"https:\/\/jut.sk\/wp-content\/uploads\/2019\/10\/arrow-right-white.svg\" \/><\/p>\r\n<a href=\"#jut-elstav-vodic\" data-uk-modal=\"\">Mehr info<\/a><\/div>\r\n<\/div>\r\n<div class=\"uk-width-large-1-4 uk-width-medium-1-4 uk-width-small-1-2 uk-grid-margin\">\r\n<div class=\"uk-panel jut-window-16-elstav\">\r\n<div class=\"jut-window-image\">\u00a0<\/div>\r\n<div class=\"jut-window-gradient\">\u00a0<\/div>\r\n<div class=\"jut-window-caption\">\r\n<h3 class=\"jut-window-title\">Eisenleger \/ Eisenh\u00fcttenmann<\/h3>\r\n<\/div>\r\n<p>Mehr info <img decoding=\"async\" class=\"jut-sipka-window-right\" src=\"https:\/\/jut.sk\/wp-content\/uploads\/2019\/10\/arrow-right-white.svg\" \/><\/p>\r\n<a href=\"#jut-elstav-armovac\" data-uk-modal=\"\">Mehr info<\/a><\/div>\r\n<\/div>\r\n<\/div>\r\n<\/div>\r\n<\/div>\r\n\r\n<!-- MODAL TESAR -->\r\n<div id=\"jut-elstav-tesar\" class=\"uk-modal jut-modal-kariera\">\r\n<div class=\"uk-modal-dialog\"> <a class=\"uk-modal-close uk-close\"><\/a>\r\n<h2 class=\"h2-red-left-line\">Zimmerer \/ Schalunger<\/h2>\r\n<p><strong>Arbeitsverh\u00e4ltnis:<\/strong><\/p>\r\n<ul>\r\n\t<li>Festanstellung oder Gewerbe<\/li>\r\n<\/ul>\r\n<p><strong>Arbeitsspezifikation:<\/strong><\/p>\r\n<ul>\r\n\t<li><span style=\"font-weight: 400;\"> Komplette Baut\u00e4tigkeiten bei Aufbau und Rekonstruktionen den monolithischen Br\u00fccken und Stra\u00dfenkonstruktionen \u00a0<\/span><\/li>\r\n\t<li><span style=\"font-weight: 400;\"> Bauarbeiten mit Tunellbau und Schutzmauern verbund<\/span><\/li>\r\n\t<li><span style=\"font-weight: 400;\"> Montagearbeiten speziellen Stutzkonstruktionen<\/span><\/li>\r\n\t<li><span style=\"font-weight: 400;\"> Komplette Bauarbeiten monolithischen Stahlbetonkonstruktionen in Wohn- und Industriebau<\/span><\/li>\r\n<\/ul>\r\n<p><strong>Pers\u00f6nliche Vorraussetzungen und Erfahrungen:<\/strong><\/p>\r\n<ul>\r\n\t<li><span style=\"font-weight: 400;\"> Selbstst\u00e4ndigkeit wie Teamgeist, Zuverl\u00e4ssigkeit, Verantwortung bei der Arbeit <\/span><\/li>\r\n\t<li><span style=\"font-weight: 400;\"> Gesundheitsf\u00e4hig <\/span><\/li>\r\n\t<li><span style=\"font-weight: 400;\"> Technisches Denken und Projektdokumentationablesung und technische Aufzeichnungenablesung  <\/span><\/li>\r\n\t<li><span style=\"font-weight: 400;\"> Kleine administrative F\u00e4higkeiten mit gemachte T\u00e4tigkeit verbund ability <\/span><\/li>\r\n\t<li><span style=\"font-weight: 400;\"> Verantwortlichkeit f\u00fcr die Arbeitsger\u00e4te, Tools, sowie gr\u00fcndliche Pflege <\/span><\/li>\r\n\t<li><span style=\"font-weight: 400;\"> Verantwortlichkeit f\u00fcr den Gesch\u00e4ftswagen, Ordnungssinn auf dem Arbeitsplatz sowie in der Unterkunft <\/span><\/li>\r\n<\/ul>\r\n<p><strong>Weitere Infos:<\/strong><\/p>\r\n<ul>\r\n\t<li><span style=\"font-weight: 400;\"> regelm\u00e4\u00dfige Ablohnung, evtl. Deckung der Rechnung <\/span><\/li>\r\n\t<li><span style=\"font-weight: 400;\"> Unterkunft gesichert \u00a0<\/span><\/li>\r\n\t<li><span style=\"font-weight: 400;\"> Gesellschaft sichert die Logistik per Dienstwagen<\/span><\/li>\r\n\t<li><span style=\"font-weight: 400;\"> Arbeiten leistet in der Slowakei, Tschechien, Deutschland und Polen<\/span><\/li>\r\n<\/ul>\r\n<p><strong>Arbeitslohn:<\/strong><\/p>\r\n<ul>\r\n\t<li><strong>1 500\u20ac &#8211; 2 500\u20ac pro Monat<\/strong> (abh\u00e4ngig von Arbeitsstunden, Kvalifikation, Fachkenntnissen und Besch\u00e4ftigung) <\/li>\r\n<\/ul>\r\n<ul>\r\n\t<li><span style=\"font-weight: 400;\"> Unsere Gesellschaft bevorzugt langfristige Zusammenarbeit mit beidseidiger Zufreidenheit<\/span><\/li>\r\n\t<li><span style=\"font-weight: 400;\"> Selbstverwirklichungsm\u00f6glichkeit, Karrieren- und Berufssteig<\/span><\/li>\r\n\t<li><span style=\"font-weight: 400;\"> Individuelle Eintritt und Hintergrund einer stabiler Gesellschaft<\/span><\/li>\r\n<\/ul>\r\n<\/div>\r\n<\/div>\r\n<!-- MODAL POMOCNY -->\r\n<div id=\"jut-elstav-pomocny\" class=\"uk-modal jut-modal-kariera\">\r\n<div class=\"uk-modal-dialog\"> <a class=\"uk-modal-close uk-close\"><\/a>\r\n<h2 class=\"h2-red-left-line\">Hilfsbauarbeiter<\/h2>\r\n<p><strong>Arbeitsverh\u00e4ltnis:<\/strong><\/p>\r\n<ul>\r\n\t<li>Festanstellung oder Gewerbe<\/li>\r\n<\/ul>\r\n<p><strong>Arbeitsspezifikation:<\/strong><\/p>\r\n<ul>\r\n\t<li><span style=\"font-weight: 400;\"> behilfliche Bauarbeit bei Aufbau und Rekonstruktion den monolithischen Br\u00fccken- und Stra\u00dfenkonstruktionen \u00a0<\/span><\/li>\r\n\t<li><span style=\"font-weight: 400;\"> behilfliche Bauarbeit mit Tunellbau und Stutzmauer verbund<\/span><\/li>\r\n<\/ul>\r\n<p><strong>Pers\u00f6nliche Vorraussetzungen und Erfahrungen:<\/strong><\/p>\r\n<ul>\r\n\t<li><span style=\"font-weight: 400;\"> Selbstst\u00e4ndigkeit wie Teamgeist, Zuverl\u00e4ssigkeit, Verantwortung bei der Arbeit <\/span><\/li>\r\n\t<li><span style=\"font-weight: 400;\"> Gesundheitsf\u00e4hig <\/span><\/li>\r\n\t<li><span style=\"font-weight: 400;\"> Technisches Denken und Projektdokumentationablesung und technische Aufzeichnungenablesung  <\/span><\/li>\r\n\t<li><span style=\"font-weight: 400;\"> Kleine administrative F\u00e4higkeiten mit gemachte T\u00e4tigkeit verbund ability <\/span><\/li>\r\n\t<li><span style=\"font-weight: 400;\"> Verantwortlichkeit f\u00fcr die Arbeitsger\u00e4te, Tools, sowie gr\u00fcndliche Pflege <\/span><\/li>\r\n\t<li><span style=\"font-weight: 400;\"> Verantwortlichkeit f\u00fcr den Gesch\u00e4ftswagen, Ordnungssinn auf dem Arbeitsplatz sowie in der Unterkunft <\/span><\/li>\r\n<\/ul>\r\n<p><strong>Weitere Infos:<\/strong><\/p>\r\n<ul>\r\n\t<li><span style=\"font-weight: 400;\"> regelm\u00e4\u00dfige Ablohnung, evtl. Deckung der Rechnung <\/span><\/li>\r\n\t<li><span style=\"font-weight: 400;\"> Unterkunft gesichert \u00a0<\/span><\/li>\r\n\t<li><span style=\"font-weight: 400;\"> Gesellschaft sichert die Logistik per Dienstwagen<\/span><\/li>\r\n\t<li><span style=\"font-weight: 400;\"> Arbeiten leistet in der Slowakei, Tschechien, Deutschland und Polen<\/span><\/li>\r\n<\/ul>\r\n<p><strong>Arbeitslohn:<\/strong><\/p>\r\n<ul>\r\n\t<li><strong>1 100\u20ac &#8211; 2 100\u20ac pro Monat<\/strong> (abh\u00e4ngig von Arbeitsstunden, Kvalifikation, Fachkenntnissen und Besch\u00e4ftigung) <\/li>\r\n<\/ul>\r\n<ul>\r\n\t<li><span style=\"font-weight: 400;\"> Unsere Gesellschaft bevorzugt langfristige Zusammenarbeit mit beidseidiger Zufreidenheit<\/span><\/li>\r\n\t<li><span style=\"font-weight: 400;\"> Selbstverwirklichungsm\u00f6glichkeit, Karrieren- und Berufssteig<\/span><\/li>\r\n\t<li><span style=\"font-weight: 400;\"> Individuelle Eintritt und Hintergrund einer stabiler Gesellschaft<\/span><\/li>\r\n<\/ul>\r\n<\/div>\r\n<\/div>\r\n<!-- MODAL VODIC -->\r\n<div id=\"jut-elstav-vodic\" class=\"uk-modal jut-modal-kariera\">\r\n<div class=\"uk-modal-dialog\"> <a class=\"uk-modal-close uk-close\"><\/a>\r\n<h2 class=\"h2-red-left-line\"><b>Fahrer \/ Maschinist<\/b><\/h2>\r\n<p><strong>Arbeitsverh\u00e4ltnis:<\/strong><\/p>\r\n<ul>\r\n\t<li>Festanstellung oder Gewerbe<\/li>\r\n<\/ul>\r\n<p><strong>Arbeitsspezifikation:<\/strong><\/p>\r\n<ul>\r\n\t<li><span style=\"font-weight: 400;\"> Maschinenbedienung (LKW mir hydraulischem Arm, Traktorbager, Autokran, bzw. Mannitou)<\/span><\/li>\r\n\t<li><span style=\"font-weight: 400;\"> Erdbau und Aufbrucharbeiten<\/span><\/li>\r\n\t<li><span style=\"font-weight: 400;\"> Pflege und Wartung f\u00fcr zugeteilten Mechanismus<\/span><\/li>\r\n<\/ul>\r\n<p><strong>Pers\u00f6nliche Vorraussetzungen und Erfahrungen:<\/strong><\/p>\r\n<ul>\r\n\t<li><span style=\"font-weight: 400;\"> Handfertigkeit und Erfahrungen mit ausgew\u00e4hlten Ger\u00e4ten<\/span><\/li>\r\n\t<li><span style=\"font-weight: 400;\"> Praxis auf dem Gebiet<\/span><\/li>\r\n\t<li><span style=\"font-weight: 400;\"> Pr\u00e4zision<\/span><\/li>\r\n<\/ul>\r\n<p><strong>Anforderungen:<\/strong><\/p>\r\n<ul>\r\n\t<li><span style=\"font-weight: 400;\"> g\u00fcltiger Maschinenausweis und Befugnisse an Maschinen und Einrichtungen<\/span><\/li>\r\n\t<li><span style=\"font-weight: 400;\"> Selbstst\u00e4ndigkeit und verantwortliche Eintritt zur Arbeit<\/span><\/li>\r\n\t<li><span style=\"font-weight: 400;\"> Gesundheitsf\u00e4hig <\/span><\/li>\r\n\t<li><span style=\"font-weight: 400;\"> kleine administrative F\u00e4higkeiten mit gemachte T\u00e4tigkeit verbund ability <\/span><\/li>\r\n\t<li><span style=\"font-weight: 400;\"> Verantwortlichkeit f\u00fcr zugeordnete Maschine <\/span><\/li>\r\n\t<li><span style=\"font-weight: 400;\"> Verantwortlichkeit f\u00fcr den Gesch\u00e4ftswagen, Ordnungssinn auf dem Arbeitsplatz sowie in der Unterkunft <\/span><\/li>\r\n<\/ul>\r\n<p><strong>Weitere Infos:<\/strong><\/p>\r\n<ul>\r\n\t<li><span style=\"font-weight: 400;\"> regelm\u00e4\u00dfige Ablohnung, evtl. Deckung der Rechnung <\/span><\/li>\r\n\t<li><span style=\"font-weight: 400;\"> Unterkunft gesichert \u00a0<\/span><\/li>\r\n\t<li><span style=\"font-weight: 400;\"> Gesellschaft sichert die Logistik per Dienstwagen<\/span><\/li>\r\n\t<li><span style=\"font-weight: 400;\"> Arbeiten leistet in der Slowakei, Tschechien, Deutschland und Polen<\/span><\/li>\r\n<\/ul>\r\n<p><strong>Arbeitslohn:<\/strong><\/p>\r\n<ul>\r\n\t<li><strong>1 700\u20ac &#8211; 2 800\u20ac pro Monat<\/strong> (abh\u00e4ngig von Arbeitsstunden, Kvalifikation, Fachkenntnissen und Besch\u00e4ftigung) <\/li>\r\n<\/ul>\r\n<ul>\r\n\t<li><span style=\"font-weight: 400;\"> Unsere Gesellschaft bevorzugt langfristige Zusammenarbeit mit beidseidiger Zufreidenheit<\/span><\/li>\r\n\t<li><span style=\"font-weight: 400;\"> Selbstverwirklichungsm\u00f6glichkeit, Karrieren- und Berufssteig<\/span><\/li>\r\n\t<li><span style=\"font-weight: 400;\"> Individuelle Eintritt und Hintergrund einer stabiler Gesellschaft<\/span><\/li>\r\n<\/ul>\r\n<\/div>\r\n<\/div>\r\n<!-- MODAL ARMOVAC -->\r\n<div id=\"jut-elstav-armovac\" class=\"uk-modal jut-modal-kariera\">\r\n<div class=\"uk-modal-dialog\"> <a class=\"uk-modal-close uk-close\"><\/a>\r\n<h2 class=\"h2-red-left-line\"><b>Eisenleger \/ Eisenh\u00fcttenmann<\/b><\/h2>\r\n<p><strong>Arbeitsverh\u00e4ltnis:<\/strong><\/p>\r\n<ul>\r\n\t<li>Festanstellung oder Gewerbe<\/li>\r\n<\/ul>\r\n<p><strong>Arbeitsspezifikation:<\/strong><\/p>\r\n<ul>\r\n\t<li><span style=\"font-weight: 400;\"> Binderarbeit\/Armierungst\u00e4tigkeit bei Aufbau und Rekonstruktion den monolithischen Br\u00fccken- und Stra\u00dfenkonstruktionen <\/span><\/li>\r\n\t<li><span style=\"font-weight: 400;\"> Armierungst\u00e4tigkeiten mit Tunellbau und Schutzmauer verbund <\/span><\/li>\r\n\t<li><span style=\"font-weight: 400;\"> Montage den speziellen unterst\u00fctzenden Konstruktionen <\/span><\/li>\r\n<\/ul>\r\n<p><strong>Pers\u00f6nliche Vorraussetzungen und Erfahrungen:<\/strong><\/p>\r\n<ul>\r\n\t<li><span style=\"font-weight: 400;\"> Selbstst\u00e4ndigkeit wie Teamgeist, Zuverl\u00e4ssigkeit, Verantwortung bei der Arbeit <\/span><\/li>\r\n\t<li><span style=\"font-weight: 400;\"> Gesundheitsf\u00e4hig <\/span><\/li>\r\n\t<li><span style=\"font-weight: 400;\"> Technisches Denken und Projektdokumentationablesung und technische Aufzeichnungenablesung  <\/span><\/li>\r\n\t<li><span style=\"font-weight: 400;\"> Kleine administrative F\u00e4higkeiten mit gemachte T\u00e4tigkeit verbund ability <\/span><\/li>\r\n\t<li><span style=\"font-weight: 400;\"> Verantwortlichkeit f\u00fcr die Arbeitsger\u00e4te, Tools, sowie gr\u00fcndliche Pflege <\/span><\/li>\r\n\t<li><span style=\"font-weight: 400;\"> Verantwortlichkeit f\u00fcr den Gesch\u00e4ftswagen, Ordnungssinn auf dem Arbeitsplatz sowie in der Unterkunft <\/span><\/li>\r\n<\/ul>\r\n<p><strong>Weitere Infos: <\/strong><\/p>\r\n<ul>\r\n\t<li><span style=\"font-weight: 400;\"> regelm\u00e4\u00dfige Ablohnung, evtl. Deckung der Rechnung <\/span><\/li>\r\n\t<li><span style=\"font-weight: 400;\"> Unterkunft gesichert \u00a0<\/span><\/li>\r\n\t<li><span style=\"font-weight: 400;\"> Gesellschaft sichert die Logistik per Dienstwagen<\/span><\/li>\r\n\t<li><span style=\"font-weight: 400;\"> Arbeiten leistet in der Slowakei, Tschechien, Deutschland und Polen<\/span><\/li>\r\n<\/ul>\r\n<p><strong>Arbeitslohn:<\/strong><\/p>\r\n<ul>\r\n\t<li><strong>1 500\u20ac &#8211; 2 500\u20ac pro Monat<\/strong> (abh\u00e4ngig von Arbeitsstunden, Kvalifikation, Fachkenntnissen und Besch\u00e4ftigung) <\/li>\r\n<\/ul>\r\n<ul>\r\n\t<li><span style=\"font-weight: 400;\"> Unsere Gesellschaft bevorzugt langfristige Zusammenarbeit mit beidseidiger Zufreidenheit<\/span><\/li>\r\n\t<li><span style=\"font-weight: 400;\"> Selbstverwirklichungsm\u00f6glichkeit, Karrieren- und Berufssteig<\/span><\/li>\r\n\t<li><span style=\"font-weight: 400;\"> Individuelle Eintritt und Hintergrund einer stabiler Gesellschaft<\/span><\/li>\r\n<\/ul>\r\n<\/div>\r\n<\/div>\r\n\r\n\r\n<div class=\"uk-width-large-2-3 uk-width-medium-1-1 uk-width-small-1-1 uk-grid-margin tm-margin-xlarge uk-container-center jut-quotes-grid jut-quotes-grid-kariera \">\r\n<p class=\"p-jut-quotes\">Wir m\u00f6chten dir behilflich bei deiner Selbstrealisation werden.  <br> Wenn du nicht etwas wissen wirst, wir werden es dir beibringen. Wenn du kraftlos bist, wir werden dir helfen. F\u00fcr uns ist deine Bem\u00fchung und Aufmerksamkeit. Wir sitzten in einem Boot und JUT Ziel hei\u00dft systematisch vorw\u00e4rts gehen.<\/p>\r\n<\/div>\r\n\r\n\r\n\r\n\r\n\r\n<div class=\"uk-grid uk-margin-large uk-grid-large tm-margin-large\">\r\n  <div class=\"uk-width-medium-1-1 uk-width-small-1-1 uk-container-center\">\r\n     <h2 class=\"h-jut-horizontal-line\" style=\"text-align: center;\">Haben Sie Interesse bei JUT arbeiten<\/h2>\r\n      <p class=\"p-form-meta\">Schicken Sie Ihren Lebenslauf ab und wir werden uns melden.<\/p>\r\n  <\/div>\r\n  <div class=\"uk-width-medium-1-2 uk-width-small-1-1 uk-container-center\">\r\n   \r\n   \n<div class=\"wpcf7 no-js\" id=\"wpcf7-f3129-o1\" lang=\"sk-SK\" dir=\"ltr\">\n<div class=\"screen-reader-response\"><p role=\"status\" aria-live=\"polite\" aria-atomic=\"true\"><\/p> <ul><\/ul><\/div>\n<form action=\"\/jut-elstav\/wp-json\/wp\/v2\/pages\/3040#wpcf7-f3129-o1\" method=\"post\" class=\"wpcf7-form init\" aria-label=\"Kontaktn\u00fd formul\u00e1r\" enctype=\"multipart\/form-data\" novalidate=\"novalidate\" data-status=\"init\">\n<div style=\"display: none;\">\n<input type=\"hidden\" name=\"_wpcf7\" value=\"3129\" \/>\n<input type=\"hidden\" name=\"_wpcf7_version\" value=\"5.9.3\" \/>\n<input type=\"hidden\" name=\"_wpcf7_locale\" value=\"sk_SK\" \/>\n<input type=\"hidden\" name=\"_wpcf7_unit_tag\" value=\"wpcf7-f3129-o1\" \/>\n<input type=\"hidden\" name=\"_wpcf7_container_post\" value=\"0\" \/>\n<input type=\"hidden\" name=\"_wpcf7_posted_data_hash\" value=\"\" \/>\n<input type=\"hidden\" name=\"_wpcf7_recaptcha_response\" value=\"\" \/>\n<\/div>\n<div class=\"uk-grid uk-grid-small  uk-margin-top jut-contact-1\">\n<div class=\"uk-width-medium-1-1\">\n    <span class=\"wpcf7-form-control-wrap\" data-name=\"your-name\"><input size=\"40\" class=\"wpcf7-form-control wpcf7-text wpcf7-validates-as-required\" aria-required=\"true\" aria-invalid=\"false\" placeholder=\"Name and Vorname\" value=\"\" type=\"text\" name=\"your-name\" \/><\/span> \n<\/div>\n<div class=\"uk-width-medium-1-2 uk-width-small-1-1\">\n    <span class=\"wpcf7-form-control-wrap\" data-name=\"your-tel\"><input size=\"40\" class=\"wpcf7-form-control wpcf7-tel wpcf7-validates-as-required wpcf7-text wpcf7-validates-as-tel\" aria-required=\"true\" aria-invalid=\"false\" placeholder=\"Telephonischer Kontakt\" value=\"\" type=\"tel\" name=\"your-tel\" \/><\/span> \n<\/div>\n<div class=\"uk-width-medium-1-2 uk-width-small-1-1 \">\n    <span class=\"wpcf7-form-control-wrap\" data-name=\"your-email\"><input size=\"40\" class=\"wpcf7-form-control wpcf7-email wpcf7-validates-as-required wpcf7-text wpcf7-validates-as-email\" aria-required=\"true\" aria-invalid=\"false\" placeholder=\"E-mail\" value=\"\" type=\"email\" name=\"your-email\" \/><\/span> \n<\/div>\n<div class=\"uk-width-medium-1-1 cf-upload uk-text-center\">\n<p class=\"cf-p-upload\"> Welche Aufgabe interessiert sind Sie in? <\/p>\n<span class=\"wpcf7-form-control-wrap\" data-name=\"menu-304\"><select class=\"wpcf7-form-control wpcf7-select wpcf7-validates-as-required jut-multistep-select\" aria-required=\"true\" aria-invalid=\"false\" name=\"menu-304\"><option value=\"Zimmerer \/ Schalunger\">Zimmerer \/ Schalunger<\/option><option value=\"Hilfsbauarbeiter\">Hilfsbauarbeiter<\/option><option value=\"Fahrer \/ Maschinist\">Fahrer \/ Maschinist<\/option><option value=\"Eisenleger \/ Eisenh\u00fcttenmann\">Eisenleger \/ Eisenh\u00fcttenmann<\/option><\/select><\/span>\n<\/br><\/br>\n<p class=\"cf-p-upload\"> Lebenslauf aufnehmen (.pdf oder .doc): <\/p>\n\n<span class=\"wpcf7-form-control-wrap\" data-name=\"file-925\"><input size=\"40\" class=\"wpcf7-form-control wpcf7-file wpcf7-validates-as-required\" accept=\".pdf,.doc,.docx,.jpg\" aria-required=\"true\" aria-invalid=\"false\" type=\"file\" name=\"file-925\" \/><\/span>\n <\/div>\n<div class=\"uk-width-medium-1-1 uk-text-center\">\n<p class=\"cf-p-meta\">Mit Absendung dieser Nachricht sind Sie mit  <a href=\"#jut-gdpr\" data-uk-modal=\"{center:true}\" >Datenverarbeitung <\/a> einverstanden, die werden f\u00fcr Kontakt mit Ihnen verwendet. <\/p>\n\n\n<div class=\"uk-button-wrap\">\n<input class=\"wpcf7-form-control wpcf7-submit has-spinner uk-button uk-button-primary\" type=\"submit\" value=\"Ich m\u00f6chte dem Team beitreten\" \/><\/div>\n<\/div>\n<\/div><div class=\"wpcf7-response-output\" aria-hidden=\"true\"><\/div>\n<\/form>\n<\/div>\n\r\n<p><\/p><p><\/p><p><\/p>\r\n  <\/div>\r\n<\/div>\r\n\r\n\r\n\r\n<div id=\"jut-gdpr\" class=\"uk-modal\">\r\n    <div class=\"uk-modal-dialog\">\r\n        <a class=\"uk-modal-close uk-close\"><\/a>\r\n             <h3 class=\"h-jut-horizontal-line\" style=\"text-align: center;\"> \r\nZustimmung mit der Dateiverarbeitung<\/h3>\r\n\r\n<p style=\"text-align: justify;\">\r\n Hiermit teilen Sie Ihre Zustimmung mit Ihren Dateinverarbeitung Gesellschaft JUT-ELSTAV GmbH, ID: 28634292, Lu\u010dina 8, 739 39 Lu\u010dina, Tschechische Republik (Weiter nur \u201eLeiter\u201c) \u2013 im Einklang mit gesetzlichen Verordnung (EU) 2016\/679 des Europ\u00e4ischen Parlaments und des Rates vom 27. April 2016 zum Schutz nat\u00fcrlicher Personen bei der Verarbeitung personenbezogener Daten, zum freien Datenverkehr und zur Aufhebung der Richtlinie 95\/46\/EG.\r\n<\/p>\r\n<p style=\"text-align: justify;\">\r\nIhre Zustimmung wird f\u00fcr elektronische Kommunikation verwendet, d.h. Informationenleistung per elektronische Post oder telephonisch.<\/p>\r\n<p style=\"text-align: justify;\">\r\nDer Bereich von Dateiverarbeitung Ihren pers\u00f6nlichen Daten ist gleich mit dem Bereich aus diesem Bogen, d.h. Name, Nachname, e-mail Adresse und Telephone Nummer, bzw. Weitere pers\u00f6nliche Daten, die Sie angeben werden<\/p>\r\n<p style=\"text-align: justify;\">\r\nDiese Zustimmung mit Datenverarbeitung wird f\u00fcr 36 Monaten von Ihrem Eingebung eingegeben.<\/p>\r\n<p style=\"text-align: justify;\">\r\nIhre Zustimmung k\u00f6nnen Sie jederzeit abrufen, entweder in schriftlichen Forma auf Postadresse JUT-ELSTAV GmbH, oder elektronisch auf emailadresse info@jut.sk<\/p>\r\n<p style=\"text-align: justify;\">\r\nDer Leiter wird mit Ihren Pers\u00f6nlichen Daten immer verantwortlich umgehen, im Einklang mit g\u00fcltigen gesetzlichen Bestimmungen. Auf der Webseite Leiter sind ausf\u00fchrliche Informationen \u00fcber Datenverarbeitung betreffenden Personen verf\u00fcgbar, mit weiteren Eingebungen inbegriffen.<\/p>\r\n<p style=\"text-align: justify;\">\r\nFalls Sie der Meinung sind, dass der Leiter im Gesetzwidderuft umgeht, Sie k\u00f6nnen jederzeit um die Korrektion per Emailadresse info@jut.sk ansprechen<\/p>\r\n\r\n\r\n    <\/div>\r\n<\/div>\r\n","protected":false},"excerpt":{"rendered":"<p>Bei JUT-ELSTAV arbeiten JUT-AEL GmbH ist dynamisch entwickelte Gesellschaft mit Wirkungsbereich in Verkehr-, Bahn- und Baut\u00e4tigkeiten, mit Richtung an Br\u00fcckenkonstruktionen und St\u00fctzmauer orientiert. Wir sind Gesellschaft, die das Wort h\u00e4lt! \u00a0 \u00a0 Zimmerer \/ Schalunger Mehr info Mehr info \u00a0 \u00a0 Hilfsbauarbeiter Mehr info Mehr info \u00a0 \u00a0 Fahrer \/ Maschinist Mehr info Mehr info [&hellip;]<\/p>\n","protected":false},"author":1,"featured_media":0,"parent":0,"menu_order":0,"comment_status":"closed","ping_status":"closed","template":"","meta":{"inline_featured_image":false,"mrp_rating_form_position":"","mrp_rating_results_position":"","mrp_structured_data_type":"","mrp_allow_anonymous":"","mrp_rating_form_id":"","footnotes":""},"multi-rating-pro":{"mrp_rating_result_1":[],"rating_form":1},"_links":{"self":[{"href":"https:\/\/jut.sk\/jut-elstav\/wp-json\/wp\/v2\/pages\/3040"}],"collection":[{"href":"https:\/\/jut.sk\/jut-elstav\/wp-json\/wp\/v2\/pages"}],"about":[{"href":"https:\/\/jut.sk\/jut-elstav\/wp-json\/wp\/v2\/types\/page"}],"author":[{"embeddable":true,"href":"https:\/\/jut.sk\/jut-elstav\/wp-json\/wp\/v2\/users\/1"}],"replies":[{"embeddable":true,"href":"https:\/\/jut.sk\/jut-elstav\/wp-json\/wp\/v2\/comments?post=3040"}],"version-history":[{"count":6,"href":"https:\/\/jut.sk\/jut-elstav\/wp-json\/wp\/v2\/pages\/3040\/revisions"}],"predecessor-version":[{"id":3137,"href":"https:\/\/jut.sk\/jut-elstav\/wp-json\/wp\/v2\/pages\/3040\/revisions\/3137"}],"wp:attachment":[{"href":"https:\/\/jut.sk\/jut-elstav\/wp-json\/wp\/v2\/media?parent=3040"}],"curies":[{"name":"wp","href":"https:\/\/api.w.org\/{rel}","templated":true}]}}