{"id":3036,"date":"2020-04-27T12:43:32","date_gmt":"2020-04-27T10:43:32","guid":{"rendered":"http:\/\/jut.sk\/jut-elstav\/?page_id=3036"},"modified":"2026-01-21T14:01:36","modified_gmt":"2026-01-21T13:01:36","slug":"kontakt","status":"publish","type":"page","link":"https:\/\/jut.sk\/jut-elstav\/de\/kontakt\/","title":{"rendered":"Kontakt"},"content":{"rendered":"<h1 class=\"h2-red-left-line\">Kontakte<\/h1>\r\n<div class=\"uk-grid uk-grid-large uk-margin-large\">\r\n<div class=\"uk-width-large-1-2 uk-width-medium-1-2 uk-width-small-1-1\">\r\n<h4>Ekonomische Abteilung<\/h4>\r\n<div class=\"jut-kontakty-left-border jut-align-1-2\">\r\n<div class=\"uk-grid uk-grid-medium-width-1-2 uk-margin-large-bottom\">\r\n\r\n<div class=\"jut-kontakty-item\">\r\n<p class=\"jut-kontakty-name\">M\u00e1ria Kri\u0161ov\u00e1<\/p>\r\n<p class=\"jut-kontakty-position\">\u00d6KONOM<\/p>\r\n<span class=\"jut-kontakty-link jut-kontakty-tel\">+ 421 948 045 530<\/span> <a class=\"jut-kontakty-link jut-kontakty-e-mail\" href=\"mailto:maria.krisova@jut.sk\">maria.krisova@jut.sk<\/a><\/div>\r\n\r\n<div class=\"jut-kontakty-item\">\r\n<p class=\"jut-kontakty-name\">Ing. Jana Jur\u010d\u00e1kov\u00e1<\/p>\r\n<p class=\"jut-kontakty-position\">Sachbearbeiter<\/p>\r\n<p><span class=\"jut-kontakty-link jut-kontakty-tel\">+ 421 911 437 530<\/span> <a class=\"jut-kontakty-link jut-kontakty-e-mail\" href=\"mailto:janka.jurcakova@jut.sk\">janka.jurcakova@jut.sk<\/a><\/p>\r\n<\/div>\r\n\r\n<div class=\"jut-kontakty-item\">\r\n<p class=\"jut-kontakty-name\">Bc. Zuzana Bri\u0161\u00e1kov\u00e1<\/p>\r\n<p class=\"jut-kontakty-position\">Leiter der Wirtschaftsabteilung<\/p>\r\n<p><span class=\"jut-kontakty-link jut-kontakty-tel\">+ 421 948 790 480<\/span> <a class=\"jut-kontakty-link jut-kontakty-e-mail\" href=\"mailto:zuzana.brisakova@jut.sk\">zuzana.brisakova@jut.sk<\/a><\/p>\r\n<\/div>\r\n\r\n\r\n<div class=\"jut-kontakty-item\">\r\n<p class=\"jut-kontakty-name\">Mgr. Jana M\u00fcllerov\u00e1<\/p>\r\n<p class=\"jut-kontakty-position\">Koordinator von Liefervertr\u00e4gen<\/p>\r\n<p><span class=\"jut-kontakty-link jut-kontakty-tel\">+ 421 940 642 771<\/span> <a class=\"jut-kontakty-link jut-kontakty-e-mail\" href=\"mailto:jana.mullerova@jut.sk\">jana.mullerova@jut.sk<\/a><\/p>\r\n<\/div>\r\n\r\n\r\n<div class=\"jut-kontakty-item\">\r\n<p class=\"jut-kontakty-name\">PaedDr. Monika Dendisov\u00e1<\/p>\r\n<p class=\"jut-kontakty-position\">VERWALTUNGSMITARBEITER &#8211; SUPPORT F\u00dcR DE + AT<\/p>\r\n<p><span class=\"jut-kontakty-link jut-kontakty-tel\">+ 421 948 207 373<\/span> <a class=\"jut-kontakty-link jut-kontakty-e-mail\" href=\"mailto:monika.dendisova@jut.sk\">monika.dendisova@jut.sk<\/a><\/p>\r\n<\/div>\r\n\r\n<\/div>\r\n<\/div>\r\n<\/div>\r\n<div class=\"uk-width-large-1-2 uk-width-medium-1-2 uk-width-small-1-1\">\r\n\r\n<h4>Wichtige Kontakte <\/h4>\r\n\r\n<div class=\"jut-kontakty-left-border jut-kontakty-align jut-align-1-2 uk-margin-large-bottom\">\r\n\r\n<div class=\"uk-grid uk-grid-large-width-1-2 uk-grid-medium-width-1-2 \">\r\n<div class=\"jut-kontakty-item\">\r\n<p class=\"jut-kontakty-name\">Tibor Jur\u010d\u00e1k<\/p>\r\n<p class=\"jut-kontakty-position\">GESCH\u00c4FTSF\u00dcHRER<\/p>\r\n<span class=\"jut-kontakty-link jut-kontakty-tel\">+ 421 948 437 531<\/span> <a class=\"jut-kontakty-link jut-kontakty-e-mail\" href=\"mailto:tibor.jurcak@jut.sk\">tibor.jurcak@jut.sk<\/a>\r\n<\/div>\r\n<div class=\"jut-kontakty-item\">\r\n<p class=\"jut-kontakty-name\">Martin Kri\u0161<\/p>\r\n<p class=\"jut-kontakty-position\">ABTEILUNGSMANAGER<\/p>\r\n<span class=\"jut-kontakty-link jut-kontakty-tel\">+ 421 948 922 631<\/span> <a class=\"jut-kontakty-link jut-kontakty-e-mail\" href=\"mailto:martin.kris@jut.sk\">martin.kris@jut.sk<\/a>\r\n<\/div>\r\n\r\n<div class=\"jut-kontakty-item\">\r\n<p class=\"jut-kontakty-name\">Marek Jur\u010d\u00e1k<\/p>\r\n<p class=\"jut-kontakty-position\">PROJEKT- UND ARBEITSMANAGER<\/p>\r\n<span class=\"jut-kontakty-link jut-kontakty-tel\">+ 421 948 631 098<\/span> <a class=\"jut-kontakty-link jut-kontakty-e-mail\" href=\"mailto:marek.jurcak@jut.sk\">marek.jurcak@jut.sk<\/a><\/div>\r\n\r\n<div class=\"jut-kontakty-item\">\r\n<p class=\"jut-kontakty-name\">Anton Jur\u010d\u00e1k<\/p>\r\n<p class=\"jut-kontakty-position\">KONTROLLER<\/p>\r\n<span class=\"jut-kontakty-link jut-kontakty-tel\">+ 421 911 437 531<\/span> <a class=\"jut-kontakty-link jut-kontakty-e-mail\" href=\"mailto:anton.jurcak@jut.sk\">anton.jurcak@jut.sk<\/a>\r\n<\/div>\r\n\r\n<div class=\"jut-kontakty-item\">\r\n<p class=\"jut-kontakty-name\">Jozef Okoli\u010dany<\/p>\r\n<p class=\"jut-kontakty-position\">CHEFLAGERIST &#038; IT<\/p>\r\n<span class=\"jut-kontakty-link jut-kontakty-tel\">+ 421 949 001 501<\/span> <a class=\"jut-kontakty-link jut-kontakty-e-mail\" href=\"mailto:jozef.okolicany@jut.sk\">jozef.okolicany@jut.sk<\/a>\r\n<\/div>\r\n\r\n<\/div>\r\n<\/div>\r\n<\/div>\r\n<\/div>\r\n\r\n<div class=\"uk-grid uk-grid-large uk-margin-large uk-margin-large-bottom\">\r\n<div class=\"uk-width-large-1-4 uk-width-medium-1-3 uk-width-small-1-1 uk-margin-large-bottom\">\r\n<h4>Rechnungsadresse<\/h4>\r\n<div class=\"jut-kontakty-left-border\">\r\n<div class=\"jut-kontakty-item\">\r\n<p class=\"jut-kontakty-name\">JUT-ELSTAV GmbH <br \/>\r\nLu\u010dina 8 <br \/>\r\n739 39 Lu\u010dina <br \/>\r\nTschechische Republik<\/p>\r\n<\/div>\r\n<div class=\"jut-kontakty-item\">\r\nId.Nr.: 28634292<br \/>\r\nSteuer Id.Nr.: CZ28634292\r\n<p class=\"jut-p-small\">Gesellschaft JUT-ELSTAV GmbH wurde beim Kreisgericht in Ostrava unter Aktenzeichen C38533 geschrieben <\/p>\r\n<\/div>\r\n<\/div>\r\n\r\n<h4 class=\"uk-margin-large-top\">Postanschrift<\/h4>\r\n<div class=\"jut-kontakty-left-border\">\r\n<div class=\"jut-kontakty-item\">\r\n<p class=\"jut-kontakty-name\">JUT-ELSTAV GmbH<\/p>\r\n<p>N\u00e1mestovo 1364 <br \/>\r\nN\u00e1mestovo 029 01 <br \/>\r\nSlowakei<\/p>\r\n<\/div>\r\n<\/div>\r\n\r\n<h4 class=\"uk-margin-large-top\">Gesch\u00e4ftslokal Adresse<\/h4>\r\n<div class=\"jut-kontakty-left-border\">\r\n<div class=\"jut-kontakty-item\">\r\n<p class=\"jut-kontakty-name\">Gesch\u00e4ftslokal N\u00e1mestovo<\/p>\r\n<p>N\u00e1mestovo 1364<br \/>\r\nN\u00e1mestovo 029 01<br \/>\r\nKoordinaten: 49\u00b023&#8217;35.0&#8243;N 19\u00b027&#8217;12.5&#8243;E<br \/>\r\nSlowakei<\/p>\r\n<\/div>\r\n<\/div>\r\n<\/div>\r\n<div class=\"uk-width-large-3-4 uk-width-medium-2-3 uk-width-small-1-1\"><div class=\"uk-hidden widgetkit-map-ex\" id=\"wk-map-ex69f460d217657-d\" data-uk-check-display><\/div>\n<div class=\"uk-hidden\" id=\"wk-map-ex69f460d217657-marker-1\">\n<div class=\"uk-text-left\">\n\n    \n    \n        <h3 class=\"uk-h3 uk-margin-top-remove\">Sitz der Gesellschaft<\/h3>\n    \n    \n        <div class=\"uk-margin\"><strong>JUT-ELSTAV GmbH<\/strong><br \/>\nLu\u010dina 8<br \/>\n739 39 Lu\u010dina<br \/>\nTschechische Republik<\/div>\n    \n    \n    \n    \n<\/div><\/div><div class=\"uk-hidden\" id=\"wk-map-ex69f460d217657-marker-2\">\n<div class=\"uk-text-left\">\n\n    \n    \n        <h3 class=\"uk-h3 uk-margin-top-remove\">Gesch\u00e4ftslokal Oravsk\u00e1 Jasenica<\/h3>\n    \n    \n        <div class=\"uk-margin\">Oravsk\u00e1 Jasenica 627 <br \/>\n(neben des Geb\u00e4dudes Metaltrim, Nr.603)<br \/>\nKoordinaten: 49\u00b023&#8217;05.4&#8243;N 19\u00b026&#8217;19.7&#8243;E<br \/>\nOravsk\u00e1 Jasenica 029 64<br \/>\nSlowakei<\/div>\n    \n    \n    \n    \n<\/div><\/div>\n<script type=\"widgetkit\/mapex\" data-id=\"wk-map-ex69f460d217657\" data-class=\" uk-img-preserve\" data-style=\"width:auto;height:520px;\">\n    {\"width\":\"auto\",\"height\":\"520\",\"maptypeid\":\"styled\",\"maptypecontrol\":false,\"global\":{\"apikey\":\"\"},\"mapctrl\":true,\"zoom\":9,\"marker\":2,\"markercluster\":\"\",\"popup_max_width\":300,\"zoomwheel\":true,\"draggable\":true,\"directions\":false,\"disabledefaultui\":false,\"autohide\":true,\"zoom_phone_h\":\"\",\"zoom_tablet\":\"\",\"zoom_desktop\":\"\",\"zoom_large\":\"\",\"maptypecontrol_style\":\"dropdown_menu\",\"maptype_name\":\"JUT red\",\"show_styled\":true,\"show_roadmap\":true,\"show_satellite\":true,\"show_hybrid\":false,\"show_terrain\":false,\"styling_mode\":\"\",\"styling_json\":\"\",\"tiles_color\":\"\",\"zoomcontrol\":true,\"zoom_style\":\"\",\"streetviewcontrol\":false,\"rotatecontrol\":true,\"directionstext\":\"Get directions\",\"scalecontrol\":false,\"scale_units\":\"\",\"pin_type\":\"\",\"custom_pin_path\":\"https:\\\/\\\/jut.sk\\\/web\\\/wp-content\\\/themes\\\/yoo_luna_wp\\\/styles\\\/jut\\\/images\\\/jut-map-pim.svg\",\"custom_pin_anchor_x\":\"\",\"custom_pin_anchor_y\":\"\",\"map_center\":\"49.420985, 19.119088\",\"debug_output\":false,\"cluster_gridSize\":60,\"cluster_maxZoom\":0,\"cluster_minimumClusterSize\":2,\"clusters\":[],\"styler_invert_lightness\":false,\"styler_hue\":\"#E73E3D\",\"styler_saturation\":\"-15\",\"styler_lightness\":0,\"styler_gamma\":0,\"media\":true,\"image_width\":\"auto\",\"image_height\":\"auto\",\"media_align\":\"top\",\"media_width\":\"1-2\",\"media_breakpoint\":\"medium\",\"media_border\":\"none\",\"media_overlay\":\"icon\",\"overlay_animation\":\"fade\",\"media_animation\":\"scale\",\"title\":true,\"content\":true,\"social_buttons\":true,\"title_size\":\"h3\",\"text_align\":\"left\",\"link\":true,\"link_style\":\"button\",\"link_text\":\"Read more\",\"link_target\":false,\"class\":\"\",\"map_id\":\"wk-map-ex69f460d217657\",\"map_id2\":\"69f460d217657\",\"center_lat\":\"49.420985\",\"center_lng\":\" 19.119088\",\"clusterstyles\":[],\"markers\":[{\"lat\":49.6943586000000010471921996213495731353759765625,\"lng\":18.44271290000006047193892300128936767578125,\"title\":\"Sitz der Gesellschaft\",\"id\":\"wk-map-ex69f460d217657-marker-1\",\"pin\":\"https:\\\/\\\/jut.sk\\\/web\\\/wp-content\\\/themes\\\/yoo_luna_wp\\\/styles\\\/jut\\\/images\\\/jut-map-pim.svg\",\"anchor_x\":\"\",\"anchor_y\":\"\"},{\"lat\":49.38566567686662978076128638349473476409912109375,\"lng\":19.4375242459747141765546984970569610595703125,\"title\":\"Gesch\\u00e4ftslokal Oravsk\\u00e1 Jasenica\",\"id\":\"wk-map-ex69f460d217657-marker-2\",\"pin\":\"https:\\\/\\\/jut.sk\\\/web\\\/wp-content\\\/themes\\\/yoo_luna_wp\\\/styles\\\/jut\\\/images\\\/jut-map-pim.svg\",\"anchor_x\":\"\",\"anchor_y\":\"\"}]}<\/script>\n\n<!--suppress Annotator, JSUnresolvedFunction, UnnecessaryReturnStatementJS -->\n<script>\nfunction getMapZoom69f460d217657(){\n\tif (window.outerWidth<=767) {\n        var orientation = screen.orientation || screen.mozOrientation || screen.msOrientation || null;\n        var landscape = false;\n        if (typeof orientation === 'object' && orientation && typeof orientation.type === 'string') {\n            landscape = (orientation.type.indexOf(\"landscape\") >= 0);\n        }\n        else {\n            if (typeof window.orientation !== \"undefined\") {\n                landscape = (Math.abs(Number(window.orientation)) === 90);\n            }\n            else\n                landscape = (window.innerWidth > window.innerHeight);\n        }\n        if (landscape) {\n                        return 9;\n        }\n        else {\n                        return 9;\n        }\n    }\n\telse\n\t\tif (window.outerWidth<=959){\n\t\t\t\t\t\treturn 9;\n\t\t}\n\t\telse{\n\t\t\t\t\t\treturn 9;\n\t\t}\n}\n\nfunction updateMap69f460d217657(item){\n\t\titem.panTo(new google.maps.LatLng(49.420985, 19.119088));\n\t\t\n\titem.setZoom(getMapZoom69f460d217657());\n\t}\n\njQuery(function(){\n\tfunction checkWidgetkitMap69f460d217657() {\n\t\tvar item=getWidgetkitMap(\"wk-map-ex69f460d217657\");\n\t\tif (item) {\n\t\t\tgoogle.maps.event.addDomListener(window, 'resize', function(){\n\t\t\t\t\t\t\t\tupdateMap69f460d217657(item);\n\t\t\t});\n\t\t\twindow.addEventListener(\"orientationchange\", function () {\n\t\t\t\t\t\t\t\tupdateMap69f460d217657(item);\n\t\t\t});\n\t\t\t\t\t\t\n\t\t\t\t\t\tjQuery('#wk-map-ex69f460d217657-d').on(\n\t\t\t\t\"display.uk.check\",\n\t\t\t\tfunction() {\n\t\t\t\t\tvar self = jQuery(document);\n\t\t\t\t\tvar map = self.find('#wk-map-ex69f460d217657');\n\t\t\t\t\tif (!map.length){\n\t\t\t\t\t\t\t\t\t\t\t\treturn;\n\t\t\t\t\t}\n\n\t\t\t\t\tif(map.is(':visible')) {\n\t\t\t\t\t\tmap.each(\n\t\t\t\t\t\t\tfunction() {\n\t\t\t\t\t\t\t\tvar id = jQuery(this).attr('id');\n\t\t\t\t\t\t\t\tvar item = getWidgetkitMap(id);\n\t\t\t\t\t\t\t\tif(item) {\n\t\t\t\t\t\t\t\t\tgoogle.maps.event.trigger(item, \"resize\");\n\t\t\t\t\t\t\t\t\tvar sub_id = id.substring(9);\n\t\t\t\t\t\t\t\t\tif(typeof window['updateMap' + sub_id] === 'function') {\n\t\t\t\t\t\t\t\t\t\twindow['updateMap' + sub_id](item);\n\t\t\t\t\t\t\t\t\t\t\t\t\t\t\t\t\t\t\t}\n\t\t\t\t\t\t\t\t\t\t\t\t\t\t\t\t\t}\n\t\t\t\t\t\t\t\t\t\t\t\t\t\t\t}\n\t\t\t\t\t\t);\n\t\t\t\t\t}\n\t\t\t\t\t\t\t\t\t}\n\t\t\t);\n\t\t\t\t\t}\n\t\telse\n\t\t   setTimeout(checkWidgetkitMap69f460d217657,1000);\n\t}\n\tsetTimeout(checkWidgetkitMap69f460d217657,1000);\n});\n\n<\/script><\/div>\r\n<\/div>","protected":false},"excerpt":{"rendered":"<p>Kontakte Ekonomische Abteilung M\u00e1ria Kri\u0161ov\u00e1 \u00d6KONOM + 421 948 045 530 maria.krisova@jut.sk Ing. Jana Jur\u010d\u00e1kov\u00e1 Sachbearbeiter + 421 911 437 530 janka.jurcakova@jut.sk Bc. Zuzana Bri\u0161\u00e1kov\u00e1 Leiter der Wirtschaftsabteilung + 421 948 790 480 zuzana.brisakova@jut.sk Mgr. Jana M\u00fcllerov\u00e1 Koordinator von Liefervertr\u00e4gen + 421 940 642 771 jana.mullerova@jut.sk PaedDr. Monika Dendisov\u00e1 VERWALTUNGSMITARBEITER &#8211; SUPPORT F\u00dcR DE + [&hellip;]<\/p>\n","protected":false},"author":1,"featured_media":0,"parent":0,"menu_order":0,"comment_status":"closed","ping_status":"closed","template":"","meta":{"inline_featured_image":false,"mrp_rating_form_position":"","mrp_rating_results_position":"","mrp_structured_data_type":"","mrp_allow_anonymous":"","mrp_rating_form_id":"","footnotes":""},"multi-rating-pro":{"mrp_rating_result_1":[{"star_result":0,"adjusted_star_result":0,"score_result":0,"adjusted_score_result":0,"percentage_result":0,"adjusted_percentage_result":0,"total_max_option_value":5,"count_entries":0,"option_totals":[0,0,0,0,0,0],"post_id":3036,"rating_form_id":1,"rating_item_id":6}],"rating_form":1},"_links":{"self":[{"href":"https:\/\/jut.sk\/jut-elstav\/wp-json\/wp\/v2\/pages\/3036"}],"collection":[{"href":"https:\/\/jut.sk\/jut-elstav\/wp-json\/wp\/v2\/pages"}],"about":[{"href":"https:\/\/jut.sk\/jut-elstav\/wp-json\/wp\/v2\/types\/page"}],"author":[{"embeddable":true,"href":"https:\/\/jut.sk\/jut-elstav\/wp-json\/wp\/v2\/users\/1"}],"replies":[{"embeddable":true,"href":"https:\/\/jut.sk\/jut-elstav\/wp-json\/wp\/v2\/comments?post=3036"}],"version-history":[{"count":14,"href":"https:\/\/jut.sk\/jut-elstav\/wp-json\/wp\/v2\/pages\/3036\/revisions"}],"predecessor-version":[{"id":3610,"href":"https:\/\/jut.sk\/jut-elstav\/wp-json\/wp\/v2\/pages\/3036\/revisions\/3610"}],"wp:attachment":[{"href":"https:\/\/jut.sk\/jut-elstav\/wp-json\/wp\/v2\/media?parent=3036"}],"curies":[{"name":"wp","href":"https:\/\/api.w.org\/{rel}","templated":true}]}}