{"id":3028,"date":"2020-04-27T12:42:18","date_gmt":"2020-04-27T10:42:18","guid":{"rendered":"http:\/\/jut.sk\/jut-elstav\/?page_id=3028"},"modified":"2020-04-28T03:50:09","modified_gmt":"2020-04-28T01:50:09","slug":"ueber-uns","status":"publish","type":"page","link":"https:\/\/jut.sk\/jut-elstav\/de\/ueber-uns\/","title":{"rendered":"\u00dcber uns"},"content":{"rendered":"<h1 class=\"h1-jut h-jut-horizontal-line\">\u00dcBER UNS<\/h1>\r\n<div class=\"uk-grid\">\r\n<div class=\"uk-width-large-8-10 uk-width-medium-1-1 uk-container-center jut-windows-o-spolocnosti\">\r\n<p class=\"p1\" style=\"text-align: center;\"><span class=\"s1\">Gesellschaft JUT-ELSTAV GmbH ist Mitglied der Gruppe JUT und ist stabile Gesellschaft f\u00e4hig zu plannen, f\u00fchren und erfolgreich die Projekte auf dem h\u00e4uslichem oder europ\u00e4ischem Markt beenden. Unser Ziel ist nicht der gr\u00f6\u00dfte Profit, sondern zufriedene Arbeitspartner, die gerne mit uns zusammenarbeiten werden.<\/span><\/p>\r\n<div class=\"uk-grid jut-windows\">\r\n<div class=\"uk-width-large-1-4 uk-width-medium-1-4 uk-width-small-1-2 uk-grid-margin uk-row-first\">\r\n<div class=\"uk-panel jut-window-4\">\r\n<div class=\"jut-window-image\">\u00a0<\/div>\r\n<div class=\"jut-window-gradient\">\u00a0<\/div>\r\n<div class=\"jut-window-caption\">\r\n<h3 class=\"jut-window-title\">ORGANIZATORISCHE STRUKTUR<\/h3>\r\n<\/div>\r\n<p>Mehr infos <img decoding=\"async\" class=\"jut-sipka-window-right\" src=\"https:\/\/jut.sk\/wp-content\/uploads\/2019\/10\/arrow-right-white.svg\" \/><\/p>\r\n<a href=\"#organizacna-vo-vystavbe\" data-uk-modal=\"{center:true}\">Mehr info<\/a><\/div>\r\n<\/div>\r\n<!-- Modal -->\r\n<div id=\"organizacna-vo-vystavbe\" class=\"uk-modal\">\r\n<div class=\"uk-modal-dialog\">\r\n<h3 class=\"uk-text-center h-jut-horizontal-line\">Wir bereiten den Abschnitt &#8222;Organisationsstruktur&#8220; vor<\/h3>\r\n<p class=\"uk-text-center\">Vielen Dank f\u00fcr Ihr Verst\u00e4ndnis, JUT-Team<\/p>\r\n<\/div>\r\n<\/div>\r\n<div class=\"uk-width-large-1-4 uk-width-medium-1-4 uk-width-small-1-2 uk-grid-margin\">\r\n<div class=\"uk-panel jut-window-elstav-obory\">\r\n<div class=\"jut-window-image\">\u00a0<\/div>\r\n<div class=\"jut-window-gradient\">\u00a0<\/div>\r\n<div class=\"jut-window-caption\">\r\n<h3 class=\"jut-window-title\">ARBEITSBEREICHE<\/h3>\r\n<\/div>\r\n<p>Mehr info <img decoding=\"async\" class=\"jut-sipka-window-right\" src=\"https:\/\/jut.sk\/wp-content\/uploads\/2019\/10\/arrow-right-white.svg\" \/><\/p>\r\n<a href=\"https:\/\/jut.sk\/jut-elstav\/obory-posobnosti\/\">Mehr info<\/a><\/div>\r\n<\/div>\r\n<div class=\"uk-width-large-1-4 uk-width-medium-1-4 uk-width-small-1-2 uk-grid-margin\">\r\n<div class=\"uk-panel jut-window-6\">\r\n<div class=\"jut-window-image\">\u00a0<\/div>\r\n<div class=\"jut-window-gradient\">\u00a0<\/div>\r\n<div class=\"jut-window-caption\">\r\n<h3 class=\"jut-window-title\">ETHISCHE GESELLSCHAFTSKODEX<\/h3>\r\n<\/div>\r\n<p>Mehr info <img decoding=\"async\" class=\"jut-sipka-window-right\" src=\"https:\/\/jut.sk\/wp-content\/uploads\/2019\/10\/arrow-right-white.svg\" \/><\/p>\r\n<a href=\"https:\/\/jut.sk\/jut-elstav\/o-spolocnosti\/eticky-kodex\/\">Mehr info<\/a><\/div>\r\n<\/div>\r\n<div class=\"uk-width-large-1-4 uk-width-medium-1-4 uk-width-small-1-2 uk-grid-margin\">\r\n<div class=\"uk-panel jut-window-7\">\r\n<div class=\"jut-window-image\">\u00a0<\/div>\r\n<div class=\"jut-window-gradient\">\u00a0<\/div>\r\n<div class=\"jut-window-caption\">\r\n<h3 class=\"jut-window-title\">HISTORIE UND FINANZIELLE ZEIGER DER FIRMA<\/h3>\r\n<\/div>\r\n<p>Mehr info <img decoding=\"async\" class=\"jut-sipka-window-right\" src=\"https:\/\/jut.sk\/wp-content\/uploads\/2019\/10\/arrow-right-white.svg\" \/><\/p>\r\n<a href=\"https:\/\/jut.sk\/jut-elstav\/o-spolocnosti\/historia-a-financne-ukazovatele-firmy\/\">Mehr info<\/a><\/div>\r\n<\/div>\r\n<\/div>\r\n<\/div>\r\n<\/div>\r\n<p>&nbsp;<\/p>\r\n<div class=\"uk-grid uk-margin-large uk-grid-large tm-margin-xlarge\" data-uk-grid-match=\"\">\r\n<div class=\"uk-width-large-6-10 uk-width-medium-6-10 jut-kvality-icons-wrapper\">\r\n<div class=\"uk-grid jut-kvality\">\r\n<div class=\"uk-width-small-1-3\">\r\n<div class=\"jut-tooltip\" title=\"Wir sind Gesellschaft, die das Wort h\u00e4lt!\" data-uk-tooltip=\"{pos:'top',animation:true}\"><img loading=\"lazy\" decoding=\"async\" class=\"wp-image-129 aligncenter\" src=\"https:\/\/jut.sk\/jut-el\/wp-content\/uploads\/sites\/2\/2019\/10\/jut-ferovost-1.svg\" alt=\"\" width=\"93\" height=\"112\" \/>\r\n<h4>FAIR PLAY<\/h4>\r\n<\/div>\r\n<\/div>\r\n<div class=\"uk-width-small-1-3\">\r\n<div class=\"jut-tooltip\" title=\"Sie k\u00f6nnen den profesionellen und individuellen Zugriff erwarten!\" data-uk-tooltip=\"{pos:'top',animation:true}\"><img loading=\"lazy\" decoding=\"async\" class=\"wp-image-130 aligncenter\" src=\"https:\/\/jut.sk\/jut-el\/wp-content\/uploads\/sites\/2\/2019\/10\/jut-profesionalita-1.svg\" alt=\"\" width=\"54\" height=\"113\" \/>\r\n<h4>PROFESIONALIT\u00c4T<\/h4>\r\n<\/div>\r\n<\/div>\r\n<div class=\"uk-width-small-1-3\">\r\n<div class=\"jut-tooltip\" title=\"Mit uns haben Sie immer Sicherheitsgef\u00fchl!\" data-uk-tooltip=\"{pos:'top',animation:true}\"><img loading=\"lazy\" decoding=\"async\" class=\"wp-image-128 aligncenter\" src=\"https:\/\/jut.sk\/jut-el\/wp-content\/uploads\/sites\/2\/2019\/10\/jut-stabilita-1.svg\" alt=\"\" width=\"93\" height=\"112\" \/>\r\n<h4>STABILIT\u00c4T<\/h4>\r\n<\/div>\r\n<\/div>\r\n<\/div>\r\n<\/div>\r\n<div class=\"uk-width-large-4-10 uk-width-medium-4-10 uk-vertical-align jut-kvality-header-wrapper\">\r\n<div class=\"jut-kvality-border uk-vertical-align-top uk-visible-small\">Werte, die f\u00fcr uns wichtig sind.<\/div>\r\n<div class=\"jut-kvality-header uk-vertical-align-middle uk-hidden-small\">Werte, die f\u00fcr uns wichtig sind.<\/div>\r\n<\/div>\r\n<\/div>\r\n<div id=\"jut-mapa-kde-posobime\" class=\"uk-grid uk-margin-large uk-grid-large tm-margin-xlarge\">\r\n<div class=\"uk-width-large-6-10 uk-width-medium-1-1 tm-padding-large\"><div id=\"chartdiv\"><\/div><\/div>\r\n<div class=\"uk-width-large-4-10 uk-width-medium-1-1 tm-padding-large\">\r\n<h2 class=\"h2-red-left-line\">Wirkungsgebiet<\/h2>\r\n<p style=\"text-align: justify;\">Wir geh\u00f6ren zu stolzen und zuverl\u00e4ssigen Lieferenten den Investoren und unseren Partners in Europa und in der Welt.<\/p>\r\n<p style=\"text-align: justify;\">Unsere Arbeitsergebnisse k\u00f6nnen Sie in mehr als <b><span class=\"count\">100<\/span> europ\u00e4ischen L\u00e4nder sehen.<\/b><\/p>\r\n<p style=\"text-align: justify;\">We provide and bring complex solutions for road construction and construction machinery.<\/p>\r\n<div class=\"jut-cta-button\"><a class=\"uk-button uk-button-primary\" href=\"https:\/\/jut.sk\/jut-elstav\/kontakt\/\">Go to contacts<\/a><\/div>\r\n<\/div>\r\n<\/div>","protected":false},"excerpt":{"rendered":"<p>\u00dcBER UNS Gesellschaft JUT-ELSTAV GmbH ist Mitglied der Gruppe JUT und ist stabile Gesellschaft f\u00e4hig zu plannen, f\u00fchren und erfolgreich die Projekte auf dem h\u00e4uslichem oder europ\u00e4ischem Markt beenden. Unser Ziel ist nicht der gr\u00f6\u00dfte Profit, sondern zufriedene Arbeitspartner, die gerne mit uns zusammenarbeiten werden. \u00a0 \u00a0 ORGANIZATORISCHE STRUKTUR Mehr infos Mehr info Wir bereiten [&hellip;]<\/p>\n","protected":false},"author":1,"featured_media":0,"parent":0,"menu_order":0,"comment_status":"closed","ping_status":"closed","template":"","meta":{"inline_featured_image":false,"mrp_rating_form_position":"","mrp_rating_results_position":"","mrp_structured_data_type":"","mrp_allow_anonymous":"","mrp_rating_form_id":"","footnotes":""},"multi-rating-pro":{"mrp_rating_result_1":[],"rating_form":1},"_links":{"self":[{"href":"https:\/\/jut.sk\/jut-elstav\/wp-json\/wp\/v2\/pages\/3028"}],"collection":[{"href":"https:\/\/jut.sk\/jut-elstav\/wp-json\/wp\/v2\/pages"}],"about":[{"href":"https:\/\/jut.sk\/jut-elstav\/wp-json\/wp\/v2\/types\/page"}],"author":[{"embeddable":true,"href":"https:\/\/jut.sk\/jut-elstav\/wp-json\/wp\/v2\/users\/1"}],"replies":[{"embeddable":true,"href":"https:\/\/jut.sk\/jut-elstav\/wp-json\/wp\/v2\/comments?post=3028"}],"version-history":[{"count":2,"href":"https:\/\/jut.sk\/jut-elstav\/wp-json\/wp\/v2\/pages\/3028\/revisions"}],"predecessor-version":[{"id":3058,"href":"https:\/\/jut.sk\/jut-elstav\/wp-json\/wp\/v2\/pages\/3028\/revisions\/3058"}],"wp:attachment":[{"href":"https:\/\/jut.sk\/jut-elstav\/wp-json\/wp\/v2\/media?parent=3028"}],"curies":[{"name":"wp","href":"https:\/\/api.w.org\/{rel}","templated":true}]}}