{"id":2969,"date":"2020-04-27T12:33:55","date_gmt":"2020-04-27T10:33:55","guid":{"rendered":"http:\/\/jut.sk\/jut-elstav\/?page_id=2969"},"modified":"2020-04-28T10:33:11","modified_gmt":"2020-04-28T08:33:11","slug":"ids-inzenyrske-a-dopravni-stavby-olomouc","status":"publish","type":"page","link":"https:\/\/jut.sk\/jut-elstav\/en\/references\/ids-inzenyrske-a-dopravni-stavby-olomouc\/","title":{"rendered":"IDS &#8211; In\u017een\u00fdrsk\u00e9 a dopravn\u00ed stavby Olomouc"},"content":{"rendered":"<div class=\"uk-grid uk-grid-large\">\r\n<div class=\"uk-width-large-2-10 jut-elstav-klient-logo\"><img loading=\"lazy\" decoding=\"async\" src=\"https:\/\/jut.sk\/jut-elstav\/wp-content\/uploads\/sites\/5\/2020\/01\/IDS-olomouc.jpg\" alt=\"\" width=\"400\" height=\"400\" class=\"alignnone size-full wp-image-2690\" srcset=\"https:\/\/jut.sk\/jut-elstav\/wp-content\/uploads\/sites\/5\/2020\/01\/IDS-olomouc.jpg 400w, https:\/\/jut.sk\/jut-elstav\/wp-content\/uploads\/sites\/5\/2020\/01\/IDS-olomouc-300x300.jpg 300w, https:\/\/jut.sk\/jut-elstav\/wp-content\/uploads\/sites\/5\/2020\/01\/IDS-olomouc-150x150.jpg 150w, https:\/\/jut.sk\/jut-elstav\/wp-content\/uploads\/sites\/5\/2020\/01\/IDS-olomouc-100x100.jpg 100w\" sizes=\"(max-width: 400px) 100vw, 400px\" \/><\/div>\r\n<div class=\"uk-width-large-8-10 uk-margin jut-elstav-klient-content\">\r\n<h1 class=\"h2-red-left-line\">IDS &#8211; In\u017een\u00fdrsk\u00e9 a dopravn\u00ed stavby Olomouc<\/h1>\r\n<p class=\"uk-text-justify\">\r\nThe diverse activities of the company include mainly railway, road and engineering constructions and constructions in urban areas of municipalities and towns. An important part of the company focus on the construction of bridges, building construction, water management and landscape construction.\r\n<\/p>\r\n<p><a class=\"uk-link jut-elstav-ref-page-link\" href=\"https:\/\/www.ids-olomouc.cz\/\" target=\"_blank\" rel=\"noopener noreferrer\"><br \/>\r\nwww.ids-olomouc.cz<img decoding=\"async\" src=\"https:\/\/jut.sk\/jut-elstav\/wp-content\/themes\/yoo_luna_wp\/styles\/jut\/images\/icon-arrow-right.svg\" alt=\"\" \/><br \/>\r\n<\/a><\/p>\r\n<h3 class=\"h3-red-left-line uk-margin-large-top\">Please view some of our projects completed by our company:<\/h3>\r\n\r\n\n\n<div id=\"wk-grid0ee\" class=\"uk-grid-width-1-1 uk-grid-width-small-1-2 uk-grid-width-large-1-4 uk-grid uk-grid-match jutelstav-galeria\" data-uk-grid-match=\"{target:'> div > .uk-panel', row:true}\" data-uk-grid-margin  data-uk-scrollspy=\"{cls:'uk-animation-scale-up uk-invisible', target:'> div > .uk-panel', delay:300}\">\n\n    \n    <div>\n    \n<div class=\"uk-panel uk-invisible\">\n\n    <div class=\"uk-panel-teaser\">\n\n        <figure class=\"uk-overlay uk-overlay-hover \">\n\n            <img loading=\"lazy\" decoding=\"async\" src=\"\/jut-elstav\/wp-content\/uploads\/sites\/5\/2020\/01\/jut-elstav-copy-10.jpg\" class=\"uk-overlay-fade\" alt=\"Olomouc (CZ)\" width=\"1000\" height=\"750\">\n            \n                        <div class=\"uk-overlay-panel uk-overlay-background uk-overlay-fade\"><\/div>\n            \n                            <div class=\"uk-overlay-panel uk-overlay-icon uk-overlay-fade\"><\/div>\n            \n                                                                        <a class=\"uk-position-cover\" href=\"#wk-30ee\" data-index=\"0\" data-uk-modal title=\"4\/2015 oprava elektri\u010dkovej trate ul. Wolkerova v&nbsp;Olomouci \"><\/a>\n                                                \n        <\/figure>\n\n    <\/div>\n\n    \n                <h3 class=\"uk-h5 uk-margin-bottom-remove\">Olomouc (CZ)<\/h3>\n        \n        \n    \n<\/div>\n    <\/div>\n\n        \n    <div>\n    \n<div class=\"uk-panel uk-invisible\">\n\n    <div class=\"uk-panel-teaser\">\n\n        <figure class=\"uk-overlay uk-overlay-hover \">\n\n            <img loading=\"lazy\" decoding=\"async\" src=\"\/jut-elstav\/wp-content\/uploads\/sites\/5\/2020\/01\/jut-elstav-copy-58.jpg\" class=\"uk-overlay-fade\" alt=\"I\/35, Vala\u0161sk\u00e9 Mezi\u0159i\u010d\u00ed - Le\u0161n\u00e1 (CZ)\" width=\"1000\" height=\"750\">\n            \n                        <div class=\"uk-overlay-panel uk-overlay-background uk-overlay-fade\"><\/div>\n            \n                            <div class=\"uk-overlay-panel uk-overlay-icon uk-overlay-fade\"><\/div>\n            \n                                                                        <a class=\"uk-position-cover\" href=\"#wk-30ee\" data-index=\"1\" data-uk-modal title=\"11-12\/2014 Silnice I\/35 Vala&scaron;sk&eacute; Mezi\u0159&iacute;\u010d&iacute; &#8211; Le&scaron;n&aacute;, 3.etapa, PDPS, SO Most na silnici III.t\u0159&iacute;dy p\u0159es \u0106ern&yacute; potok v km 0.103 \"><\/a>\n                                                \n        <\/figure>\n\n    <\/div>\n\n    \n                <h3 class=\"uk-h5 uk-margin-bottom-remove\">I\/35, Vala\u0161sk\u00e9 Mezi\u0159i\u010d\u00ed - Le\u0161n\u00e1 (CZ)<\/h3>\n        \n        \n    \n<\/div>\n    <\/div>\n\n    \n<\/div>\n\n<div id=\"wk-30ee\" class=\"uk-modal\">\n    <div class=\"uk-modal-dialog uk-modal-dialog-blank\">\n\n        <button class=\"uk-modal-close uk-close\" type=\"button\"><\/button>\n\n        <div class=\"uk-grid\" data-uk-grid-margin>\n            <div class=\"uk-width-large-1-2 uk-text-center\">\n\n                <div class=\"uk-slidenav-position\" data-uk-slideshow data-uk-check-display>\n                    <ul class=\"uk-slideshow uk-slideshow-fullscreen\">\n                        \n                            <li>\n                                <img decoding=\"async\" src=\"\/jut-elstav\/wp-content\/plugins\/widgetkit\/cache\/jut-elstav-copy-10-d621ef6c8590991cbaa2cb5e56cf7b81.jpg\" alt=\"Olomouc (CZ)\">                            <\/li>\n\n                        \n                            <li>\n                                <img decoding=\"async\" src=\"\/jut-elstav\/wp-content\/plugins\/widgetkit\/cache\/jut-elstav-copy-58-93d6c848b388a6aed0cbbbc1efc6de5d.jpg\" alt=\"I\/35, Vala\u0161sk\u00e9 Mezi\u0159i\u010d\u00ed - Le\u0161n\u00e1 (CZ)\">                            <\/li>\n\n                                            <\/ul>\n\n                    <a href=\"#\" class=\"uk-slidenav uk-slidenav-contrast uk-slidenav-previous uk-hidden-touch\" data-uk-slideshow-item=\"previous\"><\/a>\n                    <a href=\"#\" class=\"uk-slidenav uk-slidenav-contrast uk-slidenav-next uk-hidden-touch\" data-uk-slideshow-item=\"next\"><\/a>\n\n                <\/div>\n            <\/div>\n            <div class=\"uk-width-large-1-2 test-class uk-flex uk-flex-middle uk-flex-center\">\n\n                <div class=\"uk-panel-body uk-width-1-1 \" data-uk-slideshow data-uk-check-display>\n                    <ul class=\"uk-slideshow\">\n                                                <li>\n\n                                                        <h3 class=\"uk-h2\">Olomouc (CZ)<\/h3>\n                            \n                                                        <div class=\"uk-margin-top \"><p><span data-sheets-value=\"{&quot;1&quot;:2,&quot;2&quot;:&quot;4\/2015 oprava elektri\u010dkovej trate ul. Wolkerova v&nbsp;Olomouci &quot;}\" data-sheets-userformat=\"{&quot;2&quot;:14465,&quot;3&quot;:{&quot;1&quot;:1},&quot;10&quot;:1,&quot;14&quot;:[null,2,2503224],&quot;15&quot;:&quot;Arial&quot;,&quot;16&quot;:11}\">4\/2015 oprava elektri\u010dkovej trate ul. Wolkerova v&nbsp;Olomouci <\/span><\/p><\/div>\n                            \n                            \n                        <\/li>\n                                            <li>\n\n                                                        <h3 class=\"uk-h2\">I\/35, Vala\u0161sk\u00e9 Mezi\u0159i\u010d\u00ed - Le\u0161n\u00e1 (CZ)<\/h3>\n                            \n                                                        <div class=\"uk-margin-top \"><p><span data-sheets-value=\"{&quot;1&quot;:2,&quot;2&quot;:&quot;11-12\/2014 Silnice I\/35 Vala&scaron;sk&eacute; Mezi\u0159&iacute;\u010d&iacute; - Le&scaron;n&aacute;, 3.etapa, PDPS, SO Most na silnici III.t\u0159&iacute;dy p\u0159es \u0106ern&yacute; potok v km 0.103 &quot;}\" data-sheets-userformat=\"{&quot;2&quot;:14465,&quot;3&quot;:{&quot;1&quot;:1},&quot;10&quot;:1,&quot;14&quot;:{&quot;1&quot;:3,&quot;3&quot;:1},&quot;15&quot;:&quot;Arial&quot;,&quot;16&quot;:11}\">11-12\/2014 Silnice I\/35 Vala&scaron;sk&eacute; Mezi\u0159&iacute;\u010d&iacute; &#8211; Le&scaron;n&aacute;, 3.etapa, PDPS, SO Most na silnici III.t\u0159&iacute;dy p\u0159es \u0106ern&yacute; potok v km 0.103 <\/span><\/p><\/div>\n                            \n                            \n                        <\/li>\n                                        <\/ul>\n\n                    <div class=\"uk-margin-top\">\n                        <ul class=\"uk-thumbnav uk-margin-bottom-remove\">\n                                                    <li data-uk-slideshow-item=\"0\"><a href=\"#\"><img loading=\"lazy\" decoding=\"async\" src=\"\/jut-elstav\/wp-content\/plugins\/widgetkit\/cache\/jut-elstav-copy-10-c9e193bb53cb52aad50cab6fac6f9497.jpg\" alt=\"Olomouc (CZ)\" width=\"160\" height=\"120\"><\/a><\/li>\n                                                    <li data-uk-slideshow-item=\"1\"><a href=\"#\"><img loading=\"lazy\" decoding=\"async\" src=\"\/jut-elstav\/wp-content\/plugins\/widgetkit\/cache\/jut-elstav-copy-58-78725a698d22455cce601d802761529e.jpg\" alt=\"I\/35, Vala\u0161sk\u00e9 Mezi\u0159i\u010d\u00ed - Le\u0161n\u00e1 (CZ)\" width=\"160\" height=\"120\"><\/a><\/li>\n                                                <\/ul>\n                    <\/div>\n                <\/div>\n\n            <\/div>\n        <\/div>\n\n    <\/div>\n<\/div>\n\n<script>\n    (function($){\n\n        var modal      = $('#wk-30ee'),\n            container  = modal.prev(),\n            slideshows = modal.find('[data-uk-slideshow]'),\n            slideshow;\n\n        container.on('click', '[href^=\"#wk-\"][data-uk-modal]', function(e) {\n            slideshows.each(function(){\n\n                slideshow = $(this).data('slideshow');\n                slideshow.show(parseInt(e.target.getAttribute('data-index'), 10));\n            });\n        });\n\n        modal.on('beforeshow.uk.slideshow', function(e, next) {\n            slideshows.not(next.closest('[data-uk-slideshow]')[0]).data('slideshow').show(next.index());\n        });\n\n    })(jQuery);\n<\/script>\n\n<script>\n(function($){\n\n    \/\/ get the images of the gallery and replace it by a canvas of the same size to fix the problem with overlapping images on load.\n    $('img[width][height]:not(.uk-overlay-panel)', $('#wk-grid0ee')).each(function() {\n\n        var $img = $(this);\n\n        if (this.width == 'auto' || this.height == 'auto' || !$img.is(':visible')) {\n            return;\n        }\n\n        var $canvas = $('<canvas class=\"uk-responsive-width\"><\/canvas>').attr({width:$img.attr('width'), height:$img.attr('height')}),\n            img = new Image,\n            release = function() {\n                $canvas.remove();\n                $img.css('display', '');\n                release = function(){};\n            };\n\n        $img.css('display', 'none').after($canvas);\n\n        $(img).on('load', function(){ release(); });\n        setTimeout(function(){ release(); }, 1000);\n\n        img.src = this.src;\n\n    });\n\n})(jQuery);\n<\/script>\n\r\n<\/div>\r\n<\/div>\r\n<p>&nbsp;<\/p>\r\n<p>&nbsp;<\/p>","protected":false},"excerpt":{"rendered":"<p>IDS &#8211; In\u017een\u00fdrsk\u00e9 a dopravn\u00ed stavby Olomouc The diverse activities of the company include mainly railway, road and engineering constructions and constructions in urban areas of municipalities and towns. An important part of the company focus on the construction of bridges, building construction, water management and landscape construction. www.ids-olomouc.cz Please view some of our projects [&hellip;]<\/p>\n","protected":false},"author":1,"featured_media":0,"parent":3005,"menu_order":0,"comment_status":"closed","ping_status":"closed","template":"","meta":{"inline_featured_image":false,"mrp_rating_form_position":"","mrp_rating_results_position":"","mrp_structured_data_type":"","mrp_allow_anonymous":"","mrp_rating_form_id":"","footnotes":""},"multi-rating-pro":{"mrp_rating_result_1":[],"rating_form":1},"_links":{"self":[{"href":"https:\/\/jut.sk\/jut-elstav\/wp-json\/wp\/v2\/pages\/2969"}],"collection":[{"href":"https:\/\/jut.sk\/jut-elstav\/wp-json\/wp\/v2\/pages"}],"about":[{"href":"https:\/\/jut.sk\/jut-elstav\/wp-json\/wp\/v2\/types\/page"}],"author":[{"embeddable":true,"href":"https:\/\/jut.sk\/jut-elstav\/wp-json\/wp\/v2\/users\/1"}],"replies":[{"embeddable":true,"href":"https:\/\/jut.sk\/jut-elstav\/wp-json\/wp\/v2\/comments?post=2969"}],"version-history":[{"count":2,"href":"https:\/\/jut.sk\/jut-elstav\/wp-json\/wp\/v2\/pages\/2969\/revisions"}],"predecessor-version":[{"id":3104,"href":"https:\/\/jut.sk\/jut-elstav\/wp-json\/wp\/v2\/pages\/2969\/revisions\/3104"}],"up":[{"embeddable":true,"href":"https:\/\/jut.sk\/jut-elstav\/wp-json\/wp\/v2\/pages\/3005"}],"wp:attachment":[{"href":"https:\/\/jut.sk\/jut-elstav\/wp-json\/wp\/v2\/media?parent=2969"}],"curies":[{"name":"wp","href":"https:\/\/api.w.org\/{rel}","templated":true}]}}