{"id":2949,"date":"2020-04-27T12:29:13","date_gmt":"2020-04-27T10:29:13","guid":{"rendered":"http:\/\/jut.sk\/jut-elstav\/?page_id=2949"},"modified":"2020-04-28T10:30:27","modified_gmt":"2020-04-28T08:30:27","slug":"raven","status":"publish","type":"page","link":"https:\/\/jut.sk\/jut-elstav\/en\/references\/raven\/","title":{"rendered":"Raven"},"content":{"rendered":"<div class=\"uk-grid uk-grid-large\">\r\n<div class=\"uk-width-large-2-10 jut-elstav-klient-logo\"><img loading=\"lazy\" decoding=\"async\" src=\"https:\/\/jut.sk\/jut-elstav\/wp-content\/uploads\/sites\/5\/2020\/01\/raven.jpg\" alt=\"\" width=\"400\" height=\"400\" class=\"alignnone size-full wp-image-2703\" srcset=\"https:\/\/jut.sk\/jut-elstav\/wp-content\/uploads\/sites\/5\/2020\/01\/raven.jpg 400w, https:\/\/jut.sk\/jut-elstav\/wp-content\/uploads\/sites\/5\/2020\/01\/raven-300x300.jpg 300w, https:\/\/jut.sk\/jut-elstav\/wp-content\/uploads\/sites\/5\/2020\/01\/raven-150x150.jpg 150w, https:\/\/jut.sk\/jut-elstav\/wp-content\/uploads\/sites\/5\/2020\/01\/raven-100x100.jpg 100w\" sizes=\"(max-width: 400px) 100vw, 400px\" \/><\/div>\r\n<div class=\"uk-width-large-8-10 uk-margin jut-elstav-klient-content\">\r\n<h1 class=\"h2-red-left-line\">Raven<\/h1>\r\n<p style=\"text-align: justify;\">Raven has its place among the most important distributors of metallurgical material in the area of \u200b\u200bthe Visegrad Group. It is constituted by RAVEN a.s. based in Slovakia and its subsidiaries RAVEN CZ a.s. based in the Czech Republic, RAVEN PL Sp. z o. based in Poland and RAVEN Hungary Kft. based in Hungary.<\/p>\r\n<p><a class=\"uk-link jut-elstav-ref-page-link\" href=\"httpss:\/\/www.raven.sk\/\" target=\"_blank\" rel=\"noopener noreferrer\">\r\nwww.raven.sk<img decoding=\"async\" src=\"https:\/\/jut.sk\/jut-elstav\/wp-content\/themes\/yoo_luna_wp\/styles\/jut\/images\/icon-arrow-right.svg\" alt=\"\" \/><br \/>\r\n<\/a><\/p>\r\n<h3 class=\"h3-red-left-line uk-margin-large-top\">Please view some of our projects completed by our company:<\/h3>\r\n\n\n<div id=\"wk-gride55\" class=\"uk-grid-width-1-1 uk-grid-width-small-1-2 uk-grid-width-large-1-4 uk-grid uk-grid-match jutelstav-galeria\" data-uk-grid-match=\"{target:'> div > .uk-panel', row:true}\" data-uk-grid-margin  data-uk-scrollspy=\"{cls:'uk-animation-scale-up uk-invisible', target:'> div > .uk-panel', delay:300}\">\n\n    \n    <div>\n    \n<div class=\"uk-panel uk-invisible\">\n\n    <div class=\"uk-panel-teaser\">\n\n        <figure class=\"uk-overlay uk-overlay-hover \">\n\n            <img loading=\"lazy\" decoding=\"async\" src=\"\/jut-elstav\/wp-content\/uploads\/sites\/5\/2020\/01\/jut-elstav-copy-71.jpg\" class=\"uk-overlay-fade\" alt=\"OAC Praha, Praha (CZ)\" width=\"1000\" height=\"750\">\n            \n                        <div class=\"uk-overlay-panel uk-overlay-background uk-overlay-fade\"><\/div>\n            \n                            <div class=\"uk-overlay-panel uk-overlay-icon uk-overlay-fade\"><\/div>\n            \n                                                                        <a class=\"uk-position-cover\" href=\"#wk-3e55\" data-index=\"0\" data-uk-modal title=\"6-7\/2012 administrat\u00edvno-obchodn\u00fd komplex OAC Praha, Na P\u0159\u00edkope 14 Praha \"><\/a>\n                                                \n        <\/figure>\n\n    <\/div>\n\n    \n                <h3 class=\"uk-h5 uk-margin-bottom-remove\">OAC Praha, Praha (CZ)<\/h3>\n        \n        \n    \n<\/div>\n    <\/div>\n\n        \n    <div>\n    \n<div class=\"uk-panel uk-invisible\">\n\n    <div class=\"uk-panel-teaser\">\n\n        <figure class=\"uk-overlay uk-overlay-hover \">\n\n            <img loading=\"lazy\" decoding=\"async\" src=\"\/jut-elstav\/wp-content\/uploads\/sites\/5\/2020\/01\/jut-elstav-copy-69.jpg\" class=\"uk-overlay-fade\" alt=\"D1, T\u00e1bor - Sob\u011bslav (CZ)\" width=\"1000\" height=\"750\">\n            \n                        <div class=\"uk-overlay-panel uk-overlay-background uk-overlay-fade\"><\/div>\n            \n                            <div class=\"uk-overlay-panel uk-overlay-icon uk-overlay-fade\"><\/div>\n            \n                                                                        <a class=\"uk-position-cover\" href=\"#wk-3e55\" data-index=\"1\" data-uk-modal title=\"6\/2012 d\u00e1lnice D1, \u00fasek T\u00e1bor &#8211; Sob\u011bslav, most p\u0159es Myslkovick\u00fd potok \"><\/a>\n                                                \n        <\/figure>\n\n    <\/div>\n\n    \n                <h3 class=\"uk-h5 uk-margin-bottom-remove\">D1, T\u00e1bor - Sob\u011bslav (CZ)<\/h3>\n        \n        \n    \n<\/div>\n    <\/div>\n\n        \n    <div>\n    \n<div class=\"uk-panel uk-invisible\">\n\n    <div class=\"uk-panel-teaser\">\n\n        <figure class=\"uk-overlay uk-overlay-hover \">\n\n            <img loading=\"lazy\" decoding=\"async\" src=\"\/jut-elstav\/wp-content\/uploads\/sites\/5\/2020\/01\/jut-elstav-copy-70.jpg\" class=\"uk-overlay-fade\" alt=\"D1, T\u00e1bor - Sob\u011bslav (CZ)\" width=\"1000\" height=\"750\">\n            \n                        <div class=\"uk-overlay-panel uk-overlay-background uk-overlay-fade\"><\/div>\n            \n                            <div class=\"uk-overlay-panel uk-overlay-icon uk-overlay-fade\"><\/div>\n            \n                                                                        <a class=\"uk-position-cover\" href=\"#wk-3e55\" data-index=\"2\" data-uk-modal title=\"6\/2012 d\u00e1lnice D1, \u00fasek T\u00e1bor &#8211; Sob\u011bslav, most p\u0159es rybn\u00edk Kobern\u00fd \"><\/a>\n                                                \n        <\/figure>\n\n    <\/div>\n\n    \n                <h3 class=\"uk-h5 uk-margin-bottom-remove\">D1, T\u00e1bor - Sob\u011bslav (CZ)<\/h3>\n        \n        \n    \n<\/div>\n    <\/div>\n\n        \n    <div>\n    \n<div class=\"uk-panel uk-invisible\">\n\n    <div class=\"uk-panel-teaser\">\n\n        <figure class=\"uk-overlay uk-overlay-hover \">\n\n            <img loading=\"lazy\" decoding=\"async\" src=\"\/jut-elstav\/wp-content\/uploads\/sites\/5\/2020\/01\/jut-elstav-copy-25.jpg\" class=\"uk-overlay-fade\" alt=\"Raven CZ, Praha (CZ)\" width=\"1000\" height=\"750\">\n            \n                        <div class=\"uk-overlay-panel uk-overlay-background uk-overlay-fade\"><\/div>\n            \n                            <div class=\"uk-overlay-panel uk-overlay-icon uk-overlay-fade\"><\/div>\n            \n                                                                        <a class=\"uk-position-cover\" href=\"#wk-3e55\" data-index=\"3\" data-uk-modal title=\"7-12\/2016 stavebn\u00ed pr\u00e1ce komplex are\u00e1lu RAVEN CZ a. s., Provozovna Praha 25101 \"><\/a>\n                                                \n        <\/figure>\n\n    <\/div>\n\n    \n                <h3 class=\"uk-h5 uk-margin-bottom-remove\">Raven CZ, Praha (CZ)<\/h3>\n        \n        \n    \n<\/div>\n    <\/div>\n\n    \n<\/div>\n\n<div id=\"wk-3e55\" class=\"uk-modal\">\n    <div class=\"uk-modal-dialog uk-modal-dialog-blank\">\n\n        <button class=\"uk-modal-close uk-close\" type=\"button\"><\/button>\n\n        <div class=\"uk-grid\" data-uk-grid-margin>\n            <div class=\"uk-width-large-1-2 uk-text-center\">\n\n                <div class=\"uk-slidenav-position\" data-uk-slideshow data-uk-check-display>\n                    <ul class=\"uk-slideshow uk-slideshow-fullscreen\">\n                        \n                            <li>\n                                <img decoding=\"async\" src=\"\/jut-elstav\/wp-content\/plugins\/widgetkit\/cache\/jut-elstav-copy-71-849348a760f686ccddf1689cecefc7a7.jpg\" alt=\"OAC Praha, Praha (CZ)\">                            <\/li>\n\n                        \n                            <li>\n                                <img decoding=\"async\" src=\"\/jut-elstav\/wp-content\/plugins\/widgetkit\/cache\/jut-elstav-copy-69-9633eacb7cf3f89d34d4d854c4b82b94.jpg\" alt=\"D1, T\u00e1bor - Sob\u011bslav (CZ)\">                            <\/li>\n\n                        \n                            <li>\n                                <img decoding=\"async\" src=\"\/jut-elstav\/wp-content\/plugins\/widgetkit\/cache\/jut-elstav-copy-70-0e69829447b5da5795b5cce7c65760f7.jpg\" alt=\"D1, T\u00e1bor - Sob\u011bslav (CZ)\">                            <\/li>\n\n                        \n                            <li>\n                                <img decoding=\"async\" src=\"\/jut-elstav\/wp-content\/plugins\/widgetkit\/cache\/jut-elstav-copy-25-a418af8b18c46374d7f22410b6881ecc.jpg\" alt=\"Raven CZ, Praha (CZ)\">                            <\/li>\n\n                                            <\/ul>\n\n                    <a href=\"#\" class=\"uk-slidenav uk-slidenav-contrast uk-slidenav-previous uk-hidden-touch\" data-uk-slideshow-item=\"previous\"><\/a>\n                    <a href=\"#\" class=\"uk-slidenav uk-slidenav-contrast uk-slidenav-next uk-hidden-touch\" data-uk-slideshow-item=\"next\"><\/a>\n\n                <\/div>\n            <\/div>\n            <div class=\"uk-width-large-1-2 test-class uk-flex uk-flex-middle uk-flex-center\">\n\n                <div class=\"uk-panel-body uk-width-1-1 \" data-uk-slideshow data-uk-check-display>\n                    <ul class=\"uk-slideshow\">\n                                                <li>\n\n                                                        <h3 class=\"uk-h2\">OAC Praha, Praha (CZ)<\/h3>\n                            \n                                                        <div class=\"uk-margin-top \">6-7\/2012 administrat\u00edvno-obchodn\u00fd komplex OAC Praha, Na P\u0159\u00edkope 14 Praha <\/div>\n                            \n                            \n                        <\/li>\n                                            <li>\n\n                                                        <h3 class=\"uk-h2\">D1, T\u00e1bor - Sob\u011bslav (CZ)<\/h3>\n                            \n                                                        <div class=\"uk-margin-top \">6\/2012 d\u00e1lnice D1, \u00fasek T\u00e1bor &#8211; Sob\u011bslav, most p\u0159es Myslkovick\u00fd potok <\/div>\n                            \n                            \n                        <\/li>\n                                            <li>\n\n                                                        <h3 class=\"uk-h2\">D1, T\u00e1bor - Sob\u011bslav (CZ)<\/h3>\n                            \n                                                        <div class=\"uk-margin-top \">6\/2012 d\u00e1lnice D1, \u00fasek T\u00e1bor &#8211; Sob\u011bslav, most p\u0159es rybn\u00edk Kobern\u00fd <\/div>\n                            \n                            \n                        <\/li>\n                                            <li>\n\n                                                        <h3 class=\"uk-h2\">Raven CZ, Praha (CZ)<\/h3>\n                            \n                                                        <div class=\"uk-margin-top \">7-12\/2016 stavebn\u00ed pr\u00e1ce komplex are\u00e1lu RAVEN CZ a. s., Provozovna Praha 25101 <\/div>\n                            \n                            \n                        <\/li>\n                                        <\/ul>\n\n                    <div class=\"uk-margin-top\">\n                        <ul class=\"uk-thumbnav uk-margin-bottom-remove\">\n                                                    <li data-uk-slideshow-item=\"0\"><a href=\"#\"><img loading=\"lazy\" decoding=\"async\" src=\"\/jut-elstav\/wp-content\/plugins\/widgetkit\/cache\/jut-elstav-copy-71-2e6e439e35d7ccc18b0bdc29145c6c02.jpg\" alt=\"OAC Praha, Praha (CZ)\" width=\"160\" height=\"120\"><\/a><\/li>\n                                                    <li data-uk-slideshow-item=\"1\"><a href=\"#\"><img loading=\"lazy\" decoding=\"async\" src=\"\/jut-elstav\/wp-content\/plugins\/widgetkit\/cache\/jut-elstav-copy-69-1eff4665db57f160292250f800e114c1.jpg\" alt=\"D1, T\u00e1bor - Sob\u011bslav (CZ)\" width=\"160\" height=\"120\"><\/a><\/li>\n                                                    <li data-uk-slideshow-item=\"2\"><a href=\"#\"><img loading=\"lazy\" decoding=\"async\" src=\"\/jut-elstav\/wp-content\/plugins\/widgetkit\/cache\/jut-elstav-copy-70-57a64ceb7a8e9b9f04580b2523729923.jpg\" alt=\"D1, T\u00e1bor - Sob\u011bslav (CZ)\" width=\"160\" height=\"120\"><\/a><\/li>\n                                                    <li data-uk-slideshow-item=\"3\"><a href=\"#\"><img loading=\"lazy\" decoding=\"async\" src=\"\/jut-elstav\/wp-content\/plugins\/widgetkit\/cache\/jut-elstav-copy-25-fb6caea977456cfbdd5500fe35fe0d0b.jpg\" alt=\"Raven CZ, Praha (CZ)\" width=\"160\" height=\"120\"><\/a><\/li>\n                                                <\/ul>\n                    <\/div>\n                <\/div>\n\n            <\/div>\n        <\/div>\n\n    <\/div>\n<\/div>\n\n<script>\n    (function($){\n\n        var modal      = $('#wk-3e55'),\n            container  = modal.prev(),\n            slideshows = modal.find('[data-uk-slideshow]'),\n            slideshow;\n\n        container.on('click', '[href^=\"#wk-\"][data-uk-modal]', function(e) {\n            slideshows.each(function(){\n\n                slideshow = $(this).data('slideshow');\n                slideshow.show(parseInt(e.target.getAttribute('data-index'), 10));\n            });\n        });\n\n        modal.on('beforeshow.uk.slideshow', function(e, next) {\n            slideshows.not(next.closest('[data-uk-slideshow]')[0]).data('slideshow').show(next.index());\n        });\n\n    })(jQuery);\n<\/script>\n\n<script>\n(function($){\n\n    \/\/ get the images of the gallery and replace it by a canvas of the same size to fix the problem with overlapping images on load.\n    $('img[width][height]:not(.uk-overlay-panel)', $('#wk-gride55')).each(function() {\n\n        var $img = $(this);\n\n        if (this.width == 'auto' || this.height == 'auto' || !$img.is(':visible')) {\n            return;\n        }\n\n        var $canvas = $('<canvas class=\"uk-responsive-width\"><\/canvas>').attr({width:$img.attr('width'), height:$img.attr('height')}),\n            img = new Image,\n            release = function() {\n                $canvas.remove();\n                $img.css('display', '');\n                release = function(){};\n            };\n\n        $img.css('display', 'none').after($canvas);\n\n        $(img).on('load', function(){ release(); });\n        setTimeout(function(){ release(); }, 1000);\n\n        img.src = this.src;\n\n    });\n\n})(jQuery);\n<\/script>\n\r\n\r\n<\/div>\r\n<\/div>\r\n<p>&nbsp;<\/p>\r\n<p>&nbsp;<\/p>","protected":false},"excerpt":{"rendered":"<p>Raven Raven has its place among the most important distributors of metallurgical material in the area of \u200b\u200bthe Visegrad Group. It is constituted by RAVEN a.s. based in Slovakia and its subsidiaries RAVEN CZ a.s. based in the Czech Republic, RAVEN PL Sp. z o. based in Poland and RAVEN Hungary Kft. based in Hungary. [&hellip;]<\/p>\n","protected":false},"author":1,"featured_media":0,"parent":3005,"menu_order":0,"comment_status":"closed","ping_status":"closed","template":"","meta":{"inline_featured_image":false,"mrp_rating_form_position":"","mrp_rating_results_position":"","mrp_structured_data_type":"","mrp_allow_anonymous":"","mrp_rating_form_id":"","footnotes":""},"multi-rating-pro":{"mrp_rating_result_1":[],"rating_form":1},"_links":{"self":[{"href":"https:\/\/jut.sk\/jut-elstav\/wp-json\/wp\/v2\/pages\/2949"}],"collection":[{"href":"https:\/\/jut.sk\/jut-elstav\/wp-json\/wp\/v2\/pages"}],"about":[{"href":"https:\/\/jut.sk\/jut-elstav\/wp-json\/wp\/v2\/types\/page"}],"author":[{"embeddable":true,"href":"https:\/\/jut.sk\/jut-elstav\/wp-json\/wp\/v2\/users\/1"}],"replies":[{"embeddable":true,"href":"https:\/\/jut.sk\/jut-elstav\/wp-json\/wp\/v2\/comments?post=2949"}],"version-history":[{"count":2,"href":"https:\/\/jut.sk\/jut-elstav\/wp-json\/wp\/v2\/pages\/2949\/revisions"}],"predecessor-version":[{"id":3097,"href":"https:\/\/jut.sk\/jut-elstav\/wp-json\/wp\/v2\/pages\/2949\/revisions\/3097"}],"up":[{"embeddable":true,"href":"https:\/\/jut.sk\/jut-elstav\/wp-json\/wp\/v2\/pages\/3005"}],"wp:attachment":[{"href":"https:\/\/jut.sk\/jut-elstav\/wp-json\/wp\/v2\/media?parent=2949"}],"curies":[{"name":"wp","href":"https:\/\/api.w.org\/{rel}","templated":true}]}}