{"id":2927,"date":"2020-04-27T12:26:40","date_gmt":"2020-04-27T10:26:40","guid":{"rendered":"http:\/\/jut.sk\/jut-elstav\/?page_id=2927"},"modified":"2020-04-28T10:28:29","modified_gmt":"2020-04-28T08:28:29","slug":"swietelsky","status":"publish","type":"page","link":"https:\/\/jut.sk\/jut-elstav\/en\/references\/swietelsky\/","title":{"rendered":"Swietelsky"},"content":{"rendered":"<div class=\"uk-grid uk-grid-large\">\r\n<div class=\"uk-width-large-2-10 jut-elstav-klient-logo\"><img loading=\"lazy\" decoding=\"async\" src=\"https:\/\/jut.sk\/jut-elstav\/wp-content\/uploads\/sites\/5\/2020\/01\/swietelsky.jpg\" alt=\"\" width=\"400\" height=\"400\" class=\"alignnone size-full wp-image-2708\" srcset=\"https:\/\/jut.sk\/jut-elstav\/wp-content\/uploads\/sites\/5\/2020\/01\/swietelsky.jpg 400w, https:\/\/jut.sk\/jut-elstav\/wp-content\/uploads\/sites\/5\/2020\/01\/swietelsky-300x300.jpg 300w, https:\/\/jut.sk\/jut-elstav\/wp-content\/uploads\/sites\/5\/2020\/01\/swietelsky-150x150.jpg 150w, https:\/\/jut.sk\/jut-elstav\/wp-content\/uploads\/sites\/5\/2020\/01\/swietelsky-100x100.jpg 100w\" sizes=\"(max-width: 400px) 100vw, 400px\" \/><\/div>\r\n<div class=\"uk-width-large-8-10 uk-margin jut-elstav-klient-content\">\r\n<h1 class=\"h2-red-left-line\">Swietelsky<\/h1>\r\n<p class=\"uk-text-justify\">\r\nThe company focuses on roads, highways, parking lots, paved areas, airfields, bridges, engineering structures, ecological buildings, water management buildings, production of asphalt mixtures.\r\n<\/p>\r\n<p><a class=\"uk-link jut-elstav-ref-page-link\" href=\"httpss:\/\/www.swietelsky.com\/cz\" target=\"_blank\" rel=\"noopener noreferrer\">\r\nwww.swietelsky.com\/cz<img decoding=\"async\" src=\"https:\/\/jut.sk\/jut-elstav\/wp-content\/themes\/yoo_luna_wp\/styles\/jut\/images\/icon-arrow-right.svg\" alt=\"\" \/><br \/>\r\n<\/a><\/p>\r\n<h3 class=\"h3-red-left-line uk-margin-large-top\">Please view some of our projects completed by our company:<\/h3>\r\n\r\n\n\n<div id=\"wk-grid7a0\" class=\"uk-grid-width-1-1 uk-grid-width-small-1-2 uk-grid-width-large-1-4 uk-grid uk-grid-match jutelstav-galeria\" data-uk-grid-match=\"{target:'> div > .uk-panel', row:true}\" data-uk-grid-margin  data-uk-scrollspy=\"{cls:'uk-animation-scale-up uk-invisible', target:'> div > .uk-panel', delay:300}\">\n\n    \n    <div>\n    \n<div class=\"uk-panel uk-invisible\">\n\n    <div class=\"uk-panel-teaser\">\n\n        <figure class=\"uk-overlay uk-overlay-hover \">\n\n            <img loading=\"lazy\" decoding=\"async\" src=\"\/jut-elstav\/wp-content\/uploads\/sites\/5\/2020\/01\/jut-elstav-copy-26.jpg\" class=\"uk-overlay-fade\" alt=\"D1, Ps\u00e1\u0159e - Soutice (CZ)\" width=\"1000\" height=\"750\">\n            \n                        <div class=\"uk-overlay-panel uk-overlay-background uk-overlay-fade\"><\/div>\n            \n                            <div class=\"uk-overlay-panel uk-overlay-icon uk-overlay-fade\"><\/div>\n            \n                                                                        <a class=\"uk-position-cover\" href=\"#wk-37a0\" data-index=\"0\" data-uk-modal title=\"5-9\/2016 D1 \u00fasek 06 Ps\u00e1\u0159e- Soutice SO 06-221.2- km 48,849437 \"><\/a>\n                                                \n        <\/figure>\n\n    <\/div>\n\n    \n                <h3 class=\"uk-h5 uk-margin-bottom-remove\">D1, Ps\u00e1\u0159e - Soutice (CZ)<\/h3>\n        \n        \n    \n<\/div>\n    <\/div>\n\n    \n<\/div>\n\n<div id=\"wk-37a0\" class=\"uk-modal\">\n    <div class=\"uk-modal-dialog uk-modal-dialog-blank\">\n\n        <button class=\"uk-modal-close uk-close\" type=\"button\"><\/button>\n\n        <div class=\"uk-grid\" data-uk-grid-margin>\n            <div class=\"uk-width-large-1-2 uk-text-center\">\n\n                <div class=\"uk-slidenav-position\" data-uk-slideshow data-uk-check-display>\n                    <ul class=\"uk-slideshow uk-slideshow-fullscreen\">\n                        \n                            <li>\n                                <img decoding=\"async\" src=\"\/jut-elstav\/wp-content\/plugins\/widgetkit\/cache\/jut-elstav-copy-26-6646ccd64a716baa4394a929e867e961.jpg\" alt=\"D1, Ps\u00e1\u0159e - Soutice (CZ)\">                            <\/li>\n\n                                            <\/ul>\n\n                    <a href=\"#\" class=\"uk-slidenav uk-slidenav-contrast uk-slidenav-previous uk-hidden-touch\" data-uk-slideshow-item=\"previous\"><\/a>\n                    <a href=\"#\" class=\"uk-slidenav uk-slidenav-contrast uk-slidenav-next uk-hidden-touch\" data-uk-slideshow-item=\"next\"><\/a>\n\n                <\/div>\n            <\/div>\n            <div class=\"uk-width-large-1-2 test-class uk-flex uk-flex-middle uk-flex-center\">\n\n                <div class=\"uk-panel-body uk-width-1-1 \" data-uk-slideshow data-uk-check-display>\n                    <ul class=\"uk-slideshow\">\n                                                <li>\n\n                                                        <h3 class=\"uk-h2\">D1, Ps\u00e1\u0159e - Soutice (CZ)<\/h3>\n                            \n                                                        <div class=\"uk-margin-top \">5-9\/2016 D1 \u00fasek 06 Ps\u00e1\u0159e- Soutice SO 06-221.2- km 48,849437 <\/div>\n                            \n                            \n                        <\/li>\n                                        <\/ul>\n\n                    <div class=\"uk-margin-top\">\n                        <ul class=\"uk-thumbnav uk-margin-bottom-remove\">\n                                                    <li data-uk-slideshow-item=\"0\"><a href=\"#\"><img loading=\"lazy\" decoding=\"async\" src=\"\/jut-elstav\/wp-content\/plugins\/widgetkit\/cache\/jut-elstav-copy-26-0087ff9cee9a37d31347d8feb05bf34c.jpg\" alt=\"D1, Ps\u00e1\u0159e - Soutice (CZ)\" width=\"160\" height=\"120\"><\/a><\/li>\n                                                <\/ul>\n                    <\/div>\n                <\/div>\n\n            <\/div>\n        <\/div>\n\n    <\/div>\n<\/div>\n\n<script>\n    (function($){\n\n        var modal      = $('#wk-37a0'),\n            container  = modal.prev(),\n            slideshows = modal.find('[data-uk-slideshow]'),\n            slideshow;\n\n        container.on('click', '[href^=\"#wk-\"][data-uk-modal]', function(e) {\n            slideshows.each(function(){\n\n                slideshow = $(this).data('slideshow');\n                slideshow.show(parseInt(e.target.getAttribute('data-index'), 10));\n            });\n        });\n\n        modal.on('beforeshow.uk.slideshow', function(e, next) {\n            slideshows.not(next.closest('[data-uk-slideshow]')[0]).data('slideshow').show(next.index());\n        });\n\n    })(jQuery);\n<\/script>\n\n<script>\n(function($){\n\n    \/\/ get the images of the gallery and replace it by a canvas of the same size to fix the problem with overlapping images on load.\n    $('img[width][height]:not(.uk-overlay-panel)', $('#wk-grid7a0')).each(function() {\n\n        var $img = $(this);\n\n        if (this.width == 'auto' || this.height == 'auto' || !$img.is(':visible')) {\n            return;\n        }\n\n        var $canvas = $('<canvas class=\"uk-responsive-width\"><\/canvas>').attr({width:$img.attr('width'), height:$img.attr('height')}),\n            img = new Image,\n            release = function() {\n                $canvas.remove();\n                $img.css('display', '');\n                release = function(){};\n            };\n\n        $img.css('display', 'none').after($canvas);\n\n        $(img).on('load', function(){ release(); });\n        setTimeout(function(){ release(); }, 1000);\n\n        img.src = this.src;\n\n    });\n\n})(jQuery);\n<\/script>\n\r\n<\/div>\r\n<\/div>\r\n<p>&nbsp;<\/p>\r\n<p>&nbsp;<\/p>","protected":false},"excerpt":{"rendered":"<p>Swietelsky The company focuses on roads, highways, parking lots, paved areas, airfields, bridges, engineering structures, ecological buildings, water management buildings, production of asphalt mixtures. www.swietelsky.com\/cz Please view some of our projects completed by our company: &nbsp; &nbsp;<\/p>\n","protected":false},"author":1,"featured_media":0,"parent":3005,"menu_order":0,"comment_status":"closed","ping_status":"closed","template":"","meta":{"inline_featured_image":false,"mrp_rating_form_position":"","mrp_rating_results_position":"","mrp_structured_data_type":"","mrp_allow_anonymous":"","mrp_rating_form_id":"","footnotes":""},"multi-rating-pro":{"mrp_rating_result_1":[],"rating_form":1},"_links":{"self":[{"href":"https:\/\/jut.sk\/jut-elstav\/wp-json\/wp\/v2\/pages\/2927"}],"collection":[{"href":"https:\/\/jut.sk\/jut-elstav\/wp-json\/wp\/v2\/pages"}],"about":[{"href":"https:\/\/jut.sk\/jut-elstav\/wp-json\/wp\/v2\/types\/page"}],"author":[{"embeddable":true,"href":"https:\/\/jut.sk\/jut-elstav\/wp-json\/wp\/v2\/users\/1"}],"replies":[{"embeddable":true,"href":"https:\/\/jut.sk\/jut-elstav\/wp-json\/wp\/v2\/comments?post=2927"}],"version-history":[{"count":3,"href":"https:\/\/jut.sk\/jut-elstav\/wp-json\/wp\/v2\/pages\/2927\/revisions"}],"predecessor-version":[{"id":3092,"href":"https:\/\/jut.sk\/jut-elstav\/wp-json\/wp\/v2\/pages\/2927\/revisions\/3092"}],"up":[{"embeddable":true,"href":"https:\/\/jut.sk\/jut-elstav\/wp-json\/wp\/v2\/pages\/3005"}],"wp:attachment":[{"href":"https:\/\/jut.sk\/jut-elstav\/wp-json\/wp\/v2\/media?parent=2927"}],"curies":[{"name":"wp","href":"https:\/\/api.w.org\/{rel}","templated":true}]}}