{"id":2920,"date":"2020-04-27T12:25:59","date_gmt":"2020-04-27T10:25:59","guid":{"rendered":"http:\/\/jut.sk\/jut-elstav\/?page_id=2920"},"modified":"2020-04-28T10:21:26","modified_gmt":"2020-04-28T08:21:26","slug":"vahostav-sk","status":"publish","type":"page","link":"https:\/\/jut.sk\/jut-elstav\/de\/referenzen\/vahostav-sk\/","title":{"rendered":"V\u00e1hostav-SK"},"content":{"rendered":"<div class=\"uk-grid uk-grid-large\">\r\n<div class=\"uk-width-large-2-10 jut-elstav-klient-logo\"><img loading=\"lazy\" decoding=\"async\" src=\"https:\/\/jut.sk\/jut-elstav\/wp-content\/uploads\/sites\/5\/2020\/01\/vahostav.jpg\" alt=\"\" width=\"400\" height=\"400\" class=\"alignnone size-full wp-image-2710\" srcset=\"https:\/\/jut.sk\/jut-elstav\/wp-content\/uploads\/sites\/5\/2020\/01\/vahostav.jpg 400w, https:\/\/jut.sk\/jut-elstav\/wp-content\/uploads\/sites\/5\/2020\/01\/vahostav-300x300.jpg 300w, https:\/\/jut.sk\/jut-elstav\/wp-content\/uploads\/sites\/5\/2020\/01\/vahostav-150x150.jpg 150w, https:\/\/jut.sk\/jut-elstav\/wp-content\/uploads\/sites\/5\/2020\/01\/vahostav-100x100.jpg 100w\" sizes=\"(max-width: 400px) 100vw, 400px\" \/><\/div>\r\n<div class=\"uk-width-large-8-10 uk-margin jut-elstav-klient-content\">\r\n<h1 class=\"h2-red-left-line\">V\u00e1hostav-SK<\/h1>\r\n<p class=\"uk-text-justify\">\r\nHauptidee der Gesellschaft ist Autobahninfrastrukturbau und Bau den Bahnkorridor, inklusive komplizierten Tunell- und Br\u00fcckenbauen. Gleichzeitig orientiert sich VAHOSTAV \u2013 SK auch in Aufbau den industriellen Komplexen, Industriellen Parken und ekologischen Geb\u00e4uden. Zu vielsagender T\u00e4tigkeit geh\u00f6rt auch die Montage und Herstellung den Prefabrikaten. \r\n<\/p>\r\n<p><a class=\"uk-link jut-elstav-ref-page-link\" href=\"https:\/\/www.vahostav-sk.sk\" target=\"_blank\" rel=\"noopener noreferrer\">\r\nwww.vahostav-sk.sk<img decoding=\"async\" src=\"https:\/\/jut.sk\/jut-elstav\/wp-content\/themes\/yoo_luna_wp\/styles\/jut\/images\/icon-arrow-right.svg\" alt=\"\" \/><br \/>\r\n<\/a><\/p>\r\n<h3 class=\"h3-red-left-line uk-margin-large-top\">Schauen Sie die Referenzprojekte unserer Gesellschaft realisiert an:<\/h3>\r\n\n\n<div id=\"wk-grid07a\" class=\"uk-grid-width-1-1 uk-grid-width-small-1-2 uk-grid-width-large-1-4 uk-grid uk-grid-match jutelstav-galeria\" data-uk-grid-match=\"{target:'> div > .uk-panel', row:true}\" data-uk-grid-margin  data-uk-scrollspy=\"{cls:'uk-animation-scale-up uk-invisible', target:'> div > .uk-panel', delay:300}\">\n\n    \n    <div>\n    \n<div class=\"uk-panel uk-invisible\">\n\n    <div class=\"uk-panel-teaser\">\n\n        <figure class=\"uk-overlay uk-overlay-hover \">\n\n            <img loading=\"lazy\" decoding=\"async\" src=\"\/jut-elstav\/wp-content\/uploads\/sites\/5\/2020\/01\/jut-elstav-copy-3.jpg\" class=\"uk-overlay-fade\" alt=\"D3, Svr\u010dinovec - Skalit\u00e9 (SK)\" width=\"1000\" height=\"750\">\n            \n                        <div class=\"uk-overlay-panel uk-overlay-background uk-overlay-fade\"><\/div>\n            \n                            <div class=\"uk-overlay-panel uk-overlay-icon uk-overlay-fade\"><\/div>\n            \n                                                                        <a class=\"uk-position-cover\" href=\"#wk-307a\" data-index=\"0\" data-uk-modal title=\"12\/2014-5\/2016 D3 Svr\u010dinovec \u2013 Skalit\u00e9, SO244-00 Most \u201eValy\u201c, km 26,830, \u010cierne \"><\/a>\n                                                \n        <\/figure>\n\n    <\/div>\n\n    \n                <h3 class=\"uk-h5 uk-margin-bottom-remove\">D3, Svr\u010dinovec - Skalit\u00e9 (SK)<\/h3>\n        \n        \n    \n<\/div>\n    <\/div>\n\n        \n    <div>\n    \n<div class=\"uk-panel uk-invisible\">\n\n    <div class=\"uk-panel-teaser\">\n\n        <figure class=\"uk-overlay uk-overlay-hover \">\n\n            <img loading=\"lazy\" decoding=\"async\" src=\"\/jut-elstav\/wp-content\/uploads\/sites\/5\/2020\/01\/jut-elstav-copy-11.jpg\" class=\"uk-overlay-fade\" alt=\"D3, Svr\u010dinovec - Skalit\u00e9 (SK)\" width=\"1000\" height=\"750\">\n            \n                        <div class=\"uk-overlay-panel uk-overlay-background uk-overlay-fade\"><\/div>\n            \n                            <div class=\"uk-overlay-panel uk-overlay-icon uk-overlay-fade\"><\/div>\n            \n                                                                        <a class=\"uk-position-cover\" href=\"#wk-307a\" data-index=\"1\" data-uk-modal title=\"5\/2015-6\/2016 D3 Svr\u010dinovec \u2013 Skalit\u00e9, SO239-00 Most \u201enad \u00fadol\u00edm Str\u00fd\u010dkovho potoka\u201c km 23,472, \u010cierne\"><\/a>\n                                                \n        <\/figure>\n\n    <\/div>\n\n    \n                <h3 class=\"uk-h5 uk-margin-bottom-remove\">D3, Svr\u010dinovec - Skalit\u00e9 (SK)<\/h3>\n        \n        \n    \n<\/div>\n    <\/div>\n\n        \n    <div>\n    \n<div class=\"uk-panel uk-invisible\">\n\n    <div class=\"uk-panel-teaser\">\n\n        <figure class=\"uk-overlay uk-overlay-hover \">\n\n            <img loading=\"lazy\" decoding=\"async\" src=\"\/jut-elstav\/wp-content\/uploads\/sites\/5\/2020\/01\/jut-elstav-copy-19.jpg\" class=\"uk-overlay-fade\" alt=\"D1, Hri\u010dovsk\u00e9 Podhradie - Lietavsk\u00e1 L\u00fa\u010dka (SK)\" width=\"1000\" height=\"750\">\n            \n                        <div class=\"uk-overlay-panel uk-overlay-background uk-overlay-fade\"><\/div>\n            \n                            <div class=\"uk-overlay-panel uk-overlay-icon uk-overlay-fade\"><\/div>\n            \n                                                                        <a class=\"uk-position-cover\" href=\"#wk-307a\" data-index=\"2\" data-uk-modal title=\"12\/2015 &#8211; 12\/2016 D1 Hri\u010dovsk\u00e9 Podhradie &#8211; Lietavsk\u00e1 L\u00fa\u010dka, most pri obci Bitarov\u00e1 SO 203-00 \"><\/a>\n                                                \n        <\/figure>\n\n    <\/div>\n\n    \n                <h3 class=\"uk-h5 uk-margin-bottom-remove\">D1, Hri\u010dovsk\u00e9 Podhradie - Lietavsk\u00e1 L\u00fa\u010dka (SK)<\/h3>\n        \n        \n    \n<\/div>\n    <\/div>\n\n        \n    <div>\n    \n<div class=\"uk-panel uk-invisible\">\n\n    <div class=\"uk-panel-teaser\">\n\n        <figure class=\"uk-overlay uk-overlay-hover \">\n\n            <img loading=\"lazy\" decoding=\"async\" src=\"\/jut-elstav\/wp-content\/uploads\/sites\/5\/2020\/01\/jut-elstav-copy-31.jpg\" class=\"uk-overlay-fade\" alt=\"D1, Hubov\u00e1 - Ivachnov\u00e1 (SK)\" width=\"1000\" height=\"750\">\n            \n                        <div class=\"uk-overlay-panel uk-overlay-background uk-overlay-fade\"><\/div>\n            \n                            <div class=\"uk-overlay-panel uk-overlay-icon uk-overlay-fade\"><\/div>\n            \n                                                                        <a class=\"uk-position-cover\" href=\"#wk-307a\" data-index=\"3\" data-uk-modal title=\"8\/2016-2\/2018, 4-12\/2019, 1-12\/2020, 1-7\/2021 D1 Hubov\u00e1 &#8211; Ivachnov\u00e1, SO 201- 00 Most na D1 v km 0,411-0849 \"><\/a>\n                                                \n        <\/figure>\n\n    <\/div>\n\n    \n                <h3 class=\"uk-h5 uk-margin-bottom-remove\">D1, Hubov\u00e1 - Ivachnov\u00e1 (SK)<\/h3>\n        \n        \n    \n<\/div>\n    <\/div>\n\n        \n    <div>\n    \n<div class=\"uk-panel uk-invisible\">\n\n    <div class=\"uk-panel-teaser\">\n\n        <figure class=\"uk-overlay uk-overlay-hover \">\n\n            <img loading=\"lazy\" decoding=\"async\" src=\"\/jut-elstav\/wp-content\/uploads\/sites\/5\/2020\/01\/jut-elstav-copy-34.jpg\" class=\"uk-overlay-fade\" alt=\"P\u00fachov - \u017dilina (SK)\" width=\"1000\" height=\"750\">\n            \n                        <div class=\"uk-overlay-panel uk-overlay-background uk-overlay-fade\"><\/div>\n            \n                            <div class=\"uk-overlay-panel uk-overlay-icon uk-overlay-fade\"><\/div>\n            \n                                                                        <a class=\"uk-position-cover\" href=\"#wk-307a\" data-index=\"4\" data-uk-modal title=\"3\/2017-9\/2019, 11\/2019 \u017dSR Moderniz\u00e1cia \u017eelezni\u010dnej trate P\u00fachov \u2013 \u017dilina SO44.33.18 \"><\/a>\n                                                \n        <\/figure>\n\n    <\/div>\n\n    \n                <h3 class=\"uk-h5 uk-margin-bottom-remove\">P\u00fachov - \u017dilina (SK)<\/h3>\n        \n        \n    \n<\/div>\n    <\/div>\n\n        \n    <div>\n    \n<div class=\"uk-panel uk-invisible\">\n\n    <div class=\"uk-panel-teaser\">\n\n        <figure class=\"uk-overlay uk-overlay-hover \">\n\n            <img loading=\"lazy\" decoding=\"async\" src=\"\/jut-elstav\/wp-content\/uploads\/sites\/5\/2020\/01\/jut-elstav-copy-46.jpg\" class=\"uk-overlay-fade\" alt=\"I\/59, Ni\u017en\u00e1 (SK)\" width=\"1000\" height=\"750\">\n            \n                        <div class=\"uk-overlay-panel uk-overlay-background uk-overlay-fade\"><\/div>\n            \n                            <div class=\"uk-overlay-panel uk-overlay-icon uk-overlay-fade\"><\/div>\n            \n                                                                        <a class=\"uk-position-cover\" href=\"#wk-307a\" data-index=\"5\" data-uk-modal title=\"11\/2018-7\/2019 rekon\u0161trukcia mosta cesty I\/59, \u00fasek: SO 201-00 Ni\u017en\u00e1 \"><\/a>\n                                                \n        <\/figure>\n\n    <\/div>\n\n    \n                <h3 class=\"uk-h5 uk-margin-bottom-remove\">I\/59, Ni\u017en\u00e1 (SK)<\/h3>\n        \n        \n    \n<\/div>\n    <\/div>\n\n        \n    <div>\n    \n<div class=\"uk-panel uk-invisible\">\n\n    <div class=\"uk-panel-teaser\">\n\n        <figure class=\"uk-overlay uk-overlay-hover \">\n\n            <img loading=\"lazy\" decoding=\"async\" src=\"\/jut-elstav\/wp-content\/uploads\/sites\/5\/2020\/05\/jut-elstav-copy-81.jpg\" class=\"uk-overlay-fade\" alt=\"most nad Dunajom, Kom\u00e1rno (SK)\" width=\"1000\" height=\"750\">\n            \n                        <div class=\"uk-overlay-panel uk-overlay-background uk-overlay-fade\"><\/div>\n            \n                            <div class=\"uk-overlay-panel uk-overlay-icon uk-overlay-fade\"><\/div>\n            \n                                                                        <a class=\"uk-position-cover\" href=\"#wk-307a\" data-index=\"6\" data-uk-modal title=\"11-12\/2019, 1-9\/2020 most ponad rieku Dunaj SO 202 &#8211; 204, Kom\u00e1rno\"><\/a>\n                                                \n        <\/figure>\n\n    <\/div>\n\n    \n                <h3 class=\"uk-h5 uk-margin-bottom-remove\">most nad Dunajom, Kom\u00e1rno (SK)<\/h3>\n        \n        \n    \n<\/div>\n    <\/div>\n\n        \n    <div>\n    \n<div class=\"uk-panel uk-invisible\">\n\n    <div class=\"uk-panel-teaser\">\n\n        <figure class=\"uk-overlay uk-overlay-hover \">\n\n            <img loading=\"lazy\" decoding=\"async\" src=\"\/jut-elstav\/wp-content\/uploads\/sites\/5\/2020\/10\/jut-elstav-copy-85.jpg\" class=\"uk-overlay-fade\" alt=\"R4, Pre\u0161ov \u2013 severn\u00fd obchvat (SK)\" width=\"1000\" height=\"750\">\n            \n                        <div class=\"uk-overlay-panel uk-overlay-background uk-overlay-fade\"><\/div>\n            \n                            <div class=\"uk-overlay-panel uk-overlay-icon uk-overlay-fade\"><\/div>\n            \n                                                                        <a class=\"uk-position-cover\" href=\"#wk-307a\" data-index=\"7\" data-uk-modal title=\"6-12\/2020, 1\/2021 &#8211; 1\/2023 r\u00fdchlostn\u00e1 cesta R4 Pre\u0161ov \u2013 severn\u00fd obchvat (km 0-4,3), SO 202-00 Most na R4 v km 3,100 nad riekou Torysou, tra\u0165ou \u017dSR a cestou I\/68.\n\n4-5\/2021, 7\/2021, 9\/2021 &#8211; 6\/2022 r\u00fdchlostn\u00e1 cesta R4 Pre\u0161ov \u2013 severn\u00fd obchvat (km 0-4,3), SO 214-00 Most na R4, \n\n4\/2021, 1\/2022-1\/2023 r\u00fdchlostn\u00e1 cesta R4 Pre\u0161ov \u2013 severn\u00fd obchvat (km 0-4,3), SO 217-00 Most na R4, \n\n4-8\/2021 (km 0-4,3), SO 232-00 Most na R4, \n\n5-12\/2021, 7\/2022- 1\/2023 (km 0-4,3), SO 203-00 Most na R4, \n\n5-6\/2021 (km 0-4,3), SO 201-00 Most na R4\n\"><\/a>\n                                                \n        <\/figure>\n\n    <\/div>\n\n    \n                <h3 class=\"uk-h5 uk-margin-bottom-remove\">R4, Pre\u0161ov \u2013 severn\u00fd obchvat (SK)<\/h3>\n        \n        \n    \n<\/div>\n    <\/div>\n\n    \n<\/div>\n\n<div id=\"wk-307a\" class=\"uk-modal\">\n    <div class=\"uk-modal-dialog uk-modal-dialog-blank\">\n\n        <button class=\"uk-modal-close uk-close\" type=\"button\"><\/button>\n\n        <div class=\"uk-grid\" data-uk-grid-margin>\n            <div class=\"uk-width-large-1-2 uk-text-center\">\n\n                <div class=\"uk-slidenav-position\" data-uk-slideshow data-uk-check-display>\n                    <ul class=\"uk-slideshow uk-slideshow-fullscreen\">\n                        \n                            <li>\n                                <img decoding=\"async\" src=\"\/jut-elstav\/wp-content\/plugins\/widgetkit\/cache\/jut-elstav-copy-3-c98193083ded5fa33b4ef21a7844bf7c.jpg\" alt=\"D3, Svr\u010dinovec - Skalit\u00e9 (SK)\">                            <\/li>\n\n                        \n                            <li>\n                                <img decoding=\"async\" src=\"\/jut-elstav\/wp-content\/plugins\/widgetkit\/cache\/jut-elstav-copy-11-c8d9b46609e86e2d43fc4712ed97c669.jpg\" alt=\"D3, Svr\u010dinovec - Skalit\u00e9 (SK)\">                            <\/li>\n\n                        \n                            <li>\n                                <img decoding=\"async\" src=\"\/jut-elstav\/wp-content\/plugins\/widgetkit\/cache\/jut-elstav-copy-19-f325b3ee2163aa5fc4c4f60bad90800a.jpg\" alt=\"D1, Hri\u010dovsk\u00e9 Podhradie - Lietavsk\u00e1 L\u00fa\u010dka (SK)\">                            <\/li>\n\n                        \n                            <li>\n                                <img decoding=\"async\" src=\"\/jut-elstav\/wp-content\/plugins\/widgetkit\/cache\/jut-elstav-copy-31-93be94f0fb20d0464e88c5f4dd502eb6.jpg\" alt=\"D1, Hubov\u00e1 - Ivachnov\u00e1 (SK)\">                            <\/li>\n\n                        \n                            <li>\n                                <img decoding=\"async\" src=\"\/jut-elstav\/wp-content\/plugins\/widgetkit\/cache\/jut-elstav-copy-34-c962d6479e15a508501c86ddaeb7ad08.jpg\" alt=\"P\u00fachov - \u017dilina (SK)\">                            <\/li>\n\n                        \n                            <li>\n                                <img decoding=\"async\" src=\"\/jut-elstav\/wp-content\/plugins\/widgetkit\/cache\/jut-elstav-copy-46-b6338a66a88ca55c8cc9f465fd10e04d.jpg\" alt=\"I\/59, Ni\u017en\u00e1 (SK)\">                            <\/li>\n\n                        \n                            <li>\n                                <img decoding=\"async\" src=\"\/jut-elstav\/wp-content\/plugins\/widgetkit\/cache\/jut-elstav-copy-81-71872b7089c758b595bcbd7d90857161.jpg\" alt=\"most nad Dunajom, Kom\u00e1rno (SK)\">                            <\/li>\n\n                        \n                            <li>\n                                <img decoding=\"async\" src=\"\/jut-elstav\/wp-content\/plugins\/widgetkit\/cache\/jut-elstav-copy-85-65bdbb7990c58b8f1f89cce7849e9373.jpg\" alt=\"R4, Pre\u0161ov \u2013 severn\u00fd obchvat (SK)\">                            <\/li>\n\n                                            <\/ul>\n\n                    <a href=\"#\" class=\"uk-slidenav uk-slidenav-contrast uk-slidenav-previous uk-hidden-touch\" data-uk-slideshow-item=\"previous\"><\/a>\n                    <a href=\"#\" class=\"uk-slidenav uk-slidenav-contrast uk-slidenav-next uk-hidden-touch\" data-uk-slideshow-item=\"next\"><\/a>\n\n                <\/div>\n            <\/div>\n            <div class=\"uk-width-large-1-2 test-class uk-flex uk-flex-middle uk-flex-center\">\n\n                <div class=\"uk-panel-body uk-width-1-1 \" data-uk-slideshow data-uk-check-display>\n                    <ul class=\"uk-slideshow\">\n                                                <li>\n\n                                                        <h3 class=\"uk-h2\">D3, Svr\u010dinovec - Skalit\u00e9 (SK)<\/h3>\n                            \n                                                        <div class=\"uk-margin-top \">12\/2014-5\/2016 D3 Svr\u010dinovec \u2013 Skalit\u00e9, SO244-00 Most \u201eValy\u201c, km 26,830, \u010cierne <\/div>\n                            \n                            \n                        <\/li>\n                                            <li>\n\n                                                        <h3 class=\"uk-h2\">D3, Svr\u010dinovec - Skalit\u00e9 (SK)<\/h3>\n                            \n                                                        <div class=\"uk-margin-top \">5\/2015-6\/2016 D3 Svr\u010dinovec \u2013 Skalit\u00e9, SO239-00 Most \u201enad \u00fadol\u00edm Str\u00fd\u010dkovho potoka\u201c km 23,472, \u010cierne<\/div>\n                            \n                            \n                        <\/li>\n                                            <li>\n\n                                                        <h3 class=\"uk-h2\">D1, Hri\u010dovsk\u00e9 Podhradie - Lietavsk\u00e1 L\u00fa\u010dka (SK)<\/h3>\n                            \n                                                        <div class=\"uk-margin-top \">12\/2015 &#8211; 12\/2016 D1 Hri\u010dovsk\u00e9 Podhradie &#8211; Lietavsk\u00e1 L\u00fa\u010dka, most pri obci Bitarov\u00e1 SO 203-00 <\/div>\n                            \n                            \n                        <\/li>\n                                            <li>\n\n                                                        <h3 class=\"uk-h2\">D1, Hubov\u00e1 - Ivachnov\u00e1 (SK)<\/h3>\n                            \n                                                        <div class=\"uk-margin-top \">8\/2016-2\/2018, 4-12\/2019, 1-12\/2020, 1-7\/2021 D1 Hubov\u00e1 &#8211; Ivachnov\u00e1, SO 201- 00 Most na D1 v km 0,411-0849 <\/div>\n                            \n                            \n                        <\/li>\n                                            <li>\n\n                                                        <h3 class=\"uk-h2\">P\u00fachov - \u017dilina (SK)<\/h3>\n                            \n                                                        <div class=\"uk-margin-top \">3\/2017-9\/2019, 11\/2019 \u017dSR Moderniz\u00e1cia \u017eelezni\u010dnej trate P\u00fachov \u2013 \u017dilina SO44.33.18 <\/div>\n                            \n                            \n                        <\/li>\n                                            <li>\n\n                                                        <h3 class=\"uk-h2\">I\/59, Ni\u017en\u00e1 (SK)<\/h3>\n                            \n                                                        <div class=\"uk-margin-top \">11\/2018-7\/2019 rekon\u0161trukcia mosta cesty I\/59, \u00fasek: SO 201-00 Ni\u017en\u00e1 <\/div>\n                            \n                            \n                        <\/li>\n                                            <li>\n\n                                                        <h3 class=\"uk-h2\">most nad Dunajom, Kom\u00e1rno (SK)<\/h3>\n                            \n                                                        <div class=\"uk-margin-top \">11-12\/2019, 1-9\/2020 most ponad rieku Dunaj SO 202 &#8211; 204, Kom\u00e1rno<\/div>\n                            \n                            \n                        <\/li>\n                                            <li>\n\n                                                        <h3 class=\"uk-h2\">R4, Pre\u0161ov \u2013 severn\u00fd obchvat (SK)<\/h3>\n                            \n                                                        <div class=\"uk-margin-top \">6-12\/2020, 1\/2021 &#8211; 1\/2023 r\u00fdchlostn\u00e1 cesta R4 Pre\u0161ov \u2013 severn\u00fd obchvat (km 0-4,3), SO 202-00 Most na R4 v km 3,100 nad riekou Torysou, tra\u0165ou \u017dSR a cestou I\/68.\n\n4-5\/2021, 7\/2021, 9\/2021 &#8211; 6\/2022 r\u00fdchlostn\u00e1 cesta R4 Pre\u0161ov \u2013 severn\u00fd obchvat (km 0-4,3), SO 214-00 Most na R4, \n\n4\/2021, 1\/2022-1\/2023 r\u00fdchlostn\u00e1 cesta R4 Pre\u0161ov \u2013 severn\u00fd obchvat (km 0-4,3), SO 217-00 Most na R4, \n\n4-8\/2021 (km 0-4,3), SO 232-00 Most na R4, \n\n5-12\/2021, 7\/2022- 1\/2023 (km 0-4,3), SO 203-00 Most na R4, \n\n5-6\/2021 (km 0-4,3), SO 201-00 Most na R4\n<\/div>\n                            \n                            \n                        <\/li>\n                                        <\/ul>\n\n                    <div class=\"uk-margin-top\">\n                        <ul class=\"uk-thumbnav uk-margin-bottom-remove\">\n                                                    <li data-uk-slideshow-item=\"0\"><a href=\"#\"><img loading=\"lazy\" decoding=\"async\" src=\"\/jut-elstav\/wp-content\/plugins\/widgetkit\/cache\/jut-elstav-copy-3-b0fd3dec7cab7aee07b7162af5ede878.jpg\" alt=\"D3, Svr\u010dinovec - Skalit\u00e9 (SK)\" width=\"160\" height=\"120\"><\/a><\/li>\n                                                    <li data-uk-slideshow-item=\"1\"><a href=\"#\"><img loading=\"lazy\" decoding=\"async\" src=\"\/jut-elstav\/wp-content\/plugins\/widgetkit\/cache\/jut-elstav-copy-11-fda45760ed0a59b306fb31e0e05a728c.jpg\" alt=\"D3, Svr\u010dinovec - Skalit\u00e9 (SK)\" width=\"160\" height=\"120\"><\/a><\/li>\n                                                    <li data-uk-slideshow-item=\"2\"><a href=\"#\"><img loading=\"lazy\" decoding=\"async\" src=\"\/jut-elstav\/wp-content\/plugins\/widgetkit\/cache\/jut-elstav-copy-19-673466026b845f978ddea1b2daf7235e.jpg\" alt=\"D1, Hri\u010dovsk\u00e9 Podhradie - Lietavsk\u00e1 L\u00fa\u010dka (SK)\" width=\"160\" height=\"120\"><\/a><\/li>\n                                                    <li data-uk-slideshow-item=\"3\"><a href=\"#\"><img loading=\"lazy\" decoding=\"async\" src=\"\/jut-elstav\/wp-content\/plugins\/widgetkit\/cache\/jut-elstav-copy-31-c0f44a726aad57f7c98141492146cb9f.jpg\" alt=\"D1, Hubov\u00e1 - Ivachnov\u00e1 (SK)\" width=\"160\" height=\"120\"><\/a><\/li>\n                                                    <li data-uk-slideshow-item=\"4\"><a href=\"#\"><img loading=\"lazy\" decoding=\"async\" src=\"\/jut-elstav\/wp-content\/plugins\/widgetkit\/cache\/jut-elstav-copy-34-811f8299e39396c1f45ecec16915f1ad.jpg\" alt=\"P\u00fachov - \u017dilina (SK)\" width=\"160\" height=\"120\"><\/a><\/li>\n                                                    <li data-uk-slideshow-item=\"5\"><a href=\"#\"><img loading=\"lazy\" decoding=\"async\" src=\"\/jut-elstav\/wp-content\/plugins\/widgetkit\/cache\/jut-elstav-copy-46-cc0d621a32ecd6de61b37d39de59c94e.jpg\" alt=\"I\/59, Ni\u017en\u00e1 (SK)\" width=\"160\" height=\"120\"><\/a><\/li>\n                                                    <li data-uk-slideshow-item=\"6\"><a href=\"#\"><img loading=\"lazy\" decoding=\"async\" src=\"\/jut-elstav\/wp-content\/plugins\/widgetkit\/cache\/jut-elstav-copy-81-7dc39b9660dfdcc21e354f3b8f839c0f.jpg\" alt=\"most nad Dunajom, Kom\u00e1rno (SK)\" width=\"160\" height=\"120\"><\/a><\/li>\n                                                    <li data-uk-slideshow-item=\"7\"><a href=\"#\"><img loading=\"lazy\" decoding=\"async\" src=\"\/jut-elstav\/wp-content\/plugins\/widgetkit\/cache\/jut-elstav-copy-85-4118241de6561e53cc73ec895487d6a0.jpg\" alt=\"R4, Pre\u0161ov \u2013 severn\u00fd obchvat (SK)\" width=\"160\" height=\"120\"><\/a><\/li>\n                                                <\/ul>\n                    <\/div>\n                <\/div>\n\n            <\/div>\n        <\/div>\n\n    <\/div>\n<\/div>\n\n<script>\n    (function($){\n\n        var modal      = $('#wk-307a'),\n            container  = modal.prev(),\n            slideshows = modal.find('[data-uk-slideshow]'),\n            slideshow;\n\n        container.on('click', '[href^=\"#wk-\"][data-uk-modal]', function(e) {\n            slideshows.each(function(){\n\n                slideshow = $(this).data('slideshow');\n                slideshow.show(parseInt(e.target.getAttribute('data-index'), 10));\n            });\n        });\n\n        modal.on('beforeshow.uk.slideshow', function(e, next) {\n            slideshows.not(next.closest('[data-uk-slideshow]')[0]).data('slideshow').show(next.index());\n        });\n\n    })(jQuery);\n<\/script>\n\n<script>\n(function($){\n\n    \/\/ get the images of the gallery and replace it by a canvas of the same size to fix the problem with overlapping images on load.\n    $('img[width][height]:not(.uk-overlay-panel)', $('#wk-grid07a')).each(function() {\n\n        var $img = $(this);\n\n        if (this.width == 'auto' || this.height == 'auto' || !$img.is(':visible')) {\n            return;\n        }\n\n        var $canvas = $('<canvas class=\"uk-responsive-width\"><\/canvas>').attr({width:$img.attr('width'), height:$img.attr('height')}),\n            img = new Image,\n            release = function() {\n                $canvas.remove();\n                $img.css('display', '');\n                release = function(){};\n            };\n\n        $img.css('display', 'none').after($canvas);\n\n        $(img).on('load', function(){ release(); });\n        setTimeout(function(){ release(); }, 1000);\n\n        img.src = this.src;\n\n    });\n\n})(jQuery);\n<\/script>\n\r\n\r\n<\/div>\r\n<\/div>\r\n<p>&nbsp;<\/p>\r\n<p>&nbsp;<\/p>","protected":false},"excerpt":{"rendered":"<p>V\u00e1hostav-SK Hauptidee der Gesellschaft ist Autobahninfrastrukturbau und Bau den Bahnkorridor, inklusive komplizierten Tunell- und Br\u00fcckenbauen. Gleichzeitig orientiert sich VAHOSTAV \u2013 SK auch in Aufbau den industriellen Komplexen, Industriellen Parken und ekologischen Geb\u00e4uden. Zu vielsagender T\u00e4tigkeit geh\u00f6rt auch die Montage und Herstellung den Prefabrikaten. www.vahostav-sk.sk Schauen Sie die Referenzprojekte unserer Gesellschaft realisiert an: &nbsp; &nbsp;<\/p>\n","protected":false},"author":1,"featured_media":0,"parent":3002,"menu_order":0,"comment_status":"closed","ping_status":"closed","template":"","meta":{"inline_featured_image":false,"mrp_rating_form_position":"","mrp_rating_results_position":"","mrp_structured_data_type":"","mrp_allow_anonymous":"","mrp_rating_form_id":"","footnotes":""},"multi-rating-pro":{"mrp_rating_result_1":[],"rating_form":1},"_links":{"self":[{"href":"https:\/\/jut.sk\/jut-elstav\/wp-json\/wp\/v2\/pages\/2920"}],"collection":[{"href":"https:\/\/jut.sk\/jut-elstav\/wp-json\/wp\/v2\/pages"}],"about":[{"href":"https:\/\/jut.sk\/jut-elstav\/wp-json\/wp\/v2\/types\/page"}],"author":[{"embeddable":true,"href":"https:\/\/jut.sk\/jut-elstav\/wp-json\/wp\/v2\/users\/1"}],"replies":[{"embeddable":true,"href":"https:\/\/jut.sk\/jut-elstav\/wp-json\/wp\/v2\/comments?post=2920"}],"version-history":[{"count":3,"href":"https:\/\/jut.sk\/jut-elstav\/wp-json\/wp\/v2\/pages\/2920\/revisions"}],"predecessor-version":[{"id":3084,"href":"https:\/\/jut.sk\/jut-elstav\/wp-json\/wp\/v2\/pages\/2920\/revisions\/3084"}],"up":[{"embeddable":true,"href":"https:\/\/jut.sk\/jut-elstav\/wp-json\/wp\/v2\/pages\/3002"}],"wp:attachment":[{"href":"https:\/\/jut.sk\/jut-elstav\/wp-json\/wp\/v2\/media?parent=2920"}],"curies":[{"name":"wp","href":"https:\/\/api.w.org\/{rel}","templated":true}]}}