{"id":2911,"date":"2020-04-27T12:23:05","date_gmt":"2020-04-27T10:23:05","guid":{"rendered":"http:\/\/jut.sk\/jut-elstav\/?page_id=2911"},"modified":"2021-04-30T10:27:59","modified_gmt":"2021-04-30T08:27:59","slug":"entritt","status":"publish","type":"page","link":"https:\/\/jut.sk\/jut-elstav\/de\/entritt\/","title":{"rendered":"Entritt"},"content":{"rendered":"<div class=\"uk-grid uk-margin-large uk-grid-large tm-margin-xlarge\">\r\n<div class=\"uk-width-large-4-10 uk-width-medium-1-1 tm-padding-large\">\r\n<h2 class=\"h2-red-left-line\">\u00dcber uns<\/h2>\r\n<p style=\"text-align: justify;\">JUT \u2013 ELSTAV GmbH bietet ihre Leistungen und Arbeit seit 2010 in der Slowakei und Europal\u00e4nder im Bereich der <b>Stra\u00dfen- und Bahnbau, Baut\u00e4tigkeiten mit Einrichtung f\u00fcr Br\u00fcckenkonstruktionen, Tunnel und Strebemauer an.<\/b><\/p>\r\n<p style=\"text-align: justify;\">W\u00e4hrend dieser Zeit haben wir unsere T\u00e4tigkeiten auch in EU verbreitet und damit den Zustand erfolgreicher und finanz stabiler Gesellschaft best\u00e4tigt.<\/p>\r\n<p style=\"text-align: justify;\">JUT \u2013 ELSTAV GmbH ist Gesellschaft, die systematisch ihre Kapazit\u00e4t entwickelt und dauernhaft die F\u00e4higkeit im Baubereich und Stra\u00dfenkonstruktion verbessert.<\/p>\r\n<\/div>\r\n<div class=\"uk-width-large-6-10 uk-width-medium-1-1 tm-padding-large\">\r\n<div class=\"uk-grid jut-windows\">\r\n<div class=\"uk-width-large-1-3 uk-width-medium-1-3 uk-width-small-1-2 uk-grid-margin\">\r\n<div class=\"uk-panel jut-window-elstav-o-spolocnosti\">\r\n<div class=\"jut-window-image\">\u00a0<\/div>\r\n<div class=\"jut-window-gradient\">\u00a0<\/div>\r\n<div class=\"jut-window-caption\">\r\n<h3 class=\"jut-window-title\">\u00dcber uns<\/h3>\r\n<\/div>\r\n<p>Mehr info <img decoding=\"async\" class=\"jut-sipka-window-right\" src=\"https:\/\/jut.sk\/wp-content\/uploads\/2019\/10\/arrow-right-white.svg\" \/><\/p>\r\n<a href=\"https:\/\/jut.sk\/jut-elstav\/o-spolocnosti\/\">Mehr info<\/a><\/div>\r\n<\/div>\r\n<div class=\"uk-width-large-1-3 uk-width-medium-1-3 uk-width-small-1-2 uk-grid-margin\">\r\n<div class=\"uk-panel jut-window-elstav-obory\">\r\n<div class=\"jut-window-image\">\u00a0<\/div>\r\n<div class=\"jut-window-gradient\">\u00a0<\/div>\r\n<div class=\"jut-window-caption\">\r\n<h3 class=\"jut-window-title\">Bet\u00e4tigungs Gebiete<\/h3>\r\n<\/div>\r\n<p>Mehr info <img decoding=\"async\" class=\"jut-sipka-window-right\" src=\"https:\/\/jut.sk\/wp-content\/uploads\/2019\/10\/arrow-right-white.svg\" \/><\/p>\r\n<a href=\"https:\/\/jut.sk\/jut-elstav\/obory-posobnosti\/\">Mehr info<\/a><\/div>\r\n<\/div>\r\n<div class=\"uk-width-large-1-3 uk-width-medium-1-3 uk-width-small-1-1 uk-grid-margin\">\r\n<div class=\"uk-panel jut-window-elstav-kariera\">\r\n<div class=\"jut-window-image\">\u00a0<\/div>\r\n<div class=\"jut-window-gradient\">\u00a0<\/div>\r\n<div class=\"jut-window-caption\">\r\n<h3 class=\"jut-window-title\">Karriere<\/h3>\r\n<\/div>\r\n<p>Mehr info <img decoding=\"async\" class=\"jut-sipka-window-right\" src=\"https:\/\/jut.sk\/wp-content\/uploads\/2019\/10\/arrow-right-white.svg\" \/><\/p>\r\n<a href=\"https:\/\/jut.sk\/jut-elstav\/kariera\/\">Mehr info<\/a><\/div>\r\n<\/div>\r\n<\/div>\r\n<\/div>\r\n<\/div>\r\n<div class=\"uk-width-large-2-3 uk-width-medium-1-1 uk-width-small-1-1 uk-grid-margin uk-container-center jut-quotes-grid\">\r\n<p class=\"p-jut-quotes\"> Wir geh\u00f6ren zu stabilen Partner im Verkehrsbau und Baumechanisation.<\/p>\r\n<\/div>\r\n<div id=\"jut-mapa-kde-posobime\" class=\"uk-grid uk-margin-large uk-grid-large tm-margin-xlarge\">\r\n<div class=\"uk-width-large-6-10 uk-width-medium-1-1 tm-padding-large\"><div id=\"chartdiv\"><\/div><\/div>\r\n<div class=\"uk-width-large-4-10 uk-width-medium-1-1 tm-padding-large\">\r\n<h2 class=\"h2-red-left-line\">Wirkungsgebit<\/h2>\r\n<p style=\"text-align: justify;\">Wir geh\u00f6ren zu stolzen und zuverl\u00e4ssigen Lieferanten den Investoren und unseren Partners in ganze Europa.<\/p>\r\n<p style=\"text-align: justify;\">Unsere Arbeitsergebnisse k\u00f6nnen Sie durch  mehr als <b><span class=\"count1\">100<\/span> realisierten Projekte in ganze Europa  sehen.<\/b><\/p>\r\n<p style=\"text-align: justify;\">Wir gew\u00e4hrleisten und bringen komplexe L\u00f6sungen bei Verkehrsaustellung und Baumechanisation. <\/p>\r\n<div class=\"jut-cta-button\"><a class=\"uk-button uk-button-primary\" href=\"https:\/\/jut.sk\/jut-elstav\/kontakt\/\">Zu den Kontakten<\/a><\/div>\r\n<\/div>\r\n<\/div>","protected":false},"excerpt":{"rendered":"<p>\u00dcber uns JUT \u2013 ELSTAV GmbH bietet ihre Leistungen und Arbeit seit 2010 in der Slowakei und Europal\u00e4nder im Bereich der Stra\u00dfen- und Bahnbau, Baut\u00e4tigkeiten mit Einrichtung f\u00fcr Br\u00fcckenkonstruktionen, Tunnel und Strebemauer an. W\u00e4hrend dieser Zeit haben wir unsere T\u00e4tigkeiten auch in EU verbreitet und damit den Zustand erfolgreicher und finanz stabiler Gesellschaft best\u00e4tigt. JUT [&hellip;]<\/p>\n","protected":false},"author":1,"featured_media":0,"parent":0,"menu_order":0,"comment_status":"closed","ping_status":"closed","template":"","meta":{"inline_featured_image":false,"mrp_rating_form_position":"","mrp_rating_results_position":"","mrp_structured_data_type":"","mrp_allow_anonymous":"","mrp_rating_form_id":"","footnotes":""},"multi-rating-pro":{"mrp_rating_result_1":[],"rating_form":1},"_links":{"self":[{"href":"https:\/\/jut.sk\/jut-elstav\/wp-json\/wp\/v2\/pages\/2911"}],"collection":[{"href":"https:\/\/jut.sk\/jut-elstav\/wp-json\/wp\/v2\/pages"}],"about":[{"href":"https:\/\/jut.sk\/jut-elstav\/wp-json\/wp\/v2\/types\/page"}],"author":[{"embeddable":true,"href":"https:\/\/jut.sk\/jut-elstav\/wp-json\/wp\/v2\/users\/1"}],"replies":[{"embeddable":true,"href":"https:\/\/jut.sk\/jut-elstav\/wp-json\/wp\/v2\/comments?post=2911"}],"version-history":[{"count":3,"href":"https:\/\/jut.sk\/jut-elstav\/wp-json\/wp\/v2\/pages\/2911\/revisions"}],"predecessor-version":[{"id":3252,"href":"https:\/\/jut.sk\/jut-elstav\/wp-json\/wp\/v2\/pages\/2911\/revisions\/3252"}],"wp:attachment":[{"href":"https:\/\/jut.sk\/jut-elstav\/wp-json\/wp\/v2\/media?parent=2911"}],"curies":[{"name":"wp","href":"https:\/\/api.w.org\/{rel}","templated":true}]}}