{"id":2888,"date":"2020-01-16T12:01:39","date_gmt":"2020-01-16T11:01:39","guid":{"rendered":"http:\/\/jut.sk\/jut-elstav\/?page_id=2888"},"modified":"2020-01-16T12:01:39","modified_gmt":"2020-01-16T11:01:39","slug":"smp-cz","status":"publish","type":"page","link":"https:\/\/jut.sk\/jut-elstav\/referencie\/smp-cz\/","title":{"rendered":"SMP CZ"},"content":{"rendered":"<div class=\"uk-grid uk-grid-large\">\r\n<div class=\"uk-width-large-2-10 jut-elstav-klient-logo\"><img loading=\"lazy\" decoding=\"async\" src=\"https:\/\/jut.sk\/jut-elstav\/wp-content\/uploads\/sites\/5\/2020\/01\/SMP-CZ.jpg\" alt=\"\" width=\"400\" height=\"400\" class=\"alignnone size-full wp-image-2705\" srcset=\"https:\/\/jut.sk\/jut-elstav\/wp-content\/uploads\/sites\/5\/2020\/01\/SMP-CZ.jpg 400w, https:\/\/jut.sk\/jut-elstav\/wp-content\/uploads\/sites\/5\/2020\/01\/SMP-CZ-300x300.jpg 300w, https:\/\/jut.sk\/jut-elstav\/wp-content\/uploads\/sites\/5\/2020\/01\/SMP-CZ-150x150.jpg 150w, https:\/\/jut.sk\/jut-elstav\/wp-content\/uploads\/sites\/5\/2020\/01\/SMP-CZ-100x100.jpg 100w\" sizes=\"(max-width: 400px) 100vw, 400px\" \/><\/div>\r\n<div class=\"uk-width-large-8-10 uk-margin jut-elstav-klient-content\">\r\n<h1 class=\"h2-red-left-line\"> SMP CZ<\/h1>\r\n<p class=\"uk-text-justify\">\r\nOrientuje sa vo v\u00fdstavb\u00e1ch a rekon\u0161trukci\u00e1ch \u017eelezobet\u00f3nov\u00fdch mostov, oce\u013eov\u00fdch a dreven\u00fdch l\u00e1vok. V\u00fdnimo\u010dn\u00fa \u0161pecializ\u00e1ciou je v\u00fdstavba mostov z prie\u010dnych prefabrik\u00e1tov, mostov vykon\u00e1van\u00fdch letmou beton\u00e1\u017eou, zavesen\u00fdch a visut\u00fdch mostov.<\/p>\r\n<p><a class=\"uk-link jut-elstav-ref-page-link\" href=\"https:\/\/www.smp.cz\/\" target=\"_blank\" rel=\"noopener noreferrer\"><br \/>\r\nwww.smp.cz<img decoding=\"async\" src=\"https:\/\/jut.sk\/jut-elstav\/wp-content\/themes\/yoo_luna_wp\/styles\/jut\/images\/icon-arrow-right.svg\" alt=\"\" \/><br \/>\r\n<\/a><\/p>\r\n<h3 class=\"h3-red-left-line uk-margin-large-top\">Pozrite si referen\u010dn\u00e9 projekty realizovan\u00e9 na\u0161ou spolo\u010dnos\u0165ou<\/h3>\r\n\r\n\n\n<div id=\"wk-grid6a1\" class=\"uk-grid-width-1-1 uk-grid-width-small-1-2 uk-grid-width-large-1-4 uk-grid uk-grid-match jutelstav-galeria\" data-uk-grid-match=\"{target:'> div > .uk-panel', row:true}\" data-uk-grid-margin  data-uk-scrollspy=\"{cls:'uk-animation-scale-up uk-invisible', target:'> div > .uk-panel', delay:300}\">\n\n    \n    <div>\n    \n<div class=\"uk-panel uk-invisible\">\n\n    <div class=\"uk-panel-teaser\">\n\n        <figure class=\"uk-overlay uk-overlay-hover \">\n\n            <img loading=\"lazy\" decoding=\"async\" src=\"\/jut-elstav\/wp-content\/uploads\/sites\/5\/2020\/01\/jut-elstav-copy-68.jpg\" class=\"uk-overlay-fade\" alt=\"A2, Stryk\u00f3w - Konotopa (PL)\" width=\"1000\" height=\"750\">\n            \n                        <div class=\"uk-overlay-panel uk-overlay-background uk-overlay-fade\"><\/div>\n            \n                            <div class=\"uk-overlay-panel uk-overlay-icon uk-overlay-fade\"><\/div>\n            \n                                                                        <a class=\"uk-position-cover\" href=\"#wk-36a1\" data-index=\"0\" data-uk-modal title=\"1-5\/2012 mostn\u00e9 objekty autostrada A2 Strykow &#8211; Konotopa \"><\/a>\n                                                \n        <\/figure>\n\n    <\/div>\n\n    \n                <h3 class=\"uk-h5 uk-margin-bottom-remove\">A2, Stryk\u00f3w - Konotopa (PL)<\/h3>\n        \n        \n    \n<\/div>\n    <\/div>\n\n        \n    <div>\n    \n<div class=\"uk-panel uk-invisible\">\n\n    <div class=\"uk-panel-teaser\">\n\n        <figure class=\"uk-overlay uk-overlay-hover \">\n\n            <img loading=\"lazy\" decoding=\"async\" src=\"\/jut-elstav\/wp-content\/uploads\/sites\/5\/2020\/01\/jut-elstav-copy-21.jpg\" class=\"uk-overlay-fade\" alt=\"\u010cOV Praha, Praha (CZ)\" width=\"1000\" height=\"750\">\n            \n                        <div class=\"uk-overlay-panel uk-overlay-background uk-overlay-fade\"><\/div>\n            \n                            <div class=\"uk-overlay-panel uk-overlay-icon uk-overlay-fade\"><\/div>\n            \n                                                                        <a class=\"uk-position-cover\" href=\"#wk-36a1\" data-index=\"1\" data-uk-modal title=\"1-10\/2017 \u010disti\u010dka odpadov\u00fdch vod Praha, Spol. \u00da\u010cOV \u017dB- SO 04\/ SDR \u00da\u010cOv \"><\/a>\n                                                \n        <\/figure>\n\n    <\/div>\n\n    \n                <h3 class=\"uk-h5 uk-margin-bottom-remove\">\u010cOV Praha, Praha (CZ)<\/h3>\n        \n        \n    \n<\/div>\n    <\/div>\n\n    \n<\/div>\n\n<div id=\"wk-36a1\" class=\"uk-modal\">\n    <div class=\"uk-modal-dialog uk-modal-dialog-blank\">\n\n        <button class=\"uk-modal-close uk-close\" type=\"button\"><\/button>\n\n        <div class=\"uk-grid\" data-uk-grid-margin>\n            <div class=\"uk-width-large-1-2 uk-text-center\">\n\n                <div class=\"uk-slidenav-position\" data-uk-slideshow data-uk-check-display>\n                    <ul class=\"uk-slideshow uk-slideshow-fullscreen\">\n                        \n                            <li>\n                                <img decoding=\"async\" src=\"\/jut-elstav\/wp-content\/plugins\/widgetkit\/cache\/jut-elstav-copy-68-f8857f02fbb376c3fe7438c3d5ba18d6.jpg\" alt=\"A2, Stryk\u00f3w - Konotopa (PL)\">                            <\/li>\n\n                        \n                            <li>\n                                <img decoding=\"async\" src=\"\/jut-elstav\/wp-content\/plugins\/widgetkit\/cache\/jut-elstav-copy-21-7fdcbf910513941a6354ea61029220b5.jpg\" alt=\"\u010cOV Praha, Praha (CZ)\">                            <\/li>\n\n                                            <\/ul>\n\n                    <a href=\"#\" class=\"uk-slidenav uk-slidenav-contrast uk-slidenav-previous uk-hidden-touch\" data-uk-slideshow-item=\"previous\"><\/a>\n                    <a href=\"#\" class=\"uk-slidenav uk-slidenav-contrast uk-slidenav-next uk-hidden-touch\" data-uk-slideshow-item=\"next\"><\/a>\n\n                <\/div>\n            <\/div>\n            <div class=\"uk-width-large-1-2 test-class uk-flex uk-flex-middle uk-flex-center\">\n\n                <div class=\"uk-panel-body uk-width-1-1 \" data-uk-slideshow data-uk-check-display>\n                    <ul class=\"uk-slideshow\">\n                                                <li>\n\n                                                        <h3 class=\"uk-h2\">A2, Stryk\u00f3w - Konotopa (PL)<\/h3>\n                            \n                                                        <div class=\"uk-margin-top \">1-5\/2012 mostn\u00e9 objekty autostrada A2 Strykow &#8211; Konotopa <\/div>\n                            \n                            \n                        <\/li>\n                                            <li>\n\n                                                        <h3 class=\"uk-h2\">\u010cOV Praha, Praha (CZ)<\/h3>\n                            \n                                                        <div class=\"uk-margin-top \">1-10\/2017 \u010disti\u010dka odpadov\u00fdch vod Praha, Spol. \u00da\u010cOV \u017dB- SO 04\/ SDR \u00da\u010cOv <\/div>\n                            \n                            \n                        <\/li>\n                                        <\/ul>\n\n                    <div class=\"uk-margin-top\">\n                        <ul class=\"uk-thumbnav uk-margin-bottom-remove\">\n                                                    <li data-uk-slideshow-item=\"0\"><a href=\"#\"><img loading=\"lazy\" decoding=\"async\" src=\"\/jut-elstav\/wp-content\/plugins\/widgetkit\/cache\/jut-elstav-copy-68-d097491da7cb77dfc26e32d3d9abcc17.jpg\" alt=\"A2, Stryk\u00f3w - Konotopa (PL)\" width=\"160\" height=\"120\"><\/a><\/li>\n                                                    <li data-uk-slideshow-item=\"1\"><a href=\"#\"><img loading=\"lazy\" decoding=\"async\" src=\"\/jut-elstav\/wp-content\/plugins\/widgetkit\/cache\/jut-elstav-copy-21-6f37b1a2cef3cf8206b589deab227d33.jpg\" alt=\"\u010cOV Praha, Praha (CZ)\" width=\"160\" height=\"120\"><\/a><\/li>\n                                                <\/ul>\n                    <\/div>\n                <\/div>\n\n            <\/div>\n        <\/div>\n\n    <\/div>\n<\/div>\n\n<script>\n    (function($){\n\n        var modal      = $('#wk-36a1'),\n            container  = modal.prev(),\n            slideshows = modal.find('[data-uk-slideshow]'),\n            slideshow;\n\n        container.on('click', '[href^=\"#wk-\"][data-uk-modal]', function(e) {\n            slideshows.each(function(){\n\n                slideshow = $(this).data('slideshow');\n                slideshow.show(parseInt(e.target.getAttribute('data-index'), 10));\n            });\n        });\n\n        modal.on('beforeshow.uk.slideshow', function(e, next) {\n            slideshows.not(next.closest('[data-uk-slideshow]')[0]).data('slideshow').show(next.index());\n        });\n\n    })(jQuery);\n<\/script>\n\n<script>\n(function($){\n\n    \/\/ get the images of the gallery and replace it by a canvas of the same size to fix the problem with overlapping images on load.\n    $('img[width][height]:not(.uk-overlay-panel)', $('#wk-grid6a1')).each(function() {\n\n        var $img = $(this);\n\n        if (this.width == 'auto' || this.height == 'auto' || !$img.is(':visible')) {\n            return;\n        }\n\n        var $canvas = $('<canvas class=\"uk-responsive-width\"><\/canvas>').attr({width:$img.attr('width'), height:$img.attr('height')}),\n            img = new Image,\n            release = function() {\n                $canvas.remove();\n                $img.css('display', '');\n                release = function(){};\n            };\n\n        $img.css('display', 'none').after($canvas);\n\n        $(img).on('load', function(){ release(); });\n        setTimeout(function(){ release(); }, 1000);\n\n        img.src = this.src;\n\n    });\n\n})(jQuery);\n<\/script>\n\r\n<\/div>\r\n<\/div>\r\n<p>&nbsp;<\/p>\r\n<p>&nbsp;<\/p>","protected":false},"excerpt":{"rendered":"<p>SMP CZ Orientuje sa vo v\u00fdstavb\u00e1ch a rekon\u0161trukci\u00e1ch \u017eelezobet\u00f3nov\u00fdch mostov, oce\u013eov\u00fdch a dreven\u00fdch l\u00e1vok. V\u00fdnimo\u010dn\u00fa \u0161pecializ\u00e1ciou je v\u00fdstavba mostov z prie\u010dnych prefabrik\u00e1tov, mostov vykon\u00e1van\u00fdch letmou beton\u00e1\u017eou, zavesen\u00fdch a visut\u00fdch mostov. www.smp.cz Pozrite si referen\u010dn\u00e9 projekty realizovan\u00e9 na\u0161ou spolo\u010dnos\u0165ou &nbsp; &nbsp;<\/p>\n","protected":false},"author":1,"featured_media":0,"parent":14,"menu_order":0,"comment_status":"closed","ping_status":"closed","template":"","meta":{"inline_featured_image":false,"mrp_rating_form_position":"","mrp_rating_results_position":"","mrp_structured_data_type":"","mrp_allow_anonymous":"","mrp_rating_form_id":"","footnotes":""},"multi-rating-pro":{"mrp_rating_result_1":[],"rating_form":1},"_links":{"self":[{"href":"https:\/\/jut.sk\/jut-elstav\/wp-json\/wp\/v2\/pages\/2888"}],"collection":[{"href":"https:\/\/jut.sk\/jut-elstav\/wp-json\/wp\/v2\/pages"}],"about":[{"href":"https:\/\/jut.sk\/jut-elstav\/wp-json\/wp\/v2\/types\/page"}],"author":[{"embeddable":true,"href":"https:\/\/jut.sk\/jut-elstav\/wp-json\/wp\/v2\/users\/1"}],"replies":[{"embeddable":true,"href":"https:\/\/jut.sk\/jut-elstav\/wp-json\/wp\/v2\/comments?post=2888"}],"version-history":[{"count":1,"href":"https:\/\/jut.sk\/jut-elstav\/wp-json\/wp\/v2\/pages\/2888\/revisions"}],"predecessor-version":[{"id":2889,"href":"https:\/\/jut.sk\/jut-elstav\/wp-json\/wp\/v2\/pages\/2888\/revisions\/2889"}],"up":[{"embeddable":true,"href":"https:\/\/jut.sk\/jut-elstav\/wp-json\/wp\/v2\/pages\/14"}],"wp:attachment":[{"href":"https:\/\/jut.sk\/jut-elstav\/wp-json\/wp\/v2\/media?parent=2888"}],"curies":[{"name":"wp","href":"https:\/\/api.w.org\/{rel}","templated":true}]}}