{"id":2814,"date":"2020-01-10T13:39:29","date_gmt":"2020-01-10T12:39:29","guid":{"rendered":"http:\/\/jut.sk\/jut-elstav\/?page_id=2814"},"modified":"2020-01-15T17:20:42","modified_gmt":"2020-01-15T16:20:42","slug":"bogl-a-krysl-polska","status":"publish","type":"page","link":"https:\/\/jut.sk\/jut-elstav\/referencie\/bogl-a-krysl-polska\/","title":{"rendered":"B\u00f6gl a Krysl Polska"},"content":{"rendered":"<div class=\"uk-grid uk-grid-large\">\r\n<div class=\"uk-width-large-2-10 jut-elstav-klient-logo\"><img loading=\"lazy\" decoding=\"async\" class=\"alignnone size-full wp-image-2700\" src=\"https:\/\/jut.sk\/jut-elstav\/wp-content\/uploads\/sites\/5\/2020\/01\/max-boegl.jpg\" alt=\"\" width=\"400\" height=\"400\" srcset=\"https:\/\/jut.sk\/jut-elstav\/wp-content\/uploads\/sites\/5\/2020\/01\/max-boegl.jpg 400w, https:\/\/jut.sk\/jut-elstav\/wp-content\/uploads\/sites\/5\/2020\/01\/max-boegl-300x300.jpg 300w, https:\/\/jut.sk\/jut-elstav\/wp-content\/uploads\/sites\/5\/2020\/01\/max-boegl-150x150.jpg 150w, https:\/\/jut.sk\/jut-elstav\/wp-content\/uploads\/sites\/5\/2020\/01\/max-boegl-100x100.jpg 100w\" sizes=\"(max-width: 400px) 100vw, 400px\" \/><\/div>\r\n<div class=\"uk-width-large-8-10 uk-margin jut-elstav-klient-content\">\r\n<h1 class=\"h2-red-left-line\">B\u00f6gl a Krysl<\/h1>\r\n<p class=\"uk-text-justify\">B\u00f6gl a Krysl je dynamicky sa rozv\u00edjaj\u00faca nadn\u00e1rodn\u00e1 stavebn\u00e1 spolo\u010dnos\u0165 so zameran\u00edm predov\u0161etk\u00fdm na mostn\u00e9 a cestn\u00e9 stavite\u013estvo. Dlhodobo p\u00f4sobia v oblasti v\u00fdroby prefabrik\u00e1tov, mont\u00e1\u017ee oce\u013eov\u00fdch kon\u0161trukci\u00ed a \u0165a\u017eby kame\u0148a.<\/p>\r\n<p><a class=\"uk-link jut-elstav-ref-page-link\" href=\"httpss:\/\/www.boegl-krysl.cz\/\" target=\"_blank\" rel=\"noopener noreferrer\"><br \/>\r\nWWW.BOEGL-KRYSL.CZ<img decoding=\"async\" src=\"https:\/\/jut.sk\/jut-elstav\/wp-content\/themes\/yoo_luna_wp\/styles\/jut\/images\/icon-arrow-right.svg\" alt=\"\" \/><br \/>\r\n<\/a><\/p>\r\n<h3 class=\"h3-red-left-line uk-margin-large-top\">Pozrite si referen\u010dn\u00e9 projekty realizovan\u00e9 na\u0161ou spolo\u010dnos\u0165ou<\/h3>\r\n\r\n\r\n\n\n<div id=\"wk-grid3d2\" class=\"uk-grid-width-1-1 uk-grid-width-small-1-2 uk-grid-width-large-1-4 uk-grid uk-grid-match jutelstav-galeria\" data-uk-grid-match=\"{target:'> div > .uk-panel', row:true}\" data-uk-grid-margin  data-uk-scrollspy=\"{cls:'uk-animation-scale-up uk-invisible', target:'> div > .uk-panel', delay:300}\">\n\n    \n    <div>\n    \n<div class=\"uk-panel uk-invisible\">\n\n    <div class=\"uk-panel-teaser\">\n\n        <figure class=\"uk-overlay uk-overlay-hover \">\n\n            <img loading=\"lazy\" decoding=\"async\" src=\"\/jut-elstav\/wp-content\/uploads\/sites\/5\/2020\/01\/jut-elstav-copy-73.jpg\" class=\"uk-overlay-fade\" alt=\"Budowa Drogi Gl\u00f3wnej Poludniovej\" width=\"1000\" height=\"750\">\n            \n                        <div class=\"uk-overlay-panel uk-overlay-background uk-overlay-fade\"><\/div>\n            \n                            <div class=\"uk-overlay-panel uk-overlay-icon uk-overlay-fade\"><\/div>\n            \n                                                                        <a class=\"uk-position-cover\" href=\"#wk-33d2\" data-index=\"0\" data-uk-modal title=\"12\/2011-02\/2012 &#8211; Budowa Drogi Gl&oacute;wnej Poludniovej na odcinku od DW 933, ul. Pszcy\u0148ska w Jastrzebiu Zdroju do wezia Autostrady A1 w Mszanie\n\n&nbsp;\n\"><\/a>\n                                                \n        <\/figure>\n\n    <\/div>\n\n    \n                <h3 class=\"uk-h5 uk-margin-bottom-remove\">Budowa Drogi Gl\u00f3wnej Poludniovej<\/h3>\n        \n        \n    \n<\/div>\n    <\/div>\n\n        \n    <div>\n    \n<div class=\"uk-panel uk-invisible\">\n\n    <div class=\"uk-panel-teaser\">\n\n        <figure class=\"uk-overlay uk-overlay-hover \">\n\n            <img loading=\"lazy\" decoding=\"async\" src=\"\/jut-elstav\/wp-content\/uploads\/sites\/5\/2020\/01\/jut-elstav-copy-72.jpg\" class=\"uk-overlay-fade\" alt=\"A1 Toru\u0148-Stryk\u00f3w\" width=\"1000\" height=\"750\">\n            \n                        <div class=\"uk-overlay-panel uk-overlay-background uk-overlay-fade\"><\/div>\n            \n                            <div class=\"uk-overlay-panel uk-overlay-icon uk-overlay-fade\"><\/div>\n            \n                                                                        <a class=\"uk-position-cover\" href=\"#wk-33d2\" data-index=\"1\" data-uk-modal title=\"8\/2011-10\/2012 &#8211; A1 Toru\u0148-Stryk&oacute;w na odcinku wezel S&oacute;jki &#8211; wezel Kotliska\"><\/a>\n                                                \n        <\/figure>\n\n    <\/div>\n\n    \n                <h3 class=\"uk-h5 uk-margin-bottom-remove\">A1 Toru\u0148-Stryk\u00f3w<\/h3>\n        \n        \n    \n<\/div>\n    <\/div>\n\n        \n    <div>\n    \n<div class=\"uk-panel uk-invisible\">\n\n    <div class=\"uk-panel-teaser\">\n\n        <figure class=\"uk-overlay uk-overlay-hover \">\n\n            <img loading=\"lazy\" decoding=\"async\" src=\"\/jut-elstav\/wp-content\/uploads\/sites\/5\/2020\/01\/jut-elstav-copy-80.jpg\" class=\"uk-overlay-fade\" alt=\"Mostn\u00e9 objekty Autostrada A2\" width=\"1000\" height=\"750\">\n            \n                        <div class=\"uk-overlay-panel uk-overlay-background uk-overlay-fade\"><\/div>\n            \n                            <div class=\"uk-overlay-panel uk-overlay-icon uk-overlay-fade\"><\/div>\n            \n                                                                        <a class=\"uk-position-cover\" href=\"#wk-33d2\" data-index=\"2\" data-uk-modal title=\"11-12\/2011 Mostn\u00e9 objekty autostrada A2 Strykow &#8211; Konotopa \"><\/a>\n                                                \n        <\/figure>\n\n    <\/div>\n\n    \n                <h3 class=\"uk-h5 uk-margin-bottom-remove\">Mostn\u00e9 objekty Autostrada A2<\/h3>\n        \n        \n    \n<\/div>\n    <\/div>\n\n        \n    <div>\n    \n<div class=\"uk-panel uk-invisible\">\n\n    <div class=\"uk-panel-teaser\">\n\n        <figure class=\"uk-overlay uk-overlay-hover \">\n\n            <img loading=\"lazy\" decoding=\"async\" src=\"\/jut-elstav\/wp-content\/uploads\/sites\/5\/2020\/01\/jut-elstav-copy-74.jpg\" class=\"uk-overlay-fade\" alt=\"A2 Str\u00fdkow\" width=\"1000\" height=\"750\">\n            \n                        <div class=\"uk-overlay-panel uk-overlay-background uk-overlay-fade\"><\/div>\n            \n                            <div class=\"uk-overlay-panel uk-overlay-icon uk-overlay-fade\"><\/div>\n            \n                                                                        <a class=\"uk-position-cover\" href=\"#wk-33d2\" data-index=\"3\" data-uk-modal title=\"11\/2012 A2 Str&yacute;kow Konotopa na odcinku km 411+ 465,80 do km 431+ 500\"><\/a>\n                                                \n        <\/figure>\n\n    <\/div>\n\n    \n                <h3 class=\"uk-h5 uk-margin-bottom-remove\">A2 Str\u00fdkow<\/h3>\n        \n        \n    \n<\/div>\n    <\/div>\n\n    \n<\/div>\n\n<div id=\"wk-33d2\" class=\"uk-modal\">\n    <div class=\"uk-modal-dialog uk-modal-dialog-blank\">\n\n        <button class=\"uk-modal-close uk-close\" type=\"button\"><\/button>\n\n        <div class=\"uk-grid\" data-uk-grid-margin>\n            <div class=\"uk-width-large-1-2 uk-text-center\">\n\n                <div class=\"uk-slidenav-position\" data-uk-slideshow data-uk-check-display>\n                    <ul class=\"uk-slideshow uk-slideshow-fullscreen\">\n                        \n                            <li>\n                                <img decoding=\"async\" src=\"\/jut-elstav\/wp-content\/plugins\/widgetkit\/cache\/jut-elstav-copy-73-d6277a7082ad74de38a293e8683bac4e.jpg\" alt=\"Budowa Drogi Gl\u00f3wnej Poludniovej\">                            <\/li>\n\n                        \n                            <li>\n                                <img decoding=\"async\" src=\"\/jut-elstav\/wp-content\/plugins\/widgetkit\/cache\/jut-elstav-copy-72-f74f7132d29a986227eadcb68d396f4a.jpg\" alt=\"A1 Toru\u0148-Stryk\u00f3w\">                            <\/li>\n\n                        \n                            <li>\n                                <img decoding=\"async\" src=\"\/jut-elstav\/wp-content\/plugins\/widgetkit\/cache\/jut-elstav-copy-80-b6409d7ea9b64450f90b2849a2b2079a.jpg\" alt=\"Mostn\u00e9 objekty Autostrada A2\">                            <\/li>\n\n                        \n                            <li>\n                                <img decoding=\"async\" src=\"\/jut-elstav\/wp-content\/plugins\/widgetkit\/cache\/jut-elstav-copy-74-e586db06a081212cb92e5fa3a023b1fd.jpg\" alt=\"A2 Str\u00fdkow\">                            <\/li>\n\n                                            <\/ul>\n\n                    <a href=\"#\" class=\"uk-slidenav uk-slidenav-contrast uk-slidenav-previous uk-hidden-touch\" data-uk-slideshow-item=\"previous\"><\/a>\n                    <a href=\"#\" class=\"uk-slidenav uk-slidenav-contrast uk-slidenav-next uk-hidden-touch\" data-uk-slideshow-item=\"next\"><\/a>\n\n                <\/div>\n            <\/div>\n            <div class=\"uk-width-large-1-2 test-class uk-flex uk-flex-middle uk-flex-center\">\n\n                <div class=\"uk-panel-body uk-width-1-1 \" data-uk-slideshow data-uk-check-display>\n                    <ul class=\"uk-slideshow\">\n                                                <li>\n\n                                                        <h3 class=\"uk-h2\">Budowa Drogi Gl\u00f3wnej Poludniovej<\/h3>\n                            \n                                                        <div class=\"uk-margin-top \"><p>12\/2011-02\/2012 &#8211; Budowa Drogi Gl&oacute;wnej Poludniovej na odcinku od DW 933, ul. Pszcy\u0148ska w Jastrzebiu Zdroju do wezia Autostrady A1 w Mszanie<\/p>\n<div id=\"gtx-trans\" style=\"position: absolute; left: 54px; top: 32px;\">\n<div class=\"gtx-trans-icon\">&nbsp;<\/div>\n<\/div><\/div>\n                            \n                            \n                        <\/li>\n                                            <li>\n\n                                                        <h3 class=\"uk-h2\">A1 Toru\u0148-Stryk\u00f3w<\/h3>\n                            \n                                                        <div class=\"uk-margin-top \"><p>8\/2011-10\/2012 &#8211; A1 Toru\u0148-Stryk&oacute;w na odcinku wezel S&oacute;jki &#8211; wezel Kotliska<\/p><\/div>\n                            \n                            \n                        <\/li>\n                                            <li>\n\n                                                        <h3 class=\"uk-h2\">Mostn\u00e9 objekty Autostrada A2<\/h3>\n                            \n                                                        <div class=\"uk-margin-top \">11-12\/2011 Mostn\u00e9 objekty autostrada A2 Strykow &#8211; Konotopa <\/div>\n                            \n                            \n                        <\/li>\n                                            <li>\n\n                                                        <h3 class=\"uk-h2\">A2 Str\u00fdkow<\/h3>\n                            \n                                                        <div class=\"uk-margin-top \"><p>11\/2012 A2 Str&yacute;kow Konotopa na odcinku km 411+ 465,80 do km 431+ 500<\/p><\/div>\n                            \n                            \n                        <\/li>\n                                        <\/ul>\n\n                    <div class=\"uk-margin-top\">\n                        <ul class=\"uk-thumbnav uk-margin-bottom-remove\">\n                                                    <li data-uk-slideshow-item=\"0\"><a href=\"#\"><img loading=\"lazy\" decoding=\"async\" src=\"\/jut-elstav\/wp-content\/plugins\/widgetkit\/cache\/jut-elstav-copy-73-cb1922329cc71fab1a66a1e8ccbf747d.jpg\" alt=\"Budowa Drogi Gl\u00f3wnej Poludniovej\" width=\"160\" height=\"120\"><\/a><\/li>\n                                                    <li data-uk-slideshow-item=\"1\"><a href=\"#\"><img loading=\"lazy\" decoding=\"async\" src=\"\/jut-elstav\/wp-content\/plugins\/widgetkit\/cache\/jut-elstav-copy-72-978c3c93dd7cca1ed46b090b63e6a60a.jpg\" alt=\"A1 Toru\u0148-Stryk\u00f3w\" width=\"160\" height=\"120\"><\/a><\/li>\n                                                    <li data-uk-slideshow-item=\"2\"><a href=\"#\"><img loading=\"lazy\" decoding=\"async\" src=\"\/jut-elstav\/wp-content\/plugins\/widgetkit\/cache\/jut-elstav-copy-80-5fbf22711fbe40522ff196adbcc2ba9a.jpg\" alt=\"Mostn\u00e9 objekty Autostrada A2\" width=\"160\" height=\"120\"><\/a><\/li>\n                                                    <li data-uk-slideshow-item=\"3\"><a href=\"#\"><img loading=\"lazy\" decoding=\"async\" src=\"\/jut-elstav\/wp-content\/plugins\/widgetkit\/cache\/jut-elstav-copy-74-c564b7d2e80bde948560500c71f99395.jpg\" alt=\"A2 Str\u00fdkow\" width=\"160\" height=\"120\"><\/a><\/li>\n                                                <\/ul>\n                    <\/div>\n                <\/div>\n\n            <\/div>\n        <\/div>\n\n    <\/div>\n<\/div>\n\n<script>\n    (function($){\n\n        var modal      = $('#wk-33d2'),\n            container  = modal.prev(),\n            slideshows = modal.find('[data-uk-slideshow]'),\n            slideshow;\n\n        container.on('click', '[href^=\"#wk-\"][data-uk-modal]', function(e) {\n            slideshows.each(function(){\n\n                slideshow = $(this).data('slideshow');\n                slideshow.show(parseInt(e.target.getAttribute('data-index'), 10));\n            });\n        });\n\n        modal.on('beforeshow.uk.slideshow', function(e, next) {\n            slideshows.not(next.closest('[data-uk-slideshow]')[0]).data('slideshow').show(next.index());\n        });\n\n    })(jQuery);\n<\/script>\n\n<script>\n(function($){\n\n    \/\/ get the images of the gallery and replace it by a canvas of the same size to fix the problem with overlapping images on load.\n    $('img[width][height]:not(.uk-overlay-panel)', $('#wk-grid3d2')).each(function() {\n\n        var $img = $(this);\n\n        if (this.width == 'auto' || this.height == 'auto' || !$img.is(':visible')) {\n            return;\n        }\n\n        var $canvas = $('<canvas class=\"uk-responsive-width\"><\/canvas>').attr({width:$img.attr('width'), height:$img.attr('height')}),\n            img = new Image,\n            release = function() {\n                $canvas.remove();\n                $img.css('display', '');\n                release = function(){};\n            };\n\n        $img.css('display', 'none').after($canvas);\n\n        $(img).on('load', function(){ release(); });\n        setTimeout(function(){ release(); }, 1000);\n\n        img.src = this.src;\n\n    });\n\n})(jQuery);\n<\/script>\n\r\n\r\n\r\n\r\n<\/div>\r\n<\/div>\r\n<div>\u00a0<\/div>\r\n<div>\u00a0<\/div>","protected":false},"excerpt":{"rendered":"<p>B\u00f6gl a Krysl B\u00f6gl a Krysl je dynamicky sa rozv\u00edjaj\u00faca nadn\u00e1rodn\u00e1 stavebn\u00e1 spolo\u010dnos\u0165 so zameran\u00edm predov\u0161etk\u00fdm na mostn\u00e9 a cestn\u00e9 stavite\u013estvo. Dlhodobo p\u00f4sobia v oblasti v\u00fdroby prefabrik\u00e1tov, mont\u00e1\u017ee oce\u013eov\u00fdch kon\u0161trukci\u00ed a \u0165a\u017eby kame\u0148a. WWW.BOEGL-KRYSL.CZ Pozrite si referen\u010dn\u00e9 projekty realizovan\u00e9 na\u0161ou spolo\u010dnos\u0165ou \u00a0 \u00a0<\/p>\n","protected":false},"author":1,"featured_media":0,"parent":14,"menu_order":0,"comment_status":"closed","ping_status":"closed","template":"","meta":{"inline_featured_image":false,"mrp_rating_form_position":"","mrp_rating_results_position":"","mrp_structured_data_type":"","mrp_allow_anonymous":"","mrp_rating_form_id":"","footnotes":""},"multi-rating-pro":{"mrp_rating_result_1":[],"rating_form":1},"_links":{"self":[{"href":"https:\/\/jut.sk\/jut-elstav\/wp-json\/wp\/v2\/pages\/2814"}],"collection":[{"href":"https:\/\/jut.sk\/jut-elstav\/wp-json\/wp\/v2\/pages"}],"about":[{"href":"https:\/\/jut.sk\/jut-elstav\/wp-json\/wp\/v2\/types\/page"}],"author":[{"embeddable":true,"href":"https:\/\/jut.sk\/jut-elstav\/wp-json\/wp\/v2\/users\/1"}],"replies":[{"embeddable":true,"href":"https:\/\/jut.sk\/jut-elstav\/wp-json\/wp\/v2\/comments?post=2814"}],"version-history":[{"count":16,"href":"https:\/\/jut.sk\/jut-elstav\/wp-json\/wp\/v2\/pages\/2814\/revisions"}],"predecessor-version":[{"id":2839,"href":"https:\/\/jut.sk\/jut-elstav\/wp-json\/wp\/v2\/pages\/2814\/revisions\/2839"}],"up":[{"embeddable":true,"href":"https:\/\/jut.sk\/jut-elstav\/wp-json\/wp\/v2\/pages\/14"}],"wp:attachment":[{"href":"https:\/\/jut.sk\/jut-elstav\/wp-json\/wp\/v2\/media?parent=2814"}],"curies":[{"name":"wp","href":"https:\/\/api.w.org\/{rel}","templated":true}]}}