{"id":3587,"date":"2025-11-03T12:37:31","date_gmt":"2025-11-03T11:37:31","guid":{"rendered":"https:\/\/jut.sk\/jut-el\/?page_id=3587"},"modified":"2025-11-03T14:01:53","modified_gmt":"2025-11-03T13:01:53","slug":"uctovnictvo","status":"publish","type":"page","link":"https:\/\/jut.sk\/jut-el\/","title":{"rendered":"\u00da\u010dtovn\u00edctvo"},"content":{"rendered":"<div class=\"uk-grid uk-margin-large uk-grid-large tm-margin-xlarge\">\r\n<div class=\"uk-width-large-1-2 uk-width-medium-1-1 tm-padding-large\">\r\n<h2 class=\"h2-red-left-line\">\u00da\u010dtovn\u00e9, mzdov\u00e9 a administrat\u00edvne slu\u017eby<\/h2>\r\n<p>Sme modern\u00e1 stabiln\u00e1 spolo\u010dnos\u0165, ktor\u00e1 V\u00e1m pon\u00faka <strong>komplexn\u00e9 spracovanie \u00fa\u010dtovnej a mzdovej agendy<\/strong> pre mal\u00e9 a stredn\u00e9 firmy.<\/p>\r\n<p>V\u00e1\u017eime si ka\u017ed\u00e9ho klienta, preto kladieme d\u00f4raz na <strong>osobn\u00fd pr\u00edstup<\/strong> a komunik\u00e1ciu.<\/p>\r\n<p>Na z\u00e1klade anal\u00fdzy \u00fa\u010dtovn\u00fdch dokumentov V\u00e1m priprav\u00edme cenov\u00fa ponuku u\u0161it\u00fa na mieru priamo pre V\u00e1s.<\/p>\r\n<p>V pr\u00edpade z\u00e1ujmu n\u00e1s nev\u00e1hajte kontaktova\u0165.<\/p>\r\n<\/div>\r\n<div class=\"uk-width-large-1-2 uk-width-medium-1-1 tm-padding-large\">\r\n<div class=\"uk-grid jut-windows\">\r\n<div class=\"uk-width-large-1-1 uk-grid-margin\"><img decoding=\"async\" src=\"https:\/\/jut.sk\/jut-el\/wp-content\/uploads\/sites\/2\/2025\/11\/ucto.jpg\" \/><\/div>\r\n<\/div>\r\n<\/div>\r\n<\/div>\r\n<div class=\"uk-width-large-2-3 uk-width-medium-1-1 uk-width-small-1-1 uk-grid-margin uk-container-center jut-quotes-grid\">\r\n<p class=\"p-jut-quotes\">Priprav\u00edme V\u00e1m cenov\u00fa ponuku<br \/>\r\nu\u0161it\u00fa na mieru priamo pre V\u00e1s<\/p>\r\n<\/div>\r\n<div id=\"jut-mapa-kde-posobime\" class=\"uk-grid uk-margin-large uk-grid-large tm-margin-xlarge\">\r\n<div class=\"uk-width-large-6-10 uk-width-medium-1-1 tm-padding-large\"><img decoding=\"async\" class=\"\" src=\"https:\/\/jut.sk\/jut-el\/wp-content\/uploads\/sites\/2\/2025\/11\/phone-call.jpg\" \/><\/div>\r\n<div class=\"uk-width-large-4-10 uk-width-medium-1-1 tm-padding-large tm-margin-xlarge\">\r\n<h2 class=\"h2-red-left-line\">Kontakt<\/h2>\r\n<div class=\"jut-kontakty-item\">\r\n<p class=\"jut-kontakty-name\">Bri\u0161\u00e1kov\u00e1 Zuzana<\/p>\r\n<p class=\"jut-kontakty-position\">\u00a0<\/p>\r\n<p><span class=\"jut-kontakty-link jut-kontakty-tel\"><a href=\"tel:+421948790480\">+421 948 790 480<\/a><\/span> <span class=\"jut-kontakty-link jut-kontakty-e-mail\"><a href=\"mailto:zuzana.brisakova@jut.sk\">zuzana.brisakova@jut.sk<\/a><\/span><\/p>\r\n<\/div>\r\n<\/div>\r\n<\/div>","protected":false},"excerpt":{"rendered":"<p>\u00da\u010dtovn\u00e9, mzdov\u00e9 a administrat\u00edvne slu\u017eby Sme modern\u00e1 stabiln\u00e1 spolo\u010dnos\u0165, ktor\u00e1 V\u00e1m pon\u00faka komplexn\u00e9 spracovanie \u00fa\u010dtovnej a mzdovej agendy pre mal\u00e9 a stredn\u00e9 firmy. V\u00e1\u017eime si ka\u017ed\u00e9ho klienta, preto kladieme d\u00f4raz na osobn\u00fd pr\u00edstup a komunik\u00e1ciu. Na z\u00e1klade anal\u00fdzy \u00fa\u010dtovn\u00fdch dokumentov V\u00e1m priprav\u00edme cenov\u00fa ponuku u\u0161it\u00fa na mieru priamo pre V\u00e1s. V pr\u00edpade z\u00e1ujmu n\u00e1s nev\u00e1hajte [&hellip;]<\/p>\n","protected":false},"author":1,"featured_media":0,"parent":0,"menu_order":0,"comment_status":"closed","ping_status":"closed","template":"","meta":{"inline_featured_image":false,"mrp_rating_form_position":"","mrp_rating_results_position":"","mrp_structured_data_type":"","mrp_allow_anonymous":"","mrp_rating_form_id":"","footnotes":""},"multi-rating-pro":{"mrp_rating_result_1":[],"rating_form":1},"_links":{"self":[{"href":"https:\/\/jut.sk\/jut-el\/wp-json\/wp\/v2\/pages\/3587"}],"collection":[{"href":"https:\/\/jut.sk\/jut-el\/wp-json\/wp\/v2\/pages"}],"about":[{"href":"https:\/\/jut.sk\/jut-el\/wp-json\/wp\/v2\/types\/page"}],"author":[{"embeddable":true,"href":"https:\/\/jut.sk\/jut-el\/wp-json\/wp\/v2\/users\/1"}],"replies":[{"embeddable":true,"href":"https:\/\/jut.sk\/jut-el\/wp-json\/wp\/v2\/comments?post=3587"}],"version-history":[{"count":18,"href":"https:\/\/jut.sk\/jut-el\/wp-json\/wp\/v2\/pages\/3587\/revisions"}],"predecessor-version":[{"id":3614,"href":"https:\/\/jut.sk\/jut-el\/wp-json\/wp\/v2\/pages\/3587\/revisions\/3614"}],"wp:attachment":[{"href":"https:\/\/jut.sk\/jut-el\/wp-json\/wp\/v2\/media?parent=3587"}],"curies":[{"name":"wp","href":"https:\/\/api.w.org\/{rel}","templated":true}]}}