{"id":6,"date":"2019-10-17T10:43:27","date_gmt":"2019-10-17T08:43:27","guid":{"rendered":"http:\/\/jut.sk\/jut-amp\/?page_id=6"},"modified":"2020-03-11T09:07:16","modified_gmt":"2020-03-11T08:07:16","slug":"uvod","status":"publish","type":"page","link":"https:\/\/jut.sk\/jut-amp\/","title":{"rendered":"\u00davod"},"content":{"rendered":"<div class=\"uk-grid uk-margin-large uk-grid-large tm-margin-xlarge\">\r\n<div class=\"uk-width-large-4-10 uk-width-medium-1-1 tm-padding-large\">\r\n<h2 class=\"h2-red-left-line\">O spolo\u010dnosti<\/h2>\r\n<p style=\"text-align: justify;\">JUT &#8211; AMP s.r.o. p\u00f4sob\u00ed na eur\u00f3pskom trhu od roku 2017 ako poskytovate\u013e\u00a0<b> mechanick\u00fdch mont\u00e1\u017enych a zv\u00e1ra\u010dsk\u00fdch pr\u00e1c<\/b>.<\/p>\r\n<p style=\"text-align: justify;\">Firma vznikla na z\u00e1klade zv\u00e4\u010d\u0161uj\u00faceho sa dopytu a roz\u0161\u00edrenia oblasti p\u00f4sobnosti vykon\u00e1van\u00fdch pr\u00e1c zo spolo\u010dnosti JUT-EL s.r.o.<\/p>\r\n<p style=\"text-align: justify;\">JUT &#8211; AMP s.r.o. sa r\u00fdchlo prisp\u00f4sobila podmienkam eur\u00f3pskeho trhu. Firma p\u00f4sob\u00ed ako v oblasti automobilov\u00e9ho, potravin\u00e1rskeho, chemick\u00e9ho priemyslu, tak i v oblasti logistiky.<\/p>\r\n<\/div>\r\n<div class=\"uk-width-large-6-10 uk-width-medium-1-1 tm-padding-large\">\r\n<div class=\"uk-grid jut-windows\">\r\n<div class=\"uk-width-large-1-3 uk-width-medium-1-3 uk-width-small-1-2 uk-grid-margin\">\r\n<div class=\"uk-panel jut-window-1\">\r\n<div class=\"jut-window-image\">\u00a0<\/div>\r\n<div class=\"jut-window-gradient\">\u00a0<\/div>\r\n<div class=\"jut-window-caption\">\r\n<h3 class=\"jut-window-title\">O Spolo\u010dnosti<\/h3>\r\n<\/div>\r\n<p>Viac inform\u00e1ci\u00ed <img decoding=\"async\" class=\"jut-sipka-window-right\" src=\"https:\/\/jut.sk\/wp-content\/uploads\/2019\/10\/arrow-right-white.svg\" \/><\/p>\r\n<a href=\"https:\/\/jut.sk\/jut-amp\/o-spolocnosti\/\">Viac inform\u00e1ci\u00ed<\/a><\/div>\r\n<\/div>\r\n<div class=\"uk-width-large-1-3 uk-width-medium-1-3 uk-width-small-1-2 uk-grid-margin\">\r\n<div class=\"uk-panel jut-window-ael-obory-posobnosti\">\r\n<div class=\"jut-window-image\">\u00a0<\/div>\r\n<div class=\"jut-window-gradient\">\u00a0<\/div>\r\n<div class=\"jut-window-caption\">\r\n<h3 class=\"jut-window-title\">Obory p\u00f4sobnosti<\/h3>\r\n<\/div>\r\n<p>Viac inform\u00e1ci\u00ed <img decoding=\"async\" class=\"jut-sipka-window-right\" src=\"https:\/\/jut.sk\/wp-content\/uploads\/2019\/10\/arrow-right-white.svg\" \/><\/p>\r\n<a href=\"https:\/\/jut.sk\/jut-amp\/obory-posobnosti\/\">Viac inform\u00e1ci\u00ed<\/a><\/div>\r\n<\/div>\r\n<div class=\"uk-width-large-1-3 uk-width-medium-1-3 uk-width-small-1-1 uk-grid-margin\">\r\n<div class=\"uk-panel jut-window-12-amp\">\r\n<div class=\"jut-window-image\">\u00a0<\/div>\r\n<div class=\"jut-window-gradient\">\u00a0<\/div>\r\n<div class=\"jut-window-caption\">\r\n<h3 class=\"jut-window-title\">Kari\u00e9ra<\/h3>\r\n<\/div>\r\n<p>Viac inform\u00e1ci\u00ed <img decoding=\"async\" class=\"jut-sipka-window-right\" src=\"https:\/\/jut.sk\/wp-content\/uploads\/2019\/10\/arrow-right-white.svg\" \/><\/p>\r\n<a href=\"https:\/\/jut.sk\/jut-amp\/kariera\/\">Viac inform\u00e1ci\u00ed<\/a><\/div>\r\n<\/div>\r\n<\/div>\r\n<\/div>\r\n<\/div>\r\n<div class=\"uk-width-large-2-3 uk-width-medium-1-1 uk-width-small-1-1 uk-grid-margin uk-container-center jut-quotes-grid\">\r\n<p class=\"p-jut-quotes\">Patr\u00edme k stabiln\u00fdm partnerom v oblasti mechanick\u00fdch, z\u00e1mo\u010dn\u00edckych, zv\u00e1ra\u010d\u0161kych a mont\u00e1\u017enych pr\u00e1c na eur\u00f3pskom trhu.<\/p>\r\n<\/div>\r\n<div id=\"jut-mapa-kde-posobime\" class=\"uk-grid uk-margin-large uk-grid-large tm-margin-xlarge\">\r\n<div class=\"uk-width-large-6-10 uk-width-medium-1-1 tm-padding-large\"><div id=\"chartdiv\"><\/div><\/div>\r\n<div class=\"uk-width-large-4-10 uk-width-medium-1-1 tm-padding-large\">\r\n<h2 class=\"h2-red-left-line\">Kde p\u00f4sob\u00edme<\/h2>\r\n<p style=\"text-align: justify;\">Sme hrd\u00fdm a spo\u013eahliv\u00fdm dod\u00e1vate\u013eom investorov a na\u0161ich partnerov na Eur\u00f3pskom trhu.<\/p>\r\n<p style=\"text-align: justify;\">V\u00fdsledky na\u0161ich pr\u00e1c u\u017e m\u00f4\u017eete vidie\u0165 skrz viac ako <b><span class=\"count1\">100<\/span> realizovan\u00fdch projektov po celej Eur\u00f3pe.<\/b><\/p>\r\n<p style=\"text-align: justify;\">Zabezpe\u010dujeme a prin\u00e1\u0161ame komplexn\u00e9 rie\u0161enia mont\u00e1\u017enych mechanick\u00fdch a zv\u00e1ra\u010dsk\u00fdch pr\u00e1c v automobilovom, potravin\u00e1rskom a chemickom priemysle.<\/p>\r\n<div class=\"jut-cta-button\"><a class=\"uk-button uk-button-primary\" href=\"https:\/\/jut.sk\/jut-amp\/kontakt\/\">Prejs\u0165 na kontakty<\/a><\/div>\r\n<\/div>\r\n<\/div>","protected":false},"excerpt":{"rendered":"<p>O spolo\u010dnosti JUT &#8211; AMP s.r.o. p\u00f4sob\u00ed na eur\u00f3pskom trhu od roku 2017 ako poskytovate\u013e\u00a0 mechanick\u00fdch mont\u00e1\u017enych a zv\u00e1ra\u010dsk\u00fdch pr\u00e1c. Firma vznikla na z\u00e1klade zv\u00e4\u010d\u0161uj\u00faceho sa dopytu a roz\u0161\u00edrenia oblasti p\u00f4sobnosti vykon\u00e1van\u00fdch pr\u00e1c zo spolo\u010dnosti JUT-EL s.r.o. JUT &#8211; AMP s.r.o. sa r\u00fdchlo prisp\u00f4sobila podmienkam eur\u00f3pskeho trhu. Firma p\u00f4sob\u00ed ako v oblasti automobilov\u00e9ho, potravin\u00e1rskeho, chemick\u00e9ho [&hellip;]<\/p>\n","protected":false},"author":1,"featured_media":0,"parent":0,"menu_order":0,"comment_status":"closed","ping_status":"closed","template":"","meta":{"inline_featured_image":false,"mrp_rating_form_position":"","mrp_rating_results_position":"","mrp_structured_data_type":"","mrp_allow_anonymous":"","mrp_rating_form_id":"","footnotes":""},"multi-rating-pro":{"mrp_rating_result_1":[],"rating_form":1},"_links":{"self":[{"href":"https:\/\/jut.sk\/jut-amp\/wp-json\/wp\/v2\/pages\/6"}],"collection":[{"href":"https:\/\/jut.sk\/jut-amp\/wp-json\/wp\/v2\/pages"}],"about":[{"href":"https:\/\/jut.sk\/jut-amp\/wp-json\/wp\/v2\/types\/page"}],"author":[{"embeddable":true,"href":"https:\/\/jut.sk\/jut-amp\/wp-json\/wp\/v2\/users\/1"}],"replies":[{"embeddable":true,"href":"https:\/\/jut.sk\/jut-amp\/wp-json\/wp\/v2\/comments?post=6"}],"version-history":[{"count":68,"href":"https:\/\/jut.sk\/jut-amp\/wp-json\/wp\/v2\/pages\/6\/revisions"}],"predecessor-version":[{"id":2902,"href":"https:\/\/jut.sk\/jut-amp\/wp-json\/wp\/v2\/pages\/6\/revisions\/2902"}],"wp:attachment":[{"href":"https:\/\/jut.sk\/jut-amp\/wp-json\/wp\/v2\/media?parent=6"}],"curies":[{"name":"wp","href":"https:\/\/api.w.org\/{rel}","templated":true}]}}