{"id":2929,"date":"2020-04-01T11:18:59","date_gmt":"2020-04-01T09:18:59","guid":{"rendered":"http:\/\/jut.sk\/jut-amp\/?page_id=2929"},"modified":"2020-04-23T10:36:03","modified_gmt":"2020-04-23T08:36:03","slug":"ethische-verhaltenkodex-jut-gesellschaft","status":"publish","type":"page","link":"https:\/\/jut.sk\/jut-amp\/de\/ueber-uns\/ethische-verhaltenkodex-jut-gesellschaft\/","title":{"rendered":"Ethische verhaltenkodex JUT gesellschaft"},"content":{"rendered":"<h1 class=\"h1-jut h-jut-vertical-line\">ETISCHE VERHALTENKODEX JUT GESELLSCHAFT<\/h1>\r\n<ol class=\"article-numbered\">\r\n\t<li>\r\n<h4>Wahrung des Rechtfriedens und Einhaltung den Vorschriften.<\/h4>\r\n<p>Die Wahrung des  Rechtfriedens und Einhaltung den Vorschriften ist f\u00fcr uns strikt nicht nur in der Slowakei, sondern in allen L\u00e4nder der Welt, wo wir arbeiten. Wir reagieren dynamisch an Novelisationen und Gesetzanpassungen, die wir nicht nur folgen, sondern einhalten.<\/p>\r\n<\/li>\r\n\t<li>\r\n<h4>Kundenzufriedenheit ist unser Hauptziel.<\/h4>\r\n<p>Wir bem\u00fchen uns um Fair \u2013 play und Korrektheit f\u00fcr unsere Kunden und auch f\u00fcr unseren Mitarbeiter. Die Kundenw\u00fcnsche sind f\u00fcr uns besonders wichtig. Wir machen alles daf\u00fcr, sodass unsere Arbeit und Leistungen besser werden. Systematische Verbesserung ist unsere Leistungskraft. Wir sch\u00fctzen alle Daten und achten auf empfindliche Informationen und pers\u00f6nlichen Daten. <\/p>\r\n<\/li>\r\n\t<li>\r\n<h4>Profesionalit\u00e4t.<\/h4>\r\n<p>Wir streben nach profesioneller Handlung mit Fachakzent. Wir rechnen alle ekonomische Transaktionen und f\u00fchren ordentliche Daten \u00fcber Wirtschaftszustand. Jede Aufforderung wird individuel bearbeitet und etische Grunds\u00e4tze werden nie dabei vergessen.<\/p>\r\n<\/li>\r\n\t<li>\r\n<h4>Stabilit\u00e4t.<\/h4>\r\n<p>Wir geh\u00f6ren zu stabilsten Firmen am Markt und fu\u00dfen auf vorher gegebenen Vertragstruen. Wir sind ein starker und stabiler Partner f\u00fcr unsere Kunden und auf anderer Seite Garatie fester Gesellschaft f\u00fcr unsere Lieferanten, wobei alle Verpflichtungen geachtet sind.<\/p>\r\n<\/li>\r\n\t<li>\r\n<h4>Fair Play.<\/h4>\r\n<p>Wir bem\u00fchen uns immer allen Anforderderungen entgegenkommen, sogar mehr als im Vertrag und Verabredung steht. . Jede Aufforderung wird individuel bearbeitet und etische ungeschreibene Grunds\u00e4tze werden nie dabei vergessen. Wir sind der Partner, der das Wort h\u00e4lt!<\/p>\r\n<\/li>\r\n\t<li>\r\n<h4>Alle Rechte und Pflichten unseren Mitarbeiter sind immer respektiert.<\/h4>\r\n<p>Wir k\u00f6nnen gleiche Bedingungen und Anl\u00e4sse f\u00fcr jeden garantieren. Was f\u00fcr etnische oder Landeszugeh\u00f6rigkeit, Hautfarbe, Geschlecht oder Konfession geht, wir verhalten alle innig und r\u00fccksichtig. Wir vergessen nicht vor allem auf schwerstbehinderte, kranke und \u00e4ltere Leute. Diskrimination auf keinen Fall! <\/p>\r\n<\/li>\r\n\t<li>\r\n<h4>M\u00f6glichkeit der pers\u00f6nlichen Interessenkollision mit Interessen Gruppe JUP ist gesperrter Wert.<\/h4>\r\n<p>Die Arbeitsentscheidungen werden nie von individuellen, famili\u00e4ren und freundlichen Interessen und Inklination beeinflu\u00dft. Geistiges Eigentum, Gesch\u00e4ftsgeheimnisse und Aktiva werden gr\u00fcndlich gesch\u00fctzt und bewahrt.<\/p>\r\n<\/li>\r\n\t<li>\r\n<h4>Wir fassen auf Gesellschaftsverantwortung. <\/h4>\r\n<p>Wir bem\u00fchen uns um Minimalisation von nachteiligem Auswirkung unserer Unternehmenst\u00e4tigkeit an Umwelt und ber\u00fchrte Communities. Verm\u00e4chtniss letzten Generationen wird mit Hochachtung wahrgenommen. Zusammen bem\u00fchen uns um Neubildung Verm\u00e4chtnisses f\u00fcr n\u00e4chste Generationen.<\/p>\r\n<\/li>\r\n\t<li>\r\n<h4>Wir beharren auf Befolgung etischen Kodex.<\/h4>\r\n<p>Jeder Mitglied der Gruppe JUT wurde mit etischem Kodex Gruppe JUT bekanntgemacht und es gibt Plficht ihn fest befolgen. Bei irgendwelchem Fehlerhinweis diesen Kodex werden gegen diese Personen oder Subjekten sofort die Schritte zur Verbesserung ach dem Brichkriterium gemacht. Hiermit bitten wir unsere Mitarbeiter, dass jeder Fehlerhinweis seinem Vorgesetztem klargemacht wird. Nur so kann unsere Gesellschaft vorw\u00e4hrts gehen. Vergisst ihr nicht, dass wir alle zusammen in einem Boot sitzen!<\/p>\r\n<\/li>\r\n<\/ol>\r\n<\/br><\/br><\/br><\/br>","protected":false},"excerpt":{"rendered":"<p>ETISCHE VERHALTENKODEX JUT GESELLSCHAFT Wahrung des Rechtfriedens und Einhaltung den Vorschriften. Die Wahrung des Rechtfriedens und Einhaltung den Vorschriften ist f\u00fcr uns strikt nicht nur in der Slowakei, sondern in allen L\u00e4nder der Welt, wo wir arbeiten. Wir reagieren dynamisch an Novelisationen und Gesetzanpassungen, die wir nicht nur folgen, sondern einhalten. Kundenzufriedenheit ist unser Hauptziel. [&hellip;]<\/p>\n","protected":false},"author":1,"featured_media":0,"parent":2933,"menu_order":0,"comment_status":"closed","ping_status":"closed","template":"","meta":{"inline_featured_image":false,"mrp_rating_form_position":"","mrp_rating_results_position":"","mrp_structured_data_type":"","mrp_allow_anonymous":"","mrp_rating_form_id":"","footnotes":""},"multi-rating-pro":{"mrp_rating_result_1":[],"rating_form":1},"_links":{"self":[{"href":"https:\/\/jut.sk\/jut-amp\/wp-json\/wp\/v2\/pages\/2929"}],"collection":[{"href":"https:\/\/jut.sk\/jut-amp\/wp-json\/wp\/v2\/pages"}],"about":[{"href":"https:\/\/jut.sk\/jut-amp\/wp-json\/wp\/v2\/types\/page"}],"author":[{"embeddable":true,"href":"https:\/\/jut.sk\/jut-amp\/wp-json\/wp\/v2\/users\/1"}],"replies":[{"embeddable":true,"href":"https:\/\/jut.sk\/jut-amp\/wp-json\/wp\/v2\/comments?post=2929"}],"version-history":[{"count":2,"href":"https:\/\/jut.sk\/jut-amp\/wp-json\/wp\/v2\/pages\/2929\/revisions"}],"predecessor-version":[{"id":2991,"href":"https:\/\/jut.sk\/jut-amp\/wp-json\/wp\/v2\/pages\/2929\/revisions\/2991"}],"up":[{"embeddable":true,"href":"https:\/\/jut.sk\/jut-amp\/wp-json\/wp\/v2\/pages\/2933"}],"wp:attachment":[{"href":"https:\/\/jut.sk\/jut-amp\/wp-json\/wp\/v2\/media?parent=2929"}],"curies":[{"name":"wp","href":"https:\/\/api.w.org\/{rel}","templated":true}]}}