{"id":2910,"date":"2020-04-01T11:13:02","date_gmt":"2020-04-01T09:13:02","guid":{"rendered":"http:\/\/jut.sk\/jut-amp\/?page_id=2910"},"modified":"2020-04-24T10:37:24","modified_gmt":"2020-04-24T08:37:24","slug":"entritt","status":"publish","type":"page","link":"https:\/\/jut.sk\/jut-amp\/de\/entritt\/","title":{"rendered":"Entritt"},"content":{"rendered":"<div class=\"uk-grid uk-margin-large uk-grid-large tm-margin-xlarge\">\r\n<div class=\"uk-width-large-4-10 uk-width-medium-1-1 tm-padding-large\">\r\n<h2 class=\"h2-red-left-line\">\u00dcBER UNS<\/h2>\r\n<p style=\"text-align: justify;\">JUT-AMP GmbH wirkt auf dem europ\u00e4ischem Markt seit 2017 als \u00dcberlasser von <b>mechanischen Montage- und Swei\u00dfent\u00e4tigkeiten.<\/b><\/p>\r\n<p style=\"text-align: justify;\">Firme wurde auf dem Grund steigenden Bedarf und Bereichsverbreiterung aus Gesellschaft JUT-AEL GmbH gegr\u00fcndet.<\/p>\r\n<p style=\"text-align: justify;\">JUT-AMP GmbH hat sich schnell den Bediengungen Europ\u00e4ischen Markt adaptiert. Firme wirkt in Auto-, Nahrungs-, Chemieindustrie und Logistik.<\/p>\r\n<\/div>\r\n<div class=\"uk-width-large-6-10 uk-width-medium-1-1 tm-padding-large\">\r\n<div class=\"uk-grid jut-windows\">\r\n<div class=\"uk-width-large-1-3 uk-width-medium-1-3 uk-width-small-1-2 uk-grid-margin\">\r\n<div class=\"uk-panel jut-window-1\">\r\n<div class=\"jut-window-image\">\u00a0<\/div>\r\n<div class=\"jut-window-gradient\">\u00a0<\/div>\r\n<div class=\"jut-window-caption\">\r\n<h3 class=\"jut-window-title\">\u00dcber uns<\/h3>\r\n<\/div>\r\n<p>MEHR INFO<img decoding=\"async\" class=\"jut-sipka-window-right\" src=\"https:\/\/jut.sk\/wp-content\/uploads\/2019\/10\/arrow-right-white.svg\" \/><\/p>\r\n<a href=\"https:\/\/jut.sk\/jut-amp\/o-spolocnosti\/\">MEHR INFO<\/a><\/div>\r\n<\/div>\r\n<div class=\"uk-width-large-1-3 uk-width-medium-1-3 uk-width-small-1-2 uk-grid-margin\">\r\n<div class=\"uk-panel jut-window-ael-obory-posobnosti\">\r\n<div class=\"jut-window-image\">\u00a0<\/div>\r\n<div class=\"jut-window-gradient\">\u00a0<\/div>\r\n<div class=\"jut-window-caption\">\r\n<h3 class=\"jut-window-title\">Bet\u00e4tigungs Gebiete<\/h3>\r\n<\/div>\r\n<p>MEHR INFO<img decoding=\"async\" class=\"jut-sipka-window-right\" src=\"https:\/\/jut.sk\/wp-content\/uploads\/2019\/10\/arrow-right-white.svg\" \/><\/p>\r\n<a href=\"https:\/\/jut.sk\/jut-amp\/obory-posobnosti\/\">MEHR INFO<\/a><\/div>\r\n<\/div>\r\n<div class=\"uk-width-large-1-3 uk-width-medium-1-3 uk-width-small-1-1 uk-grid-margin\">\r\n<div class=\"uk-panel jut-window-12-amp\">\r\n<div class=\"jut-window-image\">\u00a0<\/div>\r\n<div class=\"jut-window-gradient\">\u00a0<\/div>\r\n<div class=\"jut-window-caption\">\r\n<h3 class=\"jut-window-title\">Karriere<\/h3>\r\n<\/div>\r\n<p>MEHR INFO<img decoding=\"async\" class=\"jut-sipka-window-right\" src=\"https:\/\/jut.sk\/wp-content\/uploads\/2019\/10\/arrow-right-white.svg\" \/><\/p>\r\n<a href=\"https:\/\/jut.sk\/jut-amp\/kariera\/\">MEHR INFO<\/a><\/div>\r\n<\/div>\r\n<\/div>\r\n<\/div>\r\n<\/div>\r\n<div class=\"uk-width-large-2-3 uk-width-medium-1-1 uk-width-small-1-1 uk-grid-margin uk-container-center jut-quotes-grid\">\r\n<p class=\"p-jut-quotes\">Wir geh\u00f6ren zu stabilen Partners in mechanischem Bereich, Schlosser- und Montaget\u00e4tigkeiten auf dem europ\u00e4ischem Markt.<\/p>\r\n<\/div>\r\n<div id=\"jut-mapa-kde-posobime\" class=\"uk-grid uk-margin-large uk-grid-large tm-margin-xlarge\">\r\n<div class=\"uk-width-large-6-10 uk-width-medium-1-1 tm-padding-large\"><div id=\"chartdiv\"><\/div><\/div>\r\n<div class=\"uk-width-large-4-10 uk-width-medium-1-1 tm-padding-large\">\r\n<h2 class=\"h2-red-left-line\">Wirkungsgebiet<\/h2>\r\n<p style=\"text-align: justify;\">. Wir geh\u00f6ren zu stolzen und zuverl\u00e4ssigen Lieferenten den Investoren und unseren Partners in Europa und in der Welt.<\/p>\r\n<p style=\"text-align: justify;\">Unsere Arbeitsergebnisse k\u00f6nnen Sie durch mehr als <b><span class=\"count1\">100<\/span> realisierten Projekte in ganze Europa sehen.<\/b><\/p>\r\n<p style=\"text-align: justify;\">Wir gew\u00e4hrleisten und bringen komplexe Montagel\u00f6sungen bei mechanischen und Swei\u00dfarbeiten in Auto-, Nahrungs und Chemieindustrie bei.<\/p>\r\n<div class=\"jut-cta-button\"><a class=\"uk-button uk-button-primary\" href=\"https:\/\/jut.sk\/jut-amp\/kontakt\/\">Zu den Kontakten<\/a><\/div>\r\n<\/div>\r\n<\/div>","protected":false},"excerpt":{"rendered":"<p>\u00dcBER UNS JUT-AMP GmbH wirkt auf dem europ\u00e4ischem Markt seit 2017 als \u00dcberlasser von mechanischen Montage- und Swei\u00dfent\u00e4tigkeiten. Firme wurde auf dem Grund steigenden Bedarf und Bereichsverbreiterung aus Gesellschaft JUT-AEL GmbH gegr\u00fcndet. JUT-AMP GmbH hat sich schnell den Bediengungen Europ\u00e4ischen Markt adaptiert. Firme wirkt in Auto-, Nahrungs-, Chemieindustrie und Logistik. \u00a0 \u00a0 \u00dcber uns MEHR [&hellip;]<\/p>\n","protected":false},"author":1,"featured_media":0,"parent":0,"menu_order":0,"comment_status":"closed","ping_status":"closed","template":"","meta":{"inline_featured_image":false,"mrp_rating_form_position":"","mrp_rating_results_position":"","mrp_structured_data_type":"","mrp_allow_anonymous":"","mrp_rating_form_id":"","footnotes":""},"multi-rating-pro":{"mrp_rating_result_1":[],"rating_form":1},"_links":{"self":[{"href":"https:\/\/jut.sk\/jut-amp\/wp-json\/wp\/v2\/pages\/2910"}],"collection":[{"href":"https:\/\/jut.sk\/jut-amp\/wp-json\/wp\/v2\/pages"}],"about":[{"href":"https:\/\/jut.sk\/jut-amp\/wp-json\/wp\/v2\/types\/page"}],"author":[{"embeddable":true,"href":"https:\/\/jut.sk\/jut-amp\/wp-json\/wp\/v2\/users\/1"}],"replies":[{"embeddable":true,"href":"https:\/\/jut.sk\/jut-amp\/wp-json\/wp\/v2\/comments?post=2910"}],"version-history":[{"count":6,"href":"https:\/\/jut.sk\/jut-amp\/wp-json\/wp\/v2\/pages\/2910\/revisions"}],"predecessor-version":[{"id":3016,"href":"https:\/\/jut.sk\/jut-amp\/wp-json\/wp\/v2\/pages\/2910\/revisions\/3016"}],"wp:attachment":[{"href":"https:\/\/jut.sk\/jut-amp\/wp-json\/wp\/v2\/media?parent=2910"}],"curies":[{"name":"wp","href":"https:\/\/api.w.org\/{rel}","templated":true}]}}