{"id":18,"date":"2019-10-17T10:46:47","date_gmt":"2019-10-17T08:46:47","guid":{"rendered":"http:\/\/jut.sk\/jut-amp\/?page_id=18"},"modified":"2021-01-09T11:45:19","modified_gmt":"2021-01-09T10:45:19","slug":"pre-dodavatelov","status":"publish","type":"page","link":"https:\/\/jut.sk\/jut-amp\/pre-dodavatelov\/","title":{"rendered":"Pre dod\u00e1vate\u013eov"},"content":{"rendered":"<div id=\"jut-dodavatel\" class=\"uk-grid uk-margin-large uk-grid-large\">\r\n<div class=\"uk-width-large-1-2 uk-width-medium-1-1 tm-padding-large uk-padding-top-remove\">\r\n<h1 class=\"h2-red-left-line\">Pre dod\u00e1vate\u013eov<\/h1>\r\n<p style=\"text-align: justify;\">Pri realiz\u00e1cii jednotliv\u00fdch projektov spolo\u010dnos\u0165ou JUT-AMP s.r.o. \u00fazko spolupracujeme aj so svojimi vybran\u00fdmi dod\u00e1vate\u013emi a spolo\u010dne garantujeme investorom z oblasti verejn\u00e9ho a s\u00fakromn\u00e9ho sektoru, \u017ee ich projekty bud\u00fa realizovan\u00e9 na vysokej \u00farovni sp\u013a\u0148aj\u00fac ich \u0161tandardy a bud\u00fa ukon\u010den\u00e9 v dohodnutom term\u00edne.<\/p>\r\n<p style=\"text-align: justify;\"><b>Svojich dod\u00e1vate\u013eov <\/b>preto <b>vn\u00edmame ako partnerov <\/b>a nepo\u017eadujeme od nich z\u00e1v\u00e4zky nad r\u00e1mec zmluvn\u00e9ho vz\u0165ahu uzatvoren\u00e9ho medzi objedn\u00e1vate\u013eom a na\u0161ou spolo\u010dnos\u0165ou.<\/p>\r\n<p style=\"text-align: justify;\">Po\u017eadujeme v\u0161ak dodr\u017eiavanie \u0161tandardov, ktor\u00e9 sami garantujeme svojim objedn\u00e1vate\u013eom:<\/p>\r\n<ul class=\"dodavatel-poziadavky-ul\">\r\n\t<li style=\"text-align: justify;\">dodr\u017eiavanie minim\u00e1lne z\u00e1konn\u00fdch po\u017eiadaviek bezpe\u010dnosti pri pr\u00e1ci<\/li>\r\n\t<li style=\"text-align: justify;\">dodr\u017eiavanie dohodnut\u00fdch zmluvn\u00fdch term\u00ednov, kvality a cien dod\u00e1vok<\/li>\r\n<\/ul>\r\n<\/div>\r\n<div class=\"uk-width-large-1-2 uk-width-medium-1-1 tm-padding-large\">\r\n<div class=\"uk-grid jut-windows\">\r\n<div class=\"uk-width-large-1-2 uk-width-medium-1-2 uk-width-small-1-2 uk-grid-margin\">\r\n<div class=\"uk-panel jut-window-dodavatel-1\">\r\n<div class=\"jut-window-image\">\u00a0<\/div>\r\n<div class=\"jut-window-gradient\">\u00a0<\/div>\r\n<div class=\"jut-window-caption\">\r\n<h3 class=\"jut-window-title\">Pr\u00edjem a spracovanie fakt\u00far<\/h3>\r\n<\/div>\r\n<p>Viac inform\u00e1ci\u00ed <img decoding=\"async\" class=\"jut-sipka-window-right\" src=\"https:\/\/jut.sk\/wp-content\/uploads\/2019\/10\/arrow-right-white.svg\" \/><\/p>\r\n<a href=\"#jut-spracovanie-faktur\" data-uk-smooth-scroll=\"{offset: 80}\">Viac inform\u00e1ci\u00ed<\/a><\/div>\r\n<\/div>\r\n<div class=\"uk-width-large-1-2 uk-width-medium-1-2 uk-width-small-1-2 uk-grid-margin\">\r\n<div class=\"uk-panel jut-window-dodavatel-2\">\r\n<div class=\"jut-window-image\">\u00a0<\/div>\r\n<div class=\"jut-window-gradient\">\u00a0<\/div>\r\n<div class=\"jut-window-caption\">\r\n<h3 class=\"jut-window-title\">Odoslanie cenovej ponuky<\/h3>\r\n<\/div>\r\n<p>Viac inform\u00e1ci\u00ed <img decoding=\"async\" class=\"jut-sipka-window-right\" src=\"https:\/\/jut.sk\/wp-content\/uploads\/2019\/10\/arrow-right-white.svg\" \/><\/p>\r\n<a href=\"#tm-bottom-b\" data-uk-smooth-scroll=\"{offset: 80}\">Viac inform\u00e1ci\u00ed<\/a><\/div>\r\n<\/div>\r\n<\/div>\r\n<p class=\"uk-margin-large\" style=\"text-align: right; font-size: 12px;\">Podkladom pre jednanie o zmluvnom vz\u0165ahu s\u00fa firemn\u00e9 vzorov\u00e9 dokumenty. <br \/>\r\nV\u0161eobecn\u00e9 zmluvn\u00e9 podmienky sa po\u010das spolupr\u00e1ce nemenia.<\/p>\r\n<\/div>\r\n<\/div>\r\n<div id=\"jut-spracovanie-faktur\" class=\"uk-grid uk-margin-large tm-margin-xlarge\">\r\n<div class=\"uk-width-1-1\">\r\n<h2 class=\"h2-red-left-line\">Pr\u00edjem a spracovanie fakt\u00far v spolo\u010dnosti JUT-AMP s.r.o.<\/h2>\r\n<div class=\"uk-grid uk-grid-divider uk-grid-large uk-margin\">\r\n<div class=\"uk-width-large-1-2 uk-width-medium-1-1\">\r\n<p style=\"text-align: justify;\">1. V\u0161etky vystaven\u00e9 fakt\u00fary musia by\u0165 doru\u010den\u00e9 na centr\u00e1lnu podate\u013e\u0148u spolo\u010dnosti a to jedn\u00fdm z ni\u017e\u0161ie uveden\u00fdch sp\u00f4sobov:<\/p>\r\n<div class=\"uk-grid uk-grid-large\">\r\n<div class=\"uk-width-medium-1-2 uk-width-small-1-1\">\r\n<div class=\"uk-panel uk-margin-top\">\r\n<p>V papierovej podobe na adresu:<\/p>\r\n<p><a href=\"https:\/\/goo.gl\/maps\/7MkVR4hPxgkEGvZ47\" target=\"_blank\" rel=\"noopener noreferrer\">JUT-AMP s.r.o.<br \/>\r\nOravsk\u00e1 Jasenica 627<br \/> \r\nOravsk\u00e1 Jasenica 029 64<\/a><\/p>\r\n<\/div>\r\n<\/div>\r\n<div class=\"uk-width-medium-1-2 uk-width-small-1-1\">\r\n<div class=\"uk-panel uk-margin-top\">\r\n<p>Elektronickou formou vo form\u00e1te PDF na e-mailov\u00fa adresu <a href=\"mailto:faktury@jut.sk\">faktury@jut.sk<\/a><\/p>\r\n<p>Vzor fakt\u00fary je k dispoz\u00edcii v sekcii \u201c<a href=\"https:\/\/jut.sk\/jut-amp\/na-stiahnutie\/\">Na stiahnutie<\/a>\u201d<\/p>\r\n<\/div>\r\n<\/div>\r\n<\/div>\r\n<p style=\"text-align: justify;\">2. Lehota splatnosti fakt\u00fary je spravidla jeden kalend\u00e1rny mesiac a po\u010d\u00edta sa od d\u00e1tumu doru\u010denia fakt\u00fary na adresu pre doru\u010dovanie, uveden\u00fa v bode \u010d.1.<\/p>\r\n<p style=\"text-align: justify;\">3. D\u0148om \u00fahrady fakt\u00fary sa rozumie de\u0148 predania prevodn\u00e9ho pr\u00edkazu banke, ak nie je dohodnut\u00fd de\u0148 zmluvne inak.<\/p>\r\n<\/div>\r\n<div class=\"uk-width-large-1-2 uk-width-medium-1-1\">\r\n<p style=\"text-align: justify;\">4. Fakt\u00fara mus\u00ed by\u0165 vystaven\u00e1 v s\u00falade s platnou legislat\u00edvou a mus\u00ed obsahova\u0165 minim\u00e1lne tieto \u00fadaje:<\/p>\r\n<ol>\r\n\t<li>n\u00e1zov stavby<\/li>\r\n\t<li>popis vykonanej pr\u00e1ce \/ poskytnutej slu\u017eby<\/li>\r\n<\/ol>\r\n<p style=\"text-align: justify;\">Pokia\u013e nebude obsahova\u0165 vy\u0161\u0161ie uveden\u00e9 z\u00e1le\u017eitosti, alebo bud\u00fa uv\u00e1dzan\u00e9 chybne, objedn\u00e1vate\u013e je opr\u00e1vnen\u00fd po\u017eadova\u0165 jej opravu v dobe splatnosti. Po doru\u010denej opravenej alebo novovystavenej fakt\u00fare be\u017e\u00ed nov\u00e1 splatnos\u0165 fakt\u00fary. V\u0161etky potrebn\u00e9 n\u00e1le\u017eitosti si m\u00f4\u017eete detailne pozrie\u0165 v sekcii \u201c<a href=\"https:\/\/jut.sk\/jut-amp\/na-stiahnutie\/\">Na stiahnutie<\/a>&#8222;<\/p>\r\n<p style=\"text-align: justify;\">5. Ru\u010denie objedn\u00e1vate\u013ea ako pr\u00edjemcu zdanite\u013en\u00e9ho plnenia za dod\u00e1vate\u013eom nezaplaten\u00fa DPH z tohto plnenia sa riadi platnou legislat\u00edvou SR.<\/p>\r\n<\/div>\r\n<\/div>\r\n<\/div>\r\n<\/div>","protected":false},"excerpt":{"rendered":"<p>Pre dod\u00e1vate\u013eov Pri realiz\u00e1cii jednotliv\u00fdch projektov spolo\u010dnos\u0165ou JUT-AMP s.r.o. \u00fazko spolupracujeme aj so svojimi vybran\u00fdmi dod\u00e1vate\u013emi a spolo\u010dne garantujeme investorom z oblasti verejn\u00e9ho a s\u00fakromn\u00e9ho sektoru, \u017ee ich projekty bud\u00fa realizovan\u00e9 na vysokej \u00farovni sp\u013a\u0148aj\u00fac ich \u0161tandardy a bud\u00fa ukon\u010den\u00e9 v dohodnutom term\u00edne. Svojich dod\u00e1vate\u013eov preto vn\u00edmame ako partnerov a nepo\u017eadujeme od nich z\u00e1v\u00e4zky nad [&hellip;]<\/p>\n","protected":false},"author":1,"featured_media":0,"parent":0,"menu_order":0,"comment_status":"closed","ping_status":"closed","template":"","meta":{"inline_featured_image":false,"mrp_rating_form_position":"","mrp_rating_results_position":"","mrp_structured_data_type":"","mrp_allow_anonymous":"","mrp_rating_form_id":"","footnotes":""},"multi-rating-pro":{"mrp_rating_result_1":[],"rating_form":1},"_links":{"self":[{"href":"https:\/\/jut.sk\/jut-amp\/wp-json\/wp\/v2\/pages\/18"}],"collection":[{"href":"https:\/\/jut.sk\/jut-amp\/wp-json\/wp\/v2\/pages"}],"about":[{"href":"https:\/\/jut.sk\/jut-amp\/wp-json\/wp\/v2\/types\/page"}],"author":[{"embeddable":true,"href":"https:\/\/jut.sk\/jut-amp\/wp-json\/wp\/v2\/users\/1"}],"replies":[{"embeddable":true,"href":"https:\/\/jut.sk\/jut-amp\/wp-json\/wp\/v2\/comments?post=18"}],"version-history":[{"count":42,"href":"https:\/\/jut.sk\/jut-amp\/wp-json\/wp\/v2\/pages\/18\/revisions"}],"predecessor-version":[{"id":3402,"href":"https:\/\/jut.sk\/jut-amp\/wp-json\/wp\/v2\/pages\/18\/revisions\/3402"}],"wp:attachment":[{"href":"https:\/\/jut.sk\/jut-amp\/wp-json\/wp\/v2\/media?parent=18"}],"curies":[{"name":"wp","href":"https:\/\/api.w.org\/{rel}","templated":true}]}}