{"id":165,"date":"2019-11-06T08:55:32","date_gmt":"2019-11-06T07:55:32","guid":{"rendered":"http:\/\/jut.sk\/jut-amp\/?page_id=165"},"modified":"2020-04-03T08:32:40","modified_gmt":"2020-04-03T06:32:40","slug":"historia-a-financne-ukazovatele-firmy","status":"publish","type":"page","link":"https:\/\/jut.sk\/jut-amp\/o-spolocnosti\/historia-a-financne-ukazovatele-firmy\/","title":{"rendered":"Hist\u00f3ria a finan\u010dn\u00e9 ukazovatele firmy"},"content":{"rendered":"<h1 class=\"h1-jut h-jut-vertical-line\">Hist\u00f3ria a finan\u010dn\u00e9 ukazovatele firmy<\/h1>\r\n\r\n<h3 class=\"uk-margin-bottom-remove\">V\u00fdvoj tr\u017eieb spolo\u010dnosti JUT-AMP s.r.o.<\/h3>\r\n<div id=\"sales-graph-root\"><\/div>\r\n\r\n<h3 class=\"uk-margin-bottom-remove\">V\u00fdvoj zisku spolo\u010dnosti JUT-AMP s.r.o.<\/h3>\r\n<div id=\"profit-graph-root\"><\/div>\r\n\r\n<\/br><\/br><\/br><\/br><\/br>","protected":false},"excerpt":{"rendered":"<p>Hist\u00f3ria a finan\u010dn\u00e9 ukazovatele firmy V\u00fdvoj tr\u017eieb spolo\u010dnosti JUT-AMP s.r.o. V\u00fdvoj zisku spolo\u010dnosti JUT-AMP s.r.o.<\/p>\n","protected":false},"author":1,"featured_media":0,"parent":10,"menu_order":0,"comment_status":"closed","ping_status":"closed","template":"","meta":{"inline_featured_image":false,"mrp_rating_form_position":"","mrp_rating_results_position":"","mrp_structured_data_type":"","mrp_allow_anonymous":"","mrp_rating_form_id":"","footnotes":""},"multi-rating-pro":{"mrp_rating_result_1":[],"rating_form":1},"_links":{"self":[{"href":"https:\/\/jut.sk\/jut-amp\/wp-json\/wp\/v2\/pages\/165"}],"collection":[{"href":"https:\/\/jut.sk\/jut-amp\/wp-json\/wp\/v2\/pages"}],"about":[{"href":"https:\/\/jut.sk\/jut-amp\/wp-json\/wp\/v2\/types\/page"}],"author":[{"embeddable":true,"href":"https:\/\/jut.sk\/jut-amp\/wp-json\/wp\/v2\/users\/1"}],"replies":[{"embeddable":true,"href":"https:\/\/jut.sk\/jut-amp\/wp-json\/wp\/v2\/comments?post=165"}],"version-history":[{"count":27,"href":"https:\/\/jut.sk\/jut-amp\/wp-json\/wp\/v2\/pages\/165\/revisions"}],"predecessor-version":[{"id":2972,"href":"https:\/\/jut.sk\/jut-amp\/wp-json\/wp\/v2\/pages\/165\/revisions\/2972"}],"up":[{"embeddable":true,"href":"https:\/\/jut.sk\/jut-amp\/wp-json\/wp\/v2\/pages\/10"}],"wp:attachment":[{"href":"https:\/\/jut.sk\/jut-amp\/wp-json\/wp\/v2\/media?parent=165"}],"curies":[{"name":"wp","href":"https:\/\/api.w.org\/{rel}","templated":true}]}}