{"id":16,"date":"2019-10-17T10:46:31","date_gmt":"2019-10-17T08:46:31","guid":{"rendered":"http:\/\/jut.sk\/jut-amp\/?page_id=16"},"modified":"2021-01-09T11:42:52","modified_gmt":"2021-01-09T10:42:52","slug":"kariera","status":"publish","type":"page","link":"https:\/\/jut.sk\/jut-amp\/kariera\/","title":{"rendered":"Kari\u00e9ra"},"content":{"rendered":"<div id=\"jut-jobs\" class=\"uk-grid uk-margin-large uk-grid-large\">\r\n<div class=\"uk-width-large-4-10 uk-width-medium-1-1 tm-padding-large\">\r\n<h2 class=\"h2-red-left-line\">Pr\u00e1ca v JUT-AMP<\/h2>\r\n<p style=\"text-align: justify;\">JUT-AMP s.r.o. je dynamicky rozv\u00edjaj\u00faca sa spolo\u010dnos\u0165 s oblas\u0165ou p\u00f4sobnosti v automobilovom, potravin\u00e1rskom, chemickom priemysle, ale i v logistike. Firma poskytuje z\u00e1mo\u010dn\u00edcke \u010dinnosti, zv\u00e1ra\u010dsk\u00e9 pr\u00e1ce a mechanick\u00e9 slu\u017eby mont\u00e1\u017e\u00ed\/demont\u00e1\u017e\u00ed, relok\u00e1cii dopravn\u00edkov a technol\u00f3gi\u00ed ak\u00e9hoko\u013evek druhu.<\/p>\r\n<p>Sme spolo\u010dnos\u0165, ktor\u00e1 dr\u017e\u00ed slovo !<\/p>\r\n<\/div>\r\n<div class=\"uk-width-large-6-10 uk-width-medium-1-1 tm-padding-large\">\r\n<div class=\"uk-grid jut-windows\">\r\n<div class=\"uk-width-large-1-3 uk-width-medium-1-3 uk-width-small-1-2 uk-grid-margin\">\r\n<div class=\"uk-panel jut-window-11-amp\">\r\n<div class=\"jut-window-image\">\u00a0<\/div>\r\n<div class=\"jut-window-gradient\">\u00a0<\/div>\r\n<div class=\"jut-window-caption\">\r\n<h3 class=\"jut-window-title\">mont\u00e9r \/ mechanik<\/h3>\r\n<\/div>\r\n<p>Viac inform\u00e1ci\u00ed <img decoding=\"async\" class=\"jut-sipka-window-right\" src=\"https:\/\/jut.sk\/wp-content\/uploads\/2019\/10\/arrow-right-white.svg\" \/><\/p>\r\n<a href=\"#jut-amp-monter\" data-uk-modal=\"\">Viac inform\u00e1ci\u00ed<\/a><\/div>\r\n<\/div>\r\n<div class=\"uk-width-large-1-3 uk-width-medium-1-3 uk-width-small-1-2 uk-grid-margin\">\r\n<div class=\"uk-panel jut-window-10-amp\">\r\n<div class=\"jut-window-image\">\u00a0<\/div>\r\n<div class=\"jut-window-gradient\">\u00a0<\/div>\r\n<div class=\"jut-window-caption\">\r\n<h3 class=\"jut-window-title\">z\u00e1mo\u010dn\u00edk \/ pr\u00edprav\u00e1r<\/h3>\r\n<\/div>\r\n<p>Viac inform\u00e1ci\u00ed <img decoding=\"async\" class=\"jut-sipka-window-right\" src=\"https:\/\/jut.sk\/wp-content\/uploads\/2019\/10\/arrow-right-white.svg\" \/><\/p>\r\n<a href=\"#jut-amp-zamocnik\" data-uk-modal=\"\">Viac inform\u00e1ci\u00ed<\/a><\/div>\r\n<\/div>\r\n<div class=\"uk-width-large-1-3 uk-width-medium-1-3 uk-width-small-1-2 uk-grid-margin\">\r\n<div class=\"uk-panel jut-window-12-amp\">\r\n<div class=\"jut-window-image\">\u00a0<\/div>\r\n<div class=\"jut-window-gradient\">\u00a0<\/div>\r\n<div class=\"jut-window-caption\">\r\n<h3 class=\"jut-window-title\">zv\u00e1ra\u010d 111, 135\/136, 138\/141<\/h3>\r\n<\/div>\r\n<p>Viac inform\u00e1ci\u00ed <img decoding=\"async\" class=\"jut-sipka-window-right\" src=\"https:\/\/jut.sk\/wp-content\/uploads\/2019\/10\/arrow-right-white.svg\" \/><\/p>\r\n<a href=\"#jut-amp-zvarac\" data-uk-modal=\"\">Viac inform\u00e1ci\u00ed<\/a><\/div>\r\n<\/div>\r\n<\/div>\r\n<\/div>\r\n<\/div>\r\n<!-- MODAL MONTER -->\r\n<div id=\"jut-amp-monter\" class=\"uk-modal jut-modal-kariera\">\r\n<div class=\"uk-modal-dialog\"> <a class=\"uk-modal-close uk-close\"><\/a>\r\n<h2 class=\"h2-red-left-line\">Mont\u00e9r \/ mechanik<\/h2>\r\n<p><strong>Druh pracovn\u00e9ho pomeru:<\/strong><\/p>\r\n<ul>\r\n\t<li>\u017eivnos\u0165<\/li>\r\n<\/ul>\r\n<p><strong>\u0160pecifik\u00e1cia pr\u00e1ce:<\/strong><\/p>\r\n<ul>\r\n\t<li><span style=\"font-weight: 400;\"> kompletn\u00e1 in\u0161tal\u00e1cia nov\u00fdch priemyseln\u00fdch robotizovan\u00fdch syst\u00e9mov (strojov, zariaden\u00ed, dopravn\u00edkov a\u00a0oploten\u00ed) pod\u013ea technickej dokument\u00e1cie<\/span><\/li>\r\n\t<li><span style=\"font-weight: 400;\"> demont\u00e1\u017e automatizovan\u00fdch v\u00fdrobn\u00fdch liniek, dopravn\u00edkov\u00fdch syst\u00e9mov a kon\u0161trukci\u00ed<\/span><\/li>\r\n\t<li><span style=\"font-weight: 400;\"> mechanick\u00e9 modifik\u00e1cie \u010dast\u00ed priemyseln\u00fdch zariaden\u00ed pod\u013ea po\u017eiadaviek z\u00e1kazn\u00edkov<\/span><\/li>\r\n\t<li><span style=\"font-weight: 400;\"> mont\u00e1\u017e a\u00a0trasovanie elektroin\u0161tala\u010dn\u00fdch \u017e\u013eabov<\/span><\/li>\r\n\t<li><span style=\"font-weight: 400;\"> mont\u00e1\u017e oce\u013eov\u00fdch kon\u0161trukci\u00ed a\u00a0skeletov<\/span><\/li>\r\n\t<li><span style=\"font-weight: 400;\"> mont\u00e1\u017e oce\u013eov\u00fdch a\u00a0nerezov\u00fdch potrub\u00ed, ventilov, obr\u00fab a\u00a0filtrov<\/span><\/li>\r\n\t<li><span style=\"font-weight: 400;\"> rev\u00edzie \u010derpadiel, vodn\u00fdch turb\u00edn a\u00a0v\u00fdmena tesnen\u00ed<\/span><\/li>\r\n<\/ul>\r\n<p><strong>Osobn\u00e9 predpoklady a\u00a0zru\u010dnosti:<\/strong><\/p>\r\n<ul>\r\n\t<li>manu\u00e1lna zru\u010dnos\u0165 a\u00a0technick\u00e9 myslenie<\/li>\r\n\t<li>ochota cestova\u0165<\/li>\r\n\t<li>znalos\u0165 \u010d\u00edtania projektovej dokument\u00e1cie a\u00a0technick\u00fdch v\u00fdkresov<\/li>\r\n\t<li>znalos\u0165 nemeck\u00e9ho, anglick\u00e9ho, pr\u00edpadne franc\u00fazskeho jazyka v\u00fdhodou (NIE PODMIENKOU)<\/li>\r\n<\/ul>\r\n<p><strong>Po\u017eiadavky:<\/strong><\/p>\r\n<ul>\r\n\t<li>samostatnos\u0165 ako i\u00a0t\u00edmov\u00fd duch, spo\u013eahlivos\u0165, zodpovedn\u00fd pr\u00edstup k\u00a0pr\u00e1ci<\/li>\r\n\t<li>zdravotn\u00e1 sp\u00f4sobilos\u0165<\/li>\r\n\t<li>platn\u00e9 certifik\u00e1ty, licencie a\u00a0opr\u00e1vnenia na v\u00fdkon \u010dinnosti<\/li>\r\n\t<li>drobn\u00e9 administrat\u00edvne \u00fakony spojen\u00e9 s\u00a0vykon\u00e1vanou \u010dinnos\u0165ou<\/li>\r\n\t<li>zodpovednos\u0165 za pridelen\u00e9 pracovn\u00e9 n\u00e1radie a\u00a0pom\u00f4cky ako i\u00a0starostlivos\u0165 a\u00a0ich z\u00e1kladn\u00e1 \u00fadr\u017eba<\/li>\r\n\t<li>zodpovednos\u0165 za pridelen\u00e9 firemn\u00e9 vozidl\u00e1 a\u00a0poriadkumilovnos\u0165 na pracovisku ako i\u00a0na ubytovac\u00edch zariadeniach<\/li>\r\n<\/ul>\r\n<p><strong>Dopl\u0148uj\u00face inform\u00e1cie:<\/strong><\/p>\r\n<ul>\r\n\t<li>pravideln\u00e9 \u00fahrady fakt\u00far s\u00fa samozrejmos\u0165ou<\/li>\r\n\t<li>ubytovanie zabezpe\u010den\u00e9 a\u00a0n\u00e1klady na ubytovanie v\u00a0celkovej sume prepl\u00e1can\u00e9<\/li>\r\n\t<li>spolo\u010dnos\u0165 zabezpe\u010duje prepravu, eventu\u00e1lne hrad\u00ed n\u00e1klady spojen\u00e9 s\u00a0prepravou<\/li>\r\n\t<li>pr\u00e1ce vykon\u00e1van\u00e9 preva\u017ene v\u00a0interi\u00e9roch budov a\u00a0v\u00fdrobn\u00fdch h\u00e1l<\/li>\r\n\t<li>pr\u00e1ca vykon\u00e1van\u00e1 v\u00a0krajin\u00e1ch E\u00da (najm\u00e4 Nemecko, Franc\u00fazsko, Ve\u013ek\u00e1 Brit\u00e1nia, \u0160panielsko, Taliansko, Belgicko, Holandsko, \u0160vaj\u010diarsko, Rak\u00fasko, Slovinsko a\u00a0Po\u013esko)<\/li>\r\n\t<li>stabiln\u00e1 pr\u00e1ca zabezpe\u010den\u00e1 po\u010das cel\u00e9ho roka<\/li>\r\n<\/ul>\r\n<p><strong>Mzdov\u00e9 ohodnotenie:<\/strong><\/p>\r\n<ul>\r\n\t<li><strong>2 000\u20ac &#8211; 3 500\u20ac mesa\u010dne<\/strong> (v z\u00e1vislosti od po\u010dtu odpracovan\u00fdch hod\u00edn, kvalifik\u00e1cie a\u00a0odbornosti)<\/li>\r\n<\/ul>\r\n<p><strong>In\u00e9:<\/strong><\/p>\r\n<ul>\r\n\t<li>spolo\u010dnos\u0165 uprednost\u0148uje dlhodob\u00fa spolupr\u00e1cu spojen\u00fa so vz\u00e1jomnou spokojnos\u0165ou<\/li>\r\n\t<li>mo\u017enos\u0165 sebarealiz\u00e1cie, kari\u00e9rneho a\u00a0profesijn\u00e9ho rastu<\/li>\r\n\t<li>individu\u00e1lny pr\u00edstup a\u00a0z\u00e1zemie stabilnej spolo\u010dnosti<\/li>\r\n<\/ul>\r\n<\/div>\r\n<\/div>\r\n<!-- MODAL ZAMOCNIK -->\r\n<div id=\"jut-amp-zamocnik\" class=\"uk-modal jut-modal-kariera\">\r\n<div class=\"uk-modal-dialog\"> <a class=\"uk-modal-close uk-close\"><\/a>\r\n<h2 class=\"h2-red-left-line\">Z\u00e1mo\u010dn\u00edk \/ pr\u00edprav\u00e1r<\/h2>\r\n<p><strong>Druh pracovn\u00e9ho pomeru:<\/strong><\/p>\r\n<ul>\r\n\t<li>\u017eivnos\u0165<\/li>\r\n<\/ul>\r\n<p><strong>\u0160pecifik\u00e1cie pr\u00e1ce:<\/strong><\/p>\r\n<ul>\r\n\t<li><span style=\"font-weight: 400;\"> pr\u00edprava oce\u013eov\u00fdch a\u00a0nerezov\u00fdch \u010dast\u00ed pre zv\u00e1ra\u010dov pod\u013ea projektovej dokument\u00e1cie\u00a0<\/span><\/li>\r\n\t<li><span style=\"font-weight: 400;\"> pr\u00edprava oce\u013eov\u00fdch a\u00a0nerezov\u00fdch komponentov na samotn\u00fa mont\u00e1\u017e v\u00a0stroj\u00e1renskom, petrochemickom a\u00a0potravin\u00e1rskom priemysle na z\u00e1klade projektovej dokument\u00e1cie<\/span><\/li>\r\n\t<li><span style=\"font-weight: 400;\"> mont\u00e1\u017e komponentov na ur\u010den\u00e9 poz\u00edcie v\u00fdrobn\u00fdch liniek, strojov a\u00a0zariaden\u00ed vo v\u00fdrobn\u00fdch z\u00e1vodoch<\/span><\/li>\r\n\t<li><span style=\"font-weight: 400;\"> \u00faprava \u010dast\u00ed dopravn\u00edkov\u00fdch syst\u00e9mov pod\u013ea \u0161pecifik\u00e1cie a\u00a0po\u017eiadaviek z\u00e1kazn\u00edkov<\/span><\/li>\r\n\t<li><span style=\"font-weight: 400;\"> predpr\u00edprava samotn\u00fdch komponentov (v\u0155tanie dier, rezanie z\u00e1vitov, rezanie oce\u013eov\u00fdch a\u00a0nerezov\u00fdch \u010dast\u00ed na z\u00e1klade technickej dokument\u00e1cie, br\u00fasenie, oh\u00fdbanie, izometria) pre n\u00e1sledn\u00fa mont\u00e1\u017e na ur\u010den\u00fdch miestach realiz\u00e1cie projektu<\/span><\/li>\r\n<\/ul>\r\n<p><strong>Osobn\u00e9 predpoklady a\u00a0zru\u010dnosti:<\/strong><\/p>\r\n<ul>\r\n\t<li>manu\u00e1lna zru\u010dnos\u0165 a\u00a0technick\u00e9 myslenie<\/li>\r\n\t<li>ochota cestova\u0165<\/li>\r\n\t<li><span style=\"font-weight: 400;\">znalos\u0165 \u010d\u00edtania projektovej dokument\u00e1cie a technick\u00fdch v\u00fdkresov<\/span><\/li>\r\n\t<li>znalos\u0165 nemeck\u00e9ho, anglick\u00e9ho pr\u00edpadne franc\u00fazskeho jazyka v\u00fdhodou (NIE PODMIENKOU)<\/li>\r\n<\/ul>\r\n<p><strong>Po\u017eiadavky:<\/strong><\/p>\r\n<ul>\r\n\t<li><span style=\"font-weight: 400;\"> samostatnos\u0165 ako i\u00a0t\u00edmov\u00fd duch, spo\u013eahlivos\u0165, zodpovedn\u00fd pr\u00edstup k\u00a0pr\u00e1ci<\/span><\/li>\r\n\t<li><span style=\"font-weight: 400;\"> zdravotn\u00e1 sp\u00f4sobilos\u0165<\/span><\/li>\r\n\t<li><span style=\"font-weight: 400;\"> platn\u00e9 certifik\u00e1ty, licencie a\u00a0opr\u00e1vnenia na v\u00fdkon \u010dinnosti<\/span><\/li>\r\n\t<li><span style=\"font-weight: 400;\"> drobn\u00e9 administrat\u00edvne \u00fakony spojen\u00e9 s\u00a0vykon\u00e1vanou \u010dinnos\u0165ou<\/span><\/li>\r\n\t<li><span style=\"font-weight: 400;\"> zodpovednos\u0165 za pridelen\u00e9 pracovn\u00e9 n\u00e1radie a\u00a0pom\u00f4cky ako i\u00a0starostlivos\u0165 a\u00a0ich z\u00e1kladn\u00e1 \u00fadr\u017eba<\/span><\/li>\r\n\t<li><span style=\"font-weight: 400;\"> zodpovednos\u0165 za pridelen\u00e9 firemn\u00e9 vozidl\u00e1 a\u00a0poriadkumilovnos\u0165 na pracovisku ako i\u00a0na ubytovac\u00edch zariadeniach<\/span><\/li>\r\n<\/ul>\r\n<p><strong>Dopl\u0148uj\u00face inform\u00e1cie:<\/strong><\/p>\r\n<ul>\r\n\t<li>pravideln\u00e9 \u00fahrady fakt\u00far s\u00fa samozrejmos\u0165ou<\/li>\r\n\t<li>ubytovanie zabezpe\u010den\u00e9 a\u00a0n\u00e1klady na ubytovanie v\u00a0celkovej sume prepl\u00e1can\u00e9<\/li>\r\n\t<li>spolo\u010dnos\u0165 zabezpe\u010duje prepravu, eventu\u00e1lne hrad\u00ed n\u00e1klady spojen\u00e9 s\u00a0prepravou<\/li>\r\n\t<li>pr\u00e1ce vykon\u00e1van\u00e9 preva\u017ene v\u00a0interi\u00e9roch budov a\u00a0v\u00fdrobn\u00fdch h\u00e1l<\/li>\r\n\t<li>pr\u00e1ca vykon\u00e1van\u00e1 v\u00a0krajin\u00e1ch E\u00da (najm\u00e4 Nemecko, Franc\u00fazsko, Ve\u013ek\u00e1 Brit\u00e1nia, \u0160panielsko, Taliansko, Belgicko, Holandsko, \u0160vaj\u010diarsko, Rak\u00fasko, Slovinsko a\u00a0Po\u013esko)<\/li>\r\n\t<li>stabiln\u00e1 pr\u00e1ca zabezpe\u010den\u00e1 po\u010das cel\u00e9ho roka<\/li>\r\n<\/ul>\r\n<p><strong>Mzdov\u00e9 ohodnotenie:<\/strong><\/p>\r\n<ul>\r\n\t<li><strong> 2000\u20ac &#8211; 3500\u20ac mesa\u010dne<\/strong> (v z\u00e1vislosti od po\u010dtu odpracovan\u00fdch hod\u00edn, kvalifik\u00e1cie a\u00a0odbornosti)<\/li>\r\n<\/ul>\r\n<p><strong>In\u00e9:<\/strong><\/p>\r\n<ul>\r\n\t<li>spolo\u010dnos\u0165 uprednost\u0148uje dlhodob\u00fa spolupr\u00e1cu spojen\u00fa so vz\u00e1jomnou spokojnos\u0165ou<\/li>\r\n\t<li>mo\u017enos\u0165 sebarealiz\u00e1cie, kari\u00e9rneho a\u00a0profesijn\u00e9ho rastu<\/li>\r\n\t<li>individu\u00e1lny pr\u00edstup a\u00a0z\u00e1zemie stabilnej spolo\u010dnosti<\/li>\r\n<\/ul>\r\n<\/div>\r\n<\/div>\r\n<!-- MODAL ZVARAC -->\r\n<div id=\"jut-amp-zvarac\" class=\"uk-modal jut-modal-kariera\">\r\n<div class=\"uk-modal-dialog\"> <a class=\"uk-modal-close uk-close\"><\/a>\r\n<h2 class=\"h2-red-left-line\">Zv\u00e1ra\u010d <b>111,135\/136,138\/141<\/b><\/h2>\r\n<p><strong>Druh pracovn\u00e9ho pomeru:<\/strong><\/p>\r\n<ul>\r\n\t<li>\u017eivnos\u0165<\/li>\r\n<\/ul>\r\n<p><strong>\u0160pecifik\u00e1cie pr\u00e1ce:<\/strong><\/p>\r\n<ul>\r\n\t<li><span style=\"font-weight: 400;\"> zv\u00e1ranie strojov a\u00a0zariaden\u00ed pre automobilov\u00fd a\u00a0potravin\u00e1rsky priemysel (elektr\u00f3da, MIG\/MAG, TIG\/WIG)<\/span><\/li>\r\n\t<li><span style=\"font-weight: 400;\"> zv\u00e1ranie oce\u013eov\u00fdch kon\u0161trukci\u00ed (elektr\u00f3da, MIG\/MAG)<\/span><\/li>\r\n\t<li><span style=\"font-weight: 400;\"> zv\u00e1ranie podvozkov pre vojensk\u00e9 vozidl\u00e1 (elektr\u00f3da, MIG\/MAG, TIG\/WIG)<\/span><\/li>\r\n\t<li><span style=\"font-weight: 400;\"> zv\u00e1ranie potrub\u00ed v\u00a0chemickom, potravin\u00e1rskom a\u00a0stroj\u00e1rskom priemysle (MIG\/MAG, TIG\/WIG)<\/span><\/li>\r\n\t<li><span style=\"font-weight: 400;\"> \u010dierny\/biely zv\u00e1rac\u00ed proces 141 alebo 111 &gt; \u00d8 30, hr\u00fabka steny 12mm, materi\u00e1lov\u00e1 skupina FM6<\/span><\/li>\r\n\t<li><span style=\"font-weight: 400;\"> \u010dierna\/biela zv\u00e1racia technika, zv\u00e1ranie 141 \u00d8 21,3 \u2013 42,4, hr\u00fabka steny 2mm, materi\u00e1lov\u00e1 skupina FM6<\/span><\/li>\r\n<\/ul>\r\n<p><strong>Osobn\u00e9 predpoklady a\u00a0zru\u010dnosti:<\/strong><\/p>\r\n<ul>\r\n\t<li>manu\u00e1lna zru\u010dnos\u0165 a\u00a0technick\u00e9 myslenie<\/li>\r\n\t<li>ochota cestova\u0165<\/li>\r\n\t<li><span style=\"font-weight: 400;\">znalos\u0165 \u010d\u00edtania projektovej dokument\u00e1cie a technick\u00fdch v\u00fdkresov<\/span><\/li>\r\n\t<li>znalos\u0165 nemeck\u00e9ho jazyka v\u00fdhodou (NIE PODMIENKOU)<\/li>\r\n<\/ul>\r\n<p><strong>Po\u017eiadavky:<\/strong><\/p>\r\n<ul>\r\n\t<li><span style=\"font-weight: 400;\"> samostatnos\u0165 ako i\u00a0t\u00edmov\u00fd duch, spo\u013eahlivos\u0165, zodpovedn\u00fd pr\u00edstup k\u00a0pr\u00e1ci<\/span><\/li>\r\n\t<li><span style=\"font-weight: 400;\"> zdravotn\u00e1 sp\u00f4sobilos\u0165<\/span><\/li>\r\n\t<li><span style=\"font-weight: 400;\"> platn\u00e9 certifik\u00e1ty, licencie a\u00a0opr\u00e1vnenia na v\u00fdkon \u010dinnosti<\/span><\/li>\r\n\t<li><span style=\"font-weight: 400;\"> drobn\u00e9 administrat\u00edvne \u00fakony spojen\u00e9 s\u00a0vykon\u00e1vanou \u010dinnos\u0165ou<\/span><\/li>\r\n\t<li><span style=\"font-weight: 400;\"> zodpovednos\u0165 za pridelen\u00e9 pracovn\u00e9 n\u00e1radie a\u00a0pom\u00f4cky ako i\u00a0starostlivos\u0165 a\u00a0ich z\u00e1kladn\u00e1 \u00fadr\u017eba<\/span><\/li>\r\n\t<li><span style=\"font-weight: 400;\"> zodpovednos\u0165 za pridelen\u00e9 firemn\u00e9 vozidl\u00e1 a\u00a0poriadkumilovnos\u0165 na pracovisku ako i\u00a0na ubytovac\u00edch zariadeniach<\/span><\/li>\r\n<\/ul>\r\n<p><strong>Dopl\u0148uj\u00face inform\u00e1cie:<\/strong><\/p>\r\n<ul>\r\n\t<li>pravideln\u00e9 \u00fahrady fakt\u00far s\u00fa samozrejmos\u0165ou<\/li>\r\n\t<li>ubytovanie zabezpe\u010den\u00e9 a\u00a0n\u00e1klady na ubytovanie v\u00a0celkovej sume prepl\u00e1can\u00e9<\/li>\r\n\t<li>spolo\u010dnos\u0165 zabezpe\u010duje prepravu, eventu\u00e1lne hrad\u00ed n\u00e1klady spojen\u00e9 s\u00a0prepravou<\/li>\r\n\t<li>pr\u00e1ce vykon\u00e1van\u00e9 preva\u017ene v\u00a0interi\u00e9roch budov a\u00a0v\u00fdrobn\u00fdch h\u00e1l<\/li>\r\n\t<li>pr\u00e1ca vykon\u00e1van\u00e1 v\u00a0krajin\u00e1ch E\u00da (najm\u00e4 Nemecko, Franc\u00fazsko, Ve\u013ek\u00e1 Brit\u00e1nia, \u0160panielsko, Taliansko, Belgicko, Holandsko, \u0160vaj\u010diarsko, Rak\u00fasko, Slovinsko a\u00a0Po\u013esko)<\/li>\r\n\t<li>stabiln\u00e1 pr\u00e1ca zabezpe\u010den\u00e1 po\u010das cel\u00e9ho roka<\/li>\r\n<\/ul>\r\n<p><strong>Mzdov\u00e9 ohodnotenie:<\/strong><\/p>\r\n<ul>\r\n\t<li><strong> 2500\u20ac &#8211; 3800\u20ac mesa\u010dne<\/strong> (v z\u00e1vislosti od po\u010dtu odpracovan\u00fdch hod\u00edn, kvalifik\u00e1cie a\u00a0odbornosti)<\/li>\r\n<\/ul>\r\n<p><strong>In\u00e9:<\/strong><\/p>\r\n<ul>\r\n\t<li>spolo\u010dnos\u0165 uprednost\u0148uje dlhodob\u00fa spolupr\u00e1cu spojen\u00fa so vz\u00e1jomnou spokojnos\u0165ou<\/li>\r\n\t<li>mo\u017enos\u0165 sebarealiz\u00e1cie, kari\u00e9rneho a\u00a0profesijn\u00e9ho rastu<\/li>\r\n\t<li>individu\u00e1lny pr\u00edstup a\u00a0z\u00e1zemie stabilnej spolo\u010dnosti<\/li>\r\n<\/ul>\r\n<\/div>\r\n<\/div>\r\n<div class=\"uk-width-large-2-3 uk-width-medium-1-1 uk-width-small-1-1 uk-grid-margin tm-margin-xlarge uk-container-center jut-quotes-grid jut-quotes-grid-kariera \">\r\n<p class=\"p-jut-quotes\">Radi sa staneme s\u00fa\u010das\u0165ou Tvojej sebarealiz\u00e1cie. <br \/>\r\nAk nebude\u0161 vedie\u0165 tak \u0164a nau\u010d\u00edme, ak si slab\u00fd radi Ti pom\u00f4\u017eeme. <br \/>\r\nD\u00f4le\u017eit\u00e1 je Tvoja snaha a z\u00e1ujem. V\u0161etci sme s\u00fa\u010das\u0165ou jedn\u00e9ho t\u00edmu JUT s jasn\u00fdm cie\u013eom systematick\u00e9ho napredovania.<\/p>\r\n<\/div>\r\n<div class=\"uk-grid uk-margin-large uk-grid-large tm-margin-large\">\r\n<div class=\"uk-width-medium-1-1 uk-width-small-1-1 uk-container-center\">\r\n<h2 class=\"h-jut-horizontal-line\" style=\"text-align: center;\">Chcete sa sta\u0165 \u010dlenom n\u00e1\u0161ho t\u00edmu ?<\/h2>\r\n<p class=\"p-form-meta\">Po\u0161lite n\u00e1m svoj \u017eivotopis a budeme V\u00e1s kontaktova\u0165.<\/p>\r\n<\/div>\r\n<div class=\"uk-width-medium-1-2 uk-width-small-1-1 uk-container-center\">\n<div class=\"wpcf7 no-js\" id=\"wpcf7-f299-o1\" lang=\"sk-SK\" dir=\"ltr\">\n<div class=\"screen-reader-response\"><p role=\"status\" aria-live=\"polite\" aria-atomic=\"true\"><\/p> <ul><\/ul><\/div>\n<form action=\"\/jut-amp\/wp-json\/wp\/v2\/pages\/16#wpcf7-f299-o1\" method=\"post\" class=\"wpcf7-form init\" aria-label=\"Kontaktn\u00fd formul\u00e1r\" enctype=\"multipart\/form-data\" novalidate=\"novalidate\" data-status=\"init\">\n<div style=\"display: none;\">\n<input type=\"hidden\" name=\"_wpcf7\" value=\"299\" \/>\n<input type=\"hidden\" name=\"_wpcf7_version\" value=\"5.9.3\" \/>\n<input type=\"hidden\" name=\"_wpcf7_locale\" value=\"sk_SK\" \/>\n<input type=\"hidden\" name=\"_wpcf7_unit_tag\" value=\"wpcf7-f299-o1\" \/>\n<input type=\"hidden\" name=\"_wpcf7_container_post\" value=\"0\" \/>\n<input type=\"hidden\" name=\"_wpcf7_posted_data_hash\" value=\"\" \/>\n<input type=\"hidden\" name=\"_wpcf7_recaptcha_response\" value=\"\" \/>\n<\/div>\n<div class=\"uk-grid uk-grid-small  uk-margin-top jut-contact-1\">\n<div class=\"uk-width-medium-1-1\">\n    <span class=\"wpcf7-form-control-wrap\" data-name=\"your-name\"><input size=\"40\" class=\"wpcf7-form-control wpcf7-text wpcf7-validates-as-required\" aria-required=\"true\" aria-invalid=\"false\" placeholder=\"Meno a priezvisko\" value=\"\" type=\"text\" name=\"your-name\" \/><\/span> \n<\/div>\n<div class=\"uk-width-medium-1-2 uk-width-small-1-1\">\n    <span class=\"wpcf7-form-control-wrap\" data-name=\"your-tel\"><input size=\"40\" class=\"wpcf7-form-control wpcf7-tel wpcf7-validates-as-required wpcf7-text wpcf7-validates-as-tel\" aria-required=\"true\" aria-invalid=\"false\" placeholder=\"Tel. kontakt\" value=\"\" type=\"tel\" name=\"your-tel\" \/><\/span> \n<\/div>\n<div class=\"uk-width-medium-1-2 uk-width-small-1-1 \">\n    <span class=\"wpcf7-form-control-wrap\" data-name=\"your-email\"><input size=\"40\" class=\"wpcf7-form-control wpcf7-email wpcf7-validates-as-required wpcf7-text wpcf7-validates-as-email\" aria-required=\"true\" aria-invalid=\"false\" placeholder=\"E-mail\" value=\"\" type=\"email\" name=\"your-email\" \/><\/span> \n<\/div>\n<div class=\"uk-width-medium-1-1 cf-upload uk-text-center\">\n<p class=\"cf-p-upload\"> O ak\u00fa pracovn\u00fa poz\u00edciu m\u00e1te z\u00e1ujem ? <\/p>\n<span class=\"wpcf7-form-control-wrap\" data-name=\"menu-304\"><select class=\"wpcf7-form-control wpcf7-select wpcf7-validates-as-required jut-multistep-select\" aria-required=\"true\" aria-invalid=\"false\" name=\"menu-304\"><option value=\"Mont\u00e9r\/mechanik\">Mont\u00e9r\/mechanik<\/option><option value=\"Z\u00e1mo\u010dn\u00edk\/priprav\u00e1r\">Z\u00e1mo\u010dn\u00edk\/priprav\u00e1r<\/option><option value=\"Zv\u00e1ra\u010d 111,135\/136,138\/141\">Zv\u00e1ra\u010d 111,135\/136,138\/141<\/option><\/select><\/span>\n<\/br><\/br>\n<p class=\"cf-p-upload\"> Nahrajte svoj \u017eivotopis (form\u00e1t .pdf alebo .doc): <\/p>\n\n<span class=\"wpcf7-form-control-wrap\" data-name=\"file-925\"><input size=\"40\" class=\"wpcf7-form-control wpcf7-file wpcf7-validates-as-required\" accept=\".pdf,.doc,.docx,.jpg\" aria-required=\"true\" aria-invalid=\"false\" type=\"file\" name=\"file-925\" \/><\/span>\n <\/div>\n<div class=\"uk-width-medium-1-1 uk-text-center\">\n<p class=\"cf-p-meta\">Odoslan\u00edm spr\u00e1vy s\u00fahlas\u00edte so <a href=\"#jut-gdpr\" data-uk-modal=\"{center:true}\" >spracovan\u00edm osobn\u00fdch \u00fadajov<\/a>, ktor\u00e9 bud\u00fa pou\u017eit\u00e9 na kontaktovanie s Vami.<\/p>\n\n\n<div class=\"uk-button-wrap\">\n<input class=\"wpcf7-form-control wpcf7-submit has-spinner uk-button uk-button-primary\" type=\"submit\" value=\"Chcem sa sta\u0165 \u010dlenom t\u00edmu\" \/><\/div>\n<\/div>\n<\/div><div class=\"wpcf7-response-output\" aria-hidden=\"true\"><\/div>\n<\/form>\n<\/div>\n\r\n\r\n<p>&nbsp;<\/p>\r\n<p>&nbsp;<\/p>\r\n<p>&nbsp;<\/p>\r\n<\/div>\r\n<\/div>\r\n<div id=\"jut-gdpr\" class=\"uk-modal\">\r\n<div class=\"uk-modal-dialog\"> <a class=\"uk-modal-close uk-close\"><\/a>\r\n<h3 class=\"h-jut-horizontal-line\" style=\"text-align: center;\">S\u00fahlas so spracovan\u00edm osobn\u00fdch \u00fadajov<\/h3>\r\n<p style=\"text-align: justify;\">T\u00fdmto dobrovo\u013ene ude\u013eujete svoj s\u00fahlas so spracovan\u00edm Va\u0161ich osobn\u00fdch \u00fadajov spolo\u010dnosti JUT-AMP s.r.o., I\u010cO: 51068877, Oravsk\u00e1 Jasenica 627, Oravsk\u00e1 Jasenica 029 64 (\u010falej len &#8222;Spr\u00e1vca&#8220;), a to v s\u00falade s Nariaden\u00edm Eur\u00f3pskeho parlamentu a Rady ( E\u00da) 2016\/679 z 27. apr\u00edla 2016 o ochrane fyzick\u00fdch os\u00f4b pri spracovan\u00ed osobn\u00fdch \u00fadajov a vo\u013enom pohybe t\u00fdchto \u00fadajov a o zru\u0161en\u00ed smernice 95\/46 \/ ES (v\u0161eobecn\u00e9 nariadenie o ochrane osobn\u00fdch \u00fadajov) (GDPR) a z\u00e1konom \u010d. 18\/2018 Z. z. o ochrane osobn\u00fdch \u00fadajov<\/p>\r\n<p style=\"text-align: justify;\">Svoj s\u00fahlas poskytujete pre \u00fa\u010dely elektronickej komunik\u00e1cie, tj. Poskytovanie inform\u00e1ci\u00ed elektronickou po\u0161tou \u010di telefonicky.<\/p>\r\n<p style=\"text-align: justify;\">Rozsah spracovanie Va\u0161ich osobn\u00fdch \u00fadajov je toto\u017en\u00fd s rozsahom \u00fadajov obsiahnut\u00fdch v tomto formul\u00e1ri, tj. Meno, priezvisko, e-mailov\u00fa adresu a telef\u00f3nne \u010d\u00edslo, pr\u00edpadne \u010fal\u0161ie osobn\u00e9 \u00fadaje, ktor\u00e9 n\u00e1m ozn\u00e1mite.<\/p>\r\n<p style=\"text-align: justify;\">Tento s\u00fahlas so spracovan\u00edm osobn\u00fdch \u00fadajov ude\u013eujete na dobu 36 mesiacov od jeho udelenia.<\/p>\r\n<p style=\"text-align: justify;\">Svoj s\u00fahlas m\u00f4\u017eete kedyko\u013evek odvola\u0165, a to v p\u00edsomnej podobe doru\u010den\u00edm na adresu pre doru\u010dovanie spolo\u010dnosti JUT-AMP, s.r.o., alebo elektronicky na e-mailovej adrese info@jut.sk<\/p>\r\n<p style=\"text-align: justify;\">Spr\u00e1vca bude s Va\u0161imi osobn\u00fdmi \u00fadajmi naklada\u0165 zodpovedne v s\u00falade s platn\u00fdmi pr\u00e1vnymi predpismi. Na webov\u00fdch str\u00e1nkach Spr\u00e1vca s\u00fa dostupn\u00e9 podrobn\u00e9 inform\u00e1cie o spracovan\u00ed osobn\u00fdch \u00fadajov dotknut\u00fdch os\u00f4b, vr\u00e1tane uvedenia \u010fal\u0161\u00edch pr\u00e1v s t\u00fdmto spracovan\u00edm spojen\u00fdch.<\/p>\r\n<p style=\"text-align: justify;\">Ak m\u00e1te za to, \u017ee s Va\u0161imi osobn\u00fdmi \u00fadajmi naklad\u00e1 Spr\u00e1vca v rozpore so z\u00e1konom, m\u00f4\u017eete ho kedyko\u013evek po\u017eiada\u0165 o n\u00e1pravu, a to na e-mailovej adrese info@jut.sk.<\/p>\r\n<\/div>\r\n<\/div>","protected":false},"excerpt":{"rendered":"<p>Pr\u00e1ca v JUT-AMP JUT-AMP s.r.o. je dynamicky rozv\u00edjaj\u00faca sa spolo\u010dnos\u0165 s oblas\u0165ou p\u00f4sobnosti v automobilovom, potravin\u00e1rskom, chemickom priemysle, ale i v logistike. Firma poskytuje z\u00e1mo\u010dn\u00edcke \u010dinnosti, zv\u00e1ra\u010dsk\u00e9 pr\u00e1ce a mechanick\u00e9 slu\u017eby mont\u00e1\u017e\u00ed\/demont\u00e1\u017e\u00ed, relok\u00e1cii dopravn\u00edkov a technol\u00f3gi\u00ed ak\u00e9hoko\u013evek druhu. Sme spolo\u010dnos\u0165, ktor\u00e1 dr\u017e\u00ed slovo ! \u00a0 \u00a0 mont\u00e9r \/ mechanik Viac inform\u00e1ci\u00ed Viac inform\u00e1ci\u00ed \u00a0 \u00a0 [&hellip;]<\/p>\n","protected":false},"author":1,"featured_media":0,"parent":0,"menu_order":0,"comment_status":"closed","ping_status":"closed","template":"","meta":{"inline_featured_image":false,"mrp_rating_form_position":"","mrp_rating_results_position":"","mrp_structured_data_type":"","mrp_allow_anonymous":"","mrp_rating_form_id":"","footnotes":""},"multi-rating-pro":{"mrp_rating_result_1":[],"rating_form":1},"_links":{"self":[{"href":"https:\/\/jut.sk\/jut-amp\/wp-json\/wp\/v2\/pages\/16"}],"collection":[{"href":"https:\/\/jut.sk\/jut-amp\/wp-json\/wp\/v2\/pages"}],"about":[{"href":"https:\/\/jut.sk\/jut-amp\/wp-json\/wp\/v2\/types\/page"}],"author":[{"embeddable":true,"href":"https:\/\/jut.sk\/jut-amp\/wp-json\/wp\/v2\/users\/1"}],"replies":[{"embeddable":true,"href":"https:\/\/jut.sk\/jut-amp\/wp-json\/wp\/v2\/comments?post=16"}],"version-history":[{"count":54,"href":"https:\/\/jut.sk\/jut-amp\/wp-json\/wp\/v2\/pages\/16\/revisions"}],"predecessor-version":[{"id":3399,"href":"https:\/\/jut.sk\/jut-amp\/wp-json\/wp\/v2\/pages\/16\/revisions\/3399"}],"wp:attachment":[{"href":"https:\/\/jut.sk\/jut-amp\/wp-json\/wp\/v2\/media?parent=16"}],"curies":[{"name":"wp","href":"https:\/\/api.w.org\/{rel}","templated":true}]}}