{"id":159,"date":"2019-11-06T07:28:28","date_gmt":"2019-11-06T06:28:28","guid":{"rendered":"http:\/\/jut.sk\/jut-amp\/?page_id=159"},"modified":"2019-12-16T11:01:40","modified_gmt":"2019-12-16T10:01:40","slug":"eticky-kodex","status":"publish","type":"page","link":"https:\/\/jut.sk\/jut-amp\/o-spolocnosti\/eticky-kodex\/","title":{"rendered":"Etick\u00fd k\u00f3dex"},"content":{"rendered":"<h1 class=\"h1-jut h-jut-vertical-line\">Etick\u00fd k\u00f3dex spolo\u010dnosti JUT<\/h1>\r\n<ol class=\"article-numbered\">\r\n\t<li>\r\n<h4>Dodr\u017eiavanie platn\u00fdch z\u00e1konov a\u00a0legislat\u00edv.<\/h4>\r\n<p>Striktne db\u00e1me na dodr\u017eiavanie platn\u00fdch z\u00e1konov, pr\u00e1vnych predpisov, legislat\u00edv a\u00a0noriem nie len na \u00fazem\u00ed Slovenska, ale i\u00a0vo v\u0161etk\u00fdch krajin\u00e1ch sveta kde p\u00f4sob\u00edme. Pru\u017ene reagujeme na\u00a0noveliz\u00e1cie a\u00a0\u00fapravy z\u00e1konov, nariaden\u00ed a noriem, ktor\u00e9 nie len sledujeme ale i\u00a0dodr\u017eiavame. Na\u0161e \u010dinnosti vykon\u00e1vame i nad r\u00e1mec z\u00e1konn\u00fdch povinnost\u00ed.<\/p>\r\n<\/li>\r\n\t<li>\r\n<h4>Spokojnos\u0165 z\u00e1kazn\u00edka je na\u0161\u00edm hlavn\u00fdm cie\u013eom.<\/h4>\r\n<p>Sna\u017e\u00edme sa o\u00a0f\u00e9rovos\u0165 a\u00a0korektnos\u0165 vo\u010di na\u0161im z\u00e1kazn\u00edkom, ale i\u00a0na\u0161im pracovn\u00edkom. Rob\u00edme v\u0161etko pre to, aby sme naplnili po\u017eiadavky na\u0161ich z\u00e1kazn\u00edkov. Neust\u00e1le sa sna\u017e\u00edme o\u00a0zdokona\u013eovanie poskytovan\u00fdch pr\u00e1c a\u00a0slu\u017eieb. Systematick\u00e9 zlep\u0161ovanie je na\u0161\u00edm hnac\u00edm motorom. Chr\u00e1nime v\u0161etky d\u00e1ta a\u00a0db\u00e1me na bezpe\u010dnos\u0165 citliv\u00fdch inform\u00e1cii a\u00a0osobn\u00fdch \u00fadajov.<\/p>\r\n<\/li>\r\n\t<li>\r\n<h4>Profesionalita.<\/h4>\r\n<p>V\u017edy sa sna\u017e\u00edme o\u00a0profesion\u00e1lne jednanie s\u00a0d\u00f4razom na odbornos\u0165. Riadne \u00fa\u010dtujeme v\u0161etky ekonomick\u00e9 transakcie a\u00a0vedieme pravdiv\u00e9 \u00fadaje o\u00a0stave hospod\u00e1renia. Ku ka\u017edej po\u017eiadavke pristupujeme individu\u00e1lne a\u00a0nezab\u00fadame pritom na mor\u00e1lne z\u00e1sady.<\/p>\r\n<\/li>\r\n\t<li>\r\n<h4>Stabilita.<\/h4>\r\n<p>Patr\u00edme k\u00a0najstabilnej\u0161\u00edm spolo\u010dnostiam na trhu a\u00a0zaklad\u00e1me si na dodr\u017eiavan\u00ed vopred stanoven\u00fdch doh\u00f4d a\u00a0zml\u00fav. Sme siln\u00fdm a\u00a0stabiln\u00fdm partnerom vo\u010di na\u0161im z\u00e1kazn\u00edkom a\u00a0na druhej strane pre na\u0161ich dod\u00e1vate\u013eov sme z\u00e1rukou pevnej spolo\u010dnosti, ktor\u00e1 pln\u00ed v\u0161etky svoje z\u00e1v\u00e4zky.<\/p>\r\n<\/li>\r\n\t<li>\r\n<h4>F\u00e9rovos\u0165.<\/h4>\r\n<p>Sna\u017e\u00edme sa v\u017edy vyhovie\u0165 po\u017eiadavk\u00e1m nad r\u00e1mec potvrden\u00fdch zml\u00fav a\u00a0doh\u00f4d. Pristupujeme k\u00a0na\u0161im dod\u00e1vate\u013eom individu\u00e1lne a \u013eudsky s\u00a0prihliadnut\u00edm na v\u0161etky nep\u00edsan\u00e9 mor\u00e1lne z\u00e1kony. Sme partnerom ktor\u00fd dr\u017e\u00ed slovo!<\/p>\r\n<\/li>\r\n\t<li>\r\n<h4>Re\u0161pektujeme pr\u00e1va a\u00a0povinnosti v\u0161etk\u00fdch na\u0161ich pracovn\u00edkov.<\/h4>\r\n<p>Zaru\u010dujeme rovnak\u00e9 podmienky a\u00a0pr\u00edle\u017eitosti bez oh\u013eadu na etnick\u00fa pr\u00edslu\u0161nos\u0165, n\u00e1rodnos\u0165, farbu pleti, pohlavie, n\u00e1bo\u017eenstvo alebo in\u00e9 odli\u0161n\u00e9 charakteristiky. Vr\u00facne a\u00a0oh\u013eaduplne sa chov\u00e1me najm\u00e4 k\u00a0handicapovan\u00fdm, star\u0161\u00edm a\u00a0k\u00a0\u013eu\u010fom s\u00a0v\u00e1\u017enymi zdravotn\u00fdmi probl\u00e9mami. Neprip\u00fa\u0161\u0165ame a\u00a0odmietame ak\u00e9ko\u013evek diskrimina\u010dn\u00e9 chovanie a\u00a0jednanie.<\/p>\r\n<\/li>\r\n\t<li>\r\n<h4>Neprip\u00fa\u0161\u0165ame mo\u017enos\u0165 stretu osobn\u00fdch z\u00e1ujmov so z\u00e1ujmami skupiny JUT.<\/h4>\r\n<p>\u017diadne pracovn\u00e9 rozhodnutia nem\u00f4\u017eu by\u0165 ovplyv\u0148ovan\u00e9 individu\u00e1lnymi, rodinn\u00fdmi, priate\u013esk\u00fdmi z\u00e1ujmami a\u00a0n\u00e1klonnos\u0165ou. Du\u0161evn\u00e9 vlastn\u00edctvo, obchodn\u00e9 tajomstv\u00e1 a\u00a0v\u0161etko majetok d\u00f4kladne chr\u00e1nime a\u00a0str\u00e1\u017eime.<\/p>\r\n<\/li>\r\n\t<li>\r\n<h4>Vn\u00edmame spolo\u010densk\u00fa zodpovednos\u0165.<\/h4>\r\n<p>Usilujeme sa o\u00a0minimaliz\u00e1ciu negat\u00edvnych dopadov z na\u0161ej podnikate\u013eskej \u010dinnosti na \u017eivotn\u00e9 prostredie a\u00a0dotknut\u00e9 komunity. So v\u0161etkou \u00factou vn\u00edmame odkazy prech\u00e1dzaj\u00facich gener\u00e1cii a\u00a0spolo\u010dne sa sna\u017e\u00edme o\u00a0vytv\u00e1ranie odkazov pre gener\u00e1cie po n\u00e1s.<\/p>\r\n<\/li>\r\n\t<li>\r\n<h4>Trv\u00e1me na dodr\u017eiavan\u00ed etick\u00e9ho k\u00f3dexu.<\/h4>\r\n<p>Ka\u017ed\u00fd z\u00a0\u010dlenov skupiny JUT je obozn\u00e1men\u00fd s\u00a0Etick\u00fdm k\u00f3dexom skupiny JUT a\u00a0je povinn\u00fd sa n\u00edm riadi\u0165 a\u00a0z\u00e1v\u00e4zne ho dodr\u017eiava\u0165. Pri akomko\u013evek n\u00e1znaku poru\u0161ovania stanoven\u00e9ho k\u00f3dexu s\u00fa vo\u010di dan\u00fdm osob\u00e1m a\u00a0subjektom podniknut\u00e9 kroky k\u00a0n\u00e1prave na z\u00e1klade celkovej z\u00e1va\u017enosti poru\u0161en\u00ed. T\u00fdmto \u017eiadame i\u00a0spolupracovn\u00edkov, aby ak\u00fdko\u013evek n\u00e1znak oznamoval svojim priamym nadriaden\u00fdm a\u00a0t\u00fdm pom\u00e1hal ku spolo\u010dn\u00e9mu napredovaniu spolo\u010dnosti ako celku. Nezab\u00fadajme, \u017ee sme t\u00edm a\u00a0v\u0161etci \u0165ah\u00e1me za jednu stranu povrazu!<\/p>\r\n<\/li>\r\n<\/ol>\r\n<\/br><\/br><\/br><\/br>","protected":false},"excerpt":{"rendered":"<p>Etick\u00fd k\u00f3dex spolo\u010dnosti JUT Dodr\u017eiavanie platn\u00fdch z\u00e1konov a\u00a0legislat\u00edv. Striktne db\u00e1me na dodr\u017eiavanie platn\u00fdch z\u00e1konov, pr\u00e1vnych predpisov, legislat\u00edv a\u00a0noriem nie len na \u00fazem\u00ed Slovenska, ale i\u00a0vo v\u0161etk\u00fdch krajin\u00e1ch sveta kde p\u00f4sob\u00edme. Pru\u017ene reagujeme na\u00a0noveliz\u00e1cie a\u00a0\u00fapravy z\u00e1konov, nariaden\u00ed a noriem, ktor\u00e9 nie len sledujeme ale i\u00a0dodr\u017eiavame. Na\u0161e \u010dinnosti vykon\u00e1vame i nad r\u00e1mec z\u00e1konn\u00fdch povinnost\u00ed. Spokojnos\u0165 z\u00e1kazn\u00edka je [&hellip;]<\/p>\n","protected":false},"author":1,"featured_media":0,"parent":10,"menu_order":0,"comment_status":"closed","ping_status":"closed","template":"","meta":{"inline_featured_image":false,"mrp_rating_form_position":"","mrp_rating_results_position":"","mrp_structured_data_type":"","mrp_allow_anonymous":"","mrp_rating_form_id":"","footnotes":""},"multi-rating-pro":{"mrp_rating_result_1":[],"rating_form":1},"_links":{"self":[{"href":"https:\/\/jut.sk\/jut-amp\/wp-json\/wp\/v2\/pages\/159"}],"collection":[{"href":"https:\/\/jut.sk\/jut-amp\/wp-json\/wp\/v2\/pages"}],"about":[{"href":"https:\/\/jut.sk\/jut-amp\/wp-json\/wp\/v2\/types\/page"}],"author":[{"embeddable":true,"href":"https:\/\/jut.sk\/jut-amp\/wp-json\/wp\/v2\/users\/1"}],"replies":[{"embeddable":true,"href":"https:\/\/jut.sk\/jut-amp\/wp-json\/wp\/v2\/comments?post=159"}],"version-history":[{"count":5,"href":"https:\/\/jut.sk\/jut-amp\/wp-json\/wp\/v2\/pages\/159\/revisions"}],"predecessor-version":[{"id":1950,"href":"https:\/\/jut.sk\/jut-amp\/wp-json\/wp\/v2\/pages\/159\/revisions\/1950"}],"up":[{"embeddable":true,"href":"https:\/\/jut.sk\/jut-amp\/wp-json\/wp\/v2\/pages\/10"}],"wp:attachment":[{"href":"https:\/\/jut.sk\/jut-amp\/wp-json\/wp\/v2\/media?parent=159"}],"curies":[{"name":"wp","href":"https:\/\/api.w.org\/{rel}","templated":true}]}}