{"id":10,"date":"2019-10-17T10:44:09","date_gmt":"2019-10-17T08:44:09","guid":{"rendered":"http:\/\/jut.sk\/jut-amp\/?page_id=10"},"modified":"2020-03-11T09:07:26","modified_gmt":"2020-03-11T08:07:26","slug":"o-spolocnosti","status":"publish","type":"page","link":"https:\/\/jut.sk\/jut-amp\/o-spolocnosti\/","title":{"rendered":"O Spolo\u010dnosti"},"content":{"rendered":"<h1 class=\"h1-jut h-jut-horizontal-line\">O Spolo\u010dnosti<\/h1>\r\n<div class=\"uk-grid\">\r\n<div class=\"uk-width-large-8-10 uk-width-medium-1-1 uk-container-center jut-windows-o-spolocnosti\">\r\n<p class=\"p1\" style=\"text-align: center;\"><span class=\"s1\">Spolo\u010dnos\u0165 JUT &#8211; AMP s.r.o. je s\u00fa\u010das\u0165ou skupiny JUT a je stabilnou spolo\u010dnos\u0165ou schopnou pl\u00e1nova\u0165, riadi\u0165 a \u00faspe\u0161ne ukon\u010di\u0165 projekty na dom\u00e1com alebo eur\u00f3pskom trhu.<br \/>\r\nCie\u013eom firmy nie je ma\u0165 \u010do najv\u00e4\u010d\u0161\u00ed zisk, no najm\u00e4 ma\u0165 dlhodobo spokojn\u00fdch obchodn\u00fdch partnerov, ktor\u00ed bud\u00fa radi spolupracova\u0165 s na\u0161\u00edm t\u00edmom.<\/span><\/p>\r\n<div class=\"uk-grid jut-windows\">\r\n<div class=\"uk-width-large-1-4 uk-width-medium-1-4 uk-width-small-1-2 uk-grid-margin uk-row-first\">\r\n<div class=\"uk-panel jut-window-4\">\r\n<div class=\"jut-window-image\">\u00a0<\/div>\r\n<div class=\"jut-window-gradient\">\u00a0<\/div>\r\n<div class=\"jut-window-caption\">\r\n<h3 class=\"jut-window-title\">Organiza\u010dn\u00e1 \u0161trukt\u00fara<\/h3>\r\n<\/div>\r\n<p>Viac inform\u00e1ci\u00ed <img decoding=\"async\" class=\"jut-sipka-window-right\" src=\"https:\/\/jut.sk\/wp-content\/uploads\/2019\/10\/arrow-right-white.svg\" \/><\/p>\r\n<a href=\"#organizacna-vo-vystavbe\" data-uk-modal=\"{center:true}\">Viac inform\u00e1ci\u00ed<\/a><\/div>\r\n<\/div>\r\n<!-- Modal -->\r\n<div id=\"organizacna-vo-vystavbe\" class=\"uk-modal\">\r\n<div class=\"uk-modal-dialog\">\r\n<h3 class=\"uk-text-center h-jut-horizontal-line\">Sekciu &#8222;Organiza\u010dn\u00e1 \u0161trukt\u00fara&#8220; pripravujeme<\/h3>\r\n<p class=\"uk-text-center\">\u010eakujeme za porozumenie T\u00edm JUT<\/p>\r\n<\/div>\r\n<\/div>\r\n<div class=\"uk-width-large-1-4 uk-width-medium-1-4 uk-width-small-1-2 uk-grid-margin\">\r\n<div class=\"uk-panel jut-window-2\">\r\n<div class=\"jut-window-image\">\u00a0<\/div>\r\n<div class=\"jut-window-gradient\">\u00a0<\/div>\r\n<div class=\"jut-window-caption\">\r\n<h3 class=\"jut-window-title\">Obory p\u00f4sobnosti<\/h3>\r\n<\/div>\r\n<p>Viac inform\u00e1ci\u00ed <img decoding=\"async\" class=\"jut-sipka-window-right\" src=\"https:\/\/jut.sk\/wp-content\/uploads\/2019\/10\/arrow-right-white.svg\" \/><\/p>\r\n<a href=\"https:\/\/jut.sk\/jut-amp\/obory-posobnosti\/\">Viac inform\u00e1ci\u00ed<\/a><\/div>\r\n<\/div>\r\n<div class=\"uk-width-large-1-4 uk-width-medium-1-4 uk-width-small-1-2 uk-grid-margin\">\r\n<div class=\"uk-panel jut-window-6\">\r\n<div class=\"jut-window-image\">\u00a0<\/div>\r\n<div class=\"jut-window-gradient\">\u00a0<\/div>\r\n<div class=\"jut-window-caption\">\r\n<h3 class=\"jut-window-title\">Etick\u00fd k\u00f3dex spolo\u010dnosti<\/h3>\r\n<\/div>\r\n<p>Viac inform\u00e1ci\u00ed <img decoding=\"async\" class=\"jut-sipka-window-right\" src=\"https:\/\/jut.sk\/wp-content\/uploads\/2019\/10\/arrow-right-white.svg\" \/><\/p>\r\n<a href=\"https:\/\/jut.sk\/jut-amp\/o-spolocnosti\/eticky-kodex\/\">Viac inform\u00e1ci\u00ed<\/a><\/div>\r\n<\/div>\r\n<div class=\"uk-width-large-1-4 uk-width-medium-1-4 uk-width-small-1-2 uk-grid-margin\">\r\n<div class=\"uk-panel jut-window-7\">\r\n<div class=\"jut-window-image\">\u00a0<\/div>\r\n<div class=\"jut-window-gradient\">\u00a0<\/div>\r\n<div class=\"jut-window-caption\">\r\n<h3 class=\"jut-window-title\">Hist\u00f3ria a finan\u010dn\u00e9 ukazovatele firmy<\/h3>\r\n<\/div>\r\n<p>Viac inform\u00e1ci\u00ed <img decoding=\"async\" class=\"jut-sipka-window-right\" src=\"https:\/\/jut.sk\/wp-content\/uploads\/2019\/10\/arrow-right-white.svg\" \/><\/p>\r\n<a href=\"https:\/\/jut.sk\/jut-amp\/o-spolocnosti\/historia-a-financne-ukazovatele-firmy\/\">Viac inform\u00e1ci\u00ed<\/a><\/div>\r\n<\/div>\r\n<\/div>\r\n<\/div>\r\n<\/div>\r\n<p>&nbsp;<\/p>\r\n<div class=\"uk-grid uk-margin-large uk-grid-large tm-margin-xlarge\" data-uk-grid-match=\"\">\r\n<div class=\"uk-width-large-6-10 uk-width-medium-6-10 jut-kvality-icons-wrapper\">\r\n<div class=\"uk-grid jut-kvality\">\r\n<div class=\"uk-width-small-1-3\">\r\n<div class=\"jut-tooltip\" title=\"Sme spolo\u010dnos\u0165, ktor\u00e1 dr\u017e\u00ed slovo!\" data-uk-tooltip=\"{pos:'top',animation:true}\"><img loading=\"lazy\" decoding=\"async\" class=\"wp-image-129 aligncenter\" src=\"https:\/\/jut.sk\/jut-amp\/wp-content\/uploads\/sites\/4\/2019\/10\/jut-ferovost-1.svg\" alt=\"\" width=\"93\" height=\"112\" \/>\r\n<h4>F\u00e9rovos\u0165<\/h4>\r\n<\/div>\r\n<\/div>\r\n<div class=\"uk-width-small-1-3\">\r\n<div class=\"jut-tooltip\" title=\"O\u010dak\u00e1vajte profesion\u00e1lny a individu\u00e1lny pr\u00edstup!\" data-uk-tooltip=\"{pos:'top',animation:true}\"><img loading=\"lazy\" decoding=\"async\" class=\"wp-image-130 aligncenter\" src=\"https:\/\/jut.sk\/jut-amp\/wp-content\/uploads\/sites\/4\/2019\/10\/jut-profesionalita-1.svg\" alt=\"\" width=\"54\" height=\"113\" \/>\r\n<h4>Profesionalita<\/h4>\r\n<\/div>\r\n<\/div>\r\n<div class=\"uk-width-small-1-3\">\r\n<div class=\"jut-tooltip\" title=\"S nami budete ma\u0165 v\u017edy pocit istoty!\" data-uk-tooltip=\"{pos:'top',animation:true}\"><img loading=\"lazy\" decoding=\"async\" class=\"wp-image-128 aligncenter\" src=\"https:\/\/jut.sk\/jut-amp\/wp-content\/uploads\/sites\/4\/2019\/10\/jut-stabilita-1.svg\" alt=\"\" width=\"93\" height=\"112\" \/>\r\n<h4>Stabilita<\/h4>\r\n<\/div>\r\n<\/div>\r\n<\/div>\r\n<\/div>\r\n<div class=\"uk-width-large-4-10 uk-width-medium-4-10 uk-vertical-align jut-kvality-header-wrapper\">\r\n<div class=\"jut-kvality-border uk-vertical-align-top uk-visible-small\">Hodnoty na ktor\u00fdch si zaklad\u00e1me<\/div>\r\n<div class=\"jut-kvality-header uk-vertical-align-middle uk-hidden-small\">Hodnoty na ktor\u00fdch si zaklad\u00e1me<\/div>\r\n<\/div>\r\n<\/div>\r\n<div id=\"jut-mapa-kde-posobime\" class=\"uk-grid uk-margin-large uk-grid-large tm-margin-xlarge\">\r\n<div class=\"uk-width-large-6-10 uk-width-medium-1-1 tm-padding-large\"><div id=\"chartdiv\"><\/div><\/div>\r\n<div class=\"uk-width-large-4-10 uk-width-medium-1-1 tm-padding-large\">\r\n<h2 class=\"h2-red-left-line\">Kde p\u00f4sob\u00edme<\/h2>\r\n<p style=\"text-align: justify;\">Sme hrd\u00fdm a spo\u013eahliv\u00fdm dod\u00e1vate\u013eom investorov a na\u0161ich partnerov na Eur\u00f3pskom trhu.<\/p>\r\n<p style=\"text-align: justify;\">V\u00fdsledky na\u0161ich pr\u00e1c u\u017e m\u00f4\u017eete vidie\u0165 skrz viac ako <b><span class=\"count1\">100<\/span> realizovan\u00fdch projektov po celej Eur\u00f3pe.<\/b><\/p>\r\n<p style=\"text-align: justify;\">Zabezpe\u010dujeme a prin\u00e1\u0161ame komplexn\u00e9 rie\u0161enia mont\u00e1\u017enych mechanick\u00fdch a zv\u00e1ra\u010dsk\u00fdch pr\u00e1c v automobilovom, potravin\u00e1rskom a chemickom priemysle.<\/p>\r\n<div class=\"jut-cta-button\"><a class=\"uk-button uk-button-primary\" href=\"https:\/\/jut.sk\/jut-amp\/kontakt\/\">Prejs\u0165 na kontakty<\/a><\/div>\r\n<\/div>\r\n<\/div>","protected":false},"excerpt":{"rendered":"<p>O Spolo\u010dnosti Spolo\u010dnos\u0165 JUT &#8211; AMP s.r.o. je s\u00fa\u010das\u0165ou skupiny JUT a je stabilnou spolo\u010dnos\u0165ou schopnou pl\u00e1nova\u0165, riadi\u0165 a \u00faspe\u0161ne ukon\u010di\u0165 projekty na dom\u00e1com alebo eur\u00f3pskom trhu. Cie\u013eom firmy nie je ma\u0165 \u010do najv\u00e4\u010d\u0161\u00ed zisk, no najm\u00e4 ma\u0165 dlhodobo spokojn\u00fdch obchodn\u00fdch partnerov, ktor\u00ed bud\u00fa radi spolupracova\u0165 s na\u0161\u00edm t\u00edmom. \u00a0 \u00a0 Organiza\u010dn\u00e1 \u0161trukt\u00fara Viac inform\u00e1ci\u00ed [&hellip;]<\/p>\n","protected":false},"author":1,"featured_media":0,"parent":0,"menu_order":0,"comment_status":"closed","ping_status":"closed","template":"","meta":{"inline_featured_image":false,"mrp_rating_form_position":"","mrp_rating_results_position":"","mrp_structured_data_type":"","mrp_allow_anonymous":"","mrp_rating_form_id":"","footnotes":""},"multi-rating-pro":{"mrp_rating_result_1":[],"rating_form":1},"_links":{"self":[{"href":"https:\/\/jut.sk\/jut-amp\/wp-json\/wp\/v2\/pages\/10"}],"collection":[{"href":"https:\/\/jut.sk\/jut-amp\/wp-json\/wp\/v2\/pages"}],"about":[{"href":"https:\/\/jut.sk\/jut-amp\/wp-json\/wp\/v2\/types\/page"}],"author":[{"embeddable":true,"href":"https:\/\/jut.sk\/jut-amp\/wp-json\/wp\/v2\/users\/1"}],"replies":[{"embeddable":true,"href":"https:\/\/jut.sk\/jut-amp\/wp-json\/wp\/v2\/comments?post=10"}],"version-history":[{"count":75,"href":"https:\/\/jut.sk\/jut-amp\/wp-json\/wp\/v2\/pages\/10\/revisions"}],"predecessor-version":[{"id":2903,"href":"https:\/\/jut.sk\/jut-amp\/wp-json\/wp\/v2\/pages\/10\/revisions\/2903"}],"wp:attachment":[{"href":"https:\/\/jut.sk\/jut-amp\/wp-json\/wp\/v2\/media?parent=10"}],"curies":[{"name":"wp","href":"https:\/\/api.w.org\/{rel}","templated":true}]}}