{"id":6,"date":"2019-10-17T10:43:27","date_gmt":"2019-10-17T08:43:27","guid":{"rendered":"http:\/\/jut.sk\/jut-ael\/?page_id=6"},"modified":"2020-01-17T09:03:44","modified_gmt":"2020-01-17T08:03:44","slug":"uvod","status":"publish","type":"page","link":"https:\/\/jut.sk\/jut-ael\/","title":{"rendered":"\u00davod"},"content":{"rendered":"<div class=\"uk-grid uk-margin-large uk-grid-large tm-margin-xlarge\">\r\n<div class=\"uk-width-large-4-10 uk-width-medium-1-1 tm-padding-large\">\r\n<h2 class=\"h2-red-left-line\">O spolo\u010dnosti<\/h2>\r\n<p style=\"text-align: justify;\">JUT &#8211; AEL s.r.o. p\u00f4sob\u00ed na trhu od roku 2017 a poskytuje svoje <b> slu\u017eby v oblasti automatiz\u00e1cie industri\u00e1lneho odvetvia <\/b> v krajin\u00e1ch Eur\u00f3py i sveta.<\/p>\r\n<p style=\"text-align: justify;\">Spolo\u010dnos\u0165 vznikla roz\u0161\u00edren\u00edm portf\u00f3lia \u0161pecializ\u00e1cie elektroin\u0161tal\u00e1ci\u00ed spolo\u010dnosti JUT-EL s.r.o. pre odvetvie automatiz\u00e1cie priemyslu.<\/p>\r\n<p style=\"text-align: justify;\">JUT &#8211; AEL s.r.o. je technicky vyspelou spolo\u010dnos\u0165ou v danom prostred\u00ed a za \u010das p\u00f4sobnosti si vybudovala siln\u00fa z\u00e1klad\u0148u a upevnila svoje postavenie najm\u00e4 v z\u00e1padnej Eur\u00f3pe.<\/p>\r\n<\/div>\r\n<div class=\"uk-width-large-6-10 uk-width-medium-1-1 tm-padding-large\">\r\n<div class=\"uk-grid jut-windows\">\r\n<div class=\"uk-width-large-1-3 uk-width-medium-1-3 uk-width-small-1-2 uk-grid-margin\">\r\n<div class=\"uk-panel jut-window-1\">\r\n<div class=\"jut-window-image\">\u00a0<\/div>\r\n<div class=\"jut-window-gradient\">\u00a0<\/div>\r\n<div class=\"jut-window-caption\">\r\n<h3 class=\"jut-window-title\">O Spolo\u010dnosti<\/h3>\r\n<\/div>\r\n<p>Viac inform\u00e1ci\u00ed <img decoding=\"async\" class=\"jut-sipka-window-right\" src=\"https:\/\/jut.sk\/wp-content\/uploads\/2019\/10\/arrow-right-white.svg\" \/><\/p>\r\n<a href=\"https:\/\/jut.sk\/jut-ael\/o-spolocnosti\/\">Viac inform\u00e1ci\u00ed<\/a><\/div>\r\n<\/div>\r\n<div class=\"uk-width-large-1-3 uk-width-medium-1-3 uk-width-small-1-2 uk-grid-margin\">\r\n<div class=\"uk-panel jut-window-ael-obory-posobnosti\">\r\n<div class=\"jut-window-image\">\u00a0<\/div>\r\n<div class=\"jut-window-gradient\">\u00a0<\/div>\r\n<div class=\"jut-window-caption\">\r\n<h3 class=\"jut-window-title\">Obory p\u00f4sobnosti<\/h3>\r\n<\/div>\r\n<p>Viac inform\u00e1ci\u00ed <img decoding=\"async\" class=\"jut-sipka-window-right\" src=\"https:\/\/jut.sk\/wp-content\/uploads\/2019\/10\/arrow-right-white.svg\" \/><\/p>\r\n<a href=\"https:\/\/jut.sk\/jut-ael\/obory-posobnosti\/\">Viac inform\u00e1ci\u00ed<\/a><\/div>\r\n<\/div>\r\n<div class=\"uk-width-large-1-3 uk-width-medium-1-3 uk-width-small-1-1 uk-grid-margin\">\r\n<div class=\"uk-panel jut-window-3\">\r\n<div class=\"jut-window-image\">\u00a0<\/div>\r\n<div class=\"jut-window-gradient\">\u00a0<\/div>\r\n<div class=\"jut-window-caption\">\r\n<h3 class=\"jut-window-title\">Kari\u00e9ra<\/h3>\r\n<\/div>\r\n<p>Viac inform\u00e1ci\u00ed <img decoding=\"async\" class=\"jut-sipka-window-right\" src=\"https:\/\/jut.sk\/wp-content\/uploads\/2019\/10\/arrow-right-white.svg\" \/><\/p>\r\n<a href=\"https:\/\/jut.sk\/jut-ael\/kariera\/\">Viac inform\u00e1ci\u00ed<\/a><\/div>\r\n<\/div>\r\n<\/div>\r\n<\/div>\r\n<\/div>\r\n<div class=\"uk-width-large-2-3 uk-width-medium-1-1 uk-width-small-1-1 uk-grid-margin uk-container-center jut-quotes-grid\">\r\n<p class=\"p-jut-quotes\">Patr\u00edme medzi najstabilnej\u0161\u00edch partnerov v oblasti elektroin\u0161tal\u00e1ci\u00ed a elektromont\u00e1\u017e\u00ed<\/p>\r\n<\/div>\r\n<div id=\"jut-mapa-kde-posobime\" class=\"uk-grid uk-margin-large uk-grid-large tm-margin-xlarge\">\r\n<div class=\"uk-width-large-6-10 uk-width-medium-1-1 tm-padding-large\"><div id=\"chartdiv\"><\/div><\/div>\r\n<div class=\"uk-width-large-4-10 uk-width-medium-1-1 tm-padding-large\">\r\n<h2 class=\"h2-red-left-line\">Kde p\u00f4sob\u00edme<\/h2>\r\n<p style=\"text-align: justify;\">Sme hrd\u00fdm a spo\u013eahliv\u00fdm dod\u00e1vate\u013eom investorov a na\u0161ich partnerov na Eur\u00f3pskom i svetovom trhu.<\/p>\r\n<p style=\"text-align: justify;\">V\u00fdsledky na\u0161ich pr\u00e1c u\u017e m\u00f4\u017eete vidie\u0165 vo viac ako <b><span class=\"count1\">8<\/span> krajin\u00e1ch Eur\u00f3py a sveta.<\/b><\/p>\r\n<p style=\"text-align: justify;\">Zabezpe\u010dujeme a prin\u00e1\u0161ame komplexn\u00e9 rie\u0161enia elektroin\u0161tal\u00e1cii, elektromont\u00e1\u017e\u00ed automatiz\u00e1cie priemyslu.<\/p>\r\n<div class=\"jut-cta-button\"><a class=\"uk-button uk-button-primary\" href=\"https:\/\/jut.sk\/jut-ael\/kontakt\/\">Prejs\u0165 na kontakty<\/a><\/div>\r\n<\/div>\r\n<\/div>","protected":false},"excerpt":{"rendered":"<p>O spolo\u010dnosti JUT &#8211; AEL s.r.o. p\u00f4sob\u00ed na trhu od roku 2017 a poskytuje svoje slu\u017eby v oblasti automatiz\u00e1cie industri\u00e1lneho odvetvia v krajin\u00e1ch Eur\u00f3py i sveta. Spolo\u010dnos\u0165 vznikla roz\u0161\u00edren\u00edm portf\u00f3lia \u0161pecializ\u00e1cie elektroin\u0161tal\u00e1ci\u00ed spolo\u010dnosti JUT-EL s.r.o. pre odvetvie automatiz\u00e1cie priemyslu. JUT &#8211; AEL s.r.o. je technicky vyspelou spolo\u010dnos\u0165ou v danom prostred\u00ed a za \u010das p\u00f4sobnosti si [&hellip;]<\/p>\n","protected":false},"author":1,"featured_media":0,"parent":0,"menu_order":0,"comment_status":"closed","ping_status":"closed","template":"","meta":{"inline_featured_image":false,"mrp_rating_form_position":"","mrp_rating_results_position":"","mrp_structured_data_type":"","mrp_allow_anonymous":"","mrp_rating_form_id":"","footnotes":""},"multi-rating-pro":{"mrp_rating_result_1":[],"rating_form":1},"_links":{"self":[{"href":"https:\/\/jut.sk\/jut-ael\/wp-json\/wp\/v2\/pages\/6"}],"collection":[{"href":"https:\/\/jut.sk\/jut-ael\/wp-json\/wp\/v2\/pages"}],"about":[{"href":"https:\/\/jut.sk\/jut-ael\/wp-json\/wp\/v2\/types\/page"}],"author":[{"embeddable":true,"href":"https:\/\/jut.sk\/jut-ael\/wp-json\/wp\/v2\/users\/1"}],"replies":[{"embeddable":true,"href":"https:\/\/jut.sk\/jut-ael\/wp-json\/wp\/v2\/comments?post=6"}],"version-history":[{"count":62,"href":"https:\/\/jut.sk\/jut-ael\/wp-json\/wp\/v2\/pages\/6\/revisions"}],"predecessor-version":[{"id":3133,"href":"https:\/\/jut.sk\/jut-ael\/wp-json\/wp\/v2\/pages\/6\/revisions\/3133"}],"wp:attachment":[{"href":"https:\/\/jut.sk\/jut-ael\/wp-json\/wp\/v2\/media?parent=6"}],"curies":[{"name":"wp","href":"https:\/\/api.w.org\/{rel}","templated":true}]}}