{"id":3179,"date":"2020-03-24T11:30:52","date_gmt":"2020-03-24T10:30:52","guid":{"rendered":"http:\/\/jut.sk\/jut-ael\/?page_id=3179"},"modified":"2026-01-21T14:06:11","modified_gmt":"2026-01-21T13:06:11","slug":"contacts","status":"publish","type":"page","link":"https:\/\/jut.sk\/jut-ael\/en\/contacts\/","title":{"rendered":"Contacts"},"content":{"rendered":"<h1 class=\"h2-red-left-line\">CONTACTS<\/h1>\r\n<div class=\"uk-grid uk-grid-large uk-margin-large\">\r\n<div class=\"uk-width-large-1-2 uk-width-medium-1-2 uk-width-small-1-1\">\r\n<h4>Accounts department<\/h4>\r\n<div class=\"jut-kontakty-left-border jut-align-1-2\">\r\n<div class=\"uk-grid uk-grid-medium-width-1-2 uk-margin-large-bottom\">\r\n<div class=\"jut-kontakty-item\">\r\n<p class=\"jut-kontakty-name\">Bc. Lucia Bugajov\u00e1<\/p>\r\n<p class=\"jut-kontakty-position\">ACCOUNTANT<\/p>\r\n<p><span class=\"jut-kontakty-link jut-kontakty-tel\">+ 421 948 941 212<\/span> <a class=\"jut-kontakty-link jut-kontakty-e-mail\" href=\"mailto:lucia.bugajova@jut.sk\">lucia.bugajova@jut.sk<\/a><\/p>\r\n<\/div>\r\n<div class=\"jut-kontakty-item\">\r\n<p class=\"jut-kontakty-name\">Andrea Janov\u010d\u00edkov\u00e1<\/p>\r\n<p class=\"jut-kontakty-position\">ACCOUNTANT<\/p>\r\n<p><span class=\"jut-kontakty-link jut-kontakty-tel\">+ 421 948 322 686<\/span> <a class=\"jut-kontakty-link jut-kontakty-e-mail\" href=\"mailto:andrea.janovcikova@jut.sk\">andrea.janovcikova@jut.sk<\/a><\/p>\r\n<\/div>\r\n<div class=\"jut-kontakty-item\">\r\n<p class=\"jut-kontakty-name\">Ing. Jana Jur\u010d\u00e1kov\u00e1<\/p>\r\n<p class=\"jut-kontakty-position\">Referent<\/p>\r\n<p><span class=\"jut-kontakty-link jut-kontakty-tel\">+ 421 911 437 530<\/span> <a class=\"jut-kontakty-link jut-kontakty-e-mail\" href=\"mailto:janka.jurcakova@jut.sk\">janka.jurcakova@jut.sk<\/a><\/p>\r\n<\/div>\r\n<div class=\"jut-kontakty-item\">\r\n<p class=\"jut-kontakty-name\">Bc. Zuzana Bri\u0161\u00e1kov\u00e1<\/p>\r\n<p class=\"jut-kontakty-position\">head of the economic department<\/p>\r\n<p><span class=\"jut-kontakty-link jut-kontakty-tel\">+ 421 948 790 480<\/span> <a class=\"jut-kontakty-link jut-kontakty-e-mail\" href=\"mailto:zuzana.brisakova@jut.sk\">zuzana.brisakova@jut.sk<\/a><\/p>\r\n<\/div>\r\n<div class=\"jut-kontakty-item\">\r\n<p class=\"jut-kontakty-name\">Mgr. Jana M\u00fcllerov\u00e1<\/p>\r\n<p class=\"jut-kontakty-position\">Coordinator of supply contracts<\/p>\r\n<p><span class=\"jut-kontakty-link jut-kontakty-tel\">+ 421 940 642 771<\/span> <a class=\"jut-kontakty-link jut-kontakty-e-mail\" href=\"mailto:jana.mullerova@jut.sk\">jana.mullerova@jut.sk<\/a><\/p>\r\n<\/div>\r\n<div class=\"jut-kontakty-item\">\r\n<p class=\"jut-kontakty-name\">PaedDr. Monika Dendisov\u00e1<\/p>\r\n<p class=\"jut-kontakty-position\">ADMINISTRATION STAFF &#8211; SUPPORT FOR DE + AT<\/p>\r\n<p><span class=\"jut-kontakty-link jut-kontakty-tel\">+ 421 948 207 373<\/span> <a class=\"jut-kontakty-link jut-kontakty-e-mail\" href=\"mailto:monika.dendisova@jut.sk\">monika.dendisova@jut.sk<\/a><\/p>\r\n<\/div>\r\n\r\n<\/div>\r\n<\/div>\r\n<\/div>\r\n<div class=\"uk-width-large-1-2 uk-width-medium-1-2 uk-width-small-1-1\">\r\n<h4>Important contacts<\/h4>\r\n<div class=\"jut-kontakty-left-border jut-kontakty-align jut-align-1-2 uk-margin-large-bottom\">\r\n<div class=\"uk-grid uk-grid-large-width-1-2 uk-grid-medium-width-1-2 \">\r\n<div class=\"jut-kontakty-item\">\r\n<p class=\"jut-kontakty-name\">Michal Gra\u0148\u00e1k<\/p>\r\n<p class=\"jut-kontakty-position\">CEO<\/p>\r\n<span class=\"jut-kontakty-link jut-kontakty-tel\">+ 421 948 182 777<\/span> <a class=\"jut-kontakty-link jut-kontakty-e-mail\" href=\"mailto:michal.granak@jut.sk\">michal.granak@jut.sk<\/a><\/div>\r\n<div class=\"jut-kontakty-item\">\r\n<p class=\"jut-kontakty-name\">Eva Kurhajcov\u00e1<\/p>\r\n<p class=\"jut-kontakty-position\">HR ASSISTANT<\/p>\r\n<span class=\"jut-kontakty-link jut-kontakty-tel\">+ 421 948 404 882<\/span> <a class=\"jut-kontakty-link jut-kontakty-e-mail\" href=\"mailto:eva.kurhajcova@jut.sk\">eva.kurhajcova@jut.sk<\/a><\/div>\r\n<div class=\"jut-kontakty-item\">\r\n<p class=\"jut-kontakty-name\">M\u00e1ria Hutkov\u00e1<\/p>\r\n<p class=\"jut-kontakty-position\">HR ASSISTANT<\/p>\r\n<p><span class=\"jut-kontakty-link jut-kontakty-tel\">+ 421 948 418 823<\/span> <a class=\"jut-kontakty-link jut-kontakty-e-mail\" href=\"mailto:maria.hutkova@jut.sk\">maria.hutkova@jut.sk<\/a><\/p>\r\n<\/div>\r\n<div class=\"jut-kontakty-item\">\r\n<p class=\"jut-kontakty-name\">Tom\u00e1\u0161 H\u00f4reck\u00fd<\/p>\r\n<p class=\"jut-kontakty-position\">PROJECT &amp; HR MANAGER<\/p>\r\n<span class=\"jut-kontakty-link jut-kontakty-tel\">+ 421 948 781 744<\/span> <a class=\"jut-kontakty-link jut-kontakty-e-mail\" href=\"mailto:tomas.horecky@jut.sk\">tomas.horecky@jut.sk<\/a><\/div>\r\n<div class=\"jut-kontakty-item\">\r\n<p class=\"jut-kontakty-name\">D\u00e1vid Ra\u0161\u00edk<\/p>\r\n<p class=\"jut-kontakty-position\">PROJECT &amp; HR MANAGER<\/p>\r\n<p><span class=\"jut-kontakty-link jut-kontakty-tel\">+ 421 947 900 771<\/span> <a class=\"jut-kontakty-link jut-kontakty-e-mail\" href=\"mailto:david.rasik@jut.sk\">david.rasik@jut.sk<\/a><\/p>\r\n<\/div>\r\n<div class=\"jut-kontakty-item\">\r\n<p class=\"jut-kontakty-name\">Ing. Jana Jur\u010d\u00e1kov\u00e1<\/p>\r\n<p class=\"jut-kontakty-position\">MAIN CONTROLLER<\/p>\r\n<p><span class=\"jut-kontakty-link jut-kontakty-tel\">+ 421 911 437 530<\/span> <a class=\"jut-kontakty-link jut-kontakty-e-mail\" href=\"mailto:janka.jurcakova@jut.sk\">janka.jurcakova@jut.sk<\/a><\/p>\r\n<\/div>\r\n<div class=\"jut-kontakty-item\">\r\n<p class=\"jut-kontakty-name\">Jozef Okoli\u010dany<\/p>\r\n<p class=\"jut-kontakty-position\">WAREHOUSE MANAGER &amp; IT TECHNICIAN<\/p>\r\n<p><span class=\"jut-kontakty-link jut-kontakty-tel\">+ 421 949 001 501<\/span> <a class=\"jut-kontakty-link jut-kontakty-e-mail\" href=\"mailto:jozef.okolicany@jut.sk\">jozef.okolicany@jut.sk<\/a><\/p>\r\n<\/div>\r\n<\/div>\r\n<\/div>\r\n<\/div>\r\n<\/div>\r\n<div class=\"uk-grid uk-grid-large uk-margin-large uk-margin-large-bottom\">\r\n<div class=\"uk-width-large-1-4 uk-width-medium-1-3 uk-width-small-1-1 uk-margin-large-bottom\">\r\n<h4>Invoice address<\/h4>\r\n<div class=\"jut-kontakty-left-border\">\r\n<div class=\"jut-kontakty-item\">\r\n<p class=\"jut-kontakty-name\">JUT-AEL Ltd.<\/p>\r\n<p>N\u00e1mestovo 1364 <br \/>\r\nN\u00e1mestovo 029 01 <br \/>\r\nSlovakia<\/p>\r\n<\/div>\r\n<div class=\"jut-kontakty-item\">Company No.: 51068630<br \/>\r\nTax ID No.: 2120583773<br \/>\r\nVAT No. : SK2120583773 according to \u00a74\r\n\r\n<p class=\"jut-p-small\">Company JUT-AEL Ltd. is registered in the Business Register of the District Court \u017dilina, Section Ltd, Insert No. 68443 \/ L<\/p>\r\n<\/div>\r\n<\/div>\r\n\r\n<h4 class=\"uk-margin-large-top\">Postal adress<\/h4>\r\n<div class=\"jut-kontakty-left-border\">\r\n<div class=\"jut-kontakty-item\">\r\n<p class=\"jut-kontakty-name\">JUT-AEL Ltd.<\/p>\r\nN\u00e1mestovo 1364 <br \/>\r\nN\u00e1mestovo 029 01 <br \/>\r\nSlovakia<\/p>\r\n<\/div>\r\n<\/div>\r\n\r\n<h4 class=\"uk-margin-large-top\">Company Offices<\/h4>\r\n<div class=\"jut-kontakty-left-border\">\r\n<div class=\"jut-kontakty-item\">\r\n<p class=\"jut-kontakty-name\">Company Office N\u00e1mestovo<\/p>\r\n<p>N\u00e1mestovo 1364 <br \/>\r\nN\u00e1mestovo 029 01 <br \/>\r\nCoordinates: 49\u00b023&#8217;35.0&#8243;N 19\u00b027&#8217;12.5&#8243;E<br \/>\r\nSlovakia<\/p>\r\n<\/div>\r\n<div class=\"jut-kontakty-item\">\r\n<p class=\"jut-kontakty-name\">Company Office \u010cadca<\/p>\r\n<p>Mal\u00e1 2944<br \/>\r\n\u010cadca 022 01<br \/>\r\nSlovakia<\/p>\r\n<\/div>\r\n<\/div>\r\n<\/div>\r\n<div class=\"uk-width-large-3-4 uk-width-medium-2-3 uk-width-small-1-1\"><div class=\"uk-hidden widgetkit-map-ex\" id=\"wk-map-ex69f46c423a597-d\" data-uk-check-display><\/div>\n<div class=\"uk-hidden\" id=\"wk-map-ex69f46c423a597-marker-1\">\n<div class=\"uk-text-left\">\n\n    \n    \n        <h3 class=\"uk-h3 uk-margin-top-remove\">Company Office N\u00e1mestovo<\/h3>\n    \n    \n        <div class=\"uk-margin\">N\u00e1mestovo 1364 <br \/>\nCoordinates: 49\u00b023&#8217;35.0&#8243;N 19\u00b027&#8217;12.5&#8243;E<br \/>\nN\u00e1mestovo 029 01<br \/>\nSlovakia<\/div>\n    \n    \n    \n    \n<\/div><\/div><div class=\"uk-hidden\" id=\"wk-map-ex69f46c423a597-marker-2\">\n<div class=\"uk-text-left\">\n\n    \n    \n        <h3 class=\"uk-h3 uk-margin-top-remove\">Company Office \u010cadca<\/h3>\n    \n    \n        <div class=\"uk-margin\">Mal\u00e1 2944<br \/>\n\u010cadca 022 01<br \/>\nSlovakia<\/div>\n    \n    \n    \n    \n<\/div><\/div>\n<script type=\"widgetkit\/mapex\" data-id=\"wk-map-ex69f46c423a597\" data-class=\" uk-img-preserve\" data-style=\"width:auto;height:520px;\">\n    {\"width\":\"auto\",\"height\":\"520\",\"maptypeid\":\"styled\",\"maptypecontrol\":false,\"global\":{\"apikey\":\"\"},\"mapctrl\":true,\"zoom\":8,\"marker\":2,\"markercluster\":\"\",\"popup_max_width\":300,\"zoomwheel\":true,\"draggable\":true,\"directions\":false,\"disabledefaultui\":false,\"autohide\":true,\"zoom_phone_h\":\"\",\"zoom_tablet\":\"\",\"zoom_desktop\":\"\",\"zoom_large\":\"\",\"maptypecontrol_style\":\"dropdown_menu\",\"maptype_name\":\"JUT red\",\"show_styled\":true,\"show_roadmap\":true,\"show_satellite\":true,\"show_hybrid\":false,\"show_terrain\":false,\"styling_mode\":\"\",\"styling_json\":\"\",\"tiles_color\":\"\",\"zoomcontrol\":true,\"zoom_style\":\"\",\"streetviewcontrol\":false,\"rotatecontrol\":true,\"directionstext\":\"Get directions\",\"scalecontrol\":false,\"scale_units\":\"\",\"pin_type\":\"\",\"custom_pin_path\":\"https:\\\/\\\/jut.sk\\\/web\\\/wp-content\\\/themes\\\/yoo_luna_wp\\\/styles\\\/jut\\\/images\\\/jut-map-pim.svg\",\"custom_pin_anchor_x\":\"\",\"custom_pin_anchor_y\":\"\",\"map_center\":\"\",\"debug_output\":false,\"cluster_gridSize\":60,\"cluster_maxZoom\":0,\"cluster_minimumClusterSize\":2,\"clusters\":[],\"styler_invert_lightness\":false,\"styler_hue\":\"#E73E3D\",\"styler_saturation\":\"-15\",\"styler_lightness\":0,\"styler_gamma\":0,\"media\":true,\"image_width\":\"auto\",\"image_height\":\"auto\",\"media_align\":\"top\",\"media_width\":\"1-2\",\"media_breakpoint\":\"medium\",\"media_border\":\"none\",\"media_overlay\":\"icon\",\"overlay_animation\":\"fade\",\"media_animation\":\"scale\",\"title\":true,\"content\":true,\"social_buttons\":true,\"title_size\":\"h3\",\"text_align\":\"left\",\"link\":true,\"link_style\":\"button\",\"link_text\":\"Read more\",\"link_target\":false,\"class\":\"\",\"map_id\":\"wk-map-ex69f46c423a597\",\"map_id2\":\"69f46c423a597\",\"clusterstyles\":[],\"markers\":[{\"lat\":49.39297398100502078932549920864403247833251953125,\"lng\":19.45345120310513920003359089605510234832763671875,\"title\":\"Company Office N\\u00e1mestovo\",\"id\":\"wk-map-ex69f46c423a597-marker-1\",\"pin\":\"https:\\\/\\\/jut.sk\\\/web\\\/wp-content\\\/themes\\\/yoo_luna_wp\\\/styles\\\/jut\\\/images\\\/jut-map-pim.svg\",\"anchor_x\":\"\",\"anchor_y\":\"\"},{\"lat\":49.43919189999999019846654846332967281341552734375,\"lng\":18.7876066000000037092831917107105255126953125,\"title\":\"Company Office \\u010cadca\",\"id\":\"wk-map-ex69f46c423a597-marker-2\",\"pin\":\"https:\\\/\\\/jut.sk\\\/web\\\/wp-content\\\/themes\\\/yoo_luna_wp\\\/styles\\\/jut\\\/images\\\/jut-map-pim.svg\",\"anchor_x\":\"\",\"anchor_y\":\"\"}]}<\/script>\n\n<!--suppress Annotator, JSUnresolvedFunction, UnnecessaryReturnStatementJS -->\n<script>\nfunction getMapZoom69f46c423a597(){\n\tif (window.outerWidth<=767) {\n        var orientation = screen.orientation || screen.mozOrientation || screen.msOrientation || null;\n        var landscape = false;\n        if (typeof orientation === 'object' && orientation && typeof orientation.type === 'string') {\n            landscape = (orientation.type.indexOf(\"landscape\") >= 0);\n        }\n        else {\n            if (typeof window.orientation !== \"undefined\") {\n                landscape = (Math.abs(Number(window.orientation)) === 90);\n            }\n            else\n                landscape = (window.innerWidth > window.innerHeight);\n        }\n        if (landscape) {\n                        return 8;\n        }\n        else {\n                        return 8;\n        }\n    }\n\telse\n\t\tif (window.outerWidth<=959){\n\t\t\t\t\t\treturn 8;\n\t\t}\n\t\telse{\n\t\t\t\t\t\treturn 8;\n\t\t}\n}\n\nfunction updateMap69f46c423a597(item){\n\t\n\titem.setZoom(getMapZoom69f46c423a597());\n\t}\n\njQuery(function(){\n\tfunction checkWidgetkitMap69f46c423a597() {\n\t\tvar item=getWidgetkitMap(\"wk-map-ex69f46c423a597\");\n\t\tif (item) {\n\t\t\tgoogle.maps.event.addDomListener(window, 'resize', function(){\n\t\t\t\t\t\t\t\tupdateMap69f46c423a597(item);\n\t\t\t});\n\t\t\twindow.addEventListener(\"orientationchange\", function () {\n\t\t\t\t\t\t\t\tupdateMap69f46c423a597(item);\n\t\t\t});\n\t\t\t\t\t\t\n\t\t\t\t\t\tconsole.error('[MapEx] On display.uk.check event listening is disabled, because center point is not defined for map #wk-map-ex69f46c423a597');\n\t\t\t\t\t}\n\t\telse\n\t\t   setTimeout(checkWidgetkitMap69f46c423a597,1000);\n\t}\n\tsetTimeout(checkWidgetkitMap69f46c423a597,1000);\n});\n\n<\/script><\/div>\r\n<\/div>","protected":false},"excerpt":{"rendered":"<p>CONTACTS Accounts department Bc. Lucia Bugajov\u00e1 ACCOUNTANT + 421 948 941 212 lucia.bugajova@jut.sk Andrea Janov\u010d\u00edkov\u00e1 ACCOUNTANT + 421 948 322 686 andrea.janovcikova@jut.sk Ing. Jana Jur\u010d\u00e1kov\u00e1 Referent + 421 911 437 530 janka.jurcakova@jut.sk Bc. Zuzana Bri\u0161\u00e1kov\u00e1 head of the economic department + 421 948 790 480 zuzana.brisakova@jut.sk Mgr. Jana M\u00fcllerov\u00e1 Coordinator of supply contracts + 421 [&hellip;]<\/p>\n","protected":false},"author":1,"featured_media":0,"parent":0,"menu_order":0,"comment_status":"closed","ping_status":"closed","template":"","meta":{"inline_featured_image":false,"mrp_rating_form_position":"","mrp_rating_results_position":"","mrp_structured_data_type":"","mrp_allow_anonymous":"","mrp_rating_form_id":"","footnotes":""},"multi-rating-pro":{"mrp_rating_result_1":[],"rating_form":1},"_links":{"self":[{"href":"https:\/\/jut.sk\/jut-ael\/wp-json\/wp\/v2\/pages\/3179"}],"collection":[{"href":"https:\/\/jut.sk\/jut-ael\/wp-json\/wp\/v2\/pages"}],"about":[{"href":"https:\/\/jut.sk\/jut-ael\/wp-json\/wp\/v2\/types\/page"}],"author":[{"embeddable":true,"href":"https:\/\/jut.sk\/jut-ael\/wp-json\/wp\/v2\/users\/1"}],"replies":[{"embeddable":true,"href":"https:\/\/jut.sk\/jut-ael\/wp-json\/wp\/v2\/comments?post=3179"}],"version-history":[{"count":30,"href":"https:\/\/jut.sk\/jut-ael\/wp-json\/wp\/v2\/pages\/3179\/revisions"}],"predecessor-version":[{"id":7670,"href":"https:\/\/jut.sk\/jut-ael\/wp-json\/wp\/v2\/pages\/3179\/revisions\/7670"}],"wp:attachment":[{"href":"https:\/\/jut.sk\/jut-ael\/wp-json\/wp\/v2\/media?parent=3179"}],"curies":[{"name":"wp","href":"https:\/\/api.w.org\/{rel}","templated":true}]}}