{"id":3169,"date":"2020-03-24T11:24:07","date_gmt":"2020-03-24T10:24:07","guid":{"rendered":"http:\/\/jut.sk\/jut-ael\/?page_id=3169"},"modified":"2021-01-09T11:35:44","modified_gmt":"2021-01-09T10:35:44","slug":"karriere","status":"publish","type":"page","link":"https:\/\/jut.sk\/jut-ael\/de\/karriere\/","title":{"rendered":"Karriere"},"content":{"rendered":"<div id=\"jut-jobs\" class=\"uk-grid uk-margin-large uk-grid-large\">\r\n\r\n<div class=\"uk-width-large-1-2 uk-width-medium-1-1 tm-padding-large\">\r\n<h2 class=\"h2-red-left-line\">Bei JUT\u2013AEL arbeiten<\/h2>\r\n<p style=\"text-align: justify;\">JUT-AEL GmbH ist Gesellschaft mit dynamischem Boom in allen Industriebranchen. Fachrichtung liegt im Bereich der Automatisation von Auto \u2013 und Nachrungsindustrie und Logistik. <\/b><\/p>\r\n<p>Wir sind Gesellschaft, die das Wort h\u00e4lt!<\/p>\r\n<\/div>\r\n\r\n<div class=\"uk-width-large-1-2 uk-width-medium-1-1 tm-padding-large\">\r\n<div class=\"uk-grid jut-windows\">\r\n\r\n<div class=\"uk-width-large-1-2 uk-width-medium-1-2 uk-width-small-1-2 uk-grid-margin\">\r\n<div class=\"uk-panel jut-window-8\">\r\n<div class=\"jut-window-image\">\u00a0<\/div>\r\n<div class=\"jut-window-gradient\">\u00a0<\/div>\r\n<div class=\"jut-window-caption\">\r\n<h3 class=\"jut-window-title\">Elektromechaniker<\/h3>\r\n<\/div>\r\n<p>Mehr infos <img decoding=\"async\" class=\"jut-sipka-window-right\" src=\"https:\/\/jut.sk\/wp-content\/uploads\/2019\/10\/arrow-right-white.svg\" \/><\/p>\r\n<a href=\"#jut-el-elektromechanik\" data-uk-modal>Viac inform\u00e1ci\u00ed<\/a><\/div>\r\n<\/div>\r\n\r\n<div class=\"uk-width-large-1-2 uk-width-medium-1-2 uk-width-small-1-2 uk-grid-margin\">\r\n<div class=\"uk-panel jut-window-9\">\r\n<div class=\"jut-window-image\">\u00a0<\/div>\r\n<div class=\"jut-window-gradient\">\u00a0<\/div>\r\n<div class=\"jut-window-caption\">\r\n<h3 class=\"jut-window-title\">Industrieelektriker <\/h3>\r\n<\/div>\r\n<p>Mehr infos <img decoding=\"async\" class=\"jut-sipka-window-right\" src=\"https:\/\/jut.sk\/wp-content\/uploads\/2019\/10\/arrow-right-white.svg\" \/><\/p>\r\n<a href=\"#jut-el-elektrikar\" data-uk-modal>Viac inform\u00e1ci\u00ed<\/a><\/div>\r\n<\/div>\r\n\r\n<\/div>\r\n<\/div>\r\n<\/div>\r\n\r\n\r\n\r\n<!-- MODAL ELEKTROMECHANIK -->\r\n<div id=\"jut-el-elektromechanik\" class=\"uk-modal jut-modal-kariera\">\r\n    <div class=\"uk-modal-dialog\">\r\n        <a class=\"uk-modal-close uk-close\"><\/a>\r\n\r\n<h2 class=\"h2-red-left-line\">Elektromechaniker<\/h2>\r\n\r\n<p><strong>Arbeitsverh\u00e4ltnis:<\/strong><\/p>\r\n<ul>\r\n\t<li><span style=\"font-weight: 400;\"> Gewerbe<\/span><\/li>\r\n<\/ul>\r\n<p><strong>Arbeits Spezifikation:<\/strong><\/p>\r\n<ul>\r\n\t<li><span style=\"font-weight: 400;\"> komplette Instalation neuen industriellen robotisierten Systemen (Maschinen, Anlagen, F\u00f6rderanlagen und Bauzaun) nach technischer Dokumentation<\/span><\/li>\r\n\t<li><span style=\"font-weight: 400;\"> Abbau von automatisierten Flie\u00dfstra\u00dfen, F\u00f6rderanlagensystemen und Kontruktionen<\/span><\/li>\r\n\t<li><span style=\"font-weight: 400;\"> Mechanische Teilmodifikationen industriellen Anlagen nach dem Kundenwunsch<\/span><\/li>\r\n\t<li><span style=\"font-weight: 400;\"> Montage und  Trassierung Elektroinstalationasbgabeschurren<\/span><\/li>\r\n<\/ul>\r\n<p><strong>Pers\u00f6nliche Vorraussetzungen und Erfahrungen:<\/strong><\/p>\r\n<ul>\r\n\t<li><span style=\"font-weight: 400;\"> Handfertigkeit und technisches Denken<\/span><\/li>\r\n\t<li><span style=\"font-weight: 400;\"> Ausfahrenbereitschaft<\/span><\/li>\r\n\t<li><span style=\"font-weight: 400;\"> Projektdokumentationablesung und technische Aufzeichnungenablesung<\/span><\/li>\r\n\t<li><span style=\"font-weight: 400;\"> Deutsche, englische, bzw. franz\u00f6sische Sprachkenntnisse sind Vorteil (NICHT BEDINGUNG)<\/span><\/li>\r\n<\/ul>\r\n<p><strong>Erfordernisse:<\/strong><\/p>\r\n<ul>\r\n\t<li><span style=\"font-weight: 400;\"> Selbstst\u00e4ndigkeit wie Teamgeist, Zuverl\u00e4ssigkeit, Verantwortung bei der Arbeit <\/span><\/li>\r\n\t<li><span style=\"font-weight: 400;\"> Gesundheitsf\u00e4hig<\/span><\/li>\r\n\t<li><span style=\"font-weight: 400;\"> G\u00fcltige Zertifikate, Linzenzen und Arbeitleistungsberechtigung<\/span><\/li>\r\n\t<li><span style=\"font-weight: 400;\"> kleine administrative F\u00e4higkeiten mit gemachte T\u00e4tigkeit verbund ability<\/span><\/li>\r\n\t<li><span style=\"font-weight: 400;\"> Verantwortlichkeit f\u00fcr die Arbeitsger\u00e4te, Tools, sowie gr\u00fcndliche Pflege<\/span><\/li>\r\n\t<li><span style=\"font-weight: 400;\"> Verantwortlichkeit f\u00fcr den Gesch\u00e4ftswagen, Ordnungssinn auf dem Arbeitsplatz sowie in der Unterkunft<\/span><\/li>\r\n<\/ul>\r\n<p><strong>Weitere Infos:<\/strong><\/p>\r\n<ul>\r\n\t<li><span style=\"font-weight: 400;\"> regelm\u00e4\u00dfige Rechnungsauszahlung ist Selbstverst\u00e4ndligkeit<\/span><\/li>\r\n\t<li><span style=\"font-weight: 400;\"> Unterkunft sichergestellt und die Kosten in Gesamtsumme ersetzt<\/span><\/li>\r\n\t<li><span style=\"font-weight: 400;\"> Gesellschaft k\u00fcmmert sich um Transport, evtl. Ersetzt die Fahrkosten<\/span><\/li>\r\n\t<li><span style=\"font-weight: 400;\"> Arbeitst\u00e4tigkeit vor allem in Innenbereich und Produktionshallen<\/span><\/li>\r\n\t<li><span style=\"font-weight: 400;\"> Arbeitst\u00e4tigkeit in EU L\u00e4nder (Deutschland, Frankreich, Gro\u00dfbritanien, Spanien, Italien, Belgien, Niederlande, Schweiz, \u00d6sterreich, Slovinien und Polen)<\/span><\/li>\r\n\t<li><span style=\"font-weight: 400;\"> Stabile Arbeitstelle w\u00e4hrend des Jahres<\/span><\/li>\r\n<\/ul>\r\n<p><strong>Arbeitslohn:<\/strong><\/p>\r\n<ul>\r\n\t<li><span style=\"font-weight: 400;\"> <strong>2 000\u20ac &#8211; 3 500\u20ac pro Monat<\/strong> (abh\u00e4ngig von Arbeitsstunden, Kvalifikation und Fachkenntnissen)<\/span><\/li>\r\n<\/ul>\r\n<ul>\r\n\t<li><span style=\"font-weight: 400;\"> Unsere Gesellschaft bevorzugt langfristige Zusammenarbeit mit beidseidiger Zufreidenheit<\/span><\/li>\r\n\t<li><span style=\"font-weight: 400;\"> Selbstverwirklichungsm\u00f6glichkeit, Karrieren- und Berufssteig<\/span><\/li>\r\n\t<li><span style=\"font-weight: 400;\"> Individuelle Eintritt und Hintergrund einer stabiler Gesellschaft<\/span><\/li>\r\n<\/ul>\r\n\r\n    <\/div>\r\n<\/div>\r\n\r\n\r\n\r\n<!-- MODAL ELEKTRIKAR -->\r\n<div id=\"jut-el-elektrikar\" class=\"uk-modal jut-modal-kariera\">\r\n    <div class=\"uk-modal-dialog\">\r\n        <a class=\"uk-modal-close uk-close\"><\/a>\r\n\r\n<h2 class=\"h2-red-left-line\">Industrieelektriker<\/h2>\r\n\r\n<p><strong>Arbeitsverh\u00e4ltnis:<\/strong><\/p>\r\n<ul>\r\n\t<li><span style=\"font-weight: 400;\"> Gewerbe<\/span><\/li>\r\n<\/ul>\r\n<p><strong>Arbeits Spezifikation:<\/strong><\/p>\r\n<ul>\r\n\t\t<li><span style=\"font-weight: 400;\"> komplette Elektroinstalationsarbeiten in Automobil-, Nahrungs-, Maschinen- und \u00d6lindustrie <\/span><\/li>\r\n\t\t<li><span style=\"font-weight: 400;\"> Montage und Trassierung Elektroinstalationasbgabeschurren und Kraftverteilungeinsatz <\/span><\/li>\r\n\t<li><span style=\"font-weight: 400;\"> Montage und Einschaltung den elektrotechnischen und pneumatischen Ersatzteilen und Schaltkreisen<\/span><\/li>\r\n\t<li><span style=\"font-weight: 400;\"> Instalation den Drehstromleiteranlagen (Swach- und Starkstrom) <\/span><\/li>\r\n\t<li><span style=\"font-weight: 400;\"> Rekonstruktion und Reparatur Stromverteilungen<\/span><\/li>\r\n<li><span style=\"font-weight: 400;\">Herstellung den Anschlussverteilungen ( Montage den inneren Mechanismen f\u00fcr Einstellung des Verdrahtunges und Komponenten, Kompletisation nach Elektroinstalationsschemen, F\u00fchrung den Funktionsableistungstest f\u00fcr Sicherungskasten)  <\/span><\/li>\r\n<li><span style=\"font-weight: 400;\">Sensor-, Schalttafel-, Roboter- und Sicherungskastenschaltung in der Produktionslinie, technologischer Mechanik und in industrieller Automatisation nach technischer Dokumentation, im Zusammenhang mit g\u00fcltige Rechtsetzung <\/span><\/li>\r\n<li><span style=\"font-weight: 400;\">Hochspannungs- und Niederspannungsansch\u00fcsse <\/span><\/li>\r\n<li><span style=\"font-weight: 400;\">strukturierte Verdrahtung  <\/span><\/li>\r\n<li><span style=\"font-weight: 400;\">Messung und Regulation  <\/span><\/li>\r\n<li><span style=\"font-weight: 400;\">Defektidentifikation und folgende Fehlerbeseitigung <\/span><\/li>\r\n\r\n\r\n\r\n<\/ul>\r\n<p><strong>Pers\u00f6nliche Vorraussetzungen und Erfahrungen:<\/strong><\/p>\r\n<ul>\r\n\t<li><span style=\"font-weight: 400;\"> Handfertigkeit und technisches Denken<\/span><\/li>\r\n\t<li><span style=\"font-weight: 400;\"> Ausfahrenbereitschaft<\/span><\/li>\r\n\t<li><span style=\"font-weight: 400;\"> Projektdokumentationablesung und technische Aufzeichnungenablesung<\/span><\/li>\r\n\t<li><span style=\"font-weight: 400;\"> Deutsche, englische, bzw. franz\u00f6sische Sprachkenntnisse sind Vorteil (NICHT BEDINGUNG)<\/span><\/li>\r\n<\/ul>\r\n<p><strong>Po\u017eiadavky:<\/strong><\/p>\r\n<ul>\r\n\t<li><span style=\"font-weight: 400;\"> Fachkompetenzpr\u00fcfbescheinigung  aus der Verordnung MPSVR 508\/2009 Z.Z(\u00a721 \u2013 \u00a724)<\/span><\/li>\r\n\t<li><span style=\"font-weight: 400;\"> Selbstst\u00e4ndigkeit wie Teamgeist, Zuverl\u00e4ssigkeit, Verantwortung bei der Arbeit <\/span><\/li>\r\n\t<li><span style=\"font-weight: 400;\"> Gesundheitsf\u00e4hig<\/span><\/li>\r\n\t<li><span style=\"font-weight: 400;\"> G\u00fcltige Zertifikate, Linzenzen und Arbeitleistungsberechtigung<\/span><\/li>\r\n\t<li><span style=\"font-weight: 400;\"> kleine administrative F\u00e4higkeiten mit gemachte T\u00e4tigkeit verbund ability<\/span><\/li>\r\n\t<li><span style=\"font-weight: 400;\"> Verantwortlichkeit f\u00fcr die Arbeitsger\u00e4te, Tools, sowie gr\u00fcndliche Pflege<\/span><\/li>\r\n\t<li><span style=\"font-weight: 400;\"> Verantwortlichkeit f\u00fcr den Gesch\u00e4ftswagen, Ordnungssinn auf dem Arbeitsplatz sowie in der Unterkunft<\/span><\/li>\r\n<\/ul>\r\n<p><strong>Weitere Infos:<\/strong><\/p>\r\n<ul>\r\n\t<li><span style=\"font-weight: 400;\"> regelm\u00e4\u00dfige Rechnungsauszahlung ist Selbstverst\u00e4ndligkeit<\/span><\/li>\r\n\t<li><span style=\"font-weight: 400;\"> Unterkunft sichergestellt und die Kosten in Gesamtsumme ersetzt<\/span><\/li>\r\n\t<li><span style=\"font-weight: 400;\"> Gesellschaft k\u00fcmmert sich um Transport, evtl. Ersetzt die Fahrkosten<\/span><\/li>\r\n\t<li><span style=\"font-weight: 400;\"> Arbeitst\u00e4tigkeit vor allem in Innenbereich und Produktionshallen<\/span><\/li>\r\n\t<li><span style=\"font-weight: 400;\"> Arbeitst\u00e4tigkeit in EU L\u00e4nder (Deutschland, Frankreich, Gro\u00dfbritanien, Spanien, Italien, Belgien, Niederlande, Schweiz, \u00d6sterreich, Slovinien und Polen)<\/span><\/li>\r\n\t<li><span style=\"font-weight: 400;\"> Stabile Arbeitstelle w\u00e4hrend des Jahres<\/span><\/li>\r\n<\/ul>\r\n<p><strong>Arbeitslohn:<\/strong><\/p>\r\n<ul>\r\n\t<li><span style=\"font-weight: 400;\"> <strong>2 000\u20ac &#8211; 3 500\u20ac pro Monat<\/strong> (abh\u00e4ngig von Arbeitsstunden, Kvalifikation und Fachkenntnissen)<\/span><\/li>\r\n<\/ul>\r\n<ul>\r\n\t<li><span style=\"font-weight: 400;\"> Unsere Gesellschaft bevorzugt langfristige Zusammenarbeit mit beidseidiger Zufreidenheit<\/span><\/li>\r\n\t<li><span style=\"font-weight: 400;\"> Selbstverwirklichungsm\u00f6glichkeit, Karrieren- und Berufssteig<\/span><\/li>\r\n\t<li><span style=\"font-weight: 400;\"> Individuelle Eintritt und Hintergrund einer stabiler Gesellschaft<\/span><\/li>\r\n<\/ul>\r\n\r\n    <\/div>\r\n<\/div>\r\n\r\n\r\n\r\n\r\n<div class=\"uk-width-large-2-3 uk-width-medium-1-1 uk-width-small-1-1 uk-grid-margin tm-margin-xlarge uk-container-center jut-quotes-grid jut-quotes-grid-kariera \">\r\n<p class=\"p-jut-quotes\">Wir m\u00f6chten dir behilflich bei deiner Selbstrealisation werden.  <br> Wenn du nicht etwas wissen wirst, wir werden es dir beibringen. Wenn du kraftlos bist, wir werden dir helfen. F\u00fcr uns ist deine Bem\u00fchung und Aufmerksamkeit. Wir sitzten in einem Boot und JUT Ziel hei\u00dft systematisch vorw\u00e4rts gehen.<\/p>\r\n<\/div>\r\n\r\n\r\n\r\n\r\n\r\n<div class=\"uk-grid uk-margin-large uk-grid-large tm-margin-large\">\r\n  <div class=\"uk-width-medium-1-1 uk-width-small-1-1 uk-container-center\">\r\n     <h2 class=\"h-jut-horizontal-line\" style=\"text-align: center;\">Haben Sie Interesse bei JUT arbeiten<\/h2>\r\n      <p class=\"p-form-meta\">Schicken Sie Ihren Lebenslauf ab und wir werden uns melden.<\/p>\r\n  <\/div>\r\n  <div class=\"uk-width-medium-1-2 uk-width-small-1-1 uk-container-center\">\r\n   \r\n   \n<div class=\"wpcf7 no-js\" id=\"wpcf7-f3241-o1\" lang=\"sk-SK\" dir=\"ltr\">\n<div class=\"screen-reader-response\"><p role=\"status\" aria-live=\"polite\" aria-atomic=\"true\"><\/p> <ul><\/ul><\/div>\n<form action=\"\/jut-ael\/wp-json\/wp\/v2\/pages\/3169#wpcf7-f3241-o1\" method=\"post\" class=\"wpcf7-form init\" aria-label=\"Kontaktn\u00fd formul\u00e1r\" enctype=\"multipart\/form-data\" novalidate=\"novalidate\" data-status=\"init\">\n<div style=\"display: none;\">\n<input type=\"hidden\" name=\"_wpcf7\" value=\"3241\" \/>\n<input type=\"hidden\" name=\"_wpcf7_version\" value=\"5.9.3\" \/>\n<input type=\"hidden\" name=\"_wpcf7_locale\" value=\"sk_SK\" \/>\n<input type=\"hidden\" name=\"_wpcf7_unit_tag\" value=\"wpcf7-f3241-o1\" \/>\n<input type=\"hidden\" name=\"_wpcf7_container_post\" value=\"0\" \/>\n<input type=\"hidden\" name=\"_wpcf7_posted_data_hash\" value=\"\" \/>\n<input type=\"hidden\" name=\"_wpcf7_recaptcha_response\" value=\"\" \/>\n<\/div>\n<div class=\"uk-grid uk-grid-small  uk-margin-top jut-contact-1\">\n<div class=\"uk-width-medium-1-1\">\n    <span class=\"wpcf7-form-control-wrap\" data-name=\"your-name\"><input size=\"40\" class=\"wpcf7-form-control wpcf7-text wpcf7-validates-as-required\" aria-required=\"true\" aria-invalid=\"false\" placeholder=\"Name and Vorname\" value=\"\" type=\"text\" name=\"your-name\" \/><\/span> \n<\/div>\n<div class=\"uk-width-medium-1-2 uk-width-small-1-1\">\n    <span class=\"wpcf7-form-control-wrap\" data-name=\"your-tel\"><input size=\"40\" class=\"wpcf7-form-control wpcf7-tel wpcf7-validates-as-required wpcf7-text wpcf7-validates-as-tel\" aria-required=\"true\" aria-invalid=\"false\" placeholder=\"Telephonischer Kontakt\" value=\"\" type=\"tel\" name=\"your-tel\" \/><\/span> \n<\/div>\n<div class=\"uk-width-medium-1-2 uk-width-small-1-1 \">\n    <span class=\"wpcf7-form-control-wrap\" data-name=\"your-email\"><input size=\"40\" class=\"wpcf7-form-control wpcf7-email wpcf7-validates-as-required wpcf7-text wpcf7-validates-as-email\" aria-required=\"true\" aria-invalid=\"false\" placeholder=\"E-mail\" value=\"\" type=\"email\" name=\"your-email\" \/><\/span> \n<\/div>\n<div class=\"uk-width-medium-1-1 cf-upload uk-text-center\">\n<p class=\"cf-p-upload\"> Welche Aufgabe interessiert sind Sie in? <\/p>\n<span class=\"wpcf7-form-control-wrap\" data-name=\"menu-304\"><select class=\"wpcf7-form-control wpcf7-select wpcf7-validates-as-required jut-multistep-select\" aria-required=\"true\" aria-invalid=\"false\" name=\"menu-304\"><option value=\"Elektromechaniker\">Elektromechaniker<\/option><option value=\"Industriellerelektriker\">Industriellerelektriker<\/option><\/select><\/span>\n<\/br><\/br>\n<p class=\"cf-p-upload\"> Lebenslauf aufnehmen (.pdf oder .doc): <\/p>\n\n<span class=\"wpcf7-form-control-wrap\" data-name=\"file-925\"><input size=\"40\" class=\"wpcf7-form-control wpcf7-file wpcf7-validates-as-required\" accept=\".pdf,.doc,.docx,.jpg\" aria-required=\"true\" aria-invalid=\"false\" type=\"file\" name=\"file-925\" \/><\/span>\n <\/div>\n<div class=\"uk-width-medium-1-1 uk-text-center\">\n<p class=\"cf-p-meta\">Mit Absendung dieser Nachricht sind Sie mit  <a href=\"#jut-gdpr\" data-uk-modal=\"{center:true}\" >Datenverarbeitung <\/a> einverstanden, die werden f\u00fcr Kontakt mit Ihnen verwendet. <\/p>\n\n\n<div class=\"uk-button-wrap\">\n<input class=\"wpcf7-form-control wpcf7-submit has-spinner uk-button uk-button-primary\" type=\"submit\" value=\"Ich m\u00f6chte dem Team beitreten\" \/><\/div>\n<\/div>\n<\/div><div class=\"wpcf7-response-output\" aria-hidden=\"true\"><\/div>\n<\/form>\n<\/div>\n\r\n<p><\/p><p><\/p><p><\/p>\r\n  <\/div>\r\n<\/div>\r\n\r\n\r\n\r\n<div id=\"jut-gdpr\" class=\"uk-modal\">\r\n    <div class=\"uk-modal-dialog\">\r\n        <a class=\"uk-modal-close uk-close\"><\/a>\r\n             <h3 class=\"h-jut-horizontal-line\" style=\"text-align: center;\"> \r\nZustimmung mit der Dateiverarbeitung<\/h3>\r\n\r\n<p style=\"text-align: justify;\">\r\n Hiermit teilen Sie Ihre Zustimmung mit Ihren Dateinverarbeitung Gesellschaft JUT-AEL GmbH, ID: 51068630, Oravsk\u00e1 Jasenica 627, Oravsk\u00e1 Jasenica SK-029 64 zu. (Weiter nur \u201eLeiter\u201c) \u2013 im Einklang mit gesetzlichen Verordnung (EU) 2016\/679 des Europ\u00e4ischen Parlaments und des Rates vom 27. April 2016 zum Schutz nat\u00fcrlicher Personen bei der Verarbeitung personenbezogener Daten, zum freien Datenverkehr und zur Aufhebung der Richtlinie 95\/46\/EG.\r\n<\/p>\r\n<p style=\"text-align: justify;\">\r\nIhre Zustimmung wird f\u00fcr elektronische Kommunikation verwendet, d.h. Informationenleistung per elektronische Post oder telephonisch.<\/p>\r\n<p style=\"text-align: justify;\">\r\nDer Bereich von Dateiverarbeitung Ihren pers\u00f6nlichen Daten ist gleich mit dem Bereich aus diesem Bogen, d.h. Name, Nachname, e-mail Adresse und Telephone Nummer, bzw. Weitere pers\u00f6nliche Daten, die Sie angeben werden<\/p>\r\n<p style=\"text-align: justify;\">\r\nDiese Zustimmung mit Datenverarbeitung wird f\u00fcr 36 Monaten von Ihrem Eingebung eingegeben.<\/p>\r\n<p style=\"text-align: justify;\">\r\nIhre Zustimmung k\u00f6nnen Sie jederzeit abrufen, entweder in schriftlichen Forma auf Postadresse JUT-EL GmbH, oder elektronisch auf emailadresse info@jut.sk<\/p>\r\n<p style=\"text-align: justify;\">\r\nDer Leiter wird mit Ihren Pers\u00f6nlichen Daten immer verantwortlich umgehen, im Einklang mit g\u00fcltigen gesetzlichen Bestimmungen. Auf der Webseite Leiter sind ausf\u00fchrliche Informationen \u00fcber Datenverarbeitung betreffenden Personen verf\u00fcgbar, mit weiteren Eingebungen inbegriffen.<\/p>\r\n<p style=\"text-align: justify;\">\r\nFalls Sie der Meinung sind, dass der Leiter im Gesetzwidderuft umgeht, Sie k\u00f6nnen jederzeit um die Korrektion per Emailadresse info@jut.sk ansprechen<\/p>\r\n\r\n\r\n    <\/div>\r\n<\/div>\r\n\r\n\r\n","protected":false},"excerpt":{"rendered":"<p>Bei JUT\u2013AEL arbeiten JUT-AEL GmbH ist Gesellschaft mit dynamischem Boom in allen Industriebranchen. Fachrichtung liegt im Bereich der Automatisation von Auto \u2013 und Nachrungsindustrie und Logistik. Wir sind Gesellschaft, die das Wort h\u00e4lt! \u00a0 \u00a0 Elektromechaniker Mehr infos Viac inform\u00e1ci\u00ed \u00a0 \u00a0 Industrieelektriker Mehr infos Viac inform\u00e1ci\u00ed Elektromechaniker Arbeitsverh\u00e4ltnis: Gewerbe Arbeits Spezifikation: komplette Instalation neuen [&hellip;]<\/p>\n","protected":false},"author":1,"featured_media":0,"parent":0,"menu_order":0,"comment_status":"closed","ping_status":"closed","template":"","meta":{"inline_featured_image":false,"mrp_rating_form_position":"","mrp_rating_results_position":"","mrp_structured_data_type":"","mrp_allow_anonymous":"","mrp_rating_form_id":"","footnotes":""},"multi-rating-pro":{"mrp_rating_result_1":[],"rating_form":1},"_links":{"self":[{"href":"https:\/\/jut.sk\/jut-ael\/wp-json\/wp\/v2\/pages\/3169"}],"collection":[{"href":"https:\/\/jut.sk\/jut-ael\/wp-json\/wp\/v2\/pages"}],"about":[{"href":"https:\/\/jut.sk\/jut-ael\/wp-json\/wp\/v2\/types\/page"}],"author":[{"embeddable":true,"href":"https:\/\/jut.sk\/jut-ael\/wp-json\/wp\/v2\/users\/1"}],"replies":[{"embeddable":true,"href":"https:\/\/jut.sk\/jut-ael\/wp-json\/wp\/v2\/comments?post=3169"}],"version-history":[{"count":6,"href":"https:\/\/jut.sk\/jut-ael\/wp-json\/wp\/v2\/pages\/3169\/revisions"}],"predecessor-version":[{"id":3575,"href":"https:\/\/jut.sk\/jut-ael\/wp-json\/wp\/v2\/pages\/3169\/revisions\/3575"}],"wp:attachment":[{"href":"https:\/\/jut.sk\/jut-ael\/wp-json\/wp\/v2\/media?parent=3169"}],"curies":[{"name":"wp","href":"https:\/\/api.w.org\/{rel}","templated":true}]}}