{"id":3146,"date":"2020-03-24T11:12:23","date_gmt":"2020-03-24T10:12:23","guid":{"rendered":"http:\/\/jut.sk\/jut-ael\/?page_id=3146"},"modified":"2020-04-30T09:38:11","modified_gmt":"2020-04-30T07:38:11","slug":"entritt","status":"publish","type":"page","link":"https:\/\/jut.sk\/jut-ael\/de\/entritt\/","title":{"rendered":"Entritt"},"content":{"rendered":"<div class=\"uk-grid uk-margin-large uk-grid-large tm-margin-xlarge\">\r\n<div class=\"uk-width-large-4-10 uk-width-medium-1-1 tm-padding-large\">\r\n<h2 class=\"h2-red-left-line\">\u00dcber uns<\/h2>\r\n<p style=\"text-align: justify;\">JUT-AEL GmbH wurde im Jahre 2017 gegr\u00fcndet und dient mit ihren Dienste im Automatisierungsgebiet industrieller Branche in L\u00e4nder des Europas und der Welt.<\/p>\r\n<p style=\"text-align: justify;\">Die Gesellschaft entstand als Verbreiterung des Portfolios Geselschaft JUT-EL GmbH mit Spezialization an die Elektroinstalationen f\u00fcr Automatisierung der Industrie.<\/p>\r\n<p style=\"text-align: justify;\">JUT-AEL GmbH ist technisch reife Gesellschaft in ihrem Fach und f\u00fchrt w\u00e4hrend ihrer T\u00e4tigkeit starke Bezugsl\u00e4nge auf, mit feste Position in Westeuropa.<\/p>\r\n<\/div>\r\n<div class=\"uk-width-large-6-10 uk-width-medium-1-1 tm-padding-large\">\r\n<div class=\"uk-grid jut-windows\">\r\n<div class=\"uk-width-large-1-3 uk-width-medium-1-3 uk-width-small-1-2 uk-grid-margin\">\r\n<div class=\"uk-panel jut-window-1\">\r\n<div class=\"jut-window-image\">\u00a0<\/div>\r\n<div class=\"jut-window-gradient\">\u00a0<\/div>\r\n<div class=\"jut-window-caption\">\r\n<h3 class=\"jut-window-title\">\u00dcber uns<\/h3>\r\n<\/div>\r\n<p>MEHR INFO <img decoding=\"async\" class=\"jut-sipka-window-right\" src=\"https:\/\/jut.sk\/wp-content\/uploads\/2019\/10\/arrow-right-white.svg\" \/><\/p>\r\n<a href=\"https:\/\/jut.sk\/jut-ael\/de\/ueber-uns\/\">MEHR INFO<\/a><\/div>\r\n<\/div>\r\n<div class=\"uk-width-large-1-3 uk-width-medium-1-3 uk-width-small-1-2 uk-grid-margin\">\r\n<div class=\"uk-panel jut-window-2\">\r\n<div class=\"jut-window-image\">\u00a0<\/div>\r\n<div class=\"jut-window-gradient\">\u00a0<\/div>\r\n<div class=\"jut-window-caption\">\r\n<h3 class=\"jut-window-title\">Bet\u00e4tigungs Gebiete<\/h3>\r\n<\/div>\r\n<p>MEHR INFO <img decoding=\"async\" class=\"jut-sipka-window-right\" src=\"https:\/\/jut.sk\/wp-content\/uploads\/2019\/10\/arrow-right-white.svg\" \/><\/p>\r\n<a href=\"https:\/\/jut.sk\/jut-ael\/de\/betaetigungsgebiete\/\">MEHR INFO<\/a><\/div>\r\n<\/div>\r\n<div class=\"uk-width-large-1-3 uk-width-medium-1-3 uk-width-small-1-1 uk-grid-margin\">\r\n<div class=\"uk-panel jut-window-3\">\r\n<div class=\"jut-window-image\">\u00a0<\/div>\r\n<div class=\"jut-window-gradient\">\u00a0<\/div>\r\n<div class=\"jut-window-caption\">\r\n<h3 class=\"jut-window-title\">Karriere<\/h3>\r\n<\/div>\r\n<p>MEHR INFO <img decoding=\"async\" class=\"jut-sipka-window-right\" src=\"https:\/\/jut.sk\/wp-content\/uploads\/2019\/10\/arrow-right-white.svg\" \/><\/p>\r\n<a href=\"https:\/\/jut.sk\/jut-ael\/de\/karriere\/\">MEHR INFO<\/a><\/div>\r\n<\/div>\r\n<\/div>\r\n<\/div>\r\n<\/div>\r\n<div class=\"uk-width-large-2-3 uk-width-medium-1-1 uk-width-small-1-1 uk-grid-margin uk-container-center jut-quotes-grid\">\r\n<p class=\"p-jut-quotes\">Wir fallen zu den stabilsten Partner in Elektromontage- und Elektroinstalaionsbereich.<\/p>\r\n<\/div>\r\n<div id=\"jut-mapa-kde-posobime\" class=\"uk-grid uk-margin-large uk-grid-large tm-margin-xlarge\">\r\n<div class=\"uk-width-large-6-10 uk-width-medium-1-1 tm-padding-large\"><div id=\"chartdiv\"><\/div><\/div>\r\n<div class=\"uk-width-large-4-10 uk-width-medium-1-1 tm-padding-large\">\r\n<h2 class=\"h2-red-left-line\">Wirkungsgebiet<\/h2>\r\n<p style=\"text-align: justify;\">Wir geh\u00f6ren zu stolzen und zuverl\u00e4ssigen Lieferenten den Investoren und unseren Partners in Europa und in der Welt.<\/p>\r\n<p style=\"text-align: justify;\">Unsere Arbeitsergebnisse k\u00f6nnen Sie in mehr als <b><span class=\"count1\">8<\/span> europ\u00e4ischen L\u00e4nder sehen.<\/b><\/p>\r\n<p style=\"text-align: justify;\">Wir gew\u00e4hrleisten und bringen komplex Elektroinstalationsl\u00f6sungen, Elektromontage in Automatisierung der Industrie bei.<\/p>\r\n<div class=\"jut-cta-button\"><a class=\"uk-button uk-button-primary\" href=\"https:\/\/jut.sk\/jut-ael\/de\/kontakt\/\">Zu den Kontakten<\/a><\/div>\r\n<\/div>\r\n<\/div>","protected":false},"excerpt":{"rendered":"<p>\u00dcber uns JUT-AEL GmbH wurde im Jahre 2017 gegr\u00fcndet und dient mit ihren Dienste im Automatisierungsgebiet industrieller Branche in L\u00e4nder des Europas und der Welt. Die Gesellschaft entstand als Verbreiterung des Portfolios Geselschaft JUT-EL GmbH mit Spezialization an die Elektroinstalationen f\u00fcr Automatisierung der Industrie. JUT-AEL GmbH ist technisch reife Gesellschaft in ihrem Fach und f\u00fchrt [&hellip;]<\/p>\n","protected":false},"author":1,"featured_media":0,"parent":0,"menu_order":0,"comment_status":"closed","ping_status":"closed","template":"","meta":{"inline_featured_image":false,"mrp_rating_form_position":"","mrp_rating_results_position":"","mrp_structured_data_type":"","mrp_allow_anonymous":"","mrp_rating_form_id":"","footnotes":""},"multi-rating-pro":{"mrp_rating_result_1":[{"star_result":0,"adjusted_star_result":0,"score_result":0,"adjusted_score_result":0,"percentage_result":0,"adjusted_percentage_result":0,"total_max_option_value":5,"count_entries":0,"option_totals":[0,0,0,0,0,0],"post_id":3146,"rating_form_id":1,"rating_item_id":6}],"rating_form":1},"_links":{"self":[{"href":"https:\/\/jut.sk\/jut-ael\/wp-json\/wp\/v2\/pages\/3146"}],"collection":[{"href":"https:\/\/jut.sk\/jut-ael\/wp-json\/wp\/v2\/pages"}],"about":[{"href":"https:\/\/jut.sk\/jut-ael\/wp-json\/wp\/v2\/types\/page"}],"author":[{"embeddable":true,"href":"https:\/\/jut.sk\/jut-ael\/wp-json\/wp\/v2\/users\/1"}],"replies":[{"embeddable":true,"href":"https:\/\/jut.sk\/jut-ael\/wp-json\/wp\/v2\/comments?post=3146"}],"version-history":[{"count":8,"href":"https:\/\/jut.sk\/jut-ael\/wp-json\/wp\/v2\/pages\/3146\/revisions"}],"predecessor-version":[{"id":3266,"href":"https:\/\/jut.sk\/jut-ael\/wp-json\/wp\/v2\/pages\/3146\/revisions\/3266"}],"wp:attachment":[{"href":"https:\/\/jut.sk\/jut-ael\/wp-json\/wp\/v2\/media?parent=3146"}],"curies":[{"name":"wp","href":"https:\/\/api.w.org\/{rel}","templated":true}]}}